{"id":15021,"date":"2017-08-08T13:46:15","date_gmt":"2017-08-08T13:46:15","guid":{"rendered":"https:\/\/www.paulonogueiraterapias.com\/terapia-multidimensional-en-lisboa\/"},"modified":"2017-08-08T13:46:15","modified_gmt":"2017-08-08T13:46:15","slug":"terapia-multidimensional-en-lisboa","status":"publish","type":"page","link":"https:\/\/www.paulonogueiraterapias.com\/es\/terapia-multidimensional-en-lisboa\/","title":{"rendered":"Terapia multidimensional en Lisboa"},"content":{"rendered":"<div style=\"font-size: 10pt;\">\n<p style=\"text-align: justify;\">Paulo Nogueira, terapeuta y formador de los <a href=\"https:\/\/www.paulonogueiraterapias.com\/terapia-multidimensional-curso\/\">cursos de Terapia Multidimensional<\/a>, le presenta una modalidad de curaci\u00f3n hol\u00edstica basada en el coraz\u00f3n.<\/p>\n<p style=\"text-align: justify;\">Esta herramienta de ascensi\u00f3n por el coraz\u00f3n est\u00e1 disponible en persona para las personas de las parroquias del municipio de Lisboa: Ajuda, Alc\u00e2ntara, Alvalade, Areeiro, Arroios, Avenidas Novas, Beato, Bel\u00e9m, Benfica, Campo de Ourique, Campolide, Carnide, Estrela, Lumiar, Marvila, Miseric\u00f3rdia, Olivais, Parque das Na\u00e7\u00f5es, Penha de Fran\u00e7a, Santa Clara, Santa Maria Maior, Santo Ant\u00f3nio y otras.<\/p>\n<p style=\"text-align: justify;\">Esta terapia permite reprogramar el ADN para que surjan nuevos comportamientos m\u00e1s acordes con nuestra Divinidad, revocando contratos k\u00e1rmicos, votos y pactos de pobreza, celibato, castidad, fidelidad eterna, religiosos y espirituales que puedan estar impidiendo el ejercicio del Libre Albedr\u00edo e imponiendo limitaciones que ya no tienen sentido en la encarnaci\u00f3n actual. De este modo, la Terapia Multidimensional contribuye a una mayor libertad para trazar la propia leyenda personal.<\/p>\n<p style=\"text-align: justify;\">La terapia multidimensional te permite vivir una vida centrada en el coraz\u00f3n, libre de limitaciones y bloqueos como los miedos y la culpa que te impiden sacar tu verdadero yo.<\/p>\n<p style=\"text-align: justify;\">Durante la terapia, tambi\u00e9n se puede llevar a cabo la limpieza de hechizos negativos, el reenv\u00edo de los obsesores a su respectivo plan de origen, destino y m\u00e9rito, as\u00ed como la retirada de chips e implantes que constituyen dispositivos de control implantados por terceros en contra de la voluntad consciente del paciente y que pueden estar frenando su progreso espiritual.<\/p>\n<h4 style=\"text-align: justify;\">Marcado de la sesi\u00f3n de Terapia Multidimensional<\/h4>\n<p style=\"text-align: justify;\">[cforms name=&#8221;Marcar sess\u00e3o de Terapia Multidimensional&#8221;]<\/p>\n<h4 style=\"text-align: justify;\">\u00bfTe gustar\u00eda aprender a hacer Terapia Multidimensional para ti y para los dem\u00e1s? \u00a1Ap\u00fantate a un curso con nosotros!<\/h4>\n<p style=\"text-align: justify;\">[cforms name=&#8221;Inscrever em Curso de Terapia Multidimensional&#8221;]<\/p>\n<\/div>\n","protected":false},"excerpt":{"rendered":"<p>Paulo Nogueira, terapeuta y formador de los cursos de Terapia Multidimensional, le presenta una modalidad de curaci\u00f3n hol\u00edstica basada en el coraz\u00f3n. Esta herramienta de ascensi\u00f3n por el coraz\u00f3n est\u00e1 [&hellip;]<\/p>\n","protected":false},"author":1,"featured_media":0,"parent":0,"menu_order":0,"comment_status":"closed","ping_status":"closed","template":"","meta":{"om_disable_all_campaigns":false,"_mi_skip_tracking":false,"site-sidebar-layout":"default","site-content-layout":"","ast-site-content-layout":"default","site-content-style":"default","site-sidebar-style":"default","ast-global-header-display":"","ast-banner-title-visibility":"","ast-main-header-display":"","ast-hfb-above-header-display":"","ast-hfb-below-header-display":"","ast-hfb-mobile-header-display":"","site-post-title":"","ast-breadcrumbs-content":"","ast-featured-img":"","footer-sml-layout":"","ast-disable-related-posts":"","theme-transparent-header-meta":"","adv-header-id-meta":"","stick-header-meta":"","header-above-stick-meta":"","header-main-stick-meta":"","header-below-stick-meta":"","astra-migrate-meta-layouts":"default","ast-page-background-enabled":"default","ast-page-background-meta":{"desktop":{"background-color":"var(--ast-global-color-5)","background-image":"","background-repeat":"repeat","background-position":"center center","background-size":"auto","background-attachment":"scroll","background-type":"","background-media":"","overlay-type":"","overlay-color":"","overlay-opacity":"","overlay-gradient":""},"tablet":{"background-color":"","background-image":"","background-repeat":"repeat","background-position":"center center","background-size":"auto","background-attachment":"scroll","background-type":"","background-media":"","overlay-type":"","overlay-color":"","overlay-opacity":"","overlay-gradient":""},"mobile":{"background-color":"","background-image":"","background-repeat":"repeat","background-position":"center center","background-size":"auto","background-attachment":"scroll","background-type":"","background-media":"","overlay-type":"","overlay-color":"","overlay-opacity":"","overlay-gradient":""}},"ast-content-background-meta":{"desktop":{"background-color":"var(--ast-global-color-4)","background-image":"","background-repeat":"repeat","background-position":"center center","background-size":"auto","background-attachment":"scroll","background-type":"","background-media":"","overlay-type":"","overlay-color":"","overlay-opacity":"","overlay-gradient":""},"tablet":{"background-color":"var(--ast-global-color-4)","background-image":"","background-repeat":"repeat","background-position":"center center","background-size":"auto","background-attachment":"scroll","background-type":"","background-media":"","overlay-type":"","overlay-color":"","overlay-opacity":"","overlay-gradient":""},"mobile":{"background-color":"var(--ast-global-color-4)","background-image":"","background-repeat":"repeat","background-position":"center center","background-size":"auto","background-attachment":"scroll","background-type":"","background-media":"","overlay-type":"","overlay-color":"","overlay-opacity":"","overlay-gradient":""}},"footnotes":""},"class_list":["post-15021","page","type-page","status-publish","hentry"],"aioseo_notices":[],"_links":{"self":[{"href":"https:\/\/www.paulonogueiraterapias.com\/es\/wp-json\/wp\/v2\/pages\/15021","targetHints":{"allow":["GET"]}}],"collection":[{"href":"https:\/\/www.paulonogueiraterapias.com\/es\/wp-json\/wp\/v2\/pages"}],"about":[{"href":"https:\/\/www.paulonogueiraterapias.com\/es\/wp-json\/wp\/v2\/types\/page"}],"author":[{"embeddable":true,"href":"https:\/\/www.paulonogueiraterapias.com\/es\/wp-json\/wp\/v2\/users\/1"}],"replies":[{"embeddable":true,"href":"https:\/\/www.paulonogueiraterapias.com\/es\/wp-json\/wp\/v2\/comments?post=15021"}],"version-history":[{"count":0,"href":"https:\/\/www.paulonogueiraterapias.com\/es\/wp-json\/wp\/v2\/pages\/15021\/revisions"}],"wp:attachment":[{"href":"https:\/\/www.paulonogueiraterapias.com\/es\/wp-json\/wp\/v2\/media?parent=15021"}],"curies":[{"name":"wp","href":"https:\/\/api.w.org\/{rel}","templated":true}]}}