{"id":15014,"date":"2018-01-09T14:08:16","date_gmt":"2018-01-09T14:08:16","guid":{"rendered":"https:\/\/www.paulonogueiraterapias.com\/descuentos-en-el-curso-de-terapia-multidimensional-en-lisboa\/"},"modified":"2018-01-09T14:08:16","modified_gmt":"2018-01-09T14:08:16","slug":"descuentos-en-el-curso-de-terapia-multidimensional-en-lisboa","status":"publish","type":"page","link":"https:\/\/www.paulonogueiraterapias.com\/es\/descuentos-en-el-curso-de-terapia-multidimensional-en-lisboa\/","title":{"rendered":"Descuentos en el Curso de Terapia Multidimensional en Lisboa"},"content":{"rendered":"<div style=\"font-size: 10pt; text-align: justify;\">\n<p>La espiritualidad debe ser accesible a todos y es a partir de esta noble premisa que el espacio de Paulo Nogueira Terapias, en Lisboa, ofrece descuentos en un curso que pretende llegar al mayor n\u00famero de personas posible, dado que en esta \u00e9poca de r\u00e1pida evoluci\u00f3n espiritual es necesaria la presencia de m\u00e1s Trabajadores de la Luz.<\/p>\n<p>El curso consiste tanto en una gran oportunidad de evoluci\u00f3n espiritual como en la formaci\u00f3n de terapeutas que podr\u00e1n, al ser el curso pr\u00e1ctico, iniciar sesiones sobre s\u00ed mismos y sobre otros inmediatamente despu\u00e9s de su conclusi\u00f3n.<\/p>\n<p>Los siguientes descuentos s\u00f3lo se aplican al <a href=\"https:\/\/www.paulonogueiraterapias.com\/curso-terapia-multidimensional\/\">Curso de Terapia Multidimensional<\/a> en la ciudad de Lisboa:<\/p>\n<p><strong>El precio del curso en Lisboa es de 125 euros.<\/strong><\/p>\n<h3>Promoci\u00f3n de amigos<\/h3>\n<p>Si traes a uno o m\u00e1s amigos contigo, obtendr\u00e1s un <span style=\"color: #333399;\"><br \/>\n  <strong>25 descuentos<\/strong><br \/>\n<\/span> as\u00ed como a cada uno de tus amigos. As\u00ed, el valor final del curso para ti y tus amigos ser\u00e1 de 100 libras.<br \/>\nPara tener acceso al descuento, debe indicar en el momento de la inscripci\u00f3n el nombre de sus amigos para recibir el descuento.<\/p>\n<h3><\/h3>\n<h3>Promoci\u00f3n de acciones en Facebook<\/h3>\n<p>Cuando compartes la foto de portada de <a href=\"https:\/\/www.facebook.com\/PauloNogueiraTerapias\/\">nuestra p\u00e1gina<\/a> en el muro de un amigo, grupo o p\u00e1gina obtienes un descuento de 0,10\u20ac. Puede compartir hasta un m\u00e1ximo de 250 acciones, lo que supondr\u00e1 un descuento m\u00e1ximo de 25 libras. Por lo tanto, al hacer 250 acciones de la cubierta de <a href=\"https:\/\/www.facebook.com\/PauloNogueiraTerapias\/\">la p\u00e1gina<\/a>, el valor final del curso para usted ser\u00e1 de 100 libras. Debes informarnos de que quieres participar en esta promoci\u00f3n antes de iniciar el proceso de reparto llamando al 912 064 084 o a trav\u00e9s de <a href=\"https:\/\/www.facebook.com\/PauloNogueiraTerapias\/\">nuestra p\u00e1gina de<\/a> mensajer\u00eda.<\/p>\n<p><strong>Nota:<\/strong> Los descuentos de las promociones anteriores no son acumulables.<\/p>\n<h4>Inscripci\u00f3n en el Curso de Terapia Multidimensional<\/h4>\n<h4>[cforms name=&#8221;Inscrever em Curso de Terapia Multidimensional&#8221;]<\/h4>\n<\/div>\n","protected":false},"excerpt":{"rendered":"<p>La espiritualidad debe ser accesible a todos y es a partir de esta noble premisa que el espacio de Paulo Nogueira Terapias, en Lisboa, ofrece descuentos en un curso que [&hellip;]<\/p>\n","protected":false},"author":1,"featured_media":0,"parent":0,"menu_order":0,"comment_status":"closed","ping_status":"closed","template":"","meta":{"om_disable_all_campaigns":false,"_mi_skip_tracking":false,"site-sidebar-layout":"default","site-content-layout":"","ast-site-content-layout":"default","site-content-style":"default","site-sidebar-style":"default","ast-global-header-display":"","ast-banner-title-visibility":"","ast-main-header-display":"","ast-hfb-above-header-display":"","ast-hfb-below-header-display":"","ast-hfb-mobile-header-display":"","site-post-title":"","ast-breadcrumbs-content":"","ast-featured-img":"","footer-sml-layout":"","ast-disable-related-posts":"","theme-transparent-header-meta":"","adv-header-id-meta":"","stick-header-meta":"","header-above-stick-meta":"","header-main-stick-meta":"","header-below-stick-meta":"","astra-migrate-meta-layouts":"default","ast-page-background-enabled":"default","ast-page-background-meta":{"desktop":{"background-color":"var(--ast-global-color-5)","background-image":"","background-repeat":"repeat","background-position":"center center","background-size":"auto","background-attachment":"scroll","background-type":"","background-media":"","overlay-type":"","overlay-color":"","overlay-opacity":"","overlay-gradient":""},"tablet":{"background-color":"","background-image":"","background-repeat":"repeat","background-position":"center center","background-size":"auto","background-attachment":"scroll","background-type":"","background-media":"","overlay-type":"","overlay-color":"","overlay-opacity":"","overlay-gradient":""},"mobile":{"background-color":"","background-image":"","background-repeat":"repeat","background-position":"center center","background-size":"auto","background-attachment":"scroll","background-type":"","background-media":"","overlay-type":"","overlay-color":"","overlay-opacity":"","overlay-gradient":""}},"ast-content-background-meta":{"desktop":{"background-color":"var(--ast-global-color-4)","background-image":"","background-repeat":"repeat","background-position":"center center","background-size":"auto","background-attachment":"scroll","background-type":"","background-media":"","overlay-type":"","overlay-color":"","overlay-opacity":"","overlay-gradient":""},"tablet":{"background-color":"var(--ast-global-color-4)","background-image":"","background-repeat":"repeat","background-position":"center center","background-size":"auto","background-attachment":"scroll","background-type":"","background-media":"","overlay-type":"","overlay-color":"","overlay-opacity":"","overlay-gradient":""},"mobile":{"background-color":"var(--ast-global-color-4)","background-image":"","background-repeat":"repeat","background-position":"center center","background-size":"auto","background-attachment":"scroll","background-type":"","background-media":"","overlay-type":"","overlay-color":"","overlay-opacity":"","overlay-gradient":""}},"footnotes":""},"class_list":["post-15014","page","type-page","status-publish","hentry"],"aioseo_notices":[],"_links":{"self":[{"href":"https:\/\/www.paulonogueiraterapias.com\/es\/wp-json\/wp\/v2\/pages\/15014","targetHints":{"allow":["GET"]}}],"collection":[{"href":"https:\/\/www.paulonogueiraterapias.com\/es\/wp-json\/wp\/v2\/pages"}],"about":[{"href":"https:\/\/www.paulonogueiraterapias.com\/es\/wp-json\/wp\/v2\/types\/page"}],"author":[{"embeddable":true,"href":"https:\/\/www.paulonogueiraterapias.com\/es\/wp-json\/wp\/v2\/users\/1"}],"replies":[{"embeddable":true,"href":"https:\/\/www.paulonogueiraterapias.com\/es\/wp-json\/wp\/v2\/comments?post=15014"}],"version-history":[{"count":0,"href":"https:\/\/www.paulonogueiraterapias.com\/es\/wp-json\/wp\/v2\/pages\/15014\/revisions"}],"wp:attachment":[{"href":"https:\/\/www.paulonogueiraterapias.com\/es\/wp-json\/wp\/v2\/media?parent=15014"}],"curies":[{"name":"wp","href":"https:\/\/api.w.org\/{rel}","templated":true}]}}