{"id":15012,"date":"2017-08-13T18:13:14","date_gmt":"2017-08-13T18:13:14","guid":{"rendered":"https:\/\/www.paulonogueiraterapias.com\/terapias-alternativas\/"},"modified":"2017-08-13T18:13:14","modified_gmt":"2017-08-13T18:13:14","slug":"terapias-alternativas","status":"publish","type":"page","link":"https:\/\/www.paulonogueiraterapias.com\/es\/terapias-alternativas\/","title":{"rendered":"Terapias alternativas"},"content":{"rendered":"<p>Paulo Nogueira, formador y entrenador, le presenta los distintos tipos de terapias alternativas y complementarias que existen actualmente en el mercado. Para obtener los mejores resultados, siempre se recomienda un enfoque que no excluya ni la medicina convencional ni las terapias alternativas.<\/p>\n<p>Varias terapias alternativas han aparecido en el mercado de la mano de diversos profesionales con el objetivo de mejorar tu estilo de vida proporcion\u00e1ndote mayor felicidad y bienestar en todos los niveles de tu vida. Puede informarse sobre estas y otras terapias alternativas visitando eventos especialmente dedicados a ellas, como la Feria Alternativa de Lisboa, la Feria Alternativa de Oporto y diversas ferias esot\u00e9ricas por todo el pa\u00eds, as\u00ed como diversos directorios de terapias, asociaciones de terapias y terapeutas en Internet.<\/p>\n<p>El autoconocimiento y la curaci\u00f3n son los principales objetivos del uso de las terapias alternativas para proporcionarte un desarrollo m\u00e1s armonioso a nivel de salud f\u00edsica, emocional y mental, a nivel espiritual, a nivel amoroso y a nivel material. Mientras que algunas terapias utilizan conceptos relativamente nuevos y completamente innovadores, otras se basan en las antiguas ense\u00f1anzas de grandes maestros espirituales del pasado cuyas lecciones permanecen eternamente presentes.<\/p>\n<p>Algunas terapias utilizan la curaci\u00f3n favoreciendo el papel y el poder de la mente (PNL &#8211; Programaci\u00f3n Neuroling\u00fc\u00edstica entre otras) mientras que otras favorecen el poder del esp\u00edritu y las energ\u00edas. Por lo general, el objetivo es comprender el origen de ciertos patrones de comportamiento que son perjudiciales para el paciente y los que le rodean y utilizar enfoques para cambiar esos patrones mediante la creaci\u00f3n de h\u00e1bitos que est\u00e1n m\u00e1s en l\u00ednea con su bienestar y la voluntad de su Ser Superior.<\/p>\n<h2><a href=\"https:\/\/www.paulonogueiraterapias.com\/reiki\/\">Reiki<br \/>\n<\/a><\/h2>\n<p>Consiste en un antiguo arte curativo hol\u00edstico que funciona mediante el paso de la energ\u00eda universal a trav\u00e9s de la imposici\u00f3n de las manos del terapeuta sobre el cuerpo del paciente.<\/p>\n<h2>Toque terap\u00e9utico<\/h2>\n<h2>Shiatsu<\/h2>\n<h2>Sanaci\u00f3n reconectiva<\/h2>\n<h2>Tai Chi<\/h2>\n<h2>Curaci\u00f3n a distancia<\/h2>\n<h2>Tecnolog\u00eda Rapid Eye<\/h2>\n<h2>Masaje con piedras calientes<\/h2>\n<h2>Chi Kung<\/h2>\n<h2>Matriz energ\u00e9tica<\/h2>\n<h2>Psicoterapia<\/h2>\n<h2>Metaf\u00edsica<\/h2>\n<h2>Kaballah<\/h2>\n<h2>Terapia magn\u00e9tica<\/h2>\n<h2>Meditaci\u00f3n<\/h2>\n<h2>Regresi\u00f3n a vidas pasadas \/ Terapia de vidas pasadas (PVT)<\/h2>\n<h2>Nutrici\u00f3n<\/h2>\n<h2>Medicina ayurv\u00e9dica<\/h2>\n<h2>Terapia de masaje<\/h2>\n<h2>Medicina integral<\/h2>\n<h2>Kinesiolog\u00eda<\/h2>\n<h2>Terapia de Leitura de Aura<\/h2>\n<h2>Hipnoterapia<\/h2>\n<h2>Meditaci\u00f3n con visualizaci\u00f3n guiada<\/h2>\n<h2>M\u00e9todo Silva<\/h2>\n<h2>Programaci\u00f3n neuroling\u00fc\u00edstica (PNL)<\/h2>\n<h2>C\u00f3digo de las emociones<\/h2>\n<h2>EMDR (t\u00e9cnica de desensibilizaci\u00f3n por movimientos oculares)<\/h2>\n<h2>Curaci\u00f3n energ\u00e9tica<\/h2>\n<h2>Limpieza energ\u00e9tica<\/h2>\n<h2>Esencias florales<\/h2>\n<h2>EFT (T\u00e9cnica de Liberaci\u00f3n Emocional)<\/h2>\n<h2>Eden Energy Medicin<\/h2>\n<h2>Toque de curaci\u00f3n<\/h2>\n<h2>Curaci\u00f3n a distancia<\/h2>\n<h2><a href=\"https:\/\/www.paulonogueiraterapias.com\/terapia-multidimensional\/\">Terapia Multidimensional<\/a><\/h2>\n<p>Consiste en una terapia hol\u00edstica que utiliza equipos estelares de Sirio y Ori\u00f3n para ayudar a elevar la vibraci\u00f3n del paciente y eliminar los bloqueos que impiden la ascensi\u00f3n.<\/p>\n<h2>Quiropraxia<\/h2>\n<h2>Biofeedback<\/h2>\n<h2>Terapia de cristales<\/h2>\n<h2>Medicina tradicional china<\/h2>\n<h2>Fitoterapia<\/h2>\n<h2>Astrolog\u00eda<\/h2>\n<h2>Terapia craneosacral<\/h2>\n<h2>Canalizaci\u00f3n de entidades, gu\u00edas y energ\u00edas<\/h2>\n<h2>Aromaterapia<\/h2>\n<h2>Terapia del color<\/h2>\n<h2>Renacimiento<\/h2>\n<h2>Salud animal<\/h2>\n<h2>Comunicaci\u00f3n animal \/ Comunicaci\u00f3n entre especies<\/h2>\n<h2>Psicolog\u00eda con energ\u00eda<\/h2>\n<h2>Terapia de Registros Ak\u00e1shicos<\/h2>\n<h2>Limpieza de Aura<\/h2>\n<h2>Acupuntura<\/h2>\n<h2>Terapia vibracional con cintas tibetanas y gongs planetarios<\/h2>\n<h2>Flores de Bach<\/h2>\n<h2>Remedios florales de Saint Germain<\/h2>\n<h2>Florales de Lys<\/h2>\n<h2>Alineaci\u00f3n de los chakras<\/h2>\n<h2>Psych K<\/h2>\n<h2>Curaci\u00f3n Theta<\/h2>\n<h2>Curaci\u00f3n ampliada<\/h2>\n<h2>Activaciones sagradas<\/h2>\n<h2>Asesoramiento espiritual<\/h2>\n<h2>Reflexolog\u00eda<\/h2>\n<h2>Osteopat\u00eda<\/h2>\n<p>Introducido en Estados Unidos por el Dr. Andrew Taylor Still (1828-1917), est\u00e1 recomendado por la OMS (Organizaci\u00f3n Mundial de la Salud) y se utiliza para tratar el dolor de espalda, el dolor de cuello, las hernias discales, la escoliosis, la tendinitis, la tort\u00edcolis y otros problemas.<\/p>\n<h2>Constelaciones familiares<\/h2>\n<h2>Mesa Radi\u00f3nica<\/h2>\n<h2>Curaci\u00f3n k\u00e1rmica<\/h2>\n<h2>Numerolog\u00eda<\/h2>\n<h2>Quirolog\u00eda<\/h2>\n<p>&nbsp;<\/p>\n","protected":false},"excerpt":{"rendered":"<p>Paulo Nogueira, formador y entrenador, le presenta los distintos tipos de terapias alternativas y complementarias que existen actualmente en el mercado. Para obtener los mejores resultados, siempre se recomienda un [&hellip;]<\/p>\n","protected":false},"author":1,"featured_media":0,"parent":0,"menu_order":0,"comment_status":"closed","ping_status":"closed","template":"","meta":{"om_disable_all_campaigns":false,"_mi_skip_tracking":false,"site-sidebar-layout":"default","site-content-layout":"","ast-site-content-layout":"default","site-content-style":"default","site-sidebar-style":"default","ast-global-header-display":"","ast-banner-title-visibility":"","ast-main-header-display":"","ast-hfb-above-header-display":"","ast-hfb-below-header-display":"","ast-hfb-mobile-header-display":"","site-post-title":"","ast-breadcrumbs-content":"","ast-featured-img":"","footer-sml-layout":"","ast-disable-related-posts":"","theme-transparent-header-meta":"","adv-header-id-meta":"","stick-header-meta":"","header-above-stick-meta":"","header-main-stick-meta":"","header-below-stick-meta":"","astra-migrate-meta-layouts":"default","ast-page-background-enabled":"default","ast-page-background-meta":{"desktop":{"background-color":"var(--ast-global-color-5)","background-image":"","background-repeat":"repeat","background-position":"center center","background-size":"auto","background-attachment":"scroll","background-type":"","background-media":"","overlay-type":"","overlay-color":"","overlay-opacity":"","overlay-gradient":""},"tablet":{"background-color":"","background-image":"","background-repeat":"repeat","background-position":"center center","background-size":"auto","background-attachment":"scroll","background-type":"","background-media":"","overlay-type":"","overlay-color":"","overlay-opacity":"","overlay-gradient":""},"mobile":{"background-color":"","background-image":"","background-repeat":"repeat","background-position":"center center","background-size":"auto","background-attachment":"scroll","background-type":"","background-media":"","overlay-type":"","overlay-color":"","overlay-opacity":"","overlay-gradient":""}},"ast-content-background-meta":{"desktop":{"background-color":"var(--ast-global-color-4)","background-image":"","background-repeat":"repeat","background-position":"center center","background-size":"auto","background-attachment":"scroll","background-type":"","background-media":"","overlay-type":"","overlay-color":"","overlay-opacity":"","overlay-gradient":""},"tablet":{"background-color":"var(--ast-global-color-4)","background-image":"","background-repeat":"repeat","background-position":"center center","background-size":"auto","background-attachment":"scroll","background-type":"","background-media":"","overlay-type":"","overlay-color":"","overlay-opacity":"","overlay-gradient":""},"mobile":{"background-color":"var(--ast-global-color-4)","background-image":"","background-repeat":"repeat","background-position":"center center","background-size":"auto","background-attachment":"scroll","background-type":"","background-media":"","overlay-type":"","overlay-color":"","overlay-opacity":"","overlay-gradient":""}},"footnotes":""},"class_list":["post-15012","page","type-page","status-publish","hentry"],"aioseo_notices":[],"_links":{"self":[{"href":"https:\/\/www.paulonogueiraterapias.com\/es\/wp-json\/wp\/v2\/pages\/15012","targetHints":{"allow":["GET"]}}],"collection":[{"href":"https:\/\/www.paulonogueiraterapias.com\/es\/wp-json\/wp\/v2\/pages"}],"about":[{"href":"https:\/\/www.paulonogueiraterapias.com\/es\/wp-json\/wp\/v2\/types\/page"}],"author":[{"embeddable":true,"href":"https:\/\/www.paulonogueiraterapias.com\/es\/wp-json\/wp\/v2\/users\/1"}],"replies":[{"embeddable":true,"href":"https:\/\/www.paulonogueiraterapias.com\/es\/wp-json\/wp\/v2\/comments?post=15012"}],"version-history":[{"count":0,"href":"https:\/\/www.paulonogueiraterapias.com\/es\/wp-json\/wp\/v2\/pages\/15012\/revisions"}],"wp:attachment":[{"href":"https:\/\/www.paulonogueiraterapias.com\/es\/wp-json\/wp\/v2\/media?parent=15012"}],"curies":[{"name":"wp","href":"https:\/\/api.w.org\/{rel}","templated":true}]}}