{"id":15009,"date":"2018-01-21T21:20:21","date_gmt":"2018-01-21T21:20:21","guid":{"rendered":"https:\/\/www.paulonogueiraterapias.com\/terapia-multidimensional-a-distancia\/"},"modified":"2018-01-21T21:20:21","modified_gmt":"2018-01-21T21:20:21","slug":"terapia-multidimensional-a-distancia","status":"publish","type":"page","link":"https:\/\/www.paulonogueiraterapias.com\/es\/terapia-multidimensional-a-distancia\/","title":{"rendered":"Terapia multidimensional a distancia"},"content":{"rendered":"<div style=\"text-align: justify; font-size: 10pt;\">\n<p>La Terapia Multidimensional puede realizarse a distancia por Skype o por tel\u00e9fono con la misma eficacia que la versi\u00f3n presencial. No hay diferencia en los resultados, ya que no requiere ning\u00fan contacto f\u00edsico entre el terapeuta y el paciente.<\/p>\n<p>El n\u00famero de <a href=\"https:\/\/www.paulonogueiraterapias.com\/consultas-de-terapia-multidimensional\/\">citas de la Terapia Multidimensional<\/a> var\u00eda de una persona a otra en funci\u00f3n de la evoluci\u00f3n demostrada y de la gravedad de la situaci\u00f3n. Para situaciones que se arrastran desde hace varios a\u00f1os como la depresi\u00f3n, la baja autoestima, la baja confianza en uno mismo, la timidez y la introversi\u00f3n social, se suele recomendar, junto con la Terapia Multidimensional, otra terapia en la que la persona dispone de una herramienta que puede utilizar a diario para ayudarse a s\u00ed misma con el fin de crear un h\u00e1bito nuevo y positivo que vaya sustituyendo el antiguo patr\u00f3n de pensamientos negativos.<\/p>\n<p>As\u00ed, se recomienda que cuando una persona tiene una depresi\u00f3n que arrastra desde hace largos a\u00f1os, disponga de una herramienta como el Reiki (recomiendo el 2\u00ba nivel) para que lo aplique durante 42 d\u00edas seguidos, una hora al d\u00eda. En estos casos, puedes tener una sesi\u00f3n de Terapia Multidimensional cada 15 d\u00edas para evaluar tus progresos y trabajar los problemas que surjan mientras realizas este trabajo de superaci\u00f3n personal.<\/p>\n<p>La terapia multidimensional es una ayuda poderosa, pero no sustituye el trabajo que uno debe hacer por s\u00ed mismo equip\u00e1ndose con una herramienta como el  <a href=\"https:\/\/www.paulonogueiraterapias.com\/reiki\/\">Reiki<\/a>, oraci\u00f3n, meditaci\u00f3n, yoga, tai chi o cualquier otra pr\u00e1ctica terap\u00e9utica realizada de forma constante y disciplinada durante al menos 21 d\u00edas.<\/p>\n<p>No se excluye la necesidad de un seguimiento m\u00e9dico y psiqui\u00e1trico en algunos casos m\u00e1s graves. El paciente debe recordar siempre que la Terapia Multidimensional debe considerarse como una terapia complementaria y no como una alternativa.<\/p>\n<p>La terapia multidimensional puede aplicarse junto con otras terapias.<\/p>\n<p>De manera similar a lo que ocurre en las sesiones presenciales, el terapeuta multidimensional no siempre tiene acceso a la informaci\u00f3n de lo que los Seres de Luz trabajaron durante la sesi\u00f3n. El cliente debe tener en cuenta que pueden existir impedimentos de diversa \u00edndole para la obtenci\u00f3n de un determinado objetivo material, como el m\u00e9rito del Alma, las lecciones que la persona necesita aprender, el camino que a\u00fan debe recorrer a lo largo de su vida y durante el cual su conciencia est\u00e1 cambiando, la fe en los resultados, el no apego a los resultados y al tiempo que pueda tomar, no en relaci\u00f3n a los resultados que el Universo pone a disposici\u00f3n sino en relaci\u00f3n a la apertura de coraz\u00f3n que la persona tiene para recibirlos, porque a veces la persona realmente quiere un resultado pero su ansiedad, falta de fe, desesperaci\u00f3n que emana emociones negativas hacia el Universo y la sensaci\u00f3n de no merecer le impiden recibir lo solicitado por el cliente y concedido por Dios a trav\u00e9s de los intermediarios de la Luz.<\/p>\n<p>Para varios temas, una sesi\u00f3n es suficiente. Sin embargo, recomendamos 3 sesiones y, obviamente, no se excluye la necesidad de m\u00e1s de 3. Ser\u00e1 el cliente quien decida la continuidad que le dar\u00e1 a su tratamiento despu\u00e9s de cada sesi\u00f3n en funci\u00f3n de lo que sienta, de las mejoras que observe. Esto permite que el cliente tenga mayor libertad y, en consecuencia, mayor responsabilidad en su proceso de evoluci\u00f3n con la Terapia Multidimensional.<\/p>\n<p>Para las situaciones de adicci\u00f3n, se recomienda una pr\u00e1ctica diaria de Reiki (al menos <a href=\"https:\/\/www.paulonogueiraterapias.com\/curso-de-reiki-tradicional-nivel-ii\/\">de 2\u00ba Nivel<\/a>) para llenar el vac\u00edo que el cliente siente y que intentaba llenar con la adicci\u00f3n (en la comida, el sexo, las drogas, el alcohol, el juego u otros). El objetivo es instaurar un h\u00e1bito constructivo y positivo que proporcione m\u00e1s placer y conciencia al mismo tiempo.  <a href=\"https:\/\/www.paulonogueiraterapias.com\/meditacao-om\/\">La meditaci\u00f3n<\/a> y el yoga son tambi\u00e9n dos opciones excelentes.<\/p>\n<figure id=\"attachment_11626\" aria-describedby=\"caption-attachment-11626\" style=\"width: 700px\" class=\"wp-caption aligncenter\"><a href=\"https:\/\/www.paulonogueiraterapias.com\/wp-content\/uploads\/2018\/01\/Terapia-Multidimensional-%C3%A0-dist%C3%A2ncia.jpg\"><img loading=\"lazy\" decoding=\"async\" class=\"size-full wp-image-1906\" src=\"https:\/\/www.paulonogueiraterapias.com\/wp-content\/uploads\/2018\/01\/Terapia-Multidimensional-%C3%A0-dist%C3%A2ncia.jpg\" alt=\"Terapia multidimensional a distancia\" width=\"700\" height=\"467\"><\/a><figcaption id=\"caption-attachment-11626\" class=\"wp-caption-text\">Terapia multidimensional a distancia<\/figcaption><\/figure>\n<p>En los casos de adicci\u00f3n, la Terapia Multidimensional puede ayudar a limpiar las memorias negativas de vidas pasadas o de la vida actual en la infancia y la adolescencia que est\u00e1n bajando la vibraci\u00f3n del cliente y haciendo que minimice su estado de conciencia como una forma de evitar el sufrimiento.<\/p>\n<p>Algunas situaciones que fueron atendidas y que pueden ser resueltas fueron:<\/p>\n<ul>\n<li>Una mujer de 38 a\u00f1os fue v\u00edctima de abusos sexuales por parte de su padre y, posteriormente, de su padrastro cuando era ni\u00f1a y en su primera adolescencia. Como forma de mitigar el sufrimiento de los recuerdos que le causan ira, profunda tristeza y falta de autoestima, esta mujer eligi\u00f3 el camino de las drogas. En este caso, se utiliz\u00f3 la Terapia Multidimensional para trabajar el Perd\u00f3n y la Compasi\u00f3n en relaci\u00f3n a las personas involucradas, as\u00ed como una desidentificaci\u00f3n de la esencia de la persona en relaci\u00f3n a la situaci\u00f3n vivida y a su cuerpo f\u00edsico, lo que resulta en el recuerdo del Alma Infinita y Eterna que habita cuerpo f\u00edsico tras cuerpo f\u00edsico, encarnaci\u00f3n tras encarnaci\u00f3n, y que no puede ser da\u00f1ada en lo que respecta a su dignidad. Tambi\u00e9n se limpiaron los recuerdos a nivel emocional para dar lugar a una mayor aceptaci\u00f3n de la situaci\u00f3n ocurrida, ya que es imposible cambiar el pasado, pero sin embargo es conveniente resignificarlo, llen\u00e1ndolo de sentido en medio del sufrimiento, siempre apuntando a la evoluci\u00f3n del Alma. En este caso, el cliente necesitaba ser iluminado sobre las Leyes de la Espiritualidad, tales como  La<a href=\"https:\/\/www.paulonogueiraterapias.com\/o-que-e-o-karma\/\">Ley del Karma<\/a>, la Ley del Perd\u00f3n, la Ley del No Apego (especialmente a las emociones y a las situaciones vividas) entre otras, adem\u00e1s de proponer un nuevo paradigma que te permite no s\u00f3lo dejar las sustancias qu\u00edmicas, sino mirarte a ti mismo y a la vida en un sentido m\u00e1s amplio, verdadero y optimista.<\/li>\n<li>Un joven de 24 a\u00f1os ha elegido el peligroso camino de las drogas para hacer frente a la gran presi\u00f3n que su padre, alcoh\u00f3lico de temperamento agresivo y autor de episodios de violencia f\u00edsica y psicol\u00f3gica ejercida sobre su mujer en el \u00e1mbito dom\u00e9stico, le impone respecto a la necesidad de encontrar un rumbo profesional en su vida. El padre de este joven tiene un l\u00e1tigo constante de cr\u00edticas sobre su personalidad, mostrando desprecio, desconsideraci\u00f3n y expectativas negativas hacia su hijo. En este caso, la Terapia Multidimensional se centr\u00f3 en que el cliente se responsabilizara de sus elecciones, armonizando la relaci\u00f3n con su padre tras el trabajo del Perd\u00f3n. En esta situaci\u00f3n, suele ser necesario un refuerzo positivo diario para que el joven no vuelva a caer en los mismos errores.<\/li>\n<\/ul>\n<p>El <a href=\"https:\/\/www.paulonogueiraterapias.com\/terapia-multidimensional-como-funciona\/\">funcionamiento de la Terapia Multidimensional<\/a> es muy flexible y se adapta a muchos casos diferentes donde el terapeuta junto con el cliente encontrar\u00e1n los puntos m\u00e1s relevantes a trabajar en cada sesi\u00f3n.<\/p>\n<p>En la Terapia Multidimensional a distancia, el cliente, en una fecha y hora previamente concertada con el terapeuta, comenzar\u00e1 la entrevista para determinar los puntos que se trabajar\u00e1n durante la sesi\u00f3n. A continuaci\u00f3n, el cliente debe tumbarse y relajarse. El cliente no debe intentar &#8220;ayudar&#8221; a los Seres de Luz a realizar su trabajo. La mejor manera de ayudar es no hacer estrictamente nada, incluyendo la meditaci\u00f3n. S\u00f3lo tienes que relajarte y disfrutar de las sutiles sensaciones que la Terapia Multidimensional aporta a lo largo del viaje.<\/p>\n<p style=\"text-align: justify;\">\u00a1Organiza una sesi\u00f3n con nosotros y ven a descubrir tu potencial!<\/p>\n<p style=\"text-align: justify;\">Duraci\u00f3n de la sesi\u00f3n: 1h15m<br \/>\nValor de cambio: 35\u20ac<\/p>\n<p style=\"text-align: justify;\">Para concertar tu cita puedes utilizar el siguiente formulario o utilizar uno de nuestros <a title=\"Contactos\" href=\"https:\/\/www.paulonogueiraterapias.com\/contactos\/\">medios de contacto.<\/a><\/p>\n<h4 style=\"text-align: justify;\">Marcado de terapia multidimensional<\/h4>\n<p style=\"text-align: justify;\">[cforms name=&#8221;Marcar sess\u00e3o de Terapia Multidimensional (pre\u00e7o)&#8221;]<\/p>\n<h3 style=\"text-align: justify;\">Inscripci\u00f3n en el Curso de Terapia Multidimensional<\/h3>\n<h5 style=\"text-align: justify;\">\u00bfQuieres convertirte en un Terapeuta Multidimensional y aprender a facilitar sesiones para ti y para los dem\u00e1s? Revise las fechas, lugares y <a href=\"https:\/\/www.paulonogueiraterapias.com\/curso-terapia-multidimensional\/\">programa del Curso de Terapia Multidimensional y<\/a> complete el siguiente formulario:<\/h5>\n<p style=\"text-align: justify;\">[cforms name=&#8221;Inscrever em Curso de Terapia Multidimensional&#8221;]<\/p>\n<\/div>\n","protected":false},"excerpt":{"rendered":"<p>La Terapia Multidimensional puede realizarse a distancia por Skype o por tel\u00e9fono con la misma eficacia que la versi\u00f3n presencial. No hay diferencia en los resultados, ya que no requiere [&hellip;]<\/p>\n","protected":false},"author":1,"featured_media":0,"parent":0,"menu_order":0,"comment_status":"closed","ping_status":"closed","template":"","meta":{"om_disable_all_campaigns":false,"_mi_skip_tracking":false,"site-sidebar-layout":"default","site-content-layout":"","ast-site-content-layout":"default","site-content-style":"default","site-sidebar-style":"default","ast-global-header-display":"","ast-banner-title-visibility":"","ast-main-header-display":"","ast-hfb-above-header-display":"","ast-hfb-below-header-display":"","ast-hfb-mobile-header-display":"","site-post-title":"","ast-breadcrumbs-content":"","ast-featured-img":"","footer-sml-layout":"","ast-disable-related-posts":"","theme-transparent-header-meta":"","adv-header-id-meta":"","stick-header-meta":"","header-above-stick-meta":"","header-main-stick-meta":"","header-below-stick-meta":"","astra-migrate-meta-layouts":"default","ast-page-background-enabled":"default","ast-page-background-meta":{"desktop":{"background-color":"var(--ast-global-color-5)","background-image":"","background-repeat":"repeat","background-position":"center center","background-size":"auto","background-attachment":"scroll","background-type":"","background-media":"","overlay-type":"","overlay-color":"","overlay-opacity":"","overlay-gradient":""},"tablet":{"background-color":"","background-image":"","background-repeat":"repeat","background-position":"center center","background-size":"auto","background-attachment":"scroll","background-type":"","background-media":"","overlay-type":"","overlay-color":"","overlay-opacity":"","overlay-gradient":""},"mobile":{"background-color":"","background-image":"","background-repeat":"repeat","background-position":"center center","background-size":"auto","background-attachment":"scroll","background-type":"","background-media":"","overlay-type":"","overlay-color":"","overlay-opacity":"","overlay-gradient":""}},"ast-content-background-meta":{"desktop":{"background-color":"var(--ast-global-color-4)","background-image":"","background-repeat":"repeat","background-position":"center center","background-size":"auto","background-attachment":"scroll","background-type":"","background-media":"","overlay-type":"","overlay-color":"","overlay-opacity":"","overlay-gradient":""},"tablet":{"background-color":"var(--ast-global-color-4)","background-image":"","background-repeat":"repeat","background-position":"center center","background-size":"auto","background-attachment":"scroll","background-type":"","background-media":"","overlay-type":"","overlay-color":"","overlay-opacity":"","overlay-gradient":""},"mobile":{"background-color":"var(--ast-global-color-4)","background-image":"","background-repeat":"repeat","background-position":"center center","background-size":"auto","background-attachment":"scroll","background-type":"","background-media":"","overlay-type":"","overlay-color":"","overlay-opacity":"","overlay-gradient":""}},"footnotes":""},"class_list":["post-15009","page","type-page","status-publish","hentry"],"aioseo_notices":[],"_links":{"self":[{"href":"https:\/\/www.paulonogueiraterapias.com\/es\/wp-json\/wp\/v2\/pages\/15009","targetHints":{"allow":["GET"]}}],"collection":[{"href":"https:\/\/www.paulonogueiraterapias.com\/es\/wp-json\/wp\/v2\/pages"}],"about":[{"href":"https:\/\/www.paulonogueiraterapias.com\/es\/wp-json\/wp\/v2\/types\/page"}],"author":[{"embeddable":true,"href":"https:\/\/www.paulonogueiraterapias.com\/es\/wp-json\/wp\/v2\/users\/1"}],"replies":[{"embeddable":true,"href":"https:\/\/www.paulonogueiraterapias.com\/es\/wp-json\/wp\/v2\/comments?post=15009"}],"version-history":[{"count":0,"href":"https:\/\/www.paulonogueiraterapias.com\/es\/wp-json\/wp\/v2\/pages\/15009\/revisions"}],"wp:attachment":[{"href":"https:\/\/www.paulonogueiraterapias.com\/es\/wp-json\/wp\/v2\/media?parent=15009"}],"curies":[{"name":"wp","href":"https:\/\/api.w.org\/{rel}","templated":true}]}}