{"id":15006,"date":"2017-08-08T12:11:14","date_gmt":"2017-08-08T12:11:14","guid":{"rendered":"https:\/\/www.paulonogueiraterapias.com\/terapia-multidimensional-en-oporto\/"},"modified":"2017-08-08T12:11:14","modified_gmt":"2017-08-08T12:11:14","slug":"terapia-multidimensional-en-oporto","status":"publish","type":"page","link":"https:\/\/www.paulonogueiraterapias.com\/es\/terapia-multidimensional-en-oporto\/","title":{"rendered":"Terapia multidimensional en Oporto"},"content":{"rendered":"<div style=\"font-size: 10pt;\">\n<p style=\"text-align: justify;\">La <a href=\"https:\/\/www.paulonogueiraterapias.com\/terapia-multidimensional-efeitos\/\">Terapia Multidimensional<\/a> para los habitantes de Oporto, Braga, Guimar\u00e3es y Vila Nova de Gaia se puede hacer online, en la comodidad de su casa, a trav\u00e9s de Skype con Paulo Nogueira. Dado que tanto en la modalidad presencial como a distancia no hay interacci\u00f3n f\u00edsica entre el cuerpo del terapeuta y el paciente, esta terapia puede realizarse en esta modalidad con los mismos efectos. En la pr\u00e1ctica, la terapia, incluso en el &#8220;modo cara a cara&#8221;, se realiza siempre a distancia porque los Seres de Luz llevan a cabo la terapia en dimensiones m\u00e1s all\u00e1 del espacio-tiempo.<\/p>\n<p style=\"text-align: justify;\">Si eres de la zona norte del pa\u00eds, para reservar una sesi\u00f3n con el terapeuta Paulo Nogueira, debes rellenar el formulario de esta p\u00e1gina o llamar al 912 064 084 para experimentar su sesi\u00f3n online.<\/p>\n<h4 style=\"text-align: justify;\">Skype ID: PauloNogueiraTerapias<\/h4>\n<p style=\"text-align: justify;\"><a href=\"https:\/\/www.paulonogueiraterapias.com\/terapia-multidimensional-testemunhos\/\">Numerosos testimonios<\/a> atestiguan la eficacia de esta poderosa terapia que trabaja a trav\u00e9s del coraz\u00f3n del terapeuta para ayudar a traer una realidad centrada en el coraz\u00f3n a la vida de los pacientes.<\/p>\n<p style=\"text-align: justify;\">Duraci\u00f3n de la sesi\u00f3n: 1h15m<br \/>\nValor de cambio: 35\u20ac<\/p>\n<p style=\"text-align: justify;\">Para concertar tu cita puedes utilizar el siguiente formulario o utilizar uno de nuestros <a title=\"Contactos\" href=\"https:\/\/www.paulonogueiraterapias.com\/contactos\/\">medios de contacto.<\/a><\/p>\n<h4 style=\"text-align: justify;\">Marcado de terapia multidimensional<\/h4>\n<p><!--cforms name=\"Marcar sess\u00e3o de Terapia Multidimensional\"--><\/p>\n<\/div>\n","protected":false},"excerpt":{"rendered":"<p>La Terapia Multidimensional para los habitantes de Oporto, Braga, Guimar\u00e3es y Vila Nova de Gaia se puede hacer online, en la comodidad de su casa, a trav\u00e9s de Skype con [&hellip;]<\/p>\n","protected":false},"author":1,"featured_media":0,"parent":0,"menu_order":0,"comment_status":"closed","ping_status":"closed","template":"","meta":{"om_disable_all_campaigns":false,"_mi_skip_tracking":false,"site-sidebar-layout":"default","site-content-layout":"","ast-site-content-layout":"default","site-content-style":"default","site-sidebar-style":"default","ast-global-header-display":"","ast-banner-title-visibility":"","ast-main-header-display":"","ast-hfb-above-header-display":"","ast-hfb-below-header-display":"","ast-hfb-mobile-header-display":"","site-post-title":"","ast-breadcrumbs-content":"","ast-featured-img":"","footer-sml-layout":"","ast-disable-related-posts":"","theme-transparent-header-meta":"","adv-header-id-meta":"","stick-header-meta":"","header-above-stick-meta":"","header-main-stick-meta":"","header-below-stick-meta":"","astra-migrate-meta-layouts":"default","ast-page-background-enabled":"default","ast-page-background-meta":{"desktop":{"background-color":"var(--ast-global-color-5)","background-image":"","background-repeat":"repeat","background-position":"center center","background-size":"auto","background-attachment":"scroll","background-type":"","background-media":"","overlay-type":"","overlay-color":"","overlay-opacity":"","overlay-gradient":""},"tablet":{"background-color":"","background-image":"","background-repeat":"repeat","background-position":"center center","background-size":"auto","background-attachment":"scroll","background-type":"","background-media":"","overlay-type":"","overlay-color":"","overlay-opacity":"","overlay-gradient":""},"mobile":{"background-color":"","background-image":"","background-repeat":"repeat","background-position":"center center","background-size":"auto","background-attachment":"scroll","background-type":"","background-media":"","overlay-type":"","overlay-color":"","overlay-opacity":"","overlay-gradient":""}},"ast-content-background-meta":{"desktop":{"background-color":"var(--ast-global-color-4)","background-image":"","background-repeat":"repeat","background-position":"center center","background-size":"auto","background-attachment":"scroll","background-type":"","background-media":"","overlay-type":"","overlay-color":"","overlay-opacity":"","overlay-gradient":""},"tablet":{"background-color":"var(--ast-global-color-4)","background-image":"","background-repeat":"repeat","background-position":"center center","background-size":"auto","background-attachment":"scroll","background-type":"","background-media":"","overlay-type":"","overlay-color":"","overlay-opacity":"","overlay-gradient":""},"mobile":{"background-color":"var(--ast-global-color-4)","background-image":"","background-repeat":"repeat","background-position":"center center","background-size":"auto","background-attachment":"scroll","background-type":"","background-media":"","overlay-type":"","overlay-color":"","overlay-opacity":"","overlay-gradient":""}},"footnotes":""},"class_list":["post-15006","page","type-page","status-publish","hentry"],"aioseo_notices":[],"_links":{"self":[{"href":"https:\/\/www.paulonogueiraterapias.com\/es\/wp-json\/wp\/v2\/pages\/15006","targetHints":{"allow":["GET"]}}],"collection":[{"href":"https:\/\/www.paulonogueiraterapias.com\/es\/wp-json\/wp\/v2\/pages"}],"about":[{"href":"https:\/\/www.paulonogueiraterapias.com\/es\/wp-json\/wp\/v2\/types\/page"}],"author":[{"embeddable":true,"href":"https:\/\/www.paulonogueiraterapias.com\/es\/wp-json\/wp\/v2\/users\/1"}],"replies":[{"embeddable":true,"href":"https:\/\/www.paulonogueiraterapias.com\/es\/wp-json\/wp\/v2\/comments?post=15006"}],"version-history":[{"count":0,"href":"https:\/\/www.paulonogueiraterapias.com\/es\/wp-json\/wp\/v2\/pages\/15006\/revisions"}],"wp:attachment":[{"href":"https:\/\/www.paulonogueiraterapias.com\/es\/wp-json\/wp\/v2\/media?parent=15006"}],"curies":[{"name":"wp","href":"https:\/\/api.w.org\/{rel}","templated":true}]}}