{"id":14986,"date":"2018-02-05T17:31:52","date_gmt":"2018-02-05T17:31:52","guid":{"rendered":"https:\/\/www.paulonogueiraterapias.com\/terapia-multidimensional-aveiro\/"},"modified":"2021-12-10T23:32:47","modified_gmt":"2021-12-10T23:32:47","slug":"terapia-multidimensional-aveiro","status":"publish","type":"page","link":"https:\/\/www.paulonogueiraterapias.com\/es\/terapia-multidimensional-aveiro\/","title":{"rendered":"Terapia Multidimensional &#8211; Aveiro"},"content":{"rendered":"<p>[vc_row][vc_column][vc_single_image image=&#8221;11632&#8243; img_size=&#8221;large&#8221; add_caption=&#8221;yes&#8221; alignment=&#8221;center&#8221; style=&#8221;vc_box_shadow_3d&#8221; onclick=&#8221;zoom&#8221; css_animation=&#8221;bounceIn&#8221;][\/vc_column][\/vc_row][vc_row][vc_column][vc_column_text]<\/p>\n<div style=\"text-align: justify; font-size: 10pt;\">Para usted que es de <strong>Aveiro<\/strong>, bienvenido a la <a href=\"https:\/\/www.paulonogueiraterapias.com\/terapia-multidimensional\/\">Terapia Multidimensional<\/a>.  situados en Espinho, Santa Maria da Feira, Arouca, \u00c1gueda, Albergaria-a-Velha, Anadia, Castelo de Paiva, Estarreja, \u00cdlhavo, Mealhada, Murtosa, Oliveira de Azem\u00e9is, Oliveira do Bairro, Ovar, S\u00e3o Jo\u00e3o da Madeira, Sever do Vouga, Vagos y Vale de Cambra que deseen hacer uso de esta herramienta hol\u00edstica, \u00a1Paulo Nogueira, te invita a visitar el espacio Lotus Moon en Oporto y participar en un entrenamiento que elevar\u00e1 tu vibraci\u00f3n espiritual, d\u00e1ndote todo el conocimiento y las t\u00e9cnicas que necesitas para convertirte en un verdadero Trabajador de la Luz!<\/p>\n<p>Para llevar a cabo el trabajo, los estudiantes aprender\u00e1n a desarrollar su intenci\u00f3n de sanaci\u00f3n y a mantener su enfoque en su coraz\u00f3n para servir como canales para que los Seres de Luz trabajen a trav\u00e9s de ellos. En este entrenamiento, impartido en un ambiente de gran alegr\u00eda y relajaci\u00f3n, estar\u00e1n presentes los Maestros de la Gran Hermandad Blanca, junto con varios \u00c1ngeles y Arc\u00e1ngeles, en lo que ya es un evento regular en esta ciudad del norte del pa\u00eds, donde personas de los distritos de Porto, Aveiro, Vila Nova de Gaia, Braga, Bragan\u00e7a, Vila Real y Viana do Castelo vienen a aprender a servir a la Luz.<\/p>\n<p>Al no ser un curso con requisitos especiales, todo el mundo est\u00e1 invitado a conocer la terapia sin necesidad de tener dones medi\u00famnicos pronunciados, aunque todo el mundo tiene un cierto grado de mediumnidad y sensibilidad.<\/p>\n<p>Durante el <a href=\"https:\/\/www.paulonogueiraterapias.com\/curso-terapia-multidimensional\/\">curso de Terapia Multidimensional<\/a> que tiene lugar en Oporto, los estudiantes recibir\u00e1n varias iniciaciones y activaciones para despertar los c\u00f3digos de luz estelar latentes en su ADN espiritual.<\/p>\n<p>El papel del terapeuta multidimensional ser\u00e1 en parte pasivo debido a que s\u00f3lo en la tercera dimensi\u00f3n se ha centrado en su chakra del coraz\u00f3n para hacer el trabajo. Sin embargo, en la <a href=\"https:\/\/www.paulonogueiraterapias.com\/es\/el-ascenso-a-la-5a-dimension\/\">5\u00aa dimensi\u00f3n<\/a>, estar\u00e1s totalmente activo ya que tu doble aprender\u00e1 y realizar\u00e1 el trabajo junto con los Seres de Luz del equipo que se ancla en la energ\u00eda del estudiante el primer d\u00eda del curso.<\/p>\n<p>Durante el curso veremos el origen estelar de los seres humanos, las distintas dimensiones, las leyes divinas (Ley de la sinton\u00eda, Ley del olvido, Ley de la reencarnaci\u00f3n,  <a href=\"https:\/\/www.paulonogueiraterapias.com\/es\/que-es-el-karma\/\">Ley del Karma<\/a>Ley del Libre Albedr\u00edo, Ley de la Atracci\u00f3n, Ley del Amor entre otras) as\u00ed como los diversos templos de Luz que existen ubicados en algunas ciudades de Luz alrededor de la Tierra, dentro de la Tierra en la 5\u00aa dimensi\u00f3n y m\u00e1s arriba, dentro de los oc\u00e9anos as\u00ed como por encima de la Tierra.<\/p>\n<p>Abordaremos el trabajo conjunto con  El Maestro<a href=\"https:\/\/www.paulonogueiraterapias.com\/es\/el-maestro-saint-germain-y-la-llama-violeta\/\">Saint Germain<\/a>, el Maestro Sananda (Jes\u00fas), la Madre Mar\u00eda, el Maestro Adama, el Maestro Hilari\u00f3n, el Maestro Kuthumi, el Maestro Serapis Bey, Lady Nada, el Arc\u00e1ngel Miguel, el Arc\u00e1ngel Rafael, el Arc\u00e1ngel Metatr\u00f3n, Melchisedek, Gautama Buda, Babaji y la importancia del Universalismo como forma de practicar la tolerancia hacia todos los credos y religiones.<\/p>\n<p>A medida que cada persona experimenta una sesi\u00f3n de Terapia Multidimensional, se libera de miedos, ansiedades, tristezas, resentimientos y penas que nos imped\u00edan ver la vida con m\u00e1s esperanza en el futuro, de sentir gratitud por estar aqu\u00ed y ahora, en esta y en todas las dem\u00e1s dimensiones, ya que todos somos seres multidimensionales.<\/p>\n<p>La terapia multidimensional puede realizarse en persona o a <a href=\"https:\/\/www.paulonogueiraterapias.com\/terapia-multidimensional-a-distancia\/\">distancia<\/a>, permitiendo la limpieza y armonizaci\u00f3n de los chakras, as\u00ed como el trabajo del Perd\u00f3n en relaci\u00f3n con las distintas personas de nuestra vida cotidiana.<\/p>\n<p style=\"text-align: justify;\">\u00a1Organiza una sesi\u00f3n con nosotros y ven a descubrir tu potencial!<\/p>\n<p style=\"text-align: justify;\">Duraci\u00f3n de la sesi\u00f3n: 1h15m<br \/>\nValor de cambio: 35\u20ac<\/p>\n<p style=\"text-align: justify;\">Para concertar tu cita puedes utilizar el siguiente formulario o utilizar uno de nuestros <a title=\"Contactos\" href=\"https:\/\/www.paulonogueiraterapias.com\/contactos\/\">medios de contacto.<\/a><\/p>\n<h4 style=\"text-align: justify;\">Marcado de terapia multidimensional<\/h4>\n<p style=\"text-align: justify;\">[cforms name=&#8221;Marcar sess\u00e3o de Terapia Multidimensional (pre\u00e7o)&#8221;]<\/p>\n<h3 style=\"text-align: justify;\">Inscripci\u00f3n en el Curso de Terapia Multidimensional<\/h3>\n<h5 style=\"text-align: justify;\">\u00bfQuieres convertirte en un Terapeuta Multidimensional y aprender a facilitar sesiones para ti y para los dem\u00e1s? Revise las fechas, lugares y <a href=\"https:\/\/www.paulonogueiraterapias.com\/curso-terapia-multidimensional\/\">programa del Curso de Terapia Multidimensional y<\/a> complete el siguiente formulario:<\/h5>\n<p style=\"text-align: justify;\">[cforms name=&#8221;Inscrever em Curso de Terapia Multidimensional&#8221;]<\/p>\n<\/div>\n<p>[\/vc_column_text][\/vc_column][\/vc_row]<\/p>\n","protected":false},"excerpt":{"rendered":"<p>[vc_row][vc_column][vc_single_image image=&#8221;11632&#8243; img_size=&#8221;large&#8221; add_caption=&#8221;yes&#8221; alignment=&#8221;center&#8221; style=&#8221;vc_box_shadow_3d&#8221; onclick=&#8221;zoom&#8221; css_animation=&#8221;bounceIn&#8221;][\/vc_column][\/vc_row][vc_row][vc_column][vc_column_text] Para usted que es de Aveiro, bienvenido a la Terapia Multidimensional. situados en Espinho, Santa Maria da Feira, Arouca, \u00c1gueda, Albergaria-a-Velha, Anadia, [&hellip;]<\/p>\n","protected":false},"author":1,"featured_media":0,"parent":0,"menu_order":0,"comment_status":"closed","ping_status":"closed","template":"","meta":{"om_disable_all_campaigns":false,"_mi_skip_tracking":false,"site-sidebar-layout":"default","site-content-layout":"","ast-site-content-layout":"default","site-content-style":"default","site-sidebar-style":"default","ast-global-header-display":"","ast-banner-title-visibility":"","ast-main-header-display":"","ast-hfb-above-header-display":"","ast-hfb-below-header-display":"","ast-hfb-mobile-header-display":"","site-post-title":"","ast-breadcrumbs-content":"","ast-featured-img":"","footer-sml-layout":"","ast-disable-related-posts":"","theme-transparent-header-meta":"","adv-header-id-meta":"","stick-header-meta":"","header-above-stick-meta":"","header-main-stick-meta":"","header-below-stick-meta":"","astra-migrate-meta-layouts":"default","ast-page-background-enabled":"default","ast-page-background-meta":{"desktop":{"background-color":"var(--ast-global-color-5)","background-image":"","background-repeat":"repeat","background-position":"center center","background-size":"auto","background-attachment":"scroll","background-type":"","background-media":"","overlay-type":"","overlay-color":"","overlay-opacity":"","overlay-gradient":""},"tablet":{"background-color":"","background-image":"","background-repeat":"repeat","background-position":"center center","background-size":"auto","background-attachment":"scroll","background-type":"","background-media":"","overlay-type":"","overlay-color":"","overlay-opacity":"","overlay-gradient":""},"mobile":{"background-color":"","background-image":"","background-repeat":"repeat","background-position":"center center","background-size":"auto","background-attachment":"scroll","background-type":"","background-media":"","overlay-type":"","overlay-color":"","overlay-opacity":"","overlay-gradient":""}},"ast-content-background-meta":{"desktop":{"background-color":"var(--ast-global-color-4)","background-image":"","background-repeat":"repeat","background-position":"center center","background-size":"auto","background-attachment":"scroll","background-type":"","background-media":"","overlay-type":"","overlay-color":"","overlay-opacity":"","overlay-gradient":""},"tablet":{"background-color":"var(--ast-global-color-4)","background-image":"","background-repeat":"repeat","background-position":"center center","background-size":"auto","background-attachment":"scroll","background-type":"","background-media":"","overlay-type":"","overlay-color":"","overlay-opacity":"","overlay-gradient":""},"mobile":{"background-color":"var(--ast-global-color-4)","background-image":"","background-repeat":"repeat","background-position":"center center","background-size":"auto","background-attachment":"scroll","background-type":"","background-media":"","overlay-type":"","overlay-color":"","overlay-opacity":"","overlay-gradient":""}},"footnotes":""},"class_list":["post-14986","page","type-page","status-publish","hentry"],"aioseo_notices":[],"_links":{"self":[{"href":"https:\/\/www.paulonogueiraterapias.com\/es\/wp-json\/wp\/v2\/pages\/14986","targetHints":{"allow":["GET"]}}],"collection":[{"href":"https:\/\/www.paulonogueiraterapias.com\/es\/wp-json\/wp\/v2\/pages"}],"about":[{"href":"https:\/\/www.paulonogueiraterapias.com\/es\/wp-json\/wp\/v2\/types\/page"}],"author":[{"embeddable":true,"href":"https:\/\/www.paulonogueiraterapias.com\/es\/wp-json\/wp\/v2\/users\/1"}],"replies":[{"embeddable":true,"href":"https:\/\/www.paulonogueiraterapias.com\/es\/wp-json\/wp\/v2\/comments?post=14986"}],"version-history":[{"count":0,"href":"https:\/\/www.paulonogueiraterapias.com\/es\/wp-json\/wp\/v2\/pages\/14986\/revisions"}],"wp:attachment":[{"href":"https:\/\/www.paulonogueiraterapias.com\/es\/wp-json\/wp\/v2\/media?parent=14986"}],"curies":[{"name":"wp","href":"https:\/\/api.w.org\/{rel}","templated":true}]}}