{"id":14982,"date":"2018-02-06T23:58:51","date_gmt":"2018-02-06T23:58:51","guid":{"rendered":"https:\/\/www.paulonogueiraterapias.com\/terapia-multidimensional-coimbra\/"},"modified":"2018-02-06T23:58:51","modified_gmt":"2018-02-06T23:58:51","slug":"terapia-multidimensional-coimbra","status":"publish","type":"page","link":"https:\/\/www.paulonogueiraterapias.com\/es\/terapia-multidimensional-coimbra\/","title":{"rendered":"Terapia Multidimensional &#8211; Coimbra"},"content":{"rendered":"<div style=\"text-align: justify; font-size: 10pt;\">\n<p>\u00a1Si eres de la bella ciudad de <strong>Coimbra<\/strong>, ven a aprender con Paulo Nogueira a facilitar sesiones de Terapia <a href=\"https:\/\/www.paulonogueiraterapias.com\/terapia-multidimensional\/\">Multidimensional<\/a> en el <a href=\"https:\/\/www.paulonogueiraterapias.com\/curso-terapia-multidimensional\/\">Curso de Terapia Multidimensional<\/a> en el espacio Magali Thera Spa en Torres Novas!<\/p>\n<figure id=\"attachment_11634\" aria-describedby=\"caption-attachment-11634\" style=\"width: 981px\" class=\"wp-caption aligncenter\"><a href=\"https:\/\/www.paulonogueiraterapias.com\/wp-content\/uploads\/2018\/02\/Terapia-Multidimensional-Coimbra-Paulo-Nogueira.png\"><img loading=\"lazy\" decoding=\"async\" class=\"size-full wp-image-11634\" src=\"https:\/\/www.paulonogueiraterapias.com\/wp-content\/uploads\/2018\/02\/Terapia-Multidimensional-Coimbra-Paulo-Nogueira.png\" alt=\"Terapia multidimensional en Coimbra\" width=\"981\" height=\"659\" srcset=\"https:\/\/www.paulonogueiraterapias.com\/wp-content\/uploads\/2018\/02\/Terapia-Multidimensional-Coimbra-Paulo-Nogueira.png 981w, https:\/\/www.paulonogueiraterapias.com\/wp-content\/uploads\/2018\/02\/Terapia-Multidimensional-Coimbra-Paulo-Nogueira-600x403.png 600w, https:\/\/www.paulonogueiraterapias.com\/wp-content\/uploads\/2018\/02\/Terapia-Multidimensional-Coimbra-Paulo-Nogueira-300x202.png 300w, https:\/\/www.paulonogueiraterapias.com\/wp-content\/uploads\/2018\/02\/Terapia-Multidimensional-Coimbra-Paulo-Nogueira-768x516.png 768w, https:\/\/www.paulonogueiraterapias.com\/wp-content\/uploads\/2018\/02\/Terapia-Multidimensional-Coimbra-Paulo-Nogueira-624x419.png 624w\" sizes=\"auto, (max-width: 981px) 100vw, 981px\" \/><\/a><figcaption id=\"caption-attachment-11634\" class=\"wp-caption-text\">Terapia multidimensional en Coimbra<\/figcaption><\/figure>\n<p>Para los habitantes de Arganil, Cantanhede, Coimbra, Condeixa-a-Nova, Figueira da Foz, G\u00f3is, Lous\u00e3, Mira, Miranda do Corvo, Montemor-o-Velho, Oliveira do Hospital, Pampilhosa da Serra, Penacova, Penela, Soure, T\u00e1bua y Vila Nova de Poiares, Paulo Nogueira forma terapeutas multidimensionales que ayudar\u00e1n a difundir el Amor y la Luz en los corazones de todos los que lo necesitan.<\/p>\n<p>Ven y aprende con nosotros a despertar la potencialidad de tu doble (cuerpo sutil activado al recibir la Iniciaci\u00f3n de Apertura del Coraz\u00f3n del Maestro Sanada) para sanar a tu ni\u00f1o interior y a todos aquellos que lo busquen para elevar su vibraci\u00f3n y amarse m\u00e1s.<\/p>\n<p>A trav\u00e9s del curso, el lector aprender\u00e1 a comprender la importancia de los v\u00ednculos k\u00e1rmicos que unen a una persona con otra, as\u00ed como la posibilidad de ponerles fin si se han aprendido las lecciones en el \u00ednterin. Aprender\u00e1s a limpiar patrones de comportamiento que vienen de vidas anteriores y que te limitan a experimentar la encarnaci\u00f3n actual con mayor gracia y libertad.<\/p>\n<p>El participante en el curso aprender\u00e1 a comprender el origen de los traumas y la limpieza de estos traumas es una tarea que s\u00f3lo concierne a su doble y al equipo de Seres de Luz que trabaja con el terapeuta.<\/p>\n<p>Participar en el taller de Terapia Multidimensional te ayudar\u00e1 a reconocer tu Divinidad y a sintonizar con tu Ser Superior y los Seres de Luz, activando partes de tu ADN espiritual y recuperando partes perdidas de tu Ser original.<\/p>\n<p>Despu\u00e9s de cada sesi\u00f3n, el cliente siente cada vez m\u00e1s paz, serenidad, bienestar y alegr\u00eda interior y, en raras ocasiones, el terapeuta es consciente del trabajo realizado durante la sesi\u00f3n.<\/p>\n<p>En cada sesi\u00f3n se limpian diversos bloqueos, se armonizan los chakras y, si existen, los obsesores que acompa\u00f1an a la persona por cualquier motivo (fuerte apego emocional como la ira, la venganza, la pasi\u00f3n o los celos) ser\u00e1n adoctrinados por los Seres de Luz y dirigidos a los hospitales y cl\u00ednicas del plano espiritual para ser tratados y, posteriormente, reconducidos a una nueva reencarnaci\u00f3n para saldar las deudas k\u00e1rmicas anteriores. Tambi\u00e9n se transmutan las energ\u00edas emocionales negativas como los celos, el dolor, la ira, la angustia, la desesperanza y otras.<\/p>\n<p>Durante el curso, Paulo Nogueira abordar\u00e1 los hechizos como una forma de expiaci\u00f3n al servicio de la Ley de Causa y Efecto y la acci\u00f3n ben\u00e9fica del Perd\u00f3n de la &#8220;v\u00edctima&#8221; tanto a la persona que orden\u00f3 la magia como a la que la realiz\u00f3. Paulo Nogueira abordar\u00e1 la cuesti\u00f3n de la multidimensionalidad del Universo, haciendo la respectiva analog\u00eda siempre que sea posible con la F\u00edsica para sostener la conexi\u00f3n entre Espiritualidad y Ciencia.<\/p>\n<p>Tambi\u00e9n se tratar\u00e1n los rescates en el Umbral (que los cat\u00f3licos llaman com\u00fanmente limbo o purgatorio) y los peligros a los que se exponen los Seres de Luz que trabajan all\u00ed por amor, para salvar a los que han ca\u00eddo en manos y mentes de esp\u00edritus perversos que tratan de imponerse temporalmente a la Ley del Progreso y a la Ley de la Reencarnaci\u00f3n.<\/p>\n<p style=\"text-align: justify;\">\u00a1Organiza una sesi\u00f3n con nosotros y ven a descubrir tu potencial!<\/p>\n<p style=\"text-align: justify;\">Duraci\u00f3n de la sesi\u00f3n: 1h15m<br \/>\nValor de cambio: 35\u20ac<\/p>\n<p style=\"text-align: justify;\">Para concertar tu cita puedes utilizar el siguiente formulario o utilizar uno de nuestros <a title=\"Contactos\" href=\"https:\/\/www.paulonogueiraterapias.com\/contactos\/\">medios de contacto.<\/a><\/p>\n<h4 style=\"text-align: justify;\">Marcado de terapia multidimensional<\/h4>\n<p style=\"text-align: justify;\">[cforms name=&#8221;Marcar sess\u00e3o de Terapia Multidimensional (pre\u00e7o)&#8221;]<\/p>\n<h3 style=\"text-align: justify;\">Inscripci\u00f3n en el Curso de Terapia Multidimensional<\/h3>\n<h5 style=\"text-align: justify;\">\u00bfQuieres convertirte en un Terapeuta Multidimensional y aprender a facilitar sesiones para ti y para los dem\u00e1s? Revise las fechas, lugares y <a href=\"https:\/\/www.paulonogueiraterapias.com\/curso-terapia-multidimensional\/\">programa del Curso de Terapia Multidimensional y<\/a> complete el siguiente formulario:<\/h5>\n<p style=\"text-align: justify;\">[cforms name=&#8221;Inscrever em Curso de Terapia Multidimensional&#8221;]<\/p>\n<\/div>\n","protected":false},"excerpt":{"rendered":"<p>\u00a1Si eres de la bella ciudad de Coimbra, ven a aprender con Paulo Nogueira a facilitar sesiones de Terapia Multidimensional en el Curso de Terapia Multidimensional en el espacio Magali [&hellip;]<\/p>\n","protected":false},"author":1,"featured_media":0,"parent":0,"menu_order":0,"comment_status":"closed","ping_status":"closed","template":"","meta":{"om_disable_all_campaigns":false,"_mi_skip_tracking":false,"site-sidebar-layout":"default","site-content-layout":"","ast-site-content-layout":"default","site-content-style":"default","site-sidebar-style":"default","ast-global-header-display":"","ast-banner-title-visibility":"","ast-main-header-display":"","ast-hfb-above-header-display":"","ast-hfb-below-header-display":"","ast-hfb-mobile-header-display":"","site-post-title":"","ast-breadcrumbs-content":"","ast-featured-img":"","footer-sml-layout":"","ast-disable-related-posts":"","theme-transparent-header-meta":"","adv-header-id-meta":"","stick-header-meta":"","header-above-stick-meta":"","header-main-stick-meta":"","header-below-stick-meta":"","astra-migrate-meta-layouts":"default","ast-page-background-enabled":"default","ast-page-background-meta":{"desktop":{"background-color":"var(--ast-global-color-5)","background-image":"","background-repeat":"repeat","background-position":"center center","background-size":"auto","background-attachment":"scroll","background-type":"","background-media":"","overlay-type":"","overlay-color":"","overlay-opacity":"","overlay-gradient":""},"tablet":{"background-color":"","background-image":"","background-repeat":"repeat","background-position":"center center","background-size":"auto","background-attachment":"scroll","background-type":"","background-media":"","overlay-type":"","overlay-color":"","overlay-opacity":"","overlay-gradient":""},"mobile":{"background-color":"","background-image":"","background-repeat":"repeat","background-position":"center center","background-size":"auto","background-attachment":"scroll","background-type":"","background-media":"","overlay-type":"","overlay-color":"","overlay-opacity":"","overlay-gradient":""}},"ast-content-background-meta":{"desktop":{"background-color":"var(--ast-global-color-4)","background-image":"","background-repeat":"repeat","background-position":"center center","background-size":"auto","background-attachment":"scroll","background-type":"","background-media":"","overlay-type":"","overlay-color":"","overlay-opacity":"","overlay-gradient":""},"tablet":{"background-color":"var(--ast-global-color-4)","background-image":"","background-repeat":"repeat","background-position":"center center","background-size":"auto","background-attachment":"scroll","background-type":"","background-media":"","overlay-type":"","overlay-color":"","overlay-opacity":"","overlay-gradient":""},"mobile":{"background-color":"var(--ast-global-color-4)","background-image":"","background-repeat":"repeat","background-position":"center center","background-size":"auto","background-attachment":"scroll","background-type":"","background-media":"","overlay-type":"","overlay-color":"","overlay-opacity":"","overlay-gradient":""}},"footnotes":""},"class_list":["post-14982","page","type-page","status-publish","hentry"],"aioseo_notices":[],"_links":{"self":[{"href":"https:\/\/www.paulonogueiraterapias.com\/es\/wp-json\/wp\/v2\/pages\/14982","targetHints":{"allow":["GET"]}}],"collection":[{"href":"https:\/\/www.paulonogueiraterapias.com\/es\/wp-json\/wp\/v2\/pages"}],"about":[{"href":"https:\/\/www.paulonogueiraterapias.com\/es\/wp-json\/wp\/v2\/types\/page"}],"author":[{"embeddable":true,"href":"https:\/\/www.paulonogueiraterapias.com\/es\/wp-json\/wp\/v2\/users\/1"}],"replies":[{"embeddable":true,"href":"https:\/\/www.paulonogueiraterapias.com\/es\/wp-json\/wp\/v2\/comments?post=14982"}],"version-history":[{"count":0,"href":"https:\/\/www.paulonogueiraterapias.com\/es\/wp-json\/wp\/v2\/pages\/14982\/revisions"}],"wp:attachment":[{"href":"https:\/\/www.paulonogueiraterapias.com\/es\/wp-json\/wp\/v2\/media?parent=14982"}],"curies":[{"name":"wp","href":"https:\/\/api.w.org\/{rel}","templated":true}]}}