{"id":14971,"date":"2018-04-03T11:23:54","date_gmt":"2018-04-03T11:23:54","guid":{"rendered":"https:\/\/www.paulonogueiraterapias.com\/la-postura-del-terapeuta-multidimensional\/"},"modified":"2021-12-10T23:32:36","modified_gmt":"2021-12-10T23:32:36","slug":"la-postura-del-terapeuta-multidimensional","status":"publish","type":"page","link":"https:\/\/www.paulonogueiraterapias.com\/es\/la-postura-del-terapeuta-multidimensional\/","title":{"rendered":"La postura del terapeuta multidimensional"},"content":{"rendered":"\n<div style=\"text-align: justify; font-size: 10pt;\">\n<p>La actitud del facilitador de la Terapia Multidimensional es muy importante cuando se trata de las expectativas del cliente en esta terapia.<br\/>Se pueden analizar varias situaciones:<\/p>\n<\/div>\n\n<div> <\/div>\n\n<div style=\"text-align: justify; font-size: 10pt;\">\n<h3>Predicci\u00f3n del futuro<\/h3>\n<p>Corresponde al terapeuta explicar al cliente que la Terapia Multidimensional no puede predecir el futuro, ya que existen varias l\u00edneas paralelas de futuros posibles con diferentes probabilidades de ocurrencia, es decir, algunos futuros son m\u00e1s probables y otros menos, dependiendo de diversos factores. Algunos de estos factores, dependen de las creencias que el cliente mantiene despu\u00e9s de la sesi\u00f3n y de las actitudes que adopta. Otros factores, de hecho, no dependen del cliente.<\/p>\n<p>A menos que el terapeuta est\u00e9 armado con otras herramientas auxiliares que le ayuden a obtener el camino de mayor probabilidad de ocurrencia (no un futuro determinado), la <a href=\"https:\/\/www.paulonogueiraterapias.com\/es\/terapia-multidimensional-como-funciona\/\">Terapia Multidimensional<\/a> es s\u00f3lo para el tratamiento de diversas situaciones expuestas en el art\u00edculo <a href=\"https:\/\/www.paulonogueiraterapias.com\/es\/terapia-multidimensional-como-funciona\/\">&#8220;Terapia Multidimensional &#8211; c\u00f3mo funciona&#8221;<\/a> y no para fines adivinatorios. Algunas de estas herramientas accesorias pueden ser  <a href=\"https:\/\/www.paulonogueiraterapias.com\/es\/tarot\/\">Tarot<\/a>, las runas, el p\u00e9ndulo o la simple intuici\u00f3n del terapeuta, o incluso, en el caso de que el terapeuta sea un m\u00e9dium clariaudiente con un  m\u00e1s ostentosa<a href=\"https:\/\/www.paulonogueiraterapias.com\/es\/signos-de-mediumnidad\/\">mediumnidad<\/a>, puede simplemente preguntar a su gu\u00eda\/mentor espiritual o a los Seres de Luz de su equipo de Terapia Multidimensional, y ellos siempre le responder\u00e1n teniendo en cuenta que la respuesta tender\u00e1 a ser una recomendaci\u00f3n o consejo positivo.<\/p>\n<p>Siempre teniendo en cuenta que se trata de una mera recomendaci\u00f3n o consejo y no de una profec\u00eda, esta informaci\u00f3n que ser\u00e1 transmitida por el terapeuta a su cliente no debe causar ninguna infracci\u00f3n a la Ley del Libre Albedr\u00edo, ya que su aceptaci\u00f3n o rechazo es asunto exclusivo del cliente.<\/p>\n<p>El futuro est\u00e1 realmente en manos de cada persona seg\u00fan lo que siembra en el presente y tambi\u00e9n cosecha de la siembra de su pasado.<\/p>\n<h3>Ayuda a transmutar <em>el karma<\/em><\/h3>\n<p>Los seres de luz no limpian un <a href=\"https:\/\/www.paulonogueiraterapias.com\/es\/karma\/\">\n  <em>karma<\/em>\n<\/a> <em>karma<\/em> espec\u00edfico sin que el cliente haya aprendido la lecci\u00f3n subyacente a ese karma. Aprender la lecci\u00f3n no implica necesariamente un sufrimiento por parte del cliente. a menos que crea consciente o inconscientemente que necesita sufrir para evolucionar. Sin embargo, hacen algo mucho mejor. Los Seres de Luz elevan la conciencia del cliente a la conciencia de Unidad para que pueda comprender m\u00e1s f\u00e1cilmente la causa de sus sufrimientos y as\u00ed aceptarlos primero, aliviarlos despu\u00e9s y disolverlos despu\u00e9s.  <em>El karma<\/em> se transmuta con la energ\u00eda del Perd\u00f3n y la Compasi\u00f3n. Los Seres de Luz eliminar\u00e1n de los cuerpos sutiles del cliente, varias formas de sentimientos y pensamientos negativos que les impiden elevar su vibraci\u00f3n a una conciencia m\u00e1s amorosa en la que es m\u00e1s f\u00e1cil, en ese estado mental y emocional positivo, acceder a la capacidad de perdonar y auto-perdonarse, que es en \u00faltima instancia lo que extinguir\u00e1 un  <em>karma<\/em> espec\u00edfico.<\/p>\n<p>As\u00ed, podemos concluir que la limpieza del karma no es un acto m\u00e1gico o m\u00edstico por parte de los Seres de Luz sino m\u00e1s bien, una limpieza de energ\u00edas desarm\u00f3nicas que ser\u00e1n desacopladas de sus cuerpos sutiles as\u00ed como la remoci\u00f3n de chips e implantes que est\u00e1n bajando su frecuencia vibratoria, la remisi\u00f3n de obsesores despu\u00e9s de su adoctrinamiento por parte de los Seres de Luz y, por supuesto, tambi\u00e9n el adoctrinamiento del propio cliente en realidades m\u00e1s sutiles para hacerle entender sobre la importancia de soltar viejas heridas as\u00ed como creencias que no le est\u00e1n ayudando a ser feliz.<\/p>\n<h3>El terapeuta debe permanecer humilde<\/h3>\n<p>El terapeuta debe abstenerse del orgullo espiritual que puede surgir de su relaci\u00f3n con los Seres de Luz y debe recordar que \u00e9l, su cliente y todos los seres vivos son parte del Uno y que todos son igualmente importantes y divinos, es decir, aunque sean una gota de agua en un oc\u00e9ano, tambi\u00e9n son el propio oc\u00e9ano.<\/p>\n<\/div>\n","protected":false},"excerpt":{"rendered":"<p>La actitud del facilitador de la Terapia Multidimensional es muy importante cuando se trata de las expectativas del cliente en esta terapia.Se pueden analizar varias situaciones: Predicci\u00f3n del futuro Corresponde [&hellip;]<\/p>\n","protected":false},"author":1,"featured_media":0,"parent":0,"menu_order":0,"comment_status":"closed","ping_status":"closed","template":"","meta":{"om_disable_all_campaigns":false,"_mi_skip_tracking":false,"site-sidebar-layout":"default","site-content-layout":"","ast-site-content-layout":"default","site-content-style":"default","site-sidebar-style":"default","ast-global-header-display":"","ast-banner-title-visibility":"","ast-main-header-display":"","ast-hfb-above-header-display":"","ast-hfb-below-header-display":"","ast-hfb-mobile-header-display":"","site-post-title":"","ast-breadcrumbs-content":"","ast-featured-img":"","footer-sml-layout":"","ast-disable-related-posts":"","theme-transparent-header-meta":"","adv-header-id-meta":"","stick-header-meta":"","header-above-stick-meta":"","header-main-stick-meta":"","header-below-stick-meta":"","astra-migrate-meta-layouts":"default","ast-page-background-enabled":"default","ast-page-background-meta":{"desktop":{"background-color":"var(--ast-global-color-5)","background-image":"","background-repeat":"repeat","background-position":"center center","background-size":"auto","background-attachment":"scroll","background-type":"","background-media":"","overlay-type":"","overlay-color":"","overlay-opacity":"","overlay-gradient":""},"tablet":{"background-color":"","background-image":"","background-repeat":"repeat","background-position":"center center","background-size":"auto","background-attachment":"scroll","background-type":"","background-media":"","overlay-type":"","overlay-color":"","overlay-opacity":"","overlay-gradient":""},"mobile":{"background-color":"","background-image":"","background-repeat":"repeat","background-position":"center center","background-size":"auto","background-attachment":"scroll","background-type":"","background-media":"","overlay-type":"","overlay-color":"","overlay-opacity":"","overlay-gradient":""}},"ast-content-background-meta":{"desktop":{"background-color":"var(--ast-global-color-4)","background-image":"","background-repeat":"repeat","background-position":"center center","background-size":"auto","background-attachment":"scroll","background-type":"","background-media":"","overlay-type":"","overlay-color":"","overlay-opacity":"","overlay-gradient":""},"tablet":{"background-color":"var(--ast-global-color-4)","background-image":"","background-repeat":"repeat","background-position":"center center","background-size":"auto","background-attachment":"scroll","background-type":"","background-media":"","overlay-type":"","overlay-color":"","overlay-opacity":"","overlay-gradient":""},"mobile":{"background-color":"var(--ast-global-color-4)","background-image":"","background-repeat":"repeat","background-position":"center center","background-size":"auto","background-attachment":"scroll","background-type":"","background-media":"","overlay-type":"","overlay-color":"","overlay-opacity":"","overlay-gradient":""}},"footnotes":""},"class_list":["post-14971","page","type-page","status-publish","hentry"],"aioseo_notices":[],"_links":{"self":[{"href":"https:\/\/www.paulonogueiraterapias.com\/es\/wp-json\/wp\/v2\/pages\/14971","targetHints":{"allow":["GET"]}}],"collection":[{"href":"https:\/\/www.paulonogueiraterapias.com\/es\/wp-json\/wp\/v2\/pages"}],"about":[{"href":"https:\/\/www.paulonogueiraterapias.com\/es\/wp-json\/wp\/v2\/types\/page"}],"author":[{"embeddable":true,"href":"https:\/\/www.paulonogueiraterapias.com\/es\/wp-json\/wp\/v2\/users\/1"}],"replies":[{"embeddable":true,"href":"https:\/\/www.paulonogueiraterapias.com\/es\/wp-json\/wp\/v2\/comments?post=14971"}],"version-history":[{"count":0,"href":"https:\/\/www.paulonogueiraterapias.com\/es\/wp-json\/wp\/v2\/pages\/14971\/revisions"}],"wp:attachment":[{"href":"https:\/\/www.paulonogueiraterapias.com\/es\/wp-json\/wp\/v2\/media?parent=14971"}],"curies":[{"name":"wp","href":"https:\/\/api.w.org\/{rel}","templated":true}]}}