{"id":14944,"date":"2018-03-22T11:36:22","date_gmt":"2018-03-22T11:36:22","guid":{"rendered":"https:\/\/www.paulonogueiraterapias.com\/bono-que-ofrece-un-curso-de-reiki-tradicional-de-nivel-i\/"},"modified":"2018-03-22T11:36:22","modified_gmt":"2018-03-22T11:36:22","slug":"bono-que-ofrece-un-curso-de-reiki-tradicional-de-nivel-i","status":"publish","type":"page","link":"https:\/\/www.paulonogueiraterapias.com\/es\/bono-que-ofrece-un-curso-de-reiki-tradicional-de-nivel-i\/","title":{"rendered":"Bono que ofrece un curso de Reiki tradicional de nivel I"},"content":{"rendered":"<div style=\"text-align: justify; font-size: 10pt;\">\n<p>Ofrezca a un amigo la oportunidad de ser feliz.<\/p>\n<p>El Curso de Reiki Tradicional Nivel I se convertir\u00e1 en un hito en tu transformaci\u00f3n personal, d\u00e1ndote la capacidad de cuidar de ti mismo de forma aut\u00f3noma, mediante el uso de la Energ\u00eda Universal que impregna todo lo que existe, asegurando as\u00ed un desarrollo m\u00e1s armonioso de tu Ser f\u00edsico, emocional, mental y espiritual.<\/p>\n<figure id=\"attachment_11664\" aria-describedby=\"caption-attachment-11664\" style=\"width: 794px\" class=\"wp-caption aligncenter\"><a href=\"https:\/\/www.paulonogueiraterapias.com\/wp-content\/uploads\/2018\/03\/Voucher-Oferta-Curso-de-Reiki-Tradicional-N%C3%ADvel-I.png\"><img loading=\"lazy\" decoding=\"async\" class=\"size-full wp-image-2005\" src=\"https:\/\/www.paulonogueiraterapias.com\/wp-content\/uploads\/2018\/03\/Voucher-Oferta-Curso-de-Reiki-Tradicional-N%C3%ADvel-I.png\" alt=\"Bono Oferta Curso de Reiki Tradicional Nivel I\" width=\"794\" height=\"1123\"><\/a><figcaption id=\"caption-attachment-11664\" class=\"wp-caption-text\">Bono Oferta Curso de Reiki Tradicional Nivel I<\/figcaption><\/figure>\n<\/div>\n","protected":false},"excerpt":{"rendered":"<p>Ofrezca a un amigo la oportunidad de ser feliz. El Curso de Reiki Tradicional Nivel I se convertir\u00e1 en un hito en tu transformaci\u00f3n personal, d\u00e1ndote la capacidad de cuidar [&hellip;]<\/p>\n","protected":false},"author":1,"featured_media":0,"parent":0,"menu_order":0,"comment_status":"closed","ping_status":"closed","template":"","meta":{"om_disable_all_campaigns":false,"_mi_skip_tracking":false,"site-sidebar-layout":"default","site-content-layout":"","ast-site-content-layout":"default","site-content-style":"default","site-sidebar-style":"default","ast-global-header-display":"","ast-banner-title-visibility":"","ast-main-header-display":"","ast-hfb-above-header-display":"","ast-hfb-below-header-display":"","ast-hfb-mobile-header-display":"","site-post-title":"","ast-breadcrumbs-content":"","ast-featured-img":"","footer-sml-layout":"","ast-disable-related-posts":"","theme-transparent-header-meta":"","adv-header-id-meta":"","stick-header-meta":"","header-above-stick-meta":"","header-main-stick-meta":"","header-below-stick-meta":"","astra-migrate-meta-layouts":"default","ast-page-background-enabled":"default","ast-page-background-meta":{"desktop":{"background-color":"var(--ast-global-color-5)","background-image":"","background-repeat":"repeat","background-position":"center center","background-size":"auto","background-attachment":"scroll","background-type":"","background-media":"","overlay-type":"","overlay-color":"","overlay-opacity":"","overlay-gradient":""},"tablet":{"background-color":"","background-image":"","background-repeat":"repeat","background-position":"center center","background-size":"auto","background-attachment":"scroll","background-type":"","background-media":"","overlay-type":"","overlay-color":"","overlay-opacity":"","overlay-gradient":""},"mobile":{"background-color":"","background-image":"","background-repeat":"repeat","background-position":"center center","background-size":"auto","background-attachment":"scroll","background-type":"","background-media":"","overlay-type":"","overlay-color":"","overlay-opacity":"","overlay-gradient":""}},"ast-content-background-meta":{"desktop":{"background-color":"var(--ast-global-color-4)","background-image":"","background-repeat":"repeat","background-position":"center center","background-size":"auto","background-attachment":"scroll","background-type":"","background-media":"","overlay-type":"","overlay-color":"","overlay-opacity":"","overlay-gradient":""},"tablet":{"background-color":"var(--ast-global-color-4)","background-image":"","background-repeat":"repeat","background-position":"center center","background-size":"auto","background-attachment":"scroll","background-type":"","background-media":"","overlay-type":"","overlay-color":"","overlay-opacity":"","overlay-gradient":""},"mobile":{"background-color":"var(--ast-global-color-4)","background-image":"","background-repeat":"repeat","background-position":"center center","background-size":"auto","background-attachment":"scroll","background-type":"","background-media":"","overlay-type":"","overlay-color":"","overlay-opacity":"","overlay-gradient":""}},"footnotes":""},"class_list":["post-14944","page","type-page","status-publish","hentry"],"aioseo_notices":[],"_links":{"self":[{"href":"https:\/\/www.paulonogueiraterapias.com\/es\/wp-json\/wp\/v2\/pages\/14944","targetHints":{"allow":["GET"]}}],"collection":[{"href":"https:\/\/www.paulonogueiraterapias.com\/es\/wp-json\/wp\/v2\/pages"}],"about":[{"href":"https:\/\/www.paulonogueiraterapias.com\/es\/wp-json\/wp\/v2\/types\/page"}],"author":[{"embeddable":true,"href":"https:\/\/www.paulonogueiraterapias.com\/es\/wp-json\/wp\/v2\/users\/1"}],"replies":[{"embeddable":true,"href":"https:\/\/www.paulonogueiraterapias.com\/es\/wp-json\/wp\/v2\/comments?post=14944"}],"version-history":[{"count":0,"href":"https:\/\/www.paulonogueiraterapias.com\/es\/wp-json\/wp\/v2\/pages\/14944\/revisions"}],"wp:attachment":[{"href":"https:\/\/www.paulonogueiraterapias.com\/es\/wp-json\/wp\/v2\/media?parent=14944"}],"curies":[{"name":"wp","href":"https:\/\/api.w.org\/{rel}","templated":true}]}}