{"id":14938,"date":"2017-12-08T12:30:16","date_gmt":"2017-12-08T12:30:16","guid":{"rendered":"https:\/\/www.paulonogueiraterapias.com\/bono-que-ofrece-un-curso-de-terapia-multidimensional\/"},"modified":"2017-12-08T12:30:16","modified_gmt":"2017-12-08T12:30:16","slug":"bono-que-ofrece-un-curso-de-terapia-multidimensional","status":"publish","type":"page","link":"https:\/\/www.paulonogueiraterapias.com\/es\/bono-que-ofrece-un-curso-de-terapia-multidimensional\/","title":{"rendered":"Bono que ofrece un curso de terapia multidimensional"},"content":{"rendered":"<div style=\"font-size: 10pt; text-align: justify;\">\n<p>\u00a1Ofrece un curso de Terapia Multidimensional a un amigo y ay\u00fadale a alcanzar sus sue\u00f1os con los Seres de Luz y la Terapia Multidimensional!<\/p>\n<p>S\u00f3lo tiene que ponerse en contacto con nosotros y le enviaremos por correo electr\u00f3nico un vale de regalo que su amigo deber\u00e1 imprimir y presentar el d\u00eda del curso.<\/p>\n<p>Con este bono, estar\u00e1s ofreciendo a tu amigo una importante oportunidad de evoluci\u00f3n espiritual a trav\u00e9s de la participaci\u00f3n en un curso que le convertir\u00e1 en un terapeuta multidimensional y le permitir\u00e1 realizar sesiones de terapia tanto sobre s\u00ed mismo como sobre otras personas. El curso consiste en un evento marcado por la alegr\u00eda, el buen humor, el conocimiento espiritual profundo y el sentido del humor para que la Espiritualidad se ense\u00f1e de forma profunda pero marcada por valores positivos como la Fe, la Esperanza, el Optimismo y otros.<\/p>\n<p>&nbsp;<\/p>\n<figure id=\"attachment_11620\" aria-describedby=\"caption-attachment-11620\" style=\"width: 576px\" class=\"wp-caption aligncenter\"><a href=\"https:\/\/www.paulonogueiraterapias.com\/wp-content\/uploads\/2017\/12\/Voucher-Oferta-Curso-de-Terapia-Multidimensional-com-Paulo-Nogueira.png\"><img loading=\"lazy\" decoding=\"async\" class=\"size-full wp-image-11620\" src=\"https:\/\/www.paulonogueiraterapias.com\/wp-content\/uploads\/2017\/12\/Voucher-Oferta-Curso-de-Terapia-Multidimensional-com-Paulo-Nogueira.png\" alt=\"Bono que ofrece el Curso de Terapia Multidimensional con Paulo Nogueira\" width=\"576\" height=\"384\" srcset=\"https:\/\/www.paulonogueiraterapias.com\/wp-content\/uploads\/2017\/12\/Voucher-Oferta-Curso-de-Terapia-Multidimensional-com-Paulo-Nogueira.png 576w, https:\/\/www.paulonogueiraterapias.com\/wp-content\/uploads\/2017\/12\/Voucher-Oferta-Curso-de-Terapia-Multidimensional-com-Paulo-Nogueira-300x200.png 300w\" sizes=\"auto, (max-width: 576px) 100vw, 576px\" \/><\/a><figcaption id=\"caption-attachment-11620\" class=\"wp-caption-text\">Bono que ofrece el Curso de Terapia Multidimensional con Paulo Nogueira<\/figcaption><\/figure>\n<\/div>\n","protected":false},"excerpt":{"rendered":"<p>\u00a1Ofrece un curso de Terapia Multidimensional a un amigo y ay\u00fadale a alcanzar sus sue\u00f1os con los Seres de Luz y la Terapia Multidimensional! S\u00f3lo tiene que ponerse en contacto [&hellip;]<\/p>\n","protected":false},"author":1,"featured_media":0,"parent":0,"menu_order":0,"comment_status":"closed","ping_status":"closed","template":"","meta":{"om_disable_all_campaigns":false,"_mi_skip_tracking":false,"site-sidebar-layout":"default","site-content-layout":"","ast-site-content-layout":"default","site-content-style":"default","site-sidebar-style":"default","ast-global-header-display":"","ast-banner-title-visibility":"","ast-main-header-display":"","ast-hfb-above-header-display":"","ast-hfb-below-header-display":"","ast-hfb-mobile-header-display":"","site-post-title":"","ast-breadcrumbs-content":"","ast-featured-img":"","footer-sml-layout":"","ast-disable-related-posts":"","theme-transparent-header-meta":"","adv-header-id-meta":"","stick-header-meta":"","header-above-stick-meta":"","header-main-stick-meta":"","header-below-stick-meta":"","astra-migrate-meta-layouts":"default","ast-page-background-enabled":"default","ast-page-background-meta":{"desktop":{"background-color":"var(--ast-global-color-5)","background-image":"","background-repeat":"repeat","background-position":"center center","background-size":"auto","background-attachment":"scroll","background-type":"","background-media":"","overlay-type":"","overlay-color":"","overlay-opacity":"","overlay-gradient":""},"tablet":{"background-color":"","background-image":"","background-repeat":"repeat","background-position":"center center","background-size":"auto","background-attachment":"scroll","background-type":"","background-media":"","overlay-type":"","overlay-color":"","overlay-opacity":"","overlay-gradient":""},"mobile":{"background-color":"","background-image":"","background-repeat":"repeat","background-position":"center center","background-size":"auto","background-attachment":"scroll","background-type":"","background-media":"","overlay-type":"","overlay-color":"","overlay-opacity":"","overlay-gradient":""}},"ast-content-background-meta":{"desktop":{"background-color":"var(--ast-global-color-4)","background-image":"","background-repeat":"repeat","background-position":"center center","background-size":"auto","background-attachment":"scroll","background-type":"","background-media":"","overlay-type":"","overlay-color":"","overlay-opacity":"","overlay-gradient":""},"tablet":{"background-color":"var(--ast-global-color-4)","background-image":"","background-repeat":"repeat","background-position":"center center","background-size":"auto","background-attachment":"scroll","background-type":"","background-media":"","overlay-type":"","overlay-color":"","overlay-opacity":"","overlay-gradient":""},"mobile":{"background-color":"var(--ast-global-color-4)","background-image":"","background-repeat":"repeat","background-position":"center center","background-size":"auto","background-attachment":"scroll","background-type":"","background-media":"","overlay-type":"","overlay-color":"","overlay-opacity":"","overlay-gradient":""}},"footnotes":""},"class_list":["post-14938","page","type-page","status-publish","hentry"],"aioseo_notices":[],"_links":{"self":[{"href":"https:\/\/www.paulonogueiraterapias.com\/es\/wp-json\/wp\/v2\/pages\/14938","targetHints":{"allow":["GET"]}}],"collection":[{"href":"https:\/\/www.paulonogueiraterapias.com\/es\/wp-json\/wp\/v2\/pages"}],"about":[{"href":"https:\/\/www.paulonogueiraterapias.com\/es\/wp-json\/wp\/v2\/types\/page"}],"author":[{"embeddable":true,"href":"https:\/\/www.paulonogueiraterapias.com\/es\/wp-json\/wp\/v2\/users\/1"}],"replies":[{"embeddable":true,"href":"https:\/\/www.paulonogueiraterapias.com\/es\/wp-json\/wp\/v2\/comments?post=14938"}],"version-history":[{"count":0,"href":"https:\/\/www.paulonogueiraterapias.com\/es\/wp-json\/wp\/v2\/pages\/14938\/revisions"}],"wp:attachment":[{"href":"https:\/\/www.paulonogueiraterapias.com\/es\/wp-json\/wp\/v2\/media?parent=14938"}],"curies":[{"name":"wp","href":"https:\/\/api.w.org\/{rel}","templated":true}]}}