{"id":14933,"date":"2018-01-11T18:24:04","date_gmt":"2018-01-11T18:24:04","guid":{"rendered":"https:\/\/www.paulonogueiraterapias.com\/como-sentir-que-la-sesion-de-terapia-multidimensional-ha-terminado\/"},"modified":"2018-01-11T18:24:04","modified_gmt":"2018-01-11T18:24:04","slug":"como-sentir-que-la-sesion-de-terapia-multidimensional-ha-terminado","status":"publish","type":"page","link":"https:\/\/www.paulonogueiraterapias.com\/es\/como-sentir-que-la-sesion-de-terapia-multidimensional-ha-terminado\/","title":{"rendered":"C\u00f3mo sentir que la sesi\u00f3n de Terapia Multidimensional ha terminado"},"content":{"rendered":"<div style=\"font-size: 10pt;\">\n<p style=\"text-align: justify;\">Normalmente, el terapeuta multidimensional se da cuenta del final de una sesi\u00f3n <a href=\"https:\/\/www.paulonogueiraterapias.com\/terapia-multidimensional\/\">de Terapia Multidimensional<\/a> cuando deja de sentir una conexi\u00f3n con los equipos de Seres de Luz que est\u00e1n en ese momento trabajando con el cliente. La sensaci\u00f3n es similar a la de estar con los ojos cerrados en una habitaci\u00f3n con la luz encendida y que alguien apague la luz, es decir, aunque los ojos est\u00e9n f\u00edsicamente cerrados se puede percibir la reducci\u00f3n de la luminosidad ambiental.<\/p>\n<p style=\"text-align: justify;\">Cuando el terapeuta se concentra en el coraz\u00f3n, sintiendo la intensa energ\u00eda de amor de los Seres de Luz, siente una luminosidad especial. Cuando se van, esa luminosidad desaparece.<\/p>\n<p style=\"text-align: justify;\">A veces, no s\u00f3lo el terapeuta multidimensional es consciente del final de la sesi\u00f3n, sino tambi\u00e9n el cliente, que en numerosas sesiones me ha dicho que sinti\u00f3 un enorme destello de luz blanca que se apag\u00f3 por completo al momento siguiente. \u00a1Lo veo como una despedida de los Seres de Luz a lo grande! \ud83d\ude42<\/p>\n<\/div>\n","protected":false},"excerpt":{"rendered":"<p>Normalmente, el terapeuta multidimensional se da cuenta del final de una sesi\u00f3n de Terapia Multidimensional cuando deja de sentir una conexi\u00f3n con los equipos de Seres de Luz que est\u00e1n [&hellip;]<\/p>\n","protected":false},"author":1,"featured_media":0,"parent":0,"menu_order":0,"comment_status":"closed","ping_status":"closed","template":"","meta":{"om_disable_all_campaigns":false,"_mi_skip_tracking":false,"site-sidebar-layout":"default","site-content-layout":"","ast-site-content-layout":"default","site-content-style":"default","site-sidebar-style":"default","ast-global-header-display":"","ast-banner-title-visibility":"","ast-main-header-display":"","ast-hfb-above-header-display":"","ast-hfb-below-header-display":"","ast-hfb-mobile-header-display":"","site-post-title":"","ast-breadcrumbs-content":"","ast-featured-img":"","footer-sml-layout":"","ast-disable-related-posts":"","theme-transparent-header-meta":"","adv-header-id-meta":"","stick-header-meta":"","header-above-stick-meta":"","header-main-stick-meta":"","header-below-stick-meta":"","astra-migrate-meta-layouts":"default","ast-page-background-enabled":"default","ast-page-background-meta":{"desktop":{"background-color":"var(--ast-global-color-5)","background-image":"","background-repeat":"repeat","background-position":"center center","background-size":"auto","background-attachment":"scroll","background-type":"","background-media":"","overlay-type":"","overlay-color":"","overlay-opacity":"","overlay-gradient":""},"tablet":{"background-color":"","background-image":"","background-repeat":"repeat","background-position":"center center","background-size":"auto","background-attachment":"scroll","background-type":"","background-media":"","overlay-type":"","overlay-color":"","overlay-opacity":"","overlay-gradient":""},"mobile":{"background-color":"","background-image":"","background-repeat":"repeat","background-position":"center center","background-size":"auto","background-attachment":"scroll","background-type":"","background-media":"","overlay-type":"","overlay-color":"","overlay-opacity":"","overlay-gradient":""}},"ast-content-background-meta":{"desktop":{"background-color":"var(--ast-global-color-4)","background-image":"","background-repeat":"repeat","background-position":"center center","background-size":"auto","background-attachment":"scroll","background-type":"","background-media":"","overlay-type":"","overlay-color":"","overlay-opacity":"","overlay-gradient":""},"tablet":{"background-color":"var(--ast-global-color-4)","background-image":"","background-repeat":"repeat","background-position":"center center","background-size":"auto","background-attachment":"scroll","background-type":"","background-media":"","overlay-type":"","overlay-color":"","overlay-opacity":"","overlay-gradient":""},"mobile":{"background-color":"var(--ast-global-color-4)","background-image":"","background-repeat":"repeat","background-position":"center center","background-size":"auto","background-attachment":"scroll","background-type":"","background-media":"","overlay-type":"","overlay-color":"","overlay-opacity":"","overlay-gradient":""}},"footnotes":""},"class_list":["post-14933","page","type-page","status-publish","hentry"],"aioseo_notices":[],"_links":{"self":[{"href":"https:\/\/www.paulonogueiraterapias.com\/es\/wp-json\/wp\/v2\/pages\/14933","targetHints":{"allow":["GET"]}}],"collection":[{"href":"https:\/\/www.paulonogueiraterapias.com\/es\/wp-json\/wp\/v2\/pages"}],"about":[{"href":"https:\/\/www.paulonogueiraterapias.com\/es\/wp-json\/wp\/v2\/types\/page"}],"author":[{"embeddable":true,"href":"https:\/\/www.paulonogueiraterapias.com\/es\/wp-json\/wp\/v2\/users\/1"}],"replies":[{"embeddable":true,"href":"https:\/\/www.paulonogueiraterapias.com\/es\/wp-json\/wp\/v2\/comments?post=14933"}],"version-history":[{"count":0,"href":"https:\/\/www.paulonogueiraterapias.com\/es\/wp-json\/wp\/v2\/pages\/14933\/revisions"}],"wp:attachment":[{"href":"https:\/\/www.paulonogueiraterapias.com\/es\/wp-json\/wp\/v2\/media?parent=14933"}],"curies":[{"name":"wp","href":"https:\/\/api.w.org\/{rel}","templated":true}]}}