{"id":14918,"date":"2018-09-24T21:54:07","date_gmt":"2018-09-24T21:54:07","guid":{"rendered":"https:\/\/www.paulonogueiraterapias.com\/mision\/"},"modified":"2018-09-24T21:54:07","modified_gmt":"2018-09-24T21:54:07","slug":"mision","status":"publish","type":"page","link":"https:\/\/www.paulonogueiraterapias.com\/es\/mision\/","title":{"rendered":"Misi\u00f3n"},"content":{"rendered":"<div style=\"font-size: 10pt; text-align: justify;\">\n<p>Paulo Nogueira Terapias es un nombre que quedar\u00e1 en su mente como un proyecto de ascensi\u00f3n y evoluci\u00f3n espiritual del ser humano cuando se ponga en contacto con nosotros. El proyecto Paulo Nogueira Terapias te ayuda a despertar a trav\u00e9s de diferentes terapias y cursos que ponemos a tu disposici\u00f3n para dar lema al lema &#8220;\u00bfListo para conocerte a ti mismo? Este proyecto, del terapeuta Paulo Nogueira, pretende despertar la memoria ancestral de tu Alma y catalizar la conciencia que tienes de ti mismo para que busques intuitivamente obtener tu herencia divina dentro de tu propio ADN espiritual. Paulo Nogueira Terapias llegan en el momento justo para ayudar a las almas de la Tierra a reconocer el surgimiento de la edad de oro que se avecina.<\/p>\n<p>El proyecto de Paulo Nogueira Terapias ha formado una comunidad global de Trabajadores de la Luz que est\u00e1n difundiendo la palabra de Fe y Esperanza. de autoconocimiento, del Ser Divino que habita en cada uno de nosotros para que cada uno sea cada vez m\u00e1s due\u00f1o de s\u00ed mismo, en estrecha uni\u00f3n con el cumplimiento y respeto de las Leyes Espirituales que rigen toda co-creaci\u00f3n, activando toda una multitud de corazones y mentes que tienen ojos para  para<em>ver<\/em> y o\u00eddos para <em>o\u00edr<\/em>.<\/p>\n<p>El espacio de Paulo Nogueira Terapias te proporciona las herramientas para aprender a nutrir y preparar tu coraz\u00f3n para compartir con los dem\u00e1s las ilimitadas profundidades de tu naturaleza divina y establecer una perfecta conexi\u00f3n con tu Dios interior. Paulo Nogueira te ayuda a reconocer las cualidades divinas de tu verdadero Ser, a recordar qui\u00e9n eres realmente y a recordar el conocimiento que siempre ha estado dentro de ti. Con el poder soberano de tu libre albedr\u00edo podr\u00e1s activar tu genoma divino y despertar c\u00f3digos largamente dormidos en tu ADN.<\/p>\n<p>El terapeuta Paulo Nogueira le ayudar\u00e1 a reflexionar sobre s\u00ed mismo, mientras que los maestros ascendidos le dar\u00e1n la posibilidad de experimentar varias iniciaciones que acelerar\u00e1n su despertar espiritual m\u00e1s all\u00e1 de la l\u00f3gica y el esfuerzo humano, simplemente centr\u00e1ndose en su divinidad. Por mucho que en este momento no lo entiendas, utilizando herramientas como la Terapia Multidimensional o el Curso de Sanaci\u00f3n de la Ascensi\u00f3n, puedes despertar recuerdos de vidas pasadas y paralelas que llevan mucho tiempo esperando a ser presenciadas por ti.<\/p>\n<p>Numerosas corrientes espiritualistas pueden ahora integrarse en un todo l\u00f3gico e inteligible con el objetivo de acercarte a la ascensi\u00f3n a la conciencia de quinta dimensi\u00f3n. Utilizando el tao\u00edsmo, el chamanismo, el sufismo, el espiritismo, la umbanda, el cristianismo gn\u00f3stico, el cabalismo, entre otras corrientes filos\u00f3ficas y espirituales, el proyecto de Paulo Nogueira Terapias acoge a todos los buscadores de la Verdad que desean encontrar el verdadero sentido de sus vidas m\u00e1s all\u00e1 de sus objetivos mundanos y a corto plazo.<\/p>\n<p>Para ti que has le\u00eddo este texto escrito por el terapeuta Paulo Nogueira, \u00bfte sientes ahora capaz de abrazar tu verdadera naturaleza divina? \u00bfSe siente finalmente capaz de renunciar a los votos y promesas hechas en sus vidas pasadas, algunas de las cuales estaban vinculadas a diversas religiones y grupos espiritistas que le impon\u00edan el secreto para &#8220;protegerlas&#8221;? Dios no necesita ser protegido. El amor no necesita protecci\u00f3n. S\u00f3lo le basta su propia naturaleza. El que necesita ser defendido es el ego del que cree saber lo que es el amor. Aunque las vidas de los distintos maestros que tuvieron lugar aqu\u00ed en la tierra influyeron en grupos de millones de seguidores de forma particular, creando una cultura propia, los valores que siempre profesaron siguen siendo comunes entre s\u00ed, m\u00e1s all\u00e1 de la vestimenta que utilizaron como puente para llegar a las masas.<\/p>\n<p>El proyecto de Paulo Nogueira Terapias le ayuda a encontrar su camino de maestr\u00eda en su vida cotidiana, manteniendo una conciencia elevada en relaci\u00f3n con todos los acontecimientos que impregnan su existencia, abraz\u00e1ndolos con el deseo de experimentar lo nuevo en cada lugar, en cada rostro y en cada momento.<\/p>\n<p>Con Paulo Nogueira tomar\u00e1s conciencia de los compromisos asumidos por los maestros ascendidos al conducirte por el camino, siempre con tu permiso, con el poder soberano de tu libre albedr\u00edo, para empoderarte hasta el nivel en el que te des cuenta de que puedes hacer milagros contigo mismo, desde la realizaci\u00f3n de Quien eres. Con la Sanaci\u00f3n de la Ascensi\u00f3n, puedes experimentar la eliminaci\u00f3n de las resistencias inconscientes de tu ego, siempre temeroso de lo desconocido, para finalmente apreciar la naturaleza no dual de los fen\u00f3menos en la conciencia de Unidad. Eso es lo que significa la verdadera ascensi\u00f3n.<\/p>\n<p>Progresivamente, con la ayuda del proyecto de Paulo Nogueira Terapias, empezar\u00e1s a notar que tus decisiones se alinean cada vez m\u00e1s con la voluntad de tu Ser Superior, para sentir m\u00e1s amor incondicional por ti mismo. Varias cualidades divinas pueden ser encarnadas por ti al reconocerte como parte de la soluci\u00f3n m\u00e1s all\u00e1 de reconocerte como parte del problema. Cualidades divinas como la creatividad del genio, la omnisciencia, la inocencia, la pureza, la gracia, el amor divino incondicional, la soberan\u00eda de su poder personal son s\u00f3lo algunos de sus infinitos e innumerables atributos. Como t\u00fa, querido lector, fuiste creado igual a todas las dem\u00e1s almas, tienes sin embargo una identidad \u00fanica en todo el multiverso. Es precisamente esta identidad \u00fanica que te diferencia de todas las dem\u00e1s almas la que el proyecto de Paulo Nogueira Terapias pretende estimular en ti para que revises con cari\u00f1o y pasi\u00f3n todas tus contribuciones a la gran familia humana de la Tierra.<\/p>\n<p>Dentro de ti, puedes visualizar con tu percepci\u00f3n interna, el cuerpo de luz que rodea tus cromosomas cristalinos que contienen los genes de tu divinidad esperando ser despertados por ti. Estos cromosomas cristalinos llevan consigo la capacidad de tu alma para expresar y encarnar tu divinidad autorrealizada en forma humana.<\/p>\n<p>Seg\u00fan la Ley del Libre Albedr\u00edo, el genoma divino de tu alma permanece en estado latente hasta que decides consciente y deliberadamente dar la orden para su activaci\u00f3n.<\/p>\n<p>Eso es lo que significa nuestro lema: &#8220;\u00bfListo para conocerte a ti mismo?&#8221;.<\/p>\n<\/div>\n","protected":false},"excerpt":{"rendered":"<p>Paulo Nogueira Terapias es un nombre que quedar\u00e1 en su mente como un proyecto de ascensi\u00f3n y evoluci\u00f3n espiritual del ser humano cuando se ponga en contacto con nosotros. El [&hellip;]<\/p>\n","protected":false},"author":1,"featured_media":0,"parent":0,"menu_order":0,"comment_status":"closed","ping_status":"closed","template":"","meta":{"om_disable_all_campaigns":false,"_mi_skip_tracking":false,"site-sidebar-layout":"default","site-content-layout":"","ast-site-content-layout":"default","site-content-style":"default","site-sidebar-style":"default","ast-global-header-display":"","ast-banner-title-visibility":"","ast-main-header-display":"","ast-hfb-above-header-display":"","ast-hfb-below-header-display":"","ast-hfb-mobile-header-display":"","site-post-title":"","ast-breadcrumbs-content":"","ast-featured-img":"","footer-sml-layout":"","ast-disable-related-posts":"","theme-transparent-header-meta":"","adv-header-id-meta":"","stick-header-meta":"","header-above-stick-meta":"","header-main-stick-meta":"","header-below-stick-meta":"","astra-migrate-meta-layouts":"default","ast-page-background-enabled":"default","ast-page-background-meta":{"desktop":{"background-color":"var(--ast-global-color-5)","background-image":"","background-repeat":"repeat","background-position":"center center","background-size":"auto","background-attachment":"scroll","background-type":"","background-media":"","overlay-type":"","overlay-color":"","overlay-opacity":"","overlay-gradient":""},"tablet":{"background-color":"","background-image":"","background-repeat":"repeat","background-position":"center center","background-size":"auto","background-attachment":"scroll","background-type":"","background-media":"","overlay-type":"","overlay-color":"","overlay-opacity":"","overlay-gradient":""},"mobile":{"background-color":"","background-image":"","background-repeat":"repeat","background-position":"center center","background-size":"auto","background-attachment":"scroll","background-type":"","background-media":"","overlay-type":"","overlay-color":"","overlay-opacity":"","overlay-gradient":""}},"ast-content-background-meta":{"desktop":{"background-color":"var(--ast-global-color-4)","background-image":"","background-repeat":"repeat","background-position":"center center","background-size":"auto","background-attachment":"scroll","background-type":"","background-media":"","overlay-type":"","overlay-color":"","overlay-opacity":"","overlay-gradient":""},"tablet":{"background-color":"var(--ast-global-color-4)","background-image":"","background-repeat":"repeat","background-position":"center center","background-size":"auto","background-attachment":"scroll","background-type":"","background-media":"","overlay-type":"","overlay-color":"","overlay-opacity":"","overlay-gradient":""},"mobile":{"background-color":"var(--ast-global-color-4)","background-image":"","background-repeat":"repeat","background-position":"center center","background-size":"auto","background-attachment":"scroll","background-type":"","background-media":"","overlay-type":"","overlay-color":"","overlay-opacity":"","overlay-gradient":""}},"footnotes":""},"class_list":["post-14918","page","type-page","status-publish","hentry"],"aioseo_notices":[],"_links":{"self":[{"href":"https:\/\/www.paulonogueiraterapias.com\/es\/wp-json\/wp\/v2\/pages\/14918","targetHints":{"allow":["GET"]}}],"collection":[{"href":"https:\/\/www.paulonogueiraterapias.com\/es\/wp-json\/wp\/v2\/pages"}],"about":[{"href":"https:\/\/www.paulonogueiraterapias.com\/es\/wp-json\/wp\/v2\/types\/page"}],"author":[{"embeddable":true,"href":"https:\/\/www.paulonogueiraterapias.com\/es\/wp-json\/wp\/v2\/users\/1"}],"replies":[{"embeddable":true,"href":"https:\/\/www.paulonogueiraterapias.com\/es\/wp-json\/wp\/v2\/comments?post=14918"}],"version-history":[{"count":0,"href":"https:\/\/www.paulonogueiraterapias.com\/es\/wp-json\/wp\/v2\/pages\/14918\/revisions"}],"wp:attachment":[{"href":"https:\/\/www.paulonogueiraterapias.com\/es\/wp-json\/wp\/v2\/media?parent=14918"}],"curies":[{"name":"wp","href":"https:\/\/api.w.org\/{rel}","templated":true}]}}