{"id":14917,"date":"2018-12-17T20:07:47","date_gmt":"2018-12-17T20:07:47","guid":{"rendered":"https:\/\/www.paulonogueiraterapias.com\/restablecimiento-emocional\/"},"modified":"2018-12-17T20:07:47","modified_gmt":"2018-12-17T20:07:47","slug":"restablecimiento-emocional","status":"publish","type":"page","link":"https:\/\/www.paulonogueiraterapias.com\/es\/restablecimiento-emocional\/","title":{"rendered":"Restablecimiento emocional"},"content":{"rendered":"<div style=\"text-align: justify; font-size: 10pt;\">\n<p>El Reset Emocional es una terapia que permite al cliente liberarse de varios patrones de pensamiento negativos que est\u00e1n arraigados en creencias limitantes a nivel subconsciente.<\/p>\n<p>Esta t\u00e9cnica le permite, con la ayuda de un equipo electromagn\u00e9tico muy sofisticado, activar sus c\u00e9lulas, haci\u00e9ndolas m\u00e1s receptivas a la reprogramaci\u00f3n con creencias que le ayudar\u00e1n a recuperar el control consciente de sus pensamientos y emociones.<\/p>\n<figure id=\"attachment_11824\" aria-describedby=\"caption-attachment-11824\" style=\"width: 625px\" class=\"wp-caption aligncenter\"><a href=\"https:\/\/www.paulonogueiraterapias.com\/wp-content\/uploads\/2018\/12\/Terapia-Reset-Emocional-1024x791.png\"><img loading=\"lazy\" decoding=\"async\" class=\"size-large wp-image-11824\" src=\"https:\/\/www.paulonogueiraterapias.com\/wp-content\/uploads\/2018\/12\/Terapia-Reset-Emocional-1024x791.png\" alt=\"Consultas de reajuste emocional\" width=\"625\" height=\"483\" srcset=\"https:\/\/www.paulonogueiraterapias.com\/wp-content\/uploads\/2018\/12\/Terapia-Reset-Emocional-1024x791.png 1024w, https:\/\/www.paulonogueiraterapias.com\/wp-content\/uploads\/2018\/12\/Terapia-Reset-Emocional-600x464.png 600w, https:\/\/www.paulonogueiraterapias.com\/wp-content\/uploads\/2018\/12\/Terapia-Reset-Emocional-300x232.png 300w, https:\/\/www.paulonogueiraterapias.com\/wp-content\/uploads\/2018\/12\/Terapia-Reset-Emocional-768x593.png 768w, https:\/\/www.paulonogueiraterapias.com\/wp-content\/uploads\/2018\/12\/Terapia-Reset-Emocional-624x482.png 624w, https:\/\/www.paulonogueiraterapias.com\/wp-content\/uploads\/2018\/12\/Terapia-Reset-Emocional.png 1056w\" sizes=\"auto, (max-width: 625px) 100vw, 625px\" \/><\/a><figcaption id=\"caption-attachment-11824\" class=\"wp-caption-text\">Consultas de reajuste emocional<\/figcaption><\/figure>\n<p>Est\u00e1 especialmente indicado para las personas que atraviesan un periodo de experiencias emocionalmente agotadoras y necesitan recuperar el equilibrio emocional. Ejemplos de este tipo de experiencias pueden ser la sensaci\u00f3n de haber sufrido una traici\u00f3n, la p\u00e9rdida de un ser querido, la p\u00e9rdida de un trabajo, una noticia que te haya sacudido o cualquier otro hecho que haya provocado una falta de fe en tus propias capacidades, en tu capacidad de recuperaci\u00f3n, en tu amor propio o que te haya hecho sentir que tu vida ya no tiene sentido o, al menos, significativamente menos sentido desde el momento en que se produjo el suceso.<\/p>\n<p>Este enfoque terap\u00e9utico permite profundizar en el autoconocimiento del cliente y requiere un compromiso de toma de conciencia de sus patrones de culpa, miedos y frustraciones que ser\u00e1n trabajados, sesi\u00f3n tras sesi\u00f3n, con el terapeuta.<\/p>\n<p>Terapeuta: Paulo Nogueira<br \/>\nValor de la 1\u00aa sesi\u00f3n: 30 euros<br \/>\nDuraci\u00f3n de la 1\u00aa sesi\u00f3n: 1h30<br \/>\nCoste de las sesiones posteriores: 20<br \/>\nDuraci\u00f3n de las siguientes sesiones: 1h<\/p>\n<h3>Programar una sesi\u00f3n de restablecimiento emocional<\/h3>\n<p>[cforms name=&#8221;Marcar sess\u00e3o de Reset Emocional&#8221;]<\/p>\n<\/div>\n","protected":false},"excerpt":{"rendered":"<p>El Reset Emocional es una terapia que permite al cliente liberarse de varios patrones de pensamiento negativos que est\u00e1n arraigados en creencias limitantes a nivel subconsciente. Esta t\u00e9cnica le permite, [&hellip;]<\/p>\n","protected":false},"author":1,"featured_media":0,"parent":0,"menu_order":0,"comment_status":"closed","ping_status":"closed","template":"","meta":{"om_disable_all_campaigns":false,"_mi_skip_tracking":false,"site-sidebar-layout":"default","site-content-layout":"","ast-site-content-layout":"default","site-content-style":"default","site-sidebar-style":"default","ast-global-header-display":"","ast-banner-title-visibility":"","ast-main-header-display":"","ast-hfb-above-header-display":"","ast-hfb-below-header-display":"","ast-hfb-mobile-header-display":"","site-post-title":"","ast-breadcrumbs-content":"","ast-featured-img":"","footer-sml-layout":"","ast-disable-related-posts":"","theme-transparent-header-meta":"","adv-header-id-meta":"","stick-header-meta":"","header-above-stick-meta":"","header-main-stick-meta":"","header-below-stick-meta":"","astra-migrate-meta-layouts":"default","ast-page-background-enabled":"default","ast-page-background-meta":{"desktop":{"background-color":"var(--ast-global-color-5)","background-image":"","background-repeat":"repeat","background-position":"center center","background-size":"auto","background-attachment":"scroll","background-type":"","background-media":"","overlay-type":"","overlay-color":"","overlay-opacity":"","overlay-gradient":""},"tablet":{"background-color":"","background-image":"","background-repeat":"repeat","background-position":"center center","background-size":"auto","background-attachment":"scroll","background-type":"","background-media":"","overlay-type":"","overlay-color":"","overlay-opacity":"","overlay-gradient":""},"mobile":{"background-color":"","background-image":"","background-repeat":"repeat","background-position":"center center","background-size":"auto","background-attachment":"scroll","background-type":"","background-media":"","overlay-type":"","overlay-color":"","overlay-opacity":"","overlay-gradient":""}},"ast-content-background-meta":{"desktop":{"background-color":"var(--ast-global-color-4)","background-image":"","background-repeat":"repeat","background-position":"center center","background-size":"auto","background-attachment":"scroll","background-type":"","background-media":"","overlay-type":"","overlay-color":"","overlay-opacity":"","overlay-gradient":""},"tablet":{"background-color":"var(--ast-global-color-4)","background-image":"","background-repeat":"repeat","background-position":"center center","background-size":"auto","background-attachment":"scroll","background-type":"","background-media":"","overlay-type":"","overlay-color":"","overlay-opacity":"","overlay-gradient":""},"mobile":{"background-color":"var(--ast-global-color-4)","background-image":"","background-repeat":"repeat","background-position":"center center","background-size":"auto","background-attachment":"scroll","background-type":"","background-media":"","overlay-type":"","overlay-color":"","overlay-opacity":"","overlay-gradient":""}},"footnotes":""},"class_list":["post-14917","page","type-page","status-publish","hentry"],"aioseo_notices":[],"_links":{"self":[{"href":"https:\/\/www.paulonogueiraterapias.com\/es\/wp-json\/wp\/v2\/pages\/14917","targetHints":{"allow":["GET"]}}],"collection":[{"href":"https:\/\/www.paulonogueiraterapias.com\/es\/wp-json\/wp\/v2\/pages"}],"about":[{"href":"https:\/\/www.paulonogueiraterapias.com\/es\/wp-json\/wp\/v2\/types\/page"}],"author":[{"embeddable":true,"href":"https:\/\/www.paulonogueiraterapias.com\/es\/wp-json\/wp\/v2\/users\/1"}],"replies":[{"embeddable":true,"href":"https:\/\/www.paulonogueiraterapias.com\/es\/wp-json\/wp\/v2\/comments?post=14917"}],"version-history":[{"count":0,"href":"https:\/\/www.paulonogueiraterapias.com\/es\/wp-json\/wp\/v2\/pages\/14917\/revisions"}],"wp:attachment":[{"href":"https:\/\/www.paulonogueiraterapias.com\/es\/wp-json\/wp\/v2\/media?parent=14917"}],"curies":[{"name":"wp","href":"https:\/\/api.w.org\/{rel}","templated":true}]}}