{"id":14916,"date":"2018-10-12T14:58:09","date_gmt":"2018-10-12T14:58:09","guid":{"rendered":"https:\/\/www.paulonogueiraterapias.com\/diario-de-suenos-experiencia-con-lucidesc\/"},"modified":"2018-10-12T14:58:09","modified_gmt":"2018-10-12T14:58:09","slug":"diario-de-suenos-experiencia-con-lucidesc","status":"publish","type":"page","link":"https:\/\/www.paulonogueiraterapias.com\/es\/diario-de-suenos-experiencia-con-lucidesc\/","title":{"rendered":"Diario de sue\u00f1os &#8211; Experiencia con LucidEsc"},"content":{"rendered":"<p>LucidEsc contiene 5 ingredientes: Huperzina A, Alfa GPC, bitartrato de colina, ra\u00edz de jengibre y cardamomo.<\/p>\n<p><strong>Huperzina A<\/strong> &#8211; alcaloide que inhibe la acetilcolinesterasa que es la enzima responsable de la hidr\u00f3lisis (destrucci\u00f3n) del neurotransmisor acetilcolina. As\u00ed, con el uso de este alcaloide, la concentraci\u00f3n de acetilcolina aumenta. Este alcaloide se ha utilizado en el tratamiento del Alzheimer y otros problemas de memoria relacionados con la edad.<\/p>\n<h3>D\u00eda 1 &#8211; 11 de octubre<\/h3>\n<p>Tom\u00e9 una c\u00e1psula de LucidEsc sobre las 23:30 y otra sobre las 04:30. Los sue\u00f1os de esa noche no fueron l\u00facidos pero s\u00ed m\u00e1s largos de lo habitual, posiblemente debido a la acci\u00f3n de la Huperzina A. Los sue\u00f1os eran menos et\u00e9reos y parec\u00edan pensamientos traducidos por im\u00e1genes, pero como una secuencia que constitu\u00eda una narraci\u00f3n. Sent\u00ed una fuerte persistencia de las im\u00e1genes como si los pensamientos fueran m\u00e1s conscientes y deliberados y no s\u00f3lo pensamientos que se desvanecen como el humo poco despu\u00e9s.<\/p>\n<p>Ese primer d\u00eda, cen\u00e9 alrededor de las 10 de la noche. Aunque se recomienda tomar LucidEsc con el est\u00f3mago vac\u00edo, decid\u00ed ignorar esta recomendaci\u00f3n. Durante el d\u00eda, despu\u00e9s de despertarme sent\u00ed profundas n\u00e1useas. S\u00f3lo mejor\u00e9 despu\u00e9s de dos d\u00edas. De hecho, los ingredientes de LucidEsc s\u00f3lo abandonan completamente el cuerpo despu\u00e9s de 48 horas.<\/p>\n<h3>D\u00eda 2 &#8211; 12 de octubre de 2018<\/h3>\n<p>No tom\u00e9 una c\u00e1psula de LucidEsc porque las sustancias de la c\u00e1psula segu\u00edan actuando en mi cuerpo. Los sue\u00f1os eran extensos y complejos. So\u00f1\u00e9 que estaba integrado en un grupo de humanos muy fuertes f\u00edsicamente y que ten\u00eda que defenderme de una invasi\u00f3n de varios grupos de extraterrestres. Hab\u00eda algunos grupos que eran de una raza amiga de nuestra raza humana y hab\u00eda otros que eran enemigos. Sus apariciones eran bastante extra\u00f1as. Sent\u00ed que ten\u00eda que tener acceso a ametralladoras potentes y pesadas que fueran capaces de volar un edificio a larga distancia o un coche. Sent\u00ed miedo y emoci\u00f3n al mismo tiempo, dado que estaba en un escenario de guerra, todo sucio de tierra y con uniforme militar. En el sue\u00f1o, la visibilidad era la t\u00edpica de las 6 de la ma\u00f1ana, cuando el sol a\u00fan no ha salido, pero ya se puede detectar la luz del amanecer. Sent\u00ed que nuestro pelot\u00f3n era m\u00e1s d\u00e9bil que otro que pertenec\u00eda a nuestro bando y, por lo tanto, hab\u00eda que protegerlo. En un momento dado me di cuenta de que tambi\u00e9n hab\u00eda una mujer de unos 24 a\u00f1os que me llam\u00f3 la atenci\u00f3n por su sencillez emocional y mental. Sent\u00ed que ten\u00eda que protegerla y al mismo tiempo sent\u00ed que era dif\u00edcil protegerme de los extraterrestres que tend\u00edan emboscadas en varios lugares y eran muy combativos. Ellos estaban claramente en posici\u00f3n de ataque y los humanos en posici\u00f3n de defensa.<\/p>\n<h3>D\u00eda 3 &#8211; 13 de octubre de 2018<\/h3>\n<p>No he tomado ni una sola c\u00e1psula de LucidEsc. No recuerdo ning\u00fan sue\u00f1o. Las sustancias de LucidEsc ya no estaban en mi sistema.<\/p>\n<h3>D\u00eda 4 &#8211; 14 de octubre de 2018<\/h3>\n<p>No he tomado ni una sola c\u00e1psula de LucidEsc. Hab\u00eda programado tomar una c\u00e1psula a las 05:00 pero olvid\u00e9 poner el despertador de mi m\u00f3vil. Cuando me despert\u00e9 a las 08:30, no recordaba ning\u00fan sue\u00f1o y record\u00e9 que hab\u00eda olvidado tomar LucidEsc.<\/p>\n<p>De hecho, LucidEsc influye directamente en mi capacidad para recordar mis sue\u00f1os, adem\u00e1s de hacerlos m\u00e1s extensos y realistas. Sin embargo, hasta ahora ninguno ha sido l\u00facido, es decir, en ninguno de ellos me he dado cuenta conscientemente de que estaba so\u00f1ando en el momento del sue\u00f1o.<\/p>\n<h3>D\u00eda 5 &#8211; 15 de octubre de 2018<\/h3>\n<p>Tom\u00e9 una c\u00e1psula de LucidEsc a las 04:00.<\/p>\n<p>1er sue\u00f1o<br \/>\nSo\u00f1\u00e9 que iba a presentarle a mi novia un viejo maestro sij de Kundalini Yoga. Le advert\u00ed que su barba era tan grande como la de Pap\u00e1 Noel. Damos la bienvenida al maestro a nuestra casa. Cuando lleg\u00f3, mi novia se sorprendi\u00f3 del tama\u00f1o de la barba blanca de nuestro invitado. Le dije: &#8220;Espera a que veas cuando est\u00e1 comiendo. Hace muchos a\u00f1os lo conoc\u00ed y tambi\u00e9n me sorprendi\u00f3 porque s\u00f3lo hab\u00eda visto a alguien con una barba tan grande en la televisi\u00f3n o en Internet. Com\u00ed con \u00e9l y vi c\u00f3mo se apartaba la barba de la boca para poder comer sin ensuciarse&#8221;. Contempl\u00e9 la idea de forma bastante divertida en mi mente, imaginando ya la esperada reacci\u00f3n de asombro de mi acompa\u00f1ante al ver la escena ya que ten\u00edamos previsto ir a comer con \u00e9l.<\/p>\n<p>2\u00ba sue\u00f1o<br \/>\nSo\u00f1\u00e9 que estaba con mi novia y dos amigos que no sab\u00eda qui\u00e9nes eran en el sue\u00f1o pero me parec\u00edan amigables al principio. Est\u00e1bamos en dos coches. Mi novia y yo est\u00e1bamos en un coche y ellos en otro. En un momento dado, mi novia y yo nos trasladamos a la parte trasera de su coche y llevamos nuestras cosas. La conversaci\u00f3n con estos dos amigos continu\u00f3 agradablemente. En un momento dado, mi novia se baj\u00f3 del coche y yo continu\u00e9 con ellos. Un poco m\u00e1s tarde, yo tambi\u00e9n me fui. Luego volv\u00ed al coche y de forma casi cuidadosa al abrir la puerta del coche, casi golpe\u00e9 la puerta contra una columna de cemento junto a la que estaba aparcado el coche. Inmediatamente fui amonestado verbalmente por el propietario del coche que conduc\u00eda. De repente sent\u00ed que ya no \u00e9ramos amigos. Le expliqu\u00e9 que deb\u00eda calmarse ya que la discusi\u00f3n era innecesaria y que la puerta no hab\u00eda tocado el poste y estaba da\u00f1ada. Decid\u00ed salir del coche e ir a casa para evitar m\u00e1s problemas.<\/p>\n<p>Cuando llegu\u00e9 a casa, estaba en Paredes con mi novia. Me pregunt\u00f3 si sab\u00eda d\u00f3nde estaba su tel\u00e9fono m\u00f3vil, ya que no lo encontraba. Le dije que no lo sab\u00eda y fue entonces cuando me di cuenta de que yo tampoco sab\u00eda d\u00f3nde estaba el m\u00edo. Yo lo busqu\u00e9 y lo encontr\u00e9, pero ella busc\u00f3 el suyo y no lo encontr\u00f3. Entonces me acus\u00f3, bas\u00e1ndose en la frustraci\u00f3n de haber perdido su tel\u00e9fono m\u00f3vil de que deber\u00eda haber cuidado mejor sus cosas ya que \u00e9ramos novios a lo que le contest\u00e9 que el hecho de ser novios no exime a nadie de la responsabilidad de prestar atenci\u00f3n y cuidado a sus pertenencias personales y que si todo el mundo presta atenci\u00f3n a sus cosas y se cuida con \u00e9xito, el mundo es un lugar m\u00e1s feliz. Consider\u00e9 injusto que me acusara de su error. Al fin y al cabo, hab\u00eda sido ella la que se hab\u00eda desentendido de sus pertenencias. Si ni siquiera yo puedo estar 100% atento a mis propias pertenencias personales, c\u00f3mo podr\u00eda estarlo a las de otra persona, independientemente del grado de relaci\u00f3n que establezca con ella. Habr\u00eda sido diferente si me hubieras pedido que tuviera en cuenta tus cosas de forma directa y deliberada y no te basaras en suposiciones de que iba a ser as\u00ed sin que me lo pidieras. Cuando quiero algo de alguien, se lo pido. No espero a que esa persona adivine lo que quiero que haga sin que yo se lo pida. Un programa inform\u00e1tico s\u00f3lo hace lo que se le ha programado exclusivamente. No se puede esperar que el algoritmo haga algo diferente, a menos que haya habido errores de programaci\u00f3n inesperados que hagan que funcione de forma diferente, como por ejemplo <em>los bugs<\/em>.<\/p>\n<p>De hecho, los hombres piensan de forma diferente a las mujeres.<\/p>\n<p>Tercer sue\u00f1o<\/p>\n<p>So\u00f1\u00e9 que estaba en la escuela y que me cambiaba de habitaci\u00f3n. No me sent\u00ed bien con la inestabilidad. En el sue\u00f1o, sent\u00eda que buscaba la estabilidad.<\/p>\n<p>D\u00eda 6 &#8211; 16 de octubre<\/p>\n<p>En la cena, tom\u00e9 200 mg de vitamina B6. A las 05:00 me tom\u00e9 una c\u00e1psula de LucidEsc. S\u00f3lo recuerdo una imagen del Coloso de Rodas. Creo que el hecho de haber visto un documental del Canal Historia sobre las 7 Maravillas del Mundo Antiguo antes de acostarme puede haber influido en mi subconsciente.<\/p>\n<p>D\u00eda 7 &#8211; 17 de octubre<\/p>\n<p>A las 05:00 me tom\u00e9 una c\u00e1psula de LucidEsc. Aunque s\u00e9 que tuve al menos dos sue\u00f1os, no los recuerdo. Creo que puede haber un efecto de habituaci\u00f3n a LucidEsc. Voy a empezar a usar una grabadora de audio para registrar los sue\u00f1os.<\/p>\n","protected":false},"excerpt":{"rendered":"<p>LucidEsc contiene 5 ingredientes: Huperzina A, Alfa GPC, bitartrato de colina, ra\u00edz de jengibre y cardamomo. Huperzina A &#8211; alcaloide que inhibe la acetilcolinesterasa que es la enzima responsable de [&hellip;]<\/p>\n","protected":false},"author":1,"featured_media":0,"parent":0,"menu_order":0,"comment_status":"closed","ping_status":"closed","template":"","meta":{"om_disable_all_campaigns":false,"_mi_skip_tracking":false,"site-sidebar-layout":"default","site-content-layout":"","ast-site-content-layout":"default","site-content-style":"default","site-sidebar-style":"default","ast-global-header-display":"","ast-banner-title-visibility":"","ast-main-header-display":"","ast-hfb-above-header-display":"","ast-hfb-below-header-display":"","ast-hfb-mobile-header-display":"","site-post-title":"","ast-breadcrumbs-content":"","ast-featured-img":"","footer-sml-layout":"","ast-disable-related-posts":"","theme-transparent-header-meta":"","adv-header-id-meta":"","stick-header-meta":"","header-above-stick-meta":"","header-main-stick-meta":"","header-below-stick-meta":"","astra-migrate-meta-layouts":"default","ast-page-background-enabled":"default","ast-page-background-meta":{"desktop":{"background-color":"var(--ast-global-color-5)","background-image":"","background-repeat":"repeat","background-position":"center center","background-size":"auto","background-attachment":"scroll","background-type":"","background-media":"","overlay-type":"","overlay-color":"","overlay-opacity":"","overlay-gradient":""},"tablet":{"background-color":"","background-image":"","background-repeat":"repeat","background-position":"center center","background-size":"auto","background-attachment":"scroll","background-type":"","background-media":"","overlay-type":"","overlay-color":"","overlay-opacity":"","overlay-gradient":""},"mobile":{"background-color":"","background-image":"","background-repeat":"repeat","background-position":"center center","background-size":"auto","background-attachment":"scroll","background-type":"","background-media":"","overlay-type":"","overlay-color":"","overlay-opacity":"","overlay-gradient":""}},"ast-content-background-meta":{"desktop":{"background-color":"var(--ast-global-color-4)","background-image":"","background-repeat":"repeat","background-position":"center center","background-size":"auto","background-attachment":"scroll","background-type":"","background-media":"","overlay-type":"","overlay-color":"","overlay-opacity":"","overlay-gradient":""},"tablet":{"background-color":"var(--ast-global-color-4)","background-image":"","background-repeat":"repeat","background-position":"center center","background-size":"auto","background-attachment":"scroll","background-type":"","background-media":"","overlay-type":"","overlay-color":"","overlay-opacity":"","overlay-gradient":""},"mobile":{"background-color":"var(--ast-global-color-4)","background-image":"","background-repeat":"repeat","background-position":"center center","background-size":"auto","background-attachment":"scroll","background-type":"","background-media":"","overlay-type":"","overlay-color":"","overlay-opacity":"","overlay-gradient":""}},"footnotes":""},"class_list":["post-14916","page","type-page","status-publish","hentry"],"aioseo_notices":[],"_links":{"self":[{"href":"https:\/\/www.paulonogueiraterapias.com\/es\/wp-json\/wp\/v2\/pages\/14916","targetHints":{"allow":["GET"]}}],"collection":[{"href":"https:\/\/www.paulonogueiraterapias.com\/es\/wp-json\/wp\/v2\/pages"}],"about":[{"href":"https:\/\/www.paulonogueiraterapias.com\/es\/wp-json\/wp\/v2\/types\/page"}],"author":[{"embeddable":true,"href":"https:\/\/www.paulonogueiraterapias.com\/es\/wp-json\/wp\/v2\/users\/1"}],"replies":[{"embeddable":true,"href":"https:\/\/www.paulonogueiraterapias.com\/es\/wp-json\/wp\/v2\/comments?post=14916"}],"version-history":[{"count":0,"href":"https:\/\/www.paulonogueiraterapias.com\/es\/wp-json\/wp\/v2\/pages\/14916\/revisions"}],"wp:attachment":[{"href":"https:\/\/www.paulonogueiraterapias.com\/es\/wp-json\/wp\/v2\/media?parent=14916"}],"curies":[{"name":"wp","href":"https:\/\/api.w.org\/{rel}","templated":true}]}}