{"id":14909,"date":"2019-05-02T10:07:34","date_gmt":"2019-05-02T10:07:34","guid":{"rendered":"https:\/\/www.paulonogueiraterapias.com\/paulo-nogueira-terapias-opinion\/"},"modified":"2019-05-02T10:07:34","modified_gmt":"2019-05-02T10:07:34","slug":"paulo-nogueira-terapias-opinion","status":"publish","type":"page","link":"https:\/\/www.paulonogueiraterapias.com\/es\/paulo-nogueira-terapias-opinion\/","title":{"rendered":"Paulo Nogueira Terapias &#8211; opini\u00f3n"},"content":{"rendered":"<div style=\"text-align: justify; font-size: 10pt;\">\n<p>Aqu\u00ed est\u00e1 la opini\u00f3n de quienes ya han contactado con el espacio de Paulo Nogueira Terapias que puede ayudarte a encontrar la orientaci\u00f3n que necesitas para tu vida amorosa, profesional y principalmente a nivel espiritual. Paulo Nogueira Terapias act\u00faa como una antena para la transmisi\u00f3n de vibraciones de quinta dimensi\u00f3n, sexta dimensi\u00f3n y superiores para ayudar a todo el planeta, a trav\u00e9s de la ascensi\u00f3n de la conciencia individual de cada uno. Existe la opini\u00f3n de que hay ciertas cosas que s\u00f3lo se pueden sentir y las vibraciones de Amor de las dimensiones superiores es una de ellas. Por mucho que los seres humanos intentemos comprenderlos intelectualmente, s\u00f3lo se puede acceder a ellos a trav\u00e9s del coraz\u00f3n.<\/p>\n<p>En cada lectura del aura, los mensajes irradian amor, poder y emoci\u00f3n que afectan a la persona en su totalidad. El trabajo de concienciaci\u00f3n comienza ah\u00ed mismo, en ese mismo instante. Comienza como una idea que se materializa a medida que la chispa divina adquiere m\u00e1s y m\u00e1s experiencia, encarnaci\u00f3n tras encarnaci\u00f3n&#8230;<\/p>\n<p>Para ti que est\u00e1s indeciso en participar en alguna de las terapias y cursos promovidos en el espacio de Paulo Nogueira Terapias, que buscas la opini\u00f3n de otras personas, que necesitas una opini\u00f3n de alguien s\u00f3lido y cre\u00edble, que te inspire confianza, debes saber que s\u00f3lo puedes sentir la verdad buceando en lo m\u00e1s profundo de tu coraz\u00f3n, nadando en las aguas de la fuente de tu sabidur\u00eda interior de tu Ser Superior. As\u00ed que, si lo sientes, ven a conocer el espacio, el proyecto curativo que la marca Paulo Nogueira Terapias quiere presentarte. Ponte en contacto, pru\u00e9balo, forma tu propia opini\u00f3n basada en tu experiencia personal de una sesi\u00f3n de Terapia Multidimensional o de Sanaci\u00f3n Reconectiva o de un Curso de Terapia Multidimensional&#8230;<\/p>\n<p>Con el tiempo entender\u00e1s lo que para ti puede parecer demasiado esot\u00e9rico, demasiado metaf\u00f3rico, demasiado abstracto&#8230; Algo que s\u00f3lo puedes entender con el coraz\u00f3n.<br \/>\nOs damos las gracias por ser el veh\u00edculo a trav\u00e9s del cual la Divinidad se manifiesta, toma forma, se reconoce.<\/p>\n<p>Para todo en la vida, hay un tiempo. \u00bfSer\u00e1 el momento de conocer personalmente a los mentores de esta idea que florece en el hermoso jard\u00edn de la tierra?<\/p>\n<p>Si ya est\u00e1s en el camino del autoconocimiento y te consideras un buscador de la verdad, o si, por el contrario, a\u00fan est\u00e1s descubriendo este nuevo y maravilloso mundo de la Espiritualidad, ven a descubrir nuestro proyecto, que te recibir\u00e1 con los brazos abiertos. Sin embargo, debe estar preparado para realizar cambios internos con el fin de cambiar su paradigma en un nuevo paradigma basado en la naturaleza \u00faltima de la realidad, con el tel\u00f3n de fondo de los descubrimientos realizados en F\u00edsica Cu\u00e1ntica desde Max Planck, Niels Bohr y Schr\u00f6dinger en los \u00faltimos 100 a\u00f1os.<\/p>\n<p>Este proyecto le permitir\u00e1 conocerse a s\u00ed mismo desde una perspectiva superior, desde su interior. El reto para su cambio a veces no ser\u00e1 tanto a nivel mental como si estuviera estudiando ecuaciones diferenciales parciales, sino m\u00e1s bien, a nivel emocional, teniendo que soltar conceptos importados de las ideas del materialismo (creencia de que todo est\u00e1 basado en el \u00e1tomo como en la F\u00edsica Newtoniana y Cartesiana y no en la onda de probabilidad como en la Mec\u00e1nica Cu\u00e1ntica). A veces, desde el punto de vista mental, las conferencias de Paulo Nogueira son complejas. Sin embargo, cuando tengas el coraz\u00f3n abierto y la intuici\u00f3n, te parecer\u00e1n verdades obvias y fundamentales de la existencia humana.<\/p>\n<p>Las construcciones frasales con morfosintaxis compleja no siempre son necesarias para transmitir ideas s\u00f3lidas y sencillas.<\/p>\n<p>La sincronicidad es otro de los aspectos m\u00e1s tratados en este proyecto donde aprender\u00e1s a interpretar la causa de los sucesos que ocurren en tu vida desde una perspectiva m\u00e1s hol\u00edstica e integrada con el Todo.<\/p>\n<\/div>\n","protected":false},"excerpt":{"rendered":"<p>Aqu\u00ed est\u00e1 la opini\u00f3n de quienes ya han contactado con el espacio de Paulo Nogueira Terapias que puede ayudarte a encontrar la orientaci\u00f3n que necesitas para tu vida amorosa, profesional [&hellip;]<\/p>\n","protected":false},"author":1,"featured_media":0,"parent":0,"menu_order":0,"comment_status":"closed","ping_status":"closed","template":"","meta":{"om_disable_all_campaigns":false,"_mi_skip_tracking":false,"site-sidebar-layout":"default","site-content-layout":"","ast-site-content-layout":"default","site-content-style":"default","site-sidebar-style":"default","ast-global-header-display":"","ast-banner-title-visibility":"","ast-main-header-display":"","ast-hfb-above-header-display":"","ast-hfb-below-header-display":"","ast-hfb-mobile-header-display":"","site-post-title":"","ast-breadcrumbs-content":"","ast-featured-img":"","footer-sml-layout":"","ast-disable-related-posts":"","theme-transparent-header-meta":"","adv-header-id-meta":"","stick-header-meta":"","header-above-stick-meta":"","header-main-stick-meta":"","header-below-stick-meta":"","astra-migrate-meta-layouts":"default","ast-page-background-enabled":"default","ast-page-background-meta":{"desktop":{"background-color":"var(--ast-global-color-5)","background-image":"","background-repeat":"repeat","background-position":"center center","background-size":"auto","background-attachment":"scroll","background-type":"","background-media":"","overlay-type":"","overlay-color":"","overlay-opacity":"","overlay-gradient":""},"tablet":{"background-color":"","background-image":"","background-repeat":"repeat","background-position":"center center","background-size":"auto","background-attachment":"scroll","background-type":"","background-media":"","overlay-type":"","overlay-color":"","overlay-opacity":"","overlay-gradient":""},"mobile":{"background-color":"","background-image":"","background-repeat":"repeat","background-position":"center center","background-size":"auto","background-attachment":"scroll","background-type":"","background-media":"","overlay-type":"","overlay-color":"","overlay-opacity":"","overlay-gradient":""}},"ast-content-background-meta":{"desktop":{"background-color":"var(--ast-global-color-4)","background-image":"","background-repeat":"repeat","background-position":"center center","background-size":"auto","background-attachment":"scroll","background-type":"","background-media":"","overlay-type":"","overlay-color":"","overlay-opacity":"","overlay-gradient":""},"tablet":{"background-color":"var(--ast-global-color-4)","background-image":"","background-repeat":"repeat","background-position":"center center","background-size":"auto","background-attachment":"scroll","background-type":"","background-media":"","overlay-type":"","overlay-color":"","overlay-opacity":"","overlay-gradient":""},"mobile":{"background-color":"var(--ast-global-color-4)","background-image":"","background-repeat":"repeat","background-position":"center center","background-size":"auto","background-attachment":"scroll","background-type":"","background-media":"","overlay-type":"","overlay-color":"","overlay-opacity":"","overlay-gradient":""}},"footnotes":""},"class_list":["post-14909","page","type-page","status-publish","hentry"],"aioseo_notices":[],"_links":{"self":[{"href":"https:\/\/www.paulonogueiraterapias.com\/es\/wp-json\/wp\/v2\/pages\/14909","targetHints":{"allow":["GET"]}}],"collection":[{"href":"https:\/\/www.paulonogueiraterapias.com\/es\/wp-json\/wp\/v2\/pages"}],"about":[{"href":"https:\/\/www.paulonogueiraterapias.com\/es\/wp-json\/wp\/v2\/types\/page"}],"author":[{"embeddable":true,"href":"https:\/\/www.paulonogueiraterapias.com\/es\/wp-json\/wp\/v2\/users\/1"}],"replies":[{"embeddable":true,"href":"https:\/\/www.paulonogueiraterapias.com\/es\/wp-json\/wp\/v2\/comments?post=14909"}],"version-history":[{"count":0,"href":"https:\/\/www.paulonogueiraterapias.com\/es\/wp-json\/wp\/v2\/pages\/14909\/revisions"}],"wp:attachment":[{"href":"https:\/\/www.paulonogueiraterapias.com\/es\/wp-json\/wp\/v2\/media?parent=14909"}],"curies":[{"name":"wp","href":"https:\/\/api.w.org\/{rel}","templated":true}]}}