{"id":14904,"date":"2018-09-14T11:05:45","date_gmt":"2018-09-14T11:05:45","guid":{"rendered":"https:\/\/www.paulonogueiraterapias.com\/quien-guia-tu-vida\/"},"modified":"2018-09-14T11:05:45","modified_gmt":"2018-09-14T11:05:45","slug":"quien-guia-tu-vida","status":"publish","type":"page","link":"https:\/\/www.paulonogueiraterapias.com\/es\/quien-guia-tu-vida\/","title":{"rendered":"\u00bfQui\u00e9n gu\u00eda tu vida?"},"content":{"rendered":"<div style=\"font-size: 10pt;\">\n<p style=\"text-align: justify;\">\u00bfQui\u00e9n gu\u00eda tu vida? D\u00e9jate guiar por una inteligencia suave que brilla en tu interior y que siempre te ha acompa\u00f1ado. \u00bfQui\u00e9n es la voz de tu conciencia? \u00bfQui\u00e9n es el poeta de la poes\u00eda de su vida? \u00bfEs tu conciencia, tu gu\u00eda de Luz, tu \u00c1ngel de la Guarda? \u00bfQui\u00e9n es el que te gu\u00eda en los acontecimientos de tu vida?<\/p>\n<p style=\"text-align: justify;\">\u00bfRealmente tienes el control mental de todo lo que te ha sucedido hasta ahora? \u00bfO est\u00e1s guiado por fuerzas invisibles a tus ojos que te dictan en cada momento lo que debes sentir en tu coraz\u00f3n o qu\u00e9 decisi\u00f3n tomar sin que te des cuenta? \u00bfEs una conciencia externa a ti como el condicionamiento de la sociedad o un obsesor o es algo m\u00e1s interno, que viene de tu verdadero Ser, tu Ser Superior?<\/p>\n<p style=\"text-align: justify;\">\u00bfTe has parado a pensar en ello? \u00bfQui\u00e9n gu\u00eda tu vida?<\/p>\n<p style=\"text-align: justify;\">Por un momento, aprovecha la oportunidad de salir de tu mente condicionada y hazte preguntas. Sea cr\u00edtico pero no pesimista. S\u00e9 un rebelde constructivo en el sentido de un buscador de la Verdad, pero no uno que crea que ya la ha encontrado. La verdad es algo que se siente y no algo que se piensa. La verdad no se puede pensar, s\u00f3lo sentir.<\/p>\n<p style=\"text-align: justify;\">Autor espiritual: Ankhash Uri (ser de la Quinta Dimensi\u00f3n)<\/p>\n<p>Canalizado por Paulo Nogueira el 14 de septiembre de 2018.<\/p>\n<\/div>\n","protected":false},"excerpt":{"rendered":"<p>\u00bfQui\u00e9n gu\u00eda tu vida? D\u00e9jate guiar por una inteligencia suave que brilla en tu interior y que siempre te ha acompa\u00f1ado. \u00bfQui\u00e9n es la voz de tu conciencia? \u00bfQui\u00e9n es [&hellip;]<\/p>\n","protected":false},"author":1,"featured_media":0,"parent":0,"menu_order":0,"comment_status":"closed","ping_status":"closed","template":"","meta":{"om_disable_all_campaigns":false,"_mi_skip_tracking":false,"site-sidebar-layout":"default","site-content-layout":"","ast-site-content-layout":"default","site-content-style":"default","site-sidebar-style":"default","ast-global-header-display":"","ast-banner-title-visibility":"","ast-main-header-display":"","ast-hfb-above-header-display":"","ast-hfb-below-header-display":"","ast-hfb-mobile-header-display":"","site-post-title":"","ast-breadcrumbs-content":"","ast-featured-img":"","footer-sml-layout":"","ast-disable-related-posts":"","theme-transparent-header-meta":"","adv-header-id-meta":"","stick-header-meta":"","header-above-stick-meta":"","header-main-stick-meta":"","header-below-stick-meta":"","astra-migrate-meta-layouts":"default","ast-page-background-enabled":"default","ast-page-background-meta":{"desktop":{"background-color":"var(--ast-global-color-5)","background-image":"","background-repeat":"repeat","background-position":"center center","background-size":"auto","background-attachment":"scroll","background-type":"","background-media":"","overlay-type":"","overlay-color":"","overlay-opacity":"","overlay-gradient":""},"tablet":{"background-color":"","background-image":"","background-repeat":"repeat","background-position":"center center","background-size":"auto","background-attachment":"scroll","background-type":"","background-media":"","overlay-type":"","overlay-color":"","overlay-opacity":"","overlay-gradient":""},"mobile":{"background-color":"","background-image":"","background-repeat":"repeat","background-position":"center center","background-size":"auto","background-attachment":"scroll","background-type":"","background-media":"","overlay-type":"","overlay-color":"","overlay-opacity":"","overlay-gradient":""}},"ast-content-background-meta":{"desktop":{"background-color":"var(--ast-global-color-4)","background-image":"","background-repeat":"repeat","background-position":"center center","background-size":"auto","background-attachment":"scroll","background-type":"","background-media":"","overlay-type":"","overlay-color":"","overlay-opacity":"","overlay-gradient":""},"tablet":{"background-color":"var(--ast-global-color-4)","background-image":"","background-repeat":"repeat","background-position":"center center","background-size":"auto","background-attachment":"scroll","background-type":"","background-media":"","overlay-type":"","overlay-color":"","overlay-opacity":"","overlay-gradient":""},"mobile":{"background-color":"var(--ast-global-color-4)","background-image":"","background-repeat":"repeat","background-position":"center center","background-size":"auto","background-attachment":"scroll","background-type":"","background-media":"","overlay-type":"","overlay-color":"","overlay-opacity":"","overlay-gradient":""}},"footnotes":""},"class_list":["post-14904","page","type-page","status-publish","hentry"],"aioseo_notices":[],"_links":{"self":[{"href":"https:\/\/www.paulonogueiraterapias.com\/es\/wp-json\/wp\/v2\/pages\/14904","targetHints":{"allow":["GET"]}}],"collection":[{"href":"https:\/\/www.paulonogueiraterapias.com\/es\/wp-json\/wp\/v2\/pages"}],"about":[{"href":"https:\/\/www.paulonogueiraterapias.com\/es\/wp-json\/wp\/v2\/types\/page"}],"author":[{"embeddable":true,"href":"https:\/\/www.paulonogueiraterapias.com\/es\/wp-json\/wp\/v2\/users\/1"}],"replies":[{"embeddable":true,"href":"https:\/\/www.paulonogueiraterapias.com\/es\/wp-json\/wp\/v2\/comments?post=14904"}],"version-history":[{"count":0,"href":"https:\/\/www.paulonogueiraterapias.com\/es\/wp-json\/wp\/v2\/pages\/14904\/revisions"}],"wp:attachment":[{"href":"https:\/\/www.paulonogueiraterapias.com\/es\/wp-json\/wp\/v2\/media?parent=14904"}],"curies":[{"name":"wp","href":"https:\/\/api.w.org\/{rel}","templated":true}]}}