{"id":14891,"date":"2019-08-27T18:43:39","date_gmt":"2019-08-27T18:43:39","guid":{"rendered":"https:\/\/www.paulonogueiraterapias.com\/curacion-por-la-ascension-el-poder-de-la-esperanza\/"},"modified":"2021-12-10T23:30:54","modified_gmt":"2021-12-10T23:30:54","slug":"curacion-por-la-ascension-el-poder-de-la-esperanza","status":"publish","type":"page","link":"https:\/\/www.paulonogueiraterapias.com\/es\/curacion-por-la-ascension-el-poder-de-la-esperanza\/","title":{"rendered":"Curaci\u00f3n por la Ascensi\u00f3n &#8211; El poder de la esperanza"},"content":{"rendered":"\n<p>Una de las iniciaciones que reciben los aprendices del <a href=\"https:\/\/www.paulonogueiraterapias.com\/curso-cura-ascencional\/\">Curso de Sanaci\u00f3n de la Ascensi\u00f3n<\/a> es la iniciaci\u00f3n en la energ\u00eda de la Esperanza dada por los Maestros Arcturianos.<\/p>\n\n<p>La esperanza consiste en un sentimiento general de fe en la benevolencia de la vida y de Dios, un sentimiento que proviene del n\u00facleo del Ser de que todo lo que sucede en la vida tiene un prop\u00f3sito ben\u00e9volo cuando se ve desde una perspectiva superior, y que todos los contratiempos son temporales y sirven a un fin mayor, que siempre ser\u00e1 positivo.<\/p>\n\n<p>Es la Esperanza la que alimenta la Fuerza que a veces parece agotarse en el curso de las diversas vicisitudes de la vida que experimenta el ser humano y sobre las que no puede ejercer control. La Iniciaci\u00f3n a la Energ\u00eda de la Esperanza ancla en el alumno una actitud positiva hacia la vida y le permite ser un canal de la misma para sus clientes de esta modalidad de curaci\u00f3n energ\u00e9tica.<\/p>\n\n<p>La Esperanza a la que aluden los Maestros no s\u00f3lo se relaciona con una expectativa positiva en relaci\u00f3n con el resultado de un determinado acontecimiento, sino con una actitud general y constante ante la vida misma, independientemente de las situaciones que atraviese un ser humano en un momento dado. La esperanza lleva al coraz\u00f3n de la persona a un estado de ligereza que le permite minimizar el sufrimiento.<\/p>\n\n<p>Se suele decir que &#8220;mientras hay vida, hay esperanza&#8221;. Sin embargo, yo lo dir\u00eda as\u00ed: &#8220;mientras hay esperanza, hay Vida&#8221;. La esperanza es una cualidad que hace que muchas veces, cuando todo se cree racionalmente perdido, un extra\u00f1o y trascendente estado de Paz nos llene, nos reconforte y nos devuelva la fe en que al final todo ir\u00e1 bien.<\/p>\n\n<h4 class=\"wp-block-heading\">Beneficios de la iniciaci\u00f3n en la energ\u00eda de la Esperanza<\/h4>\n\n<ul class=\"wp-block-list\"><li>aumento del flujo de energ\u00eda en el cuerpo et\u00e9rico<\/li><li>ligereza, expansi\u00f3n y flexibilidad en el cuerpo emocional<\/li><li>estabilidad y apertura a nivel del cuerpo mental<\/li><\/ul>\n\n<p>Al igual que la cualidad del Amor Incondicional que aumenta gradualmente a medida que el esp\u00edritu evoluciona, la cualidad de la Esperanza tambi\u00e9n est\u00e1 cada vez m\u00e1s presente. La esperanza permite al ser humano una capacidad creciente de construir proyectos que sin esta caracter\u00edstica no ser\u00edan posibles. A nivel espiritual, permite al ser humano absorber energ\u00edas de frecuencias superiores del plano espiritual.<\/p>\n","protected":false},"excerpt":{"rendered":"<p>Una de las iniciaciones que reciben los aprendices del Curso de Sanaci\u00f3n de la Ascensi\u00f3n es la iniciaci\u00f3n en la energ\u00eda de la Esperanza dada por los Maestros Arcturianos. La [&hellip;]<\/p>\n","protected":false},"author":1,"featured_media":0,"parent":0,"menu_order":0,"comment_status":"closed","ping_status":"closed","template":"","meta":{"om_disable_all_campaigns":false,"_mi_skip_tracking":false,"site-sidebar-layout":"default","site-content-layout":"","ast-site-content-layout":"default","site-content-style":"default","site-sidebar-style":"default","ast-global-header-display":"","ast-banner-title-visibility":"","ast-main-header-display":"","ast-hfb-above-header-display":"","ast-hfb-below-header-display":"","ast-hfb-mobile-header-display":"","site-post-title":"","ast-breadcrumbs-content":"","ast-featured-img":"","footer-sml-layout":"","ast-disable-related-posts":"","theme-transparent-header-meta":"","adv-header-id-meta":"","stick-header-meta":"","header-above-stick-meta":"","header-main-stick-meta":"","header-below-stick-meta":"","astra-migrate-meta-layouts":"default","ast-page-background-enabled":"default","ast-page-background-meta":{"desktop":{"background-color":"var(--ast-global-color-5)","background-image":"","background-repeat":"repeat","background-position":"center center","background-size":"auto","background-attachment":"scroll","background-type":"","background-media":"","overlay-type":"","overlay-color":"","overlay-opacity":"","overlay-gradient":""},"tablet":{"background-color":"","background-image":"","background-repeat":"repeat","background-position":"center center","background-size":"auto","background-attachment":"scroll","background-type":"","background-media":"","overlay-type":"","overlay-color":"","overlay-opacity":"","overlay-gradient":""},"mobile":{"background-color":"","background-image":"","background-repeat":"repeat","background-position":"center center","background-size":"auto","background-attachment":"scroll","background-type":"","background-media":"","overlay-type":"","overlay-color":"","overlay-opacity":"","overlay-gradient":""}},"ast-content-background-meta":{"desktop":{"background-color":"var(--ast-global-color-4)","background-image":"","background-repeat":"repeat","background-position":"center center","background-size":"auto","background-attachment":"scroll","background-type":"","background-media":"","overlay-type":"","overlay-color":"","overlay-opacity":"","overlay-gradient":""},"tablet":{"background-color":"var(--ast-global-color-4)","background-image":"","background-repeat":"repeat","background-position":"center center","background-size":"auto","background-attachment":"scroll","background-type":"","background-media":"","overlay-type":"","overlay-color":"","overlay-opacity":"","overlay-gradient":""},"mobile":{"background-color":"var(--ast-global-color-4)","background-image":"","background-repeat":"repeat","background-position":"center center","background-size":"auto","background-attachment":"scroll","background-type":"","background-media":"","overlay-type":"","overlay-color":"","overlay-opacity":"","overlay-gradient":""}},"footnotes":""},"class_list":["post-14891","page","type-page","status-publish","hentry"],"aioseo_notices":[],"_links":{"self":[{"href":"https:\/\/www.paulonogueiraterapias.com\/es\/wp-json\/wp\/v2\/pages\/14891","targetHints":{"allow":["GET"]}}],"collection":[{"href":"https:\/\/www.paulonogueiraterapias.com\/es\/wp-json\/wp\/v2\/pages"}],"about":[{"href":"https:\/\/www.paulonogueiraterapias.com\/es\/wp-json\/wp\/v2\/types\/page"}],"author":[{"embeddable":true,"href":"https:\/\/www.paulonogueiraterapias.com\/es\/wp-json\/wp\/v2\/users\/1"}],"replies":[{"embeddable":true,"href":"https:\/\/www.paulonogueiraterapias.com\/es\/wp-json\/wp\/v2\/comments?post=14891"}],"version-history":[{"count":0,"href":"https:\/\/www.paulonogueiraterapias.com\/es\/wp-json\/wp\/v2\/pages\/14891\/revisions"}],"wp:attachment":[{"href":"https:\/\/www.paulonogueiraterapias.com\/es\/wp-json\/wp\/v2\/media?parent=14891"}],"curies":[{"name":"wp","href":"https:\/\/api.w.org\/{rel}","templated":true}]}}