{"id":14884,"date":"2019-09-10T23:55:51","date_gmt":"2019-09-10T23:55:51","guid":{"rendered":"https:\/\/www.paulonogueiraterapias.com\/compasion\/"},"modified":"2021-12-10T23:30:54","modified_gmt":"2021-12-10T23:30:54","slug":"compasion","status":"publish","type":"page","link":"https:\/\/www.paulonogueiraterapias.com\/es\/compasion\/","title":{"rendered":"Compasi\u00f3n"},"content":{"rendered":"\n<p>La compasi\u00f3n consiste en el deseo de aliviar el sufrimiento de los dem\u00e1s. La iniciaci\u00f3n en la energ\u00eda de la Compasi\u00f3n dada por los Seres de Luz de Vega en el <a href=\"https:\/\/www.paulonogueiraterapias.com\/curso-cura-ascensional\/\">Curso de Sanaci\u00f3n de la Ascensi\u00f3n<\/a> facilita el despliegue de esta cualidad a medida que la persona progresa espiritualmente.<\/p>\n\n<p>Los Seres de Luz de Vega nos ense\u00f1an que hay 3 miedos que se interponen en la libre expresi\u00f3n de la compasi\u00f3n:<\/p>\n\n<ul class=\"wp-block-list\"><li>Miedo al dolor emocional (la persona piensa que si siente compasi\u00f3n por el otro, sentir\u00e1 su sufrimiento de la misma manera)<\/li><li>Miedo a sentirse disminuido (uno piensa que tendr\u00e1 que renunciar a algo de s\u00ed mismo ya que la Compasi\u00f3n es una cualidad que crea conexi\u00f3n con el otro y por lo tanto el ego de uno teme perder su individualidad. De hecho, uno puede mantener su individualidad sin ceder al individualismo).<\/li><li>miedo a ser distra\u00eddo de su camino (la persona piensa que al prestar atenci\u00f3n al sufrimiento de los dem\u00e1s, se arriesga a perder su propio camino)<\/li><\/ul>\n\n<p>Curiosamente, la compasi\u00f3n lleva a sentir exactamente lo contrario de lo que estos miedos intentan convencernos. Cuando se siente compasi\u00f3n, la voluntad de aliviar el sufrimiento del otro anula el miedo a quedarse estancado en la empat\u00eda emocional sin, sin embargo, realizar ninguna acci\u00f3n para ayudar a la otra persona. La l\u00e1stima o la compasi\u00f3n, por el contrario, lo deja a uno estancado, ya que la l\u00e1stima o la compasi\u00f3n es un sentimiento que surge de la conciencia de la dualidad y la separaci\u00f3n. En una conciencia de dualidad, uno siente que el otro est\u00e1 separado de uno mismo. En esta conciencia, la persona simplemente lamenta la situaci\u00f3n negativa de otro mientras mantiene el temor de que alg\u00fan d\u00eda le ocurra algo similar.<\/p>\n\n<p>El miedo al dolor emocional tambi\u00e9n se asocia al temor de que la persona atraiga el mismo sufrimiento hacia s\u00ed misma si se centra en el sufrimiento de los dem\u00e1s. En el fondo, uno se niega a tener compasi\u00f3n porque tiene miedo de identificarse con el otro. A veces hay un deseo oculto de sentirse superior, de sentirse mejor que la otra persona, mientras la vemos sufrir. El ego considera que asumir la compasi\u00f3n por el otro pellizcar\u00eda de alguna manera su superioridad, su <em>status quo<\/em>. As\u00ed que lo que haces es sentir pena para mantener la conciencia de separaci\u00f3n en relaci\u00f3n con lo que sufres mientras que, para sentirte mejor contigo mismo, emites alguna opini\u00f3n aparente de que te importa el otro. Un escenario id\u00e9ntico lo encontramos en la vida cotidiana cuando nos encontramos con alguien que comenta en la televisi\u00f3n o en el peri\u00f3dico noticias negativas que afectan a cierta parte de la poblaci\u00f3n de un pa\u00eds.<\/p>\n\n<p>La compasi\u00f3n es una cualidad activa, por lo que implica una acci\u00f3n m\u00e1s all\u00e1 de un sentimiento. La compasi\u00f3n surge naturalmente de un estado de conciencia de Unidad en el que uno siente que al aliviar el sufrimiento de otro, en realidad est\u00e1 aliviando el propio. As\u00ed que, parad\u00f3jicamente, aunque el miedo intente convencernos de que no debemos sentir compasi\u00f3n para no sufrir por el otro, lo cierto es que si uno siente compasi\u00f3n, sufre menos porque empieza a aliviar el sufrimiento del pr\u00f3jimo.  <strong>Estar en una conciencia de dualidad ya es un sufrimiento en s\u00ed mismo.<\/strong>  La compasi\u00f3n es una cualidad divina que lleva a la persona a tomar conciencia de la unidad. Cuando, ante el sufrimiento de alguien, elegimos sentir l\u00e1stima en lugar de compasi\u00f3n, vemos que no haremos nada para extinguir ese sufrimiento. As\u00ed que seguiremos sufriendo cuando no queramos involucrarnos en la soluci\u00f3n del problema de otra persona porque sentimos el aguij\u00f3n de la culpa por ignorar el sufrimiento de otra persona azotando nuestra conciencia.<\/p>\n\n<p>Ayudar a los dem\u00e1s nos da alegr\u00eda y nos permite sentirnos m\u00e1s unidos. Eso es compasi\u00f3n. Todos y cada uno de los actos de compasi\u00f3n nos llevan inevitablemente a una mayor conciencia de la Unidad con el Todo.<\/p>\n","protected":false},"excerpt":{"rendered":"<p>La compasi\u00f3n consiste en el deseo de aliviar el sufrimiento de los dem\u00e1s. La iniciaci\u00f3n en la energ\u00eda de la Compasi\u00f3n dada por los Seres de Luz de Vega en [&hellip;]<\/p>\n","protected":false},"author":1,"featured_media":0,"parent":0,"menu_order":0,"comment_status":"closed","ping_status":"closed","template":"","meta":{"om_disable_all_campaigns":false,"_mi_skip_tracking":false,"site-sidebar-layout":"default","site-content-layout":"","ast-site-content-layout":"default","site-content-style":"default","site-sidebar-style":"default","ast-global-header-display":"","ast-banner-title-visibility":"","ast-main-header-display":"","ast-hfb-above-header-display":"","ast-hfb-below-header-display":"","ast-hfb-mobile-header-display":"","site-post-title":"","ast-breadcrumbs-content":"","ast-featured-img":"","footer-sml-layout":"","ast-disable-related-posts":"","theme-transparent-header-meta":"","adv-header-id-meta":"","stick-header-meta":"","header-above-stick-meta":"","header-main-stick-meta":"","header-below-stick-meta":"","astra-migrate-meta-layouts":"default","ast-page-background-enabled":"default","ast-page-background-meta":{"desktop":{"background-color":"var(--ast-global-color-5)","background-image":"","background-repeat":"repeat","background-position":"center center","background-size":"auto","background-attachment":"scroll","background-type":"","background-media":"","overlay-type":"","overlay-color":"","overlay-opacity":"","overlay-gradient":""},"tablet":{"background-color":"","background-image":"","background-repeat":"repeat","background-position":"center center","background-size":"auto","background-attachment":"scroll","background-type":"","background-media":"","overlay-type":"","overlay-color":"","overlay-opacity":"","overlay-gradient":""},"mobile":{"background-color":"","background-image":"","background-repeat":"repeat","background-position":"center center","background-size":"auto","background-attachment":"scroll","background-type":"","background-media":"","overlay-type":"","overlay-color":"","overlay-opacity":"","overlay-gradient":""}},"ast-content-background-meta":{"desktop":{"background-color":"var(--ast-global-color-4)","background-image":"","background-repeat":"repeat","background-position":"center center","background-size":"auto","background-attachment":"scroll","background-type":"","background-media":"","overlay-type":"","overlay-color":"","overlay-opacity":"","overlay-gradient":""},"tablet":{"background-color":"var(--ast-global-color-4)","background-image":"","background-repeat":"repeat","background-position":"center center","background-size":"auto","background-attachment":"scroll","background-type":"","background-media":"","overlay-type":"","overlay-color":"","overlay-opacity":"","overlay-gradient":""},"mobile":{"background-color":"var(--ast-global-color-4)","background-image":"","background-repeat":"repeat","background-position":"center center","background-size":"auto","background-attachment":"scroll","background-type":"","background-media":"","overlay-type":"","overlay-color":"","overlay-opacity":"","overlay-gradient":""}},"footnotes":""},"class_list":["post-14884","page","type-page","status-publish","hentry"],"aioseo_notices":[],"_links":{"self":[{"href":"https:\/\/www.paulonogueiraterapias.com\/es\/wp-json\/wp\/v2\/pages\/14884","targetHints":{"allow":["GET"]}}],"collection":[{"href":"https:\/\/www.paulonogueiraterapias.com\/es\/wp-json\/wp\/v2\/pages"}],"about":[{"href":"https:\/\/www.paulonogueiraterapias.com\/es\/wp-json\/wp\/v2\/types\/page"}],"author":[{"embeddable":true,"href":"https:\/\/www.paulonogueiraterapias.com\/es\/wp-json\/wp\/v2\/users\/1"}],"replies":[{"embeddable":true,"href":"https:\/\/www.paulonogueiraterapias.com\/es\/wp-json\/wp\/v2\/comments?post=14884"}],"version-history":[{"count":0,"href":"https:\/\/www.paulonogueiraterapias.com\/es\/wp-json\/wp\/v2\/pages\/14884\/revisions"}],"wp:attachment":[{"href":"https:\/\/www.paulonogueiraterapias.com\/es\/wp-json\/wp\/v2\/media?parent=14884"}],"curies":[{"name":"wp","href":"https:\/\/api.w.org\/{rel}","templated":true}]}}