{"id":14881,"date":"2019-07-20T20:26:29","date_gmt":"2019-07-20T20:26:29","guid":{"rendered":"https:\/\/www.paulonogueiraterapias.com\/terapia-multidimensional-objetivos\/"},"modified":"2021-12-10T23:30:54","modified_gmt":"2021-12-10T23:30:54","slug":"terapia-multidimensional-objetivos","status":"publish","type":"page","link":"https:\/\/www.paulonogueiraterapias.com\/es\/terapia-multidimensional-objetivos\/","title":{"rendered":"Terapia multidimensional &#8211; Objetivos"},"content":{"rendered":"\n<figure class=\"wp-block-image\"><img loading=\"lazy\" decoding=\"async\" width=\"820\" height=\"312\" src=\"https:\/\/www.paulonogueiraterapias.com\/wp-content\/uploads\/2019\/07\/Objetivos-da-Terapia-Multidimensional.png\" alt=\"Objetivos de la terapia multidimensional\" class=\"wp-image-12723\" srcset=\"https:\/\/www.paulonogueiraterapias.com\/wp-content\/uploads\/2019\/07\/Objetivos-da-Terapia-Multidimensional.png 820w, https:\/\/www.paulonogueiraterapias.com\/wp-content\/uploads\/2019\/07\/Objetivos-da-Terapia-Multidimensional-600x228.png 600w, https:\/\/www.paulonogueiraterapias.com\/wp-content\/uploads\/2019\/07\/Objetivos-da-Terapia-Multidimensional-300x114.png 300w, https:\/\/www.paulonogueiraterapias.com\/wp-content\/uploads\/2019\/07\/Objetivos-da-Terapia-Multidimensional-768x292.png 768w\" sizes=\"auto, (max-width: 820px) 100vw, 820px\" \/><figcaption>Objetivos de la terapia multidimensional<\/figcaption><\/figure>\n\n<p style=\"text-align: justify\">Los objetivos de la Terapia Multidimensional son muy amplios ya que en una sola sesi\u00f3n se pueden trabajar varios de los problemas del cliente. Los Seres de Luz traen sus bendiciones a la vida de las personas que entran en contacto con esta energ\u00eda de una manera muy convincente en t\u00e9rminos de resultados para las personas que est\u00e1n buscando la evoluci\u00f3n espiritual y mirar dentro de s\u00ed mismos para que puedan construir una mejor realidad exterior.<\/p>\n\n<p style=\"text-align: justify\">Esta terapia realizada con Seres de Luz estelares tiene como objetivo aumentar la conciencia que es experimentada personalmente por el cliente como una sensaci\u00f3n de expansi\u00f3n, alegr\u00eda y bienestar. Esta es una oportunidad para recibir la curaci\u00f3n de los maestros de alta dimensi\u00f3n de varias partes de la galaxia permitiendo una maduraci\u00f3n espiritual m\u00e1s r\u00e1pida del Alma.<\/p>\n\n<p>Se recomienda esperar al menos un tiempo despu\u00e9s de la \u00faltima sesi\u00f3n. Esto sirve para que el cliente tenga tiempo de tomar conciencia de los cambios internos que ha experimentado. Los Seres de Luz saben exactamente cu\u00e1les son las causas de los problemas que la persona est\u00e1 atravesando en esta existencia y actuar\u00e1n en consecuencia. Sin embargo, el terapeuta no siempre tiene acceso consciente a lo que se ha trabajado durante la sesi\u00f3n.<\/p>\n\n<p style=\"text-align: justify\">Otros objetivos de la Terapia Multidimensional son despejar las emociones negativas, como los miedos y las preocupaciones, aumentar la autoestima y la conciencia de autoestima, as\u00ed como dar conciencia de prosperidad y abundancia.<\/p>\n\n<p style=\"text-align: justify\">Algunos <a href=\"https:\/\/www.paulonogueiraterapias.com\/es\/casos-de-terapia-multidimensional\/\">casos de Terapia Multi<\/a> dimensional contemplan tambi\u00e9n dar m\u00e1s conciencia sobre el prop\u00f3sito de la vida, lo que en Terapia Multidimensional se llama el rescate de la misi\u00f3n y despejar creencias limitantes que son la base de numerosos procesos de autosabotaje mental por parte del cliente en su vida.<\/p>\n\n<h4 class=\"wp-block-heading\">S\u00edntomas de la terapia multidimensional<\/h4>\n\n<p style=\"text-align: justify\">Los s\u00edntomas de la Terapia Multidimensional son la ligereza, la sensaci\u00f3n de bienestar en los d\u00edas posteriores a la terapia, la certeza interior de que todo ha sido siempre perfecto y de que nada ocurre por casualidad, la paz profunda, la alegr\u00eda de ser y la plenitud.<\/p>\n\n<p style=\"text-align: justify\">Los Seres de Luz te ayudar\u00e1n a acelerar tu progreso espiritual independientemente de tus creencias religiosas o espirituales. Para conocer m\u00e1s testimonios de nuestras sesiones con Terapia Multidimensional, consulta la p\u00e1gina oficial de nuestro <a href=\"https:\/\/www.facebook.com\/PauloNogueiraTerapias\/\">espacio Paulo Nogueira Terapias<\/a> en Facebook.<\/p>\n","protected":false},"excerpt":{"rendered":"<p>Los objetivos de la Terapia Multidimensional son muy amplios ya que en una sola sesi\u00f3n se pueden trabajar varios de los problemas del cliente. Los Seres de Luz traen sus [&hellip;]<\/p>\n","protected":false},"author":1,"featured_media":12723,"parent":0,"menu_order":0,"comment_status":"closed","ping_status":"closed","template":"","meta":{"om_disable_all_campaigns":false,"_mi_skip_tracking":false,"site-sidebar-layout":"default","site-content-layout":"","ast-site-content-layout":"default","site-content-style":"default","site-sidebar-style":"default","ast-global-header-display":"","ast-banner-title-visibility":"","ast-main-header-display":"","ast-hfb-above-header-display":"","ast-hfb-below-header-display":"","ast-hfb-mobile-header-display":"","site-post-title":"","ast-breadcrumbs-content":"","ast-featured-img":"","footer-sml-layout":"","ast-disable-related-posts":"","theme-transparent-header-meta":"","adv-header-id-meta":"","stick-header-meta":"","header-above-stick-meta":"","header-main-stick-meta":"","header-below-stick-meta":"","astra-migrate-meta-layouts":"default","ast-page-background-enabled":"default","ast-page-background-meta":{"desktop":{"background-color":"var(--ast-global-color-5)","background-image":"","background-repeat":"repeat","background-position":"center center","background-size":"auto","background-attachment":"scroll","background-type":"","background-media":"","overlay-type":"","overlay-color":"","overlay-opacity":"","overlay-gradient":""},"tablet":{"background-color":"","background-image":"","background-repeat":"repeat","background-position":"center center","background-size":"auto","background-attachment":"scroll","background-type":"","background-media":"","overlay-type":"","overlay-color":"","overlay-opacity":"","overlay-gradient":""},"mobile":{"background-color":"","background-image":"","background-repeat":"repeat","background-position":"center center","background-size":"auto","background-attachment":"scroll","background-type":"","background-media":"","overlay-type":"","overlay-color":"","overlay-opacity":"","overlay-gradient":""}},"ast-content-background-meta":{"desktop":{"background-color":"var(--ast-global-color-4)","background-image":"","background-repeat":"repeat","background-position":"center center","background-size":"auto","background-attachment":"scroll","background-type":"","background-media":"","overlay-type":"","overlay-color":"","overlay-opacity":"","overlay-gradient":""},"tablet":{"background-color":"var(--ast-global-color-4)","background-image":"","background-repeat":"repeat","background-position":"center center","background-size":"auto","background-attachment":"scroll","background-type":"","background-media":"","overlay-type":"","overlay-color":"","overlay-opacity":"","overlay-gradient":""},"mobile":{"background-color":"var(--ast-global-color-4)","background-image":"","background-repeat":"repeat","background-position":"center center","background-size":"auto","background-attachment":"scroll","background-type":"","background-media":"","overlay-type":"","overlay-color":"","overlay-opacity":"","overlay-gradient":""}},"footnotes":""},"class_list":["post-14881","page","type-page","status-publish","has-post-thumbnail","hentry"],"aioseo_notices":[],"_links":{"self":[{"href":"https:\/\/www.paulonogueiraterapias.com\/es\/wp-json\/wp\/v2\/pages\/14881","targetHints":{"allow":["GET"]}}],"collection":[{"href":"https:\/\/www.paulonogueiraterapias.com\/es\/wp-json\/wp\/v2\/pages"}],"about":[{"href":"https:\/\/www.paulonogueiraterapias.com\/es\/wp-json\/wp\/v2\/types\/page"}],"author":[{"embeddable":true,"href":"https:\/\/www.paulonogueiraterapias.com\/es\/wp-json\/wp\/v2\/users\/1"}],"replies":[{"embeddable":true,"href":"https:\/\/www.paulonogueiraterapias.com\/es\/wp-json\/wp\/v2\/comments?post=14881"}],"version-history":[{"count":0,"href":"https:\/\/www.paulonogueiraterapias.com\/es\/wp-json\/wp\/v2\/pages\/14881\/revisions"}],"wp:featuredmedia":[{"embeddable":true,"href":"https:\/\/www.paulonogueiraterapias.com\/es\/wp-json\/wp\/v2\/media\/12723"}],"wp:attachment":[{"href":"https:\/\/www.paulonogueiraterapias.com\/es\/wp-json\/wp\/v2\/media?parent=14881"}],"curies":[{"name":"wp","href":"https:\/\/api.w.org\/{rel}","templated":true}]}}