{"id":14875,"date":"2019-09-26T15:06:32","date_gmt":"2019-09-26T15:06:32","guid":{"rendered":"https:\/\/www.paulonogueiraterapias.com\/seres-de-luz-de-sirio\/"},"modified":"2021-12-10T23:30:52","modified_gmt":"2021-12-10T23:30:52","slug":"seres-de-luz-de-sirio","status":"publish","type":"page","link":"https:\/\/www.paulonogueiraterapias.com\/es\/seres-de-luz-de-sirio\/","title":{"rendered":"Seres de Luz de Sirio"},"content":{"rendered":"\n<p>Los Seres de Luz de Sirio participan en el <a href=\"https:\/\/www.paulonogueiraterapias.com\/curso-cura-ascensional\/\">Curso de Sanaci\u00f3n de la Ascensi\u00f3n<\/a> para facilitar el desarrollo de la Conciencia Cr\u00edstica en los participantes. Estos maestros provienen de la estrella Sirio A, situada en la constelaci\u00f3n del Gran Perro, que es unas 23 veces m\u00e1s brillante que nuestro Sol y se encuentra a una distancia de 8,6 a\u00f1os luz (unos 8,136 x 10<sup>13<\/sup> Kms) de la Tierra y es la estrella m\u00e1s brillante que puede verse en el cielo nocturno. La estrella Sirio \u03b1 (Alfa Sirio) forma con la estrella Sirio <em>\u03b2<\/em> (Beta Sirio), una binaria de estrellas que orbitan entre s\u00ed a una distancia de 20 unidades astron\u00f3micas (unos 3 000 000 000 km).<\/p>\n\n<p>El nombre de Sirio proviene del griego <em>seirious<\/em> que significa &#8220;brillante&#8221;. Se trata de una estrella venerada desde la antig\u00fcedad por diversas culturas de la Tierra. Por ejemplo, Atlantis en la lengua que hablaban los antiguos atlantes significa &#8220;La casa de Sirio&#8221;. Este hecho ya indica la conexi\u00f3n de la civilizaci\u00f3n atlante con los maestros sirios que les transmitieron el conocimiento. Este conocimiento, cuando la Atl\u00e1ntida se hundi\u00f3, pas\u00f3 a Egipto donde la estrella Sirio se asoci\u00f3 con la diosa Isis (actualmente un maestro ascendido y complemento femenino del maestro Serapis Bey &#8211; el dios Osiris).<\/p>\n","protected":false},"excerpt":{"rendered":"<p>Los Seres de Luz de Sirio participan en el Curso de Sanaci\u00f3n de la Ascensi\u00f3n para facilitar el desarrollo de la Conciencia Cr\u00edstica en los participantes. Estos maestros provienen de [&hellip;]<\/p>\n","protected":false},"author":1,"featured_media":0,"parent":0,"menu_order":0,"comment_status":"closed","ping_status":"closed","template":"","meta":{"om_disable_all_campaigns":false,"_mi_skip_tracking":false,"site-sidebar-layout":"default","site-content-layout":"","ast-site-content-layout":"default","site-content-style":"default","site-sidebar-style":"default","ast-global-header-display":"","ast-banner-title-visibility":"","ast-main-header-display":"","ast-hfb-above-header-display":"","ast-hfb-below-header-display":"","ast-hfb-mobile-header-display":"","site-post-title":"","ast-breadcrumbs-content":"","ast-featured-img":"","footer-sml-layout":"","ast-disable-related-posts":"","theme-transparent-header-meta":"","adv-header-id-meta":"","stick-header-meta":"","header-above-stick-meta":"","header-main-stick-meta":"","header-below-stick-meta":"","astra-migrate-meta-layouts":"default","ast-page-background-enabled":"default","ast-page-background-meta":{"desktop":{"background-color":"var(--ast-global-color-5)","background-image":"","background-repeat":"repeat","background-position":"center center","background-size":"auto","background-attachment":"scroll","background-type":"","background-media":"","overlay-type":"","overlay-color":"","overlay-opacity":"","overlay-gradient":""},"tablet":{"background-color":"","background-image":"","background-repeat":"repeat","background-position":"center center","background-size":"auto","background-attachment":"scroll","background-type":"","background-media":"","overlay-type":"","overlay-color":"","overlay-opacity":"","overlay-gradient":""},"mobile":{"background-color":"","background-image":"","background-repeat":"repeat","background-position":"center center","background-size":"auto","background-attachment":"scroll","background-type":"","background-media":"","overlay-type":"","overlay-color":"","overlay-opacity":"","overlay-gradient":""}},"ast-content-background-meta":{"desktop":{"background-color":"var(--ast-global-color-4)","background-image":"","background-repeat":"repeat","background-position":"center center","background-size":"auto","background-attachment":"scroll","background-type":"","background-media":"","overlay-type":"","overlay-color":"","overlay-opacity":"","overlay-gradient":""},"tablet":{"background-color":"var(--ast-global-color-4)","background-image":"","background-repeat":"repeat","background-position":"center center","background-size":"auto","background-attachment":"scroll","background-type":"","background-media":"","overlay-type":"","overlay-color":"","overlay-opacity":"","overlay-gradient":""},"mobile":{"background-color":"var(--ast-global-color-4)","background-image":"","background-repeat":"repeat","background-position":"center center","background-size":"auto","background-attachment":"scroll","background-type":"","background-media":"","overlay-type":"","overlay-color":"","overlay-opacity":"","overlay-gradient":""}},"footnotes":""},"class_list":["post-14875","page","type-page","status-publish","hentry"],"aioseo_notices":[],"_links":{"self":[{"href":"https:\/\/www.paulonogueiraterapias.com\/es\/wp-json\/wp\/v2\/pages\/14875","targetHints":{"allow":["GET"]}}],"collection":[{"href":"https:\/\/www.paulonogueiraterapias.com\/es\/wp-json\/wp\/v2\/pages"}],"about":[{"href":"https:\/\/www.paulonogueiraterapias.com\/es\/wp-json\/wp\/v2\/types\/page"}],"author":[{"embeddable":true,"href":"https:\/\/www.paulonogueiraterapias.com\/es\/wp-json\/wp\/v2\/users\/1"}],"replies":[{"embeddable":true,"href":"https:\/\/www.paulonogueiraterapias.com\/es\/wp-json\/wp\/v2\/comments?post=14875"}],"version-history":[{"count":0,"href":"https:\/\/www.paulonogueiraterapias.com\/es\/wp-json\/wp\/v2\/pages\/14875\/revisions"}],"wp:attachment":[{"href":"https:\/\/www.paulonogueiraterapias.com\/es\/wp-json\/wp\/v2\/media?parent=14875"}],"curies":[{"name":"wp","href":"https:\/\/api.w.org\/{rel}","templated":true}]}}