{"id":14874,"date":"2019-08-29T16:21:03","date_gmt":"2019-08-29T16:21:03","guid":{"rendered":"https:\/\/www.paulonogueiraterapias.com\/sanacion-de-la-ascension-amor\/"},"modified":"2021-12-10T23:30:52","modified_gmt":"2021-12-10T23:30:52","slug":"sanacion-de-la-ascension-amor","status":"publish","type":"page","link":"https:\/\/www.paulonogueiraterapias.com\/es\/sanacion-de-la-ascension-amor\/","title":{"rendered":"Sanaci\u00f3n de la Ascensi\u00f3n &#8211; Amor"},"content":{"rendered":"\n<p>En el <a href=\"https:\/\/www.paulonogueiraterapias.com\/curso-cura-ascencional\/\">Curso de Sanaci\u00f3n de la Ascensi\u00f3n<\/a>, los alumnos reciben una iniciaci\u00f3n que est\u00e1 dise\u00f1ada para abrir el chakra del coraz\u00f3n &#8211; la Iniciaci\u00f3n de Apertura del Chakra del Coraz\u00f3n. Esta iniciaci\u00f3n tan especial es impartida por los Seres de Luz de las Pl\u00e9yades, un c\u00famulo de estrellas de la constelaci\u00f3n de Tauro, y sirve para abrir de forma segura y org\u00e1nica el chakra del coraz\u00f3n que asume como una de sus funciones, equilibrar y armonizar los dem\u00e1s chakras. El chakra del coraz\u00f3n se encuentra en el centro del sistema de chakras y tambi\u00e9n se llama el chakra unificado. La funci\u00f3n principal del chakra del coraz\u00f3n es inspirarnos amor y compasi\u00f3n por nosotros mismos y por los dem\u00e1s, as\u00ed como comprensi\u00f3n, no a nivel mental, sino a nivel de empat\u00eda y compasi\u00f3n. Otra de sus funciones es darnos un sentido de conexi\u00f3n con otras personas, as\u00ed como con la Naturaleza.<\/p>\n\n<p>A trav\u00e9s del chakra del coraz\u00f3n, somos capaces de comprender que todo lo que existe est\u00e1 interconectado. Este chakra tiene 4 capas de 3 p\u00e9talos en cada capa, teniendo as\u00ed 12 p\u00e9talos.<\/p>\n\n<p>Al igual que las otras iniciaciones, esta iniciaci\u00f3n contribuye al desarrollo de la <a href=\"https:\/\/www.paulonogueiraterapias.com\/es\/conciencia-de-cristo-2\/\">conciencia de Cristo<\/a>.<\/p>\n","protected":false},"excerpt":{"rendered":"<p>En el Curso de Sanaci\u00f3n de la Ascensi\u00f3n, los alumnos reciben una iniciaci\u00f3n que est\u00e1 dise\u00f1ada para abrir el chakra del coraz\u00f3n &#8211; la Iniciaci\u00f3n de Apertura del Chakra del [&hellip;]<\/p>\n","protected":false},"author":1,"featured_media":0,"parent":0,"menu_order":0,"comment_status":"closed","ping_status":"closed","template":"","meta":{"om_disable_all_campaigns":false,"_mi_skip_tracking":false,"site-sidebar-layout":"default","site-content-layout":"","ast-site-content-layout":"default","site-content-style":"default","site-sidebar-style":"default","ast-global-header-display":"","ast-banner-title-visibility":"","ast-main-header-display":"","ast-hfb-above-header-display":"","ast-hfb-below-header-display":"","ast-hfb-mobile-header-display":"","site-post-title":"","ast-breadcrumbs-content":"","ast-featured-img":"","footer-sml-layout":"","ast-disable-related-posts":"","theme-transparent-header-meta":"","adv-header-id-meta":"","stick-header-meta":"","header-above-stick-meta":"","header-main-stick-meta":"","header-below-stick-meta":"","astra-migrate-meta-layouts":"default","ast-page-background-enabled":"default","ast-page-background-meta":{"desktop":{"background-color":"var(--ast-global-color-5)","background-image":"","background-repeat":"repeat","background-position":"center center","background-size":"auto","background-attachment":"scroll","background-type":"","background-media":"","overlay-type":"","overlay-color":"","overlay-opacity":"","overlay-gradient":""},"tablet":{"background-color":"","background-image":"","background-repeat":"repeat","background-position":"center center","background-size":"auto","background-attachment":"scroll","background-type":"","background-media":"","overlay-type":"","overlay-color":"","overlay-opacity":"","overlay-gradient":""},"mobile":{"background-color":"","background-image":"","background-repeat":"repeat","background-position":"center center","background-size":"auto","background-attachment":"scroll","background-type":"","background-media":"","overlay-type":"","overlay-color":"","overlay-opacity":"","overlay-gradient":""}},"ast-content-background-meta":{"desktop":{"background-color":"var(--ast-global-color-4)","background-image":"","background-repeat":"repeat","background-position":"center center","background-size":"auto","background-attachment":"scroll","background-type":"","background-media":"","overlay-type":"","overlay-color":"","overlay-opacity":"","overlay-gradient":""},"tablet":{"background-color":"var(--ast-global-color-4)","background-image":"","background-repeat":"repeat","background-position":"center center","background-size":"auto","background-attachment":"scroll","background-type":"","background-media":"","overlay-type":"","overlay-color":"","overlay-opacity":"","overlay-gradient":""},"mobile":{"background-color":"var(--ast-global-color-4)","background-image":"","background-repeat":"repeat","background-position":"center center","background-size":"auto","background-attachment":"scroll","background-type":"","background-media":"","overlay-type":"","overlay-color":"","overlay-opacity":"","overlay-gradient":""}},"footnotes":""},"class_list":["post-14874","page","type-page","status-publish","hentry"],"aioseo_notices":[],"_links":{"self":[{"href":"https:\/\/www.paulonogueiraterapias.com\/es\/wp-json\/wp\/v2\/pages\/14874","targetHints":{"allow":["GET"]}}],"collection":[{"href":"https:\/\/www.paulonogueiraterapias.com\/es\/wp-json\/wp\/v2\/pages"}],"about":[{"href":"https:\/\/www.paulonogueiraterapias.com\/es\/wp-json\/wp\/v2\/types\/page"}],"author":[{"embeddable":true,"href":"https:\/\/www.paulonogueiraterapias.com\/es\/wp-json\/wp\/v2\/users\/1"}],"replies":[{"embeddable":true,"href":"https:\/\/www.paulonogueiraterapias.com\/es\/wp-json\/wp\/v2\/comments?post=14874"}],"version-history":[{"count":0,"href":"https:\/\/www.paulonogueiraterapias.com\/es\/wp-json\/wp\/v2\/pages\/14874\/revisions"}],"wp:attachment":[{"href":"https:\/\/www.paulonogueiraterapias.com\/es\/wp-json\/wp\/v2\/media?parent=14874"}],"curies":[{"name":"wp","href":"https:\/\/api.w.org\/{rel}","templated":true}]}}