{"id":14866,"date":"2019-08-28T20:06:24","date_gmt":"2019-08-28T20:06:24","guid":{"rendered":"https:\/\/www.paulonogueiraterapias.com\/el-poder-de-la-respiracion\/"},"modified":"2021-12-10T23:30:54","modified_gmt":"2021-12-10T23:30:54","slug":"el-poder-de-la-respiracion","status":"publish","type":"page","link":"https:\/\/www.paulonogueiraterapias.com\/es\/el-poder-de-la-respiracion\/","title":{"rendered":"El poder de la respiraci\u00f3n"},"content":{"rendered":"\n<p>La Iniciaci\u00f3n a la energ\u00eda de la Respiraci\u00f3n es dada por los Maestros de Luz de la estrella Polaris &#8211; los Polarianos &#8211; que da a los participantes del <a href=\"https:\/\/www.paulonogueiraterapias.com\/curso-cura-ascensional\/\">Curso de Sanaci\u00f3n Ascendida<\/a> la capacidad de utilizar la respiraci\u00f3n como un mecanismo de evoluci\u00f3n espiritual.  <\/p>\n\n<p>Esta iniciaci\u00f3n tiene dos prop\u00f3sitos: el primero es liberar los patrones mentales que influyen negativamente en la respiraci\u00f3n de diversas maneras. El segundo prop\u00f3sito es permitir que el Yo Superior del aprendiz trabaje en su respiraci\u00f3n para evolucionar espiritualmente. Sabemos emp\u00edricamente que nuestros pensamientos y emociones afectan directamente a nuestra forma de respirar. Practicando un tipo de yoga, por ejemplo <a href=\"https:\/\/www.paulonogueiraterapias.com\/kundalini-yoga\/\">el Kundalini Yoga<\/a>, que trabaja con la respiraci\u00f3n, aprendemos a liberar diversas emociones y pensamientos perjudiciales.<\/p>\n\n<p>Debemos entender que lo consciente est\u00e1 gobernado por el sistema nervioso central (SNC) mientras que lo inconsciente est\u00e1 gobernado por el sistema nervioso aut\u00f3nomo (SNA). As\u00ed, la respiraci\u00f3n es una funci\u00f3n del SNA, por lo que est\u00e1 controlada por el inconsciente. Dado que la respiraci\u00f3n es la \u00fanica funci\u00f3n del SNA en la que podemos interferir y controlar, podemos utilizarla como puente entre el inconsciente y el consciente.<\/p>\n\n<p>La Iniciaci\u00f3n a la energ\u00eda de la Respiraci\u00f3n activa un punto energ\u00e9tico llamado, en el tao\u00edsmo, el Coj\u00edn de Jade que se encuentra en una protuberancia del hueso occipital. Este punto energ\u00e9tico controla la respiraci\u00f3n y compensa con su energ\u00eda predominantemente <em>Yin<\/em> el resto del cerebro que tiene una energ\u00eda predominantemente <em>Yang<\/em>. Cuando se activa este centro energ\u00e9tico, el patr\u00f3n de respiraci\u00f3n var\u00eda para adaptarse a la situaci\u00f3n que vive el individuo.<\/p>\n\n<figure class=\"wp-block-image is-resized\"><img loading=\"lazy\" decoding=\"async\" src=\"https:\/\/www.paulonogueiraterapias.com\/wp-content\/uploads\/2019\/08\/cura-ascensional-almofada-jade.gif\" alt=\"Centros de energ&#xED;a en el cuerpo humano\" class=\"wp-image-12811\" width=\"571\" height=\"665\"\/><\/figure>\n\n<p>Esta iniciaci\u00f3n es muy importante ya que permite a tu Ser Superior controlar tu respiraci\u00f3n en diversas situaciones, especialmente cuando est\u00e1s practicando la Meditaci\u00f3n. Despu\u00e9s de recibir esta iniciaci\u00f3n, los estudiantes del Curso de Sanaci\u00f3n de la Ascensi\u00f3n pueden notar ajustes en su patr\u00f3n de respiraci\u00f3n en su vida diaria, aunque estos ajustes se hacen m\u00e1s notables durante la meditaci\u00f3n. B\u00e1sicamente, con esta iniciaci\u00f3n, los estudiantes est\u00e1n dando permiso a su Ser Superior para usar la respiraci\u00f3n para liberar varios patrones de pensamiento negativos. Todo lo que el aprendiz tendr\u00e1 que hacer es simplemente observar su respiraci\u00f3n durante la meditaci\u00f3n, que a veces puede hacer aflorar varios recuerdos desagradables que estaban reprimidos en el subconsciente.<\/p>\n\n<p>El objetivo de esta iniciaci\u00f3n, similar a la iniciaci\u00f3n en la energ\u00eda de la Esperanza dada por los maestros arcturianos, es permitir el desarrollo de la Conciencia Cr\u00edstica facilitando el acceso a ese estado de conciencia a trav\u00e9s de los patrones de respiraci\u00f3n asociados a ella. Asimismo, esta iniciaci\u00f3n desarrolla el libre flujo de energ\u00eda en la zona del chakra del coraz\u00f3n.<\/p>\n","protected":false},"excerpt":{"rendered":"<p>La Iniciaci\u00f3n a la energ\u00eda de la Respiraci\u00f3n es dada por los Maestros de Luz de la estrella Polaris &#8211; los Polarianos &#8211; que da a los participantes del Curso [&hellip;]<\/p>\n","protected":false},"author":1,"featured_media":0,"parent":0,"menu_order":0,"comment_status":"closed","ping_status":"closed","template":"","meta":{"om_disable_all_campaigns":false,"_mi_skip_tracking":false,"site-sidebar-layout":"default","site-content-layout":"","ast-site-content-layout":"default","site-content-style":"default","site-sidebar-style":"default","ast-global-header-display":"","ast-banner-title-visibility":"","ast-main-header-display":"","ast-hfb-above-header-display":"","ast-hfb-below-header-display":"","ast-hfb-mobile-header-display":"","site-post-title":"","ast-breadcrumbs-content":"","ast-featured-img":"","footer-sml-layout":"","ast-disable-related-posts":"","theme-transparent-header-meta":"","adv-header-id-meta":"","stick-header-meta":"","header-above-stick-meta":"","header-main-stick-meta":"","header-below-stick-meta":"","astra-migrate-meta-layouts":"default","ast-page-background-enabled":"default","ast-page-background-meta":{"desktop":{"background-color":"var(--ast-global-color-5)","background-image":"","background-repeat":"repeat","background-position":"center center","background-size":"auto","background-attachment":"scroll","background-type":"","background-media":"","overlay-type":"","overlay-color":"","overlay-opacity":"","overlay-gradient":""},"tablet":{"background-color":"","background-image":"","background-repeat":"repeat","background-position":"center center","background-size":"auto","background-attachment":"scroll","background-type":"","background-media":"","overlay-type":"","overlay-color":"","overlay-opacity":"","overlay-gradient":""},"mobile":{"background-color":"","background-image":"","background-repeat":"repeat","background-position":"center center","background-size":"auto","background-attachment":"scroll","background-type":"","background-media":"","overlay-type":"","overlay-color":"","overlay-opacity":"","overlay-gradient":""}},"ast-content-background-meta":{"desktop":{"background-color":"var(--ast-global-color-4)","background-image":"","background-repeat":"repeat","background-position":"center center","background-size":"auto","background-attachment":"scroll","background-type":"","background-media":"","overlay-type":"","overlay-color":"","overlay-opacity":"","overlay-gradient":""},"tablet":{"background-color":"var(--ast-global-color-4)","background-image":"","background-repeat":"repeat","background-position":"center center","background-size":"auto","background-attachment":"scroll","background-type":"","background-media":"","overlay-type":"","overlay-color":"","overlay-opacity":"","overlay-gradient":""},"mobile":{"background-color":"var(--ast-global-color-4)","background-image":"","background-repeat":"repeat","background-position":"center center","background-size":"auto","background-attachment":"scroll","background-type":"","background-media":"","overlay-type":"","overlay-color":"","overlay-opacity":"","overlay-gradient":""}},"footnotes":""},"class_list":["post-14866","page","type-page","status-publish","hentry"],"aioseo_notices":[],"_links":{"self":[{"href":"https:\/\/www.paulonogueiraterapias.com\/es\/wp-json\/wp\/v2\/pages\/14866","targetHints":{"allow":["GET"]}}],"collection":[{"href":"https:\/\/www.paulonogueiraterapias.com\/es\/wp-json\/wp\/v2\/pages"}],"about":[{"href":"https:\/\/www.paulonogueiraterapias.com\/es\/wp-json\/wp\/v2\/types\/page"}],"author":[{"embeddable":true,"href":"https:\/\/www.paulonogueiraterapias.com\/es\/wp-json\/wp\/v2\/users\/1"}],"replies":[{"embeddable":true,"href":"https:\/\/www.paulonogueiraterapias.com\/es\/wp-json\/wp\/v2\/comments?post=14866"}],"version-history":[{"count":0,"href":"https:\/\/www.paulonogueiraterapias.com\/es\/wp-json\/wp\/v2\/pages\/14866\/revisions"}],"wp:attachment":[{"href":"https:\/\/www.paulonogueiraterapias.com\/es\/wp-json\/wp\/v2\/media?parent=14866"}],"curies":[{"name":"wp","href":"https:\/\/api.w.org\/{rel}","templated":true}]}}