{"id":14853,"date":"2019-09-17T14:53:49","date_gmt":"2019-09-17T14:53:49","guid":{"rendered":"https:\/\/www.paulonogueiraterapias.com\/iniciacion-a-la-conciencia-del-alma\/"},"modified":"2021-12-10T23:30:54","modified_gmt":"2021-12-10T23:30:54","slug":"iniciacion-a-la-conciencia-del-alma","status":"publish","type":"page","link":"https:\/\/www.paulonogueiraterapias.com\/es\/iniciacion-a-la-conciencia-del-alma\/","title":{"rendered":"Iniciaci\u00f3n a la conciencia del alma"},"content":{"rendered":"\n<p>La Iniciaci\u00f3n a la Conciencia del Alma ayuda al estudiante del <a href=\"https:\/\/www.paulonogueiraterapias.com\/curso-cura-ascensional\/\">curso de Sanaci\u00f3n de la Ascensi\u00f3n<\/a> a expandir su conciencia del Alma y aumenta la probabilidad de que experimente, aunque sea temporalmente, estados de amor puro en los que casi flota desde el suelo, embriagado por la sensaci\u00f3n de \u00e9xtasis. Es a trav\u00e9s del Alma que Dios experimenta el cuerpo f\u00edsico.<\/p>\n\n<p>El aumento de la conciencia del Alma ocurre en etapas y en cada etapa hay una afluencia de energ\u00eda del Alma en la personalidad que puede causar cierta incomodidad al ego que comienza a resistirse a esta afluencia. Esta resistencia es sentida por el individuo como ansiedad. La naturaleza del ego es identificarse con todo lo que experimenta. El ego se identifica con una nacionalidad, un g\u00e9nero, unos gustos musicales, una colecci\u00f3n de recuerdos que llama pasado, su ropa, sus expresiones ling\u00fc\u00edsticas, su escritura, su forma de caminar, de sonre\u00edr, de mirar, de saludar, sus opiniones pol\u00edticas, religiosas y filos\u00f3ficas entre un oc\u00e9ano de otros atributos. Cada vez que hay una afluencia de energ\u00eda del Alma en el ego, \u00e9ste se resiente porque teme dejar de existir.<\/p>\n\n<p>Sin embargo, este miedo es injustificado ya que el Alma &#8220;desciende&#8221; para transformar el ego, no para eliminarlo. Incluso cuando alguien alcanza la Iluminaci\u00f3n, esa persona no deja de tener un ego, ya que es el ego el que nos dice d\u00f3nde termina el &#8220;yo&#8221; y empieza todo lo dem\u00e1s. Los maestros ascendidos, por ejemplo, son seres iluminados, y sin embargo cada uno tiene su propia personalidad y especificidad. Jes\u00fas, Babaji, Yogananda, Siddhartha Gautama Buda, Sri Sathya Sai Baba, San Francisco de As\u00eds (Maestro Kuthumi) son ejemplos de personas que han alcanzado la Iluminaci\u00f3n. Sin embargo, aunque cada uno de ellos hab\u00eda alcanzado la plena realizaci\u00f3n de su Alma y hab\u00eda entregado completamente su ego a la voluntad de su Alma, por lo tanto de Dios, no dejaron de tener individualidad.<\/p>\n\n<p>As\u00ed, desgraciadamente, hay varias personas en el camino de la Espiritualidad que restringen su evoluci\u00f3n espiritual debido a la creencia de que si alcanzan la Iluminaci\u00f3n, perder\u00e1n su individualidad y se fundir\u00e1n con el Todo, es decir, con Dios, por lo que desaparecer\u00e1n en el oc\u00e9ano de la Fuente. Sin embargo, esto no se corresponde con la verdad. Buda cuando se ilumin\u00f3 a la edad de 35 a\u00f1os bajo el \u00e1rbol Bodhi, no desapareci\u00f3. Continu\u00f3 ense\u00f1ando y curando hasta los 80 a\u00f1os, cuando abandon\u00f3 el plano de la materia. La iluminaci\u00f3n significa darse cuenta por experiencia de que todo y uno mismo es una manifestaci\u00f3n de Dios y rendir la propia voluntad del ego a la voluntad de Dios. El ser que se ha iluminado no ha dejado de tener ego. S\u00f3lo que pas\u00f3 a subyugarlo a la voluntad de su Alma. La evoluci\u00f3n del Alma es infinita e incluso para aquellos seres que ya han alcanzado la Iluminaci\u00f3n, pueden seguir evolucionando, aunque en misiones adecuadas a la grandeza de sus almas como servir de maestro en un planeta, liberar la mente de toda una civilizaci\u00f3n a trav\u00e9s de su ejemplo y sus ense\u00f1anzas y otras tareas mayores, generalmente de importancia planetaria, estelar o incluso gal\u00e1ctica. El trabajo de los maestros es recorrer el camino y luego mostrarlo a sus decenas o cientos de millones de seguidores.<\/p>\n\n<p>As\u00ed, la persona que busca la Iluminaci\u00f3n debe comprender que alcanzarla s\u00f3lo sirve para hacerse a\u00fan m\u00e1s \u00fatil al prop\u00f3sito del Todo y no simplemente para fundirse en \u00e9l para su propio deleite eterno y privado. Ese es el \u00fanico deseo del Alma: la compasi\u00f3n eterna y universal. Por ello, a veces s\u00f3lo puede satisfacer este deseo mediante encarnaciones en la materia para ayudar a sus semejantes en esa condici\u00f3n. Entonces, de vez en cuando, grandes maestros que ya hab\u00edan alcanzado la Iluminaci\u00f3n en vidas anteriores se encarnan para ayudar a todas las personas de una civilizaci\u00f3n a avanzar espiritualmente. De lo contrario, \u00bfc\u00f3mo podr\u00eda cualquier maestro iluminado alegrarse, conociendo el sufrimiento que atraviesa la humanidad, sufrimiento que es obviamente autoimpuesto por la ignorancia, los deseos y el apego, sin querer ayudar a esta civilizaci\u00f3n a avanzar?  <strong>Por esta raz\u00f3n, el trabajo de cada Alma no iluminada es alcanzar la Iluminaci\u00f3n, y el de cada Alma iluminada es ayudar a todas las dem\u00e1s Almas no iluminadas a alcanzar la Iluminaci\u00f3n.  <\/strong>Como Dios crea almas todo el tiempo, cada nanosegundo, hay millones de nuevas almas no iluminadas que son creadas por Dios. As\u00ed, podemos deducir que el trabajo de todas las Almas desde el momento de su creaci\u00f3n por la Fuente es infinito. A medida que cada Alma evoluciona a trav\u00e9s de la experiencia de la reencarnaci\u00f3n, busca nuevos retos de acuerdo con su grado de evoluci\u00f3n.<\/p>\n\n<p>Sin embargo, al igual que algunas personas de nuestra vida cotidiana que disfrutan con lo que hacen profesionalmente, el trabajo no tiene por qu\u00e9 implicar sufrimiento. Por el contrario, puede llevarse a cabo con alegr\u00eda. Incluso algunos trabajos que implican sufrimiento por parte de quienes los realizan pueden aliviarse cuando se encuentra un prop\u00f3sito mayor en ese sufrimiento.<\/p>\n\n<p>En Mateo 11:29-30, encontramos la siguiente declaraci\u00f3n del maestro Jes\u00fas:<\/p>\n\n<blockquote class=\"wp-block-quote is-layout-flow wp-block-quote-is-layout-flow\"><p><sup>29 <\/sup>Tomad mi yugo sobre vosotros y aprended de m\u00ed, que soy manso y humilde de coraz\u00f3n, y encontrar\u00e9is descanso para vuestras almas.<sup>30 <\/sup>Porque mi yugo es f\u00e1cil, y mi carga es ligera.  <\/p><\/blockquote>\n\n<p>Dada la dif\u00edcil misi\u00f3n de Jes\u00fas en esa encarnaci\u00f3n de hace unos 2000 a\u00f1os, s\u00f3lo podemos entender que su yugo fuera suave y su carga ligera, dado que en ese momento, ya estaba en un estado de conciencia tan elevado que comprend\u00eda que todo el dolor y el sufrimiento valdr\u00edan la pena al final, por un bien mayor y que ning\u00fan dolor o sufrimiento era mayor que su compasi\u00f3n por la humanidad. Actu\u00f3 como si la abnegaci\u00f3n que preve\u00eda en sus \u00faltimos momentos fuera en realidad un privilegio divino que se le hab\u00eda concedido.<\/p>\n\n<p>La Iniciaci\u00f3n de la Conciencia del Alma es particularmente \u00fatil para limpiar la emoci\u00f3n del miedo asociada a la disoluci\u00f3n del ego, presente en el chakra ra\u00edz. Esta iniciaci\u00f3n permite al estudiante del Curso de Sanaci\u00f3n de la Ascensi\u00f3n sentir una de las 3 cualidades del Alma &#8211; el Amor. Las cualidades del Alma son la Mente\/Sabidur\u00eda Superior, el Amor y la Voluntad divina, las mismas que representa la Llama Trina. En la Llama Trina, el Amor est\u00e1 representado por el penacho rosa, la Voluntad divina por el penacho azul y la Sabidur\u00eda por el penacho dorado.<\/p>\n\n<p>En cuanto al aspecto de la entrega del ego a la Voluntad divina, hay que considerar las resistencias, a saber, la idea de que la entrega significa debilidad, estar subyugado o sometido, o simplemente renunciar a la propia voluntad. Esta idea, evidentemente err\u00f3nea, suele habitar en las mentes de las personas que tienen problemas con las figuras de autoridad (padres, polic\u00eda, profesores en la escuela, superiores en la empresa entre otros) y que confunden la entrega del ego a la Voluntad divina con la entrega a una autoridad externa. Cuando hablas de rendir el ego, me refiero a rendirte ante la autoridad de tu Alma, no ante una autoridad externa al lector.<\/p>\n\n<p>Tambi\u00e9n debemos recordar que el Alma es siempre pura y que es la personalidad de la persona la que a veces toma malas decisiones y asume diversas debilidades morales. El objetivo de la evoluci\u00f3n es limpiar las impurezas de la personalidad para que la luz del Alma pueda brillar a trav\u00e9s de la personalidad.<\/p>\n","protected":false},"excerpt":{"rendered":"<p>La Iniciaci\u00f3n a la Conciencia del Alma ayuda al estudiante del curso de Sanaci\u00f3n de la Ascensi\u00f3n a expandir su conciencia del Alma y aumenta la probabilidad de que experimente, [&hellip;]<\/p>\n","protected":false},"author":1,"featured_media":0,"parent":0,"menu_order":0,"comment_status":"closed","ping_status":"closed","template":"","meta":{"om_disable_all_campaigns":false,"_mi_skip_tracking":false,"site-sidebar-layout":"default","site-content-layout":"","ast-site-content-layout":"default","site-content-style":"default","site-sidebar-style":"default","ast-global-header-display":"","ast-banner-title-visibility":"","ast-main-header-display":"","ast-hfb-above-header-display":"","ast-hfb-below-header-display":"","ast-hfb-mobile-header-display":"","site-post-title":"","ast-breadcrumbs-content":"","ast-featured-img":"","footer-sml-layout":"","ast-disable-related-posts":"","theme-transparent-header-meta":"","adv-header-id-meta":"","stick-header-meta":"","header-above-stick-meta":"","header-main-stick-meta":"","header-below-stick-meta":"","astra-migrate-meta-layouts":"default","ast-page-background-enabled":"default","ast-page-background-meta":{"desktop":{"background-color":"var(--ast-global-color-5)","background-image":"","background-repeat":"repeat","background-position":"center center","background-size":"auto","background-attachment":"scroll","background-type":"","background-media":"","overlay-type":"","overlay-color":"","overlay-opacity":"","overlay-gradient":""},"tablet":{"background-color":"","background-image":"","background-repeat":"repeat","background-position":"center center","background-size":"auto","background-attachment":"scroll","background-type":"","background-media":"","overlay-type":"","overlay-color":"","overlay-opacity":"","overlay-gradient":""},"mobile":{"background-color":"","background-image":"","background-repeat":"repeat","background-position":"center center","background-size":"auto","background-attachment":"scroll","background-type":"","background-media":"","overlay-type":"","overlay-color":"","overlay-opacity":"","overlay-gradient":""}},"ast-content-background-meta":{"desktop":{"background-color":"var(--ast-global-color-4)","background-image":"","background-repeat":"repeat","background-position":"center center","background-size":"auto","background-attachment":"scroll","background-type":"","background-media":"","overlay-type":"","overlay-color":"","overlay-opacity":"","overlay-gradient":""},"tablet":{"background-color":"var(--ast-global-color-4)","background-image":"","background-repeat":"repeat","background-position":"center center","background-size":"auto","background-attachment":"scroll","background-type":"","background-media":"","overlay-type":"","overlay-color":"","overlay-opacity":"","overlay-gradient":""},"mobile":{"background-color":"var(--ast-global-color-4)","background-image":"","background-repeat":"repeat","background-position":"center center","background-size":"auto","background-attachment":"scroll","background-type":"","background-media":"","overlay-type":"","overlay-color":"","overlay-opacity":"","overlay-gradient":""}},"footnotes":""},"class_list":["post-14853","page","type-page","status-publish","hentry"],"aioseo_notices":[],"_links":{"self":[{"href":"https:\/\/www.paulonogueiraterapias.com\/es\/wp-json\/wp\/v2\/pages\/14853","targetHints":{"allow":["GET"]}}],"collection":[{"href":"https:\/\/www.paulonogueiraterapias.com\/es\/wp-json\/wp\/v2\/pages"}],"about":[{"href":"https:\/\/www.paulonogueiraterapias.com\/es\/wp-json\/wp\/v2\/types\/page"}],"author":[{"embeddable":true,"href":"https:\/\/www.paulonogueiraterapias.com\/es\/wp-json\/wp\/v2\/users\/1"}],"replies":[{"embeddable":true,"href":"https:\/\/www.paulonogueiraterapias.com\/es\/wp-json\/wp\/v2\/comments?post=14853"}],"version-history":[{"count":0,"href":"https:\/\/www.paulonogueiraterapias.com\/es\/wp-json\/wp\/v2\/pages\/14853\/revisions"}],"wp:attachment":[{"href":"https:\/\/www.paulonogueiraterapias.com\/es\/wp-json\/wp\/v2\/media?parent=14853"}],"curies":[{"name":"wp","href":"https:\/\/api.w.org\/{rel}","templated":true}]}}