{"id":14842,"date":"2019-08-29T16:45:11","date_gmt":"2019-08-29T16:45:11","guid":{"rendered":"https:\/\/www.paulonogueiraterapias.com\/conciencia-de-cristo-2\/"},"modified":"2021-12-10T23:30:52","modified_gmt":"2021-12-10T23:30:52","slug":"conciencia-de-cristo-2","status":"publish","type":"page","link":"https:\/\/www.paulonogueiraterapias.com\/es\/conciencia-de-cristo-2\/","title":{"rendered":"Conciencia de Cristo"},"content":{"rendered":"\n<p>La Conciencia Cr\u00edstica se refiere a un estado de conciencia de la Iluminaci\u00f3n. La conciencia de Cristo tambi\u00e9n puede llamarse naturaleza de Buda o naturaleza de Buda. A largo plazo, el prop\u00f3sito del Curso de Sanaci\u00f3n para la Ascensi\u00f3n es servir de herramienta para ayudar a alcanzar ese estado que nos permitir\u00e1 reconocer en todos y cada uno de los seres. la manifestaci\u00f3n de Dios.<\/p>\n\n<p>Una cosa es saber intelectualmente que todo es una manifestaci\u00f3n del Absoluto. Otra cosa es reconocer, comprender, sentir a Dios en todas las cosas. Aunque hay procesos que nos permiten temporalmente saborear este estado, como es el caso del chamanismo con plantas de poder como la Ayahuasca y otros ente\u00f3genos, el objetivo es acercarnos y acercarnos con m\u00e1s frecuencia a este estado en nuestra vida cotidiana, sin necesidad de ingerir plantas.<\/p>\n","protected":false},"excerpt":{"rendered":"<p>La Conciencia Cr\u00edstica se refiere a un estado de conciencia de la Iluminaci\u00f3n. La conciencia de Cristo tambi\u00e9n puede llamarse naturaleza de Buda o naturaleza de Buda. A largo plazo, [&hellip;]<\/p>\n","protected":false},"author":1,"featured_media":0,"parent":0,"menu_order":0,"comment_status":"closed","ping_status":"closed","template":"","meta":{"om_disable_all_campaigns":false,"_mi_skip_tracking":false,"site-sidebar-layout":"default","site-content-layout":"","ast-site-content-layout":"default","site-content-style":"default","site-sidebar-style":"default","ast-global-header-display":"","ast-banner-title-visibility":"","ast-main-header-display":"","ast-hfb-above-header-display":"","ast-hfb-below-header-display":"","ast-hfb-mobile-header-display":"","site-post-title":"","ast-breadcrumbs-content":"","ast-featured-img":"","footer-sml-layout":"","ast-disable-related-posts":"","theme-transparent-header-meta":"","adv-header-id-meta":"","stick-header-meta":"","header-above-stick-meta":"","header-main-stick-meta":"","header-below-stick-meta":"","astra-migrate-meta-layouts":"default","ast-page-background-enabled":"default","ast-page-background-meta":{"desktop":{"background-color":"var(--ast-global-color-5)","background-image":"","background-repeat":"repeat","background-position":"center center","background-size":"auto","background-attachment":"scroll","background-type":"","background-media":"","overlay-type":"","overlay-color":"","overlay-opacity":"","overlay-gradient":""},"tablet":{"background-color":"","background-image":"","background-repeat":"repeat","background-position":"center center","background-size":"auto","background-attachment":"scroll","background-type":"","background-media":"","overlay-type":"","overlay-color":"","overlay-opacity":"","overlay-gradient":""},"mobile":{"background-color":"","background-image":"","background-repeat":"repeat","background-position":"center center","background-size":"auto","background-attachment":"scroll","background-type":"","background-media":"","overlay-type":"","overlay-color":"","overlay-opacity":"","overlay-gradient":""}},"ast-content-background-meta":{"desktop":{"background-color":"var(--ast-global-color-4)","background-image":"","background-repeat":"repeat","background-position":"center center","background-size":"auto","background-attachment":"scroll","background-type":"","background-media":"","overlay-type":"","overlay-color":"","overlay-opacity":"","overlay-gradient":""},"tablet":{"background-color":"var(--ast-global-color-4)","background-image":"","background-repeat":"repeat","background-position":"center center","background-size":"auto","background-attachment":"scroll","background-type":"","background-media":"","overlay-type":"","overlay-color":"","overlay-opacity":"","overlay-gradient":""},"mobile":{"background-color":"var(--ast-global-color-4)","background-image":"","background-repeat":"repeat","background-position":"center center","background-size":"auto","background-attachment":"scroll","background-type":"","background-media":"","overlay-type":"","overlay-color":"","overlay-opacity":"","overlay-gradient":""}},"footnotes":""},"class_list":["post-14842","page","type-page","status-publish","hentry"],"aioseo_notices":[],"_links":{"self":[{"href":"https:\/\/www.paulonogueiraterapias.com\/es\/wp-json\/wp\/v2\/pages\/14842","targetHints":{"allow":["GET"]}}],"collection":[{"href":"https:\/\/www.paulonogueiraterapias.com\/es\/wp-json\/wp\/v2\/pages"}],"about":[{"href":"https:\/\/www.paulonogueiraterapias.com\/es\/wp-json\/wp\/v2\/types\/page"}],"author":[{"embeddable":true,"href":"https:\/\/www.paulonogueiraterapias.com\/es\/wp-json\/wp\/v2\/users\/1"}],"replies":[{"embeddable":true,"href":"https:\/\/www.paulonogueiraterapias.com\/es\/wp-json\/wp\/v2\/comments?post=14842"}],"version-history":[{"count":0,"href":"https:\/\/www.paulonogueiraterapias.com\/es\/wp-json\/wp\/v2\/pages\/14842\/revisions"}],"wp:attachment":[{"href":"https:\/\/www.paulonogueiraterapias.com\/es\/wp-json\/wp\/v2\/media?parent=14842"}],"curies":[{"name":"wp","href":"https:\/\/api.w.org\/{rel}","templated":true}]}}