{"id":14827,"date":"2019-08-29T15:06:21","date_gmt":"2019-08-29T15:06:21","guid":{"rendered":"https:\/\/www.paulonogueiraterapias.com\/mitos-en-el-proceso-de-ascenso\/"},"modified":"2021-12-10T23:30:53","modified_gmt":"2021-12-10T23:30:53","slug":"mitos-en-el-proceso-de-ascenso","status":"publish","type":"page","link":"https:\/\/www.paulonogueiraterapias.com\/es\/mitos-en-el-proceso-de-ascenso\/","title":{"rendered":"Mitos en el proceso de ascenso"},"content":{"rendered":"\n<p>Mito 1: La muerte resuelve todos los problemas<\/p>\n\n<p>Muchas personas desean ascender. Algunas de estas personas creen que la tristeza que sienten, as\u00ed como todas las dificultades que atraviesan en sus vidas, simplemente desaparecer\u00e1n en cuanto asciendan. Algunos incluso creen que puede ser necesario dejar su veh\u00edculo de manifestaci\u00f3n material para conseguirlo. Sin embargo, olvidan que sus dificultades y limitaciones no desaparecen con la desencarnaci\u00f3n como por arte de magia. Una persona encarnada que es infeliz seguir\u00e1 siendo infeliz cuando desencarne. Los sentimientos negativos que acompa\u00f1an a la persona no desaparecen s\u00f3lo porque la persona haya muerto. La muerte no cambia nada. Lo que debe cambiar es la actitud de esa persona ante la vida. La ascensi\u00f3n la construye la propia persona a trav\u00e9s de su esfuerzo personal por mejorar. No es algo que dependa de los maestros de la Espiritualidad Superior sino del propio individuo. Los Maestros y los Seres de Luz ayudan pero no hacen el viaje por el individuo. La trayectoria de cada uno en el largo camino de la evoluci\u00f3n espiritual es personal e intransferible.<\/p>\n\n<p>Mito 2: Ganar al sujeto<\/p>\n\n<p>En algunos c\u00edrculos espiritualistas menos desarrollados se ha convertido en un lugar com\u00fan denigrar la materialidad de la vida. Esta mentalidad se basa en la creencia de que el inter\u00e9s del cuerpo es contrario al inter\u00e9s del Alma. Sin embargo, el Alma y el cuerpo son complementarios entre s\u00ed. No son opuestos. Son tan complementarios como la energ\u00eda del Yin y el Yang. El objetivo de dos personas en una pareja es amarse y no guerrear entre s\u00ed. El objetivo de la evoluci\u00f3n de las Almas es integrar la divinidad en la materia y hacer brillar los valores de la Espiritualidad superior en la vida cotidiana de los seres humanos. Por lo tanto, una persona no necesita ir a ning\u00fan lugar del planeta para espiritualizarse (India, T\u00edbet, Nepal, Machuu Pichuu entre otros) a menos que dicho viaje est\u00e9 previsto en su plan de encarnaci\u00f3n para ayudar a cumplir su prop\u00f3sito. El cumplimiento de este prop\u00f3sito podr\u00eda implicar la meditaci\u00f3n en determinados lugares sagrados, la recepci\u00f3n de curaciones y las iniciaciones de los maestros, entre otros. Sin embargo, en muchos casos esto no es necesario.<\/p>\n\n<p>El cuerpo sirve al prop\u00f3sito del Alma. As\u00ed, al Alma le interesa que el cuerpo est\u00e9 sano, fuerte y bien alimentado. La persona que descuida su salud porque cree que no es importante y que s\u00f3lo importa el Alma, est\u00e1 actuando en contra de los intereses de su propia Alma. Cuanto m\u00e1s sano es un cuerpo f\u00edsico, m\u00e1s tiempo puede el Alma manifestarse a trav\u00e9s de \u00e9l y en mejores condiciones cumplir su prop\u00f3sito m\u00e1s f\u00e1cilmente. El prop\u00f3sito del cuerpo es servir al Alma y el prop\u00f3sito del Alma es servir a Dios.<\/p>\n","protected":false},"excerpt":{"rendered":"<p>Mito 1: La muerte resuelve todos los problemas Muchas personas desean ascender. Algunas de estas personas creen que la tristeza que sienten, as\u00ed como todas las dificultades que atraviesan en [&hellip;]<\/p>\n","protected":false},"author":1,"featured_media":0,"parent":0,"menu_order":0,"comment_status":"closed","ping_status":"closed","template":"","meta":{"om_disable_all_campaigns":false,"_mi_skip_tracking":false,"site-sidebar-layout":"default","site-content-layout":"","ast-site-content-layout":"default","site-content-style":"default","site-sidebar-style":"default","ast-global-header-display":"","ast-banner-title-visibility":"","ast-main-header-display":"","ast-hfb-above-header-display":"","ast-hfb-below-header-display":"","ast-hfb-mobile-header-display":"","site-post-title":"","ast-breadcrumbs-content":"","ast-featured-img":"","footer-sml-layout":"","ast-disable-related-posts":"","theme-transparent-header-meta":"","adv-header-id-meta":"","stick-header-meta":"","header-above-stick-meta":"","header-main-stick-meta":"","header-below-stick-meta":"","astra-migrate-meta-layouts":"default","ast-page-background-enabled":"default","ast-page-background-meta":{"desktop":{"background-color":"var(--ast-global-color-5)","background-image":"","background-repeat":"repeat","background-position":"center center","background-size":"auto","background-attachment":"scroll","background-type":"","background-media":"","overlay-type":"","overlay-color":"","overlay-opacity":"","overlay-gradient":""},"tablet":{"background-color":"","background-image":"","background-repeat":"repeat","background-position":"center center","background-size":"auto","background-attachment":"scroll","background-type":"","background-media":"","overlay-type":"","overlay-color":"","overlay-opacity":"","overlay-gradient":""},"mobile":{"background-color":"","background-image":"","background-repeat":"repeat","background-position":"center center","background-size":"auto","background-attachment":"scroll","background-type":"","background-media":"","overlay-type":"","overlay-color":"","overlay-opacity":"","overlay-gradient":""}},"ast-content-background-meta":{"desktop":{"background-color":"var(--ast-global-color-4)","background-image":"","background-repeat":"repeat","background-position":"center center","background-size":"auto","background-attachment":"scroll","background-type":"","background-media":"","overlay-type":"","overlay-color":"","overlay-opacity":"","overlay-gradient":""},"tablet":{"background-color":"var(--ast-global-color-4)","background-image":"","background-repeat":"repeat","background-position":"center center","background-size":"auto","background-attachment":"scroll","background-type":"","background-media":"","overlay-type":"","overlay-color":"","overlay-opacity":"","overlay-gradient":""},"mobile":{"background-color":"var(--ast-global-color-4)","background-image":"","background-repeat":"repeat","background-position":"center center","background-size":"auto","background-attachment":"scroll","background-type":"","background-media":"","overlay-type":"","overlay-color":"","overlay-opacity":"","overlay-gradient":""}},"footnotes":""},"class_list":["post-14827","page","type-page","status-publish","hentry"],"aioseo_notices":[],"_links":{"self":[{"href":"https:\/\/www.paulonogueiraterapias.com\/es\/wp-json\/wp\/v2\/pages\/14827","targetHints":{"allow":["GET"]}}],"collection":[{"href":"https:\/\/www.paulonogueiraterapias.com\/es\/wp-json\/wp\/v2\/pages"}],"about":[{"href":"https:\/\/www.paulonogueiraterapias.com\/es\/wp-json\/wp\/v2\/types\/page"}],"author":[{"embeddable":true,"href":"https:\/\/www.paulonogueiraterapias.com\/es\/wp-json\/wp\/v2\/users\/1"}],"replies":[{"embeddable":true,"href":"https:\/\/www.paulonogueiraterapias.com\/es\/wp-json\/wp\/v2\/comments?post=14827"}],"version-history":[{"count":0,"href":"https:\/\/www.paulonogueiraterapias.com\/es\/wp-json\/wp\/v2\/pages\/14827\/revisions"}],"wp:attachment":[{"href":"https:\/\/www.paulonogueiraterapias.com\/es\/wp-json\/wp\/v2\/media?parent=14827"}],"curies":[{"name":"wp","href":"https:\/\/api.w.org\/{rel}","templated":true}]}}