{"id":14826,"date":"2019-11-14T16:05:37","date_gmt":"2019-11-14T16:05:37","guid":{"rendered":"https:\/\/www.paulonogueiraterapias.com\/sanacion-de-la-ascension\/"},"modified":"2021-12-10T23:30:53","modified_gmt":"2021-12-10T23:30:53","slug":"sanacion-de-la-ascension","status":"publish","type":"page","link":"https:\/\/www.paulonogueiraterapias.com\/es\/sanacion-de-la-ascension\/","title":{"rendered":"Sanaci\u00f3n de la Ascensi\u00f3n"},"content":{"rendered":"\n<p>La Sanaci\u00f3n Ascensional es una terapia destinada a eliminar diversos obst\u00e1culos de origen emocional, mental y espiritual que impiden al ser humano alcanzar su plena realizaci\u00f3n. Esta herramienta opera en varias frecuencias de la realidad, a nivel de los distintos cuerpos sutiles, transformando la conciencia de la persona, sesi\u00f3n tras sesi\u00f3n, para que empiece a recuperar el control de su papel como cocreador de su realidad personal.<\/p>\n\n<p>Co-creada por Paulo Nogueira en 2018 en colaboraci\u00f3n con los maestros ascendidos, relacionados con la Tierra y otros sistemas estelares, se trata de una herramienta que acercar\u00e1 al ser humano a su verdadera esencia despertando su capacidad de Perd\u00f3n, Amor Incondicional y Aceptaci\u00f3n Incondicional ante las situaciones que la vida le depare durante su trayectoria.<\/p>\n\n<p>En cada sesi\u00f3n de Curaci\u00f3n Ascensional, el paciente tiene la oportunidad de trabajar el desapego de las personas y situaciones que le causan sufrimiento, de responsabilizarse de su vida, de adquirir una conciencia de libertad en comuni\u00f3n con los valores de la m\u00e1s alta Espiritualidad y de reaprender a amar de forma universal.<\/p>\n\n<p>A medida que avanzan las sesiones, el paciente debe integrar en su vida ciertos aspectos de un modelo de pensamiento m\u00e1s cercano a la conciencia de Unidad que le permitir\u00e1 aumentar su vibraci\u00f3n a trav\u00e9s de la capacidad de amarse m\u00e1s a s\u00ed mismo y a los dem\u00e1s, la capacidad de comprender que algunos de los problemas que surgen en la vida son en realidad a veces desaf\u00edos elegidos por su propia Alma cuando a\u00fan est\u00e1 en la Luz, antes de reencarnar, para superarlos y en consecuencia hacerse m\u00e1s fuerte, m\u00e1s luminoso, experimentado, compasivo y humilde hasta liberarse de la rueda de  <em>Samsara<\/em> y proceder a una nueva etapa de evoluci\u00f3n en la que las encarnaciones f\u00edsicas son s\u00f3lo por voluntad propia y no impuestas por la necesidad imperiosa de limpiar los karmas pasados.  <\/p>\n\n<p>Como herramienta de ascensi\u00f3n con el objetivo de ayudar al ser humano a superar sus limitaciones, la Sanaci\u00f3n Ascensional no tiene un n\u00famero finito de sesiones, ya que el potencial del ser humano es infinito y cada sesi\u00f3n eleva, consciente o inconscientemente, el patr\u00f3n vibratorio del paciente.<\/p>\n\n<p>En cada sesi\u00f3n de Sanaci\u00f3n para la Ascensi\u00f3n se pueden trabajar diferentes aspectos del Ser, a saber, el Ni\u00f1o-Interno, la Sombra, el equilibrio de la polaridad masculina-femenina, las creencias limitantes, los miedos, los apegos, los sentimientos de abandono, de rechazo y de no pertenencia, as\u00ed como muchos otros. Los Maestros y Seres de Luz, en la medida en que el paciente lo permita, alterar\u00e1n la informaci\u00f3n de su campo electromagn\u00e9tico para que pueda atraer una realidad m\u00e1s pr\u00f3spera y feliz.<\/p>\n\n<p><strong>Duraci\u00f3n:<\/strong> 1h00<br\/><strong>Valor:<\/strong> 30 euros<\/p>\n<p>[ninja_form id=3]<\/p>\n","protected":false},"excerpt":{"rendered":"<p>La Sanaci\u00f3n Ascensional es una terapia destinada a eliminar diversos obst\u00e1culos de origen emocional, mental y espiritual que impiden al ser humano alcanzar su plena realizaci\u00f3n. Esta herramienta opera en [&hellip;]<\/p>\n","protected":false},"author":1,"featured_media":0,"parent":0,"menu_order":0,"comment_status":"closed","ping_status":"closed","template":"","meta":{"om_disable_all_campaigns":false,"_mi_skip_tracking":false,"site-sidebar-layout":"default","site-content-layout":"","ast-site-content-layout":"default","site-content-style":"default","site-sidebar-style":"default","ast-global-header-display":"","ast-banner-title-visibility":"","ast-main-header-display":"","ast-hfb-above-header-display":"","ast-hfb-below-header-display":"","ast-hfb-mobile-header-display":"","site-post-title":"","ast-breadcrumbs-content":"","ast-featured-img":"","footer-sml-layout":"","ast-disable-related-posts":"","theme-transparent-header-meta":"","adv-header-id-meta":"","stick-header-meta":"","header-above-stick-meta":"","header-main-stick-meta":"","header-below-stick-meta":"","astra-migrate-meta-layouts":"default","ast-page-background-enabled":"default","ast-page-background-meta":{"desktop":{"background-color":"var(--ast-global-color-5)","background-image":"","background-repeat":"repeat","background-position":"center center","background-size":"auto","background-attachment":"scroll","background-type":"","background-media":"","overlay-type":"","overlay-color":"","overlay-opacity":"","overlay-gradient":""},"tablet":{"background-color":"","background-image":"","background-repeat":"repeat","background-position":"center center","background-size":"auto","background-attachment":"scroll","background-type":"","background-media":"","overlay-type":"","overlay-color":"","overlay-opacity":"","overlay-gradient":""},"mobile":{"background-color":"","background-image":"","background-repeat":"repeat","background-position":"center center","background-size":"auto","background-attachment":"scroll","background-type":"","background-media":"","overlay-type":"","overlay-color":"","overlay-opacity":"","overlay-gradient":""}},"ast-content-background-meta":{"desktop":{"background-color":"var(--ast-global-color-4)","background-image":"","background-repeat":"repeat","background-position":"center center","background-size":"auto","background-attachment":"scroll","background-type":"","background-media":"","overlay-type":"","overlay-color":"","overlay-opacity":"","overlay-gradient":""},"tablet":{"background-color":"var(--ast-global-color-4)","background-image":"","background-repeat":"repeat","background-position":"center center","background-size":"auto","background-attachment":"scroll","background-type":"","background-media":"","overlay-type":"","overlay-color":"","overlay-opacity":"","overlay-gradient":""},"mobile":{"background-color":"var(--ast-global-color-4)","background-image":"","background-repeat":"repeat","background-position":"center center","background-size":"auto","background-attachment":"scroll","background-type":"","background-media":"","overlay-type":"","overlay-color":"","overlay-opacity":"","overlay-gradient":""}},"footnotes":""},"class_list":["post-14826","page","type-page","status-publish","hentry"],"aioseo_notices":[],"_links":{"self":[{"href":"https:\/\/www.paulonogueiraterapias.com\/es\/wp-json\/wp\/v2\/pages\/14826","targetHints":{"allow":["GET"]}}],"collection":[{"href":"https:\/\/www.paulonogueiraterapias.com\/es\/wp-json\/wp\/v2\/pages"}],"about":[{"href":"https:\/\/www.paulonogueiraterapias.com\/es\/wp-json\/wp\/v2\/types\/page"}],"author":[{"embeddable":true,"href":"https:\/\/www.paulonogueiraterapias.com\/es\/wp-json\/wp\/v2\/users\/1"}],"replies":[{"embeddable":true,"href":"https:\/\/www.paulonogueiraterapias.com\/es\/wp-json\/wp\/v2\/comments?post=14826"}],"version-history":[{"count":0,"href":"https:\/\/www.paulonogueiraterapias.com\/es\/wp-json\/wp\/v2\/pages\/14826\/revisions"}],"wp:attachment":[{"href":"https:\/\/www.paulonogueiraterapias.com\/es\/wp-json\/wp\/v2\/media?parent=14826"}],"curies":[{"name":"wp","href":"https:\/\/api.w.org\/{rel}","templated":true}]}}