{"id":14811,"date":"2019-11-19T00:05:48","date_gmt":"2019-11-19T00:05:48","guid":{"rendered":"https:\/\/www.paulonogueiraterapias.com\/choku-rei\/"},"modified":"2021-12-10T23:30:06","modified_gmt":"2021-12-10T23:30:06","slug":"choku-rei","status":"publish","type":"page","link":"https:\/\/www.paulonogueiraterapias.com\/es\/choku-rei\/","title":{"rendered":"Choku Rei"},"content":{"rendered":"\n<h3 class=\"wp-block-heading\">Para qu\u00e9 se utiliza<\/h3>\n\n<p>Este s\u00edmbolo sirve para amplificar el flujo de energ\u00eda Reiki\ny trata el cuerpo f\u00edsico y el cuerpo et\u00e9rico. C\u00f3mo aumenta este s\u00edmbolo\nsignificativamente la potencia de la energ\u00eda Reiki, el tiempo necesario para\ntratamiento en cada posici\u00f3n disminuye.<\/p>\n\n<h3 class=\"wp-block-heading\">Su simbolismo<\/h3>\n\n<p>La primera parte del s\u00edmbolo parece un siete (7). Este\nEste \u00faltimo representa la totalidad de los \u00f3rdenes planetarios.<\/p>\n\n<p>La segunda parte se asemeja a una caracola y sirve para llevar el\nenerg\u00eda de las dimensiones superiores al plano f\u00edsico.<\/p>\n\n<p>Cho Ku Rei est\u00e1 vinculado al elemento Tierra y se centra en la\nenerg\u00eda en un solo punto.<\/p>\n\n<h3 class=\"wp-block-heading\">C\u00f3mo utilizarlo<\/h3>\n\n<p>Debes dibujar el s\u00edmbolo en violeta en tus manos y verbalizar\no mentaliza tu nombre 3 veces mientras dibujas. El s\u00edmbolo se pronuncia\nforma sincopada.<\/p>\n\n<p>Podemos usar Cho Ku Rei como protecci\u00f3n contra los ataques\nps\u00edquico coloc\u00e1ndolo en nuestros chakras, uno por uno, as\u00ed como en nuestra aura.\nDe esta manera, estaremos sellando nuestro cuerpo contra las energ\u00edas da\u00f1inas.<\/p>\n\n<h3 class=\"wp-block-heading\">Limpieza ambiental<\/h3>\n\n<p>Cho Ku Rei permite la transmutaci\u00f3n de las energ\u00edas negativas\nen un entorno como el hogar o un espacio comercial siempre que se tenga permiso\ndel propietario para utilizarlo. Cuanto m\u00e1s utilices el Cho Ku Rei, m\u00e1s energ\u00eda\nrazas positivas dentro de la casa.<\/p>\n\n<h3 class=\"wp-block-heading\">Potenciar los medicamentos<\/h3>\n\n<p>Aplicando el Cho Ku Rei en las medicinas, estaremos\npotenciar sus efectos positivos y reducir sus efectos secundarios\nnegativos.<\/p>\n\n<h3 class=\"wp-block-heading\">Alimentos potenciadores<\/h3>\n\n<p>Podemos aplicar el Cho Ku Rei para aumentar el poder nutritivo de los alimentos.<\/p>\n\n<div class=\"wp-block-media-text alignwide\"><figure class=\"wp-block-media-text__media\"><img loading=\"lazy\" decoding=\"async\" width=\"714\" height=\"1024\" src=\"https:\/\/www.paulonogueiraterapias.com\/wp-content\/uploads\/2019\/11\/simbol-rk-2-714x1024.jpeg\" alt=\"\" class=\"wp-image-12983\" srcset=\"https:\/\/www.paulonogueiraterapias.com\/wp-content\/uploads\/2019\/11\/simbol-rk-2-714x1024.jpeg 714w, https:\/\/www.paulonogueiraterapias.com\/wp-content\/uploads\/2019\/11\/simbol-rk-2-scaled-600x860.jpeg 600w, https:\/\/www.paulonogueiraterapias.com\/wp-content\/uploads\/2019\/11\/simbol-rk-2-209x300.jpeg 209w, https:\/\/www.paulonogueiraterapias.com\/wp-content\/uploads\/2019\/11\/simbol-rk-2-768x1101.jpeg 768w, https:\/\/www.paulonogueiraterapias.com\/wp-content\/uploads\/2019\/11\/simbol-rk-2-scaled.jpeg 1786w\" sizes=\"auto, (max-width: 714px) 100vw, 714px\" \/><\/figure><div class=\"wp-block-media-text__content\">\n<p class=\"has-large-font-size\">Choku Rei<\/p>\n<\/div><\/div>\n","protected":false},"excerpt":{"rendered":"<p>Para qu\u00e9 se utiliza Este s\u00edmbolo sirve para amplificar el flujo de energ\u00eda Reiki y trata el cuerpo f\u00edsico y el cuerpo et\u00e9rico. C\u00f3mo aumenta este s\u00edmbolo significativamente la potencia [&hellip;]<\/p>\n","protected":false},"author":1,"featured_media":0,"parent":0,"menu_order":0,"comment_status":"open","ping_status":"closed","template":"","meta":{"om_disable_all_campaigns":false,"_mi_skip_tracking":false,"site-sidebar-layout":"default","site-content-layout":"","ast-site-content-layout":"default","site-content-style":"default","site-sidebar-style":"default","ast-global-header-display":"","ast-banner-title-visibility":"","ast-main-header-display":"","ast-hfb-above-header-display":"","ast-hfb-below-header-display":"","ast-hfb-mobile-header-display":"","site-post-title":"","ast-breadcrumbs-content":"","ast-featured-img":"","footer-sml-layout":"","ast-disable-related-posts":"","theme-transparent-header-meta":"","adv-header-id-meta":"","stick-header-meta":"","header-above-stick-meta":"","header-main-stick-meta":"","header-below-stick-meta":"","astra-migrate-meta-layouts":"default","ast-page-background-enabled":"default","ast-page-background-meta":{"desktop":{"background-color":"var(--ast-global-color-5)","background-image":"","background-repeat":"repeat","background-position":"center center","background-size":"auto","background-attachment":"scroll","background-type":"","background-media":"","overlay-type":"","overlay-color":"","overlay-opacity":"","overlay-gradient":""},"tablet":{"background-color":"","background-image":"","background-repeat":"repeat","background-position":"center center","background-size":"auto","background-attachment":"scroll","background-type":"","background-media":"","overlay-type":"","overlay-color":"","overlay-opacity":"","overlay-gradient":""},"mobile":{"background-color":"","background-image":"","background-repeat":"repeat","background-position":"center center","background-size":"auto","background-attachment":"scroll","background-type":"","background-media":"","overlay-type":"","overlay-color":"","overlay-opacity":"","overlay-gradient":""}},"ast-content-background-meta":{"desktop":{"background-color":"var(--ast-global-color-4)","background-image":"","background-repeat":"repeat","background-position":"center center","background-size":"auto","background-attachment":"scroll","background-type":"","background-media":"","overlay-type":"","overlay-color":"","overlay-opacity":"","overlay-gradient":""},"tablet":{"background-color":"var(--ast-global-color-4)","background-image":"","background-repeat":"repeat","background-position":"center center","background-size":"auto","background-attachment":"scroll","background-type":"","background-media":"","overlay-type":"","overlay-color":"","overlay-opacity":"","overlay-gradient":""},"mobile":{"background-color":"var(--ast-global-color-4)","background-image":"","background-repeat":"repeat","background-position":"center center","background-size":"auto","background-attachment":"scroll","background-type":"","background-media":"","overlay-type":"","overlay-color":"","overlay-opacity":"","overlay-gradient":""}},"footnotes":""},"class_list":["post-14811","page","type-page","status-publish","hentry"],"aioseo_notices":[],"_links":{"self":[{"href":"https:\/\/www.paulonogueiraterapias.com\/es\/wp-json\/wp\/v2\/pages\/14811","targetHints":{"allow":["GET"]}}],"collection":[{"href":"https:\/\/www.paulonogueiraterapias.com\/es\/wp-json\/wp\/v2\/pages"}],"about":[{"href":"https:\/\/www.paulonogueiraterapias.com\/es\/wp-json\/wp\/v2\/types\/page"}],"author":[{"embeddable":true,"href":"https:\/\/www.paulonogueiraterapias.com\/es\/wp-json\/wp\/v2\/users\/1"}],"replies":[{"embeddable":true,"href":"https:\/\/www.paulonogueiraterapias.com\/es\/wp-json\/wp\/v2\/comments?post=14811"}],"version-history":[{"count":0,"href":"https:\/\/www.paulonogueiraterapias.com\/es\/wp-json\/wp\/v2\/pages\/14811\/revisions"}],"wp:attachment":[{"href":"https:\/\/www.paulonogueiraterapias.com\/es\/wp-json\/wp\/v2\/media?parent=14811"}],"curies":[{"name":"wp","href":"https:\/\/api.w.org\/{rel}","templated":true}]}}