{"id":14791,"date":"2020-08-19T23:49:01","date_gmt":"2020-08-19T23:49:01","guid":{"rendered":"https:\/\/www.paulonogueiraterapias.com\/politica-de-reembolso\/"},"modified":"2021-12-10T23:29:39","modified_gmt":"2021-12-10T23:29:39","slug":"politica-de-reembolso","status":"publish","type":"page","link":"https:\/\/www.paulonogueiraterapias.com\/es\/politica-de-reembolso\/","title":{"rendered":"Pol\u00edtica de reembolso"},"content":{"rendered":"\n<ul class=\"wp-block-list\"><li>En caso de que un cliente inscrito haya pagado la cuota de inscripci\u00f3n a un curso o terapia e:<br\/>a) no asiste en las fechas y el lugar indicados<br\/>b) abandonar el curso o la terapia<br\/>con menos de 5 d\u00edas de antelaci\u00f3n a la fecha del curso o terapia implica que renuncias a tu plaza y renuncias autom\u00e1ticamente al reembolso de la matr\u00edcula del curso o de la terapia;<\/li><li>Si un cliente inscrito ha pagado la cuota de inscripci\u00f3n a un curso o terapia y desea retirarse del mismo enviando un correo electr\u00f3nico a la direcci\u00f3n marcar@paulonogueiraterapias.com con m\u00e1s de 5 d\u00edas de antelaci\u00f3n a la fecha prevista para el curso o la terapia, el cliente recibir\u00e1 un reembolso completo<\/li><li>El reembolso de los pagos se realizar\u00e1 por el mismo medio de pago que utiliz\u00f3 el cliente en la transacci\u00f3n inicial o por transferencia bancaria si el medio de pago utilizado no lo permite.<\/li><li>En caso de cancelaci\u00f3n de un curso por parte del proveedor del mismo, el importe abonado se reembolsar\u00e1 \u00edntegramente en la cuenta corriente indicada por el inscrito o se abonar\u00e1, si as\u00ed lo desea, a nombre del alumno para el siguiente curso que desee;<\/li><\/ul>\n","protected":false},"excerpt":{"rendered":"<p>En caso de que un cliente inscrito haya pagado la cuota de inscripci\u00f3n a un curso o terapia e:a) no asiste en las fechas y el lugar indicadosb) abandonar el [&hellip;]<\/p>\n","protected":false},"author":1,"featured_media":0,"parent":0,"menu_order":0,"comment_status":"closed","ping_status":"closed","template":"","meta":{"om_disable_all_campaigns":false,"_mi_skip_tracking":false,"site-sidebar-layout":"default","site-content-layout":"","ast-site-content-layout":"default","site-content-style":"default","site-sidebar-style":"default","ast-global-header-display":"","ast-banner-title-visibility":"","ast-main-header-display":"","ast-hfb-above-header-display":"","ast-hfb-below-header-display":"","ast-hfb-mobile-header-display":"","site-post-title":"","ast-breadcrumbs-content":"","ast-featured-img":"","footer-sml-layout":"","ast-disable-related-posts":"","theme-transparent-header-meta":"","adv-header-id-meta":"","stick-header-meta":"","header-above-stick-meta":"","header-main-stick-meta":"","header-below-stick-meta":"","astra-migrate-meta-layouts":"default","ast-page-background-enabled":"default","ast-page-background-meta":{"desktop":{"background-color":"var(--ast-global-color-5)","background-image":"","background-repeat":"repeat","background-position":"center center","background-size":"auto","background-attachment":"scroll","background-type":"","background-media":"","overlay-type":"","overlay-color":"","overlay-opacity":"","overlay-gradient":""},"tablet":{"background-color":"","background-image":"","background-repeat":"repeat","background-position":"center center","background-size":"auto","background-attachment":"scroll","background-type":"","background-media":"","overlay-type":"","overlay-color":"","overlay-opacity":"","overlay-gradient":""},"mobile":{"background-color":"","background-image":"","background-repeat":"repeat","background-position":"center center","background-size":"auto","background-attachment":"scroll","background-type":"","background-media":"","overlay-type":"","overlay-color":"","overlay-opacity":"","overlay-gradient":""}},"ast-content-background-meta":{"desktop":{"background-color":"var(--ast-global-color-4)","background-image":"","background-repeat":"repeat","background-position":"center center","background-size":"auto","background-attachment":"scroll","background-type":"","background-media":"","overlay-type":"","overlay-color":"","overlay-opacity":"","overlay-gradient":""},"tablet":{"background-color":"var(--ast-global-color-4)","background-image":"","background-repeat":"repeat","background-position":"center center","background-size":"auto","background-attachment":"scroll","background-type":"","background-media":"","overlay-type":"","overlay-color":"","overlay-opacity":"","overlay-gradient":""},"mobile":{"background-color":"var(--ast-global-color-4)","background-image":"","background-repeat":"repeat","background-position":"center center","background-size":"auto","background-attachment":"scroll","background-type":"","background-media":"","overlay-type":"","overlay-color":"","overlay-opacity":"","overlay-gradient":""}},"footnotes":""},"class_list":["post-14791","page","type-page","status-publish","hentry"],"aioseo_notices":[],"_links":{"self":[{"href":"https:\/\/www.paulonogueiraterapias.com\/es\/wp-json\/wp\/v2\/pages\/14791","targetHints":{"allow":["GET"]}}],"collection":[{"href":"https:\/\/www.paulonogueiraterapias.com\/es\/wp-json\/wp\/v2\/pages"}],"about":[{"href":"https:\/\/www.paulonogueiraterapias.com\/es\/wp-json\/wp\/v2\/types\/page"}],"author":[{"embeddable":true,"href":"https:\/\/www.paulonogueiraterapias.com\/es\/wp-json\/wp\/v2\/users\/1"}],"replies":[{"embeddable":true,"href":"https:\/\/www.paulonogueiraterapias.com\/es\/wp-json\/wp\/v2\/comments?post=14791"}],"version-history":[{"count":0,"href":"https:\/\/www.paulonogueiraterapias.com\/es\/wp-json\/wp\/v2\/pages\/14791\/revisions"}],"wp:attachment":[{"href":"https:\/\/www.paulonogueiraterapias.com\/es\/wp-json\/wp\/v2\/media?parent=14791"}],"curies":[{"name":"wp","href":"https:\/\/api.w.org\/{rel}","templated":true}]}}