{"id":14783,"date":"2020-10-05T17:10:35","date_gmt":"2020-10-05T17:10:35","guid":{"rendered":"https:\/\/www.paulonogueiraterapias.com\/reencarnacion\/"},"modified":"2021-12-10T23:29:38","modified_gmt":"2021-12-10T23:29:38","slug":"reencarnacion","status":"publish","type":"page","link":"https:\/\/www.paulonogueiraterapias.com\/es\/reencarnacion\/","title":{"rendered":"Reencarnaci\u00f3n"},"content":{"rendered":"\n<p>La reencarnaci\u00f3n es un don que Dios concede a todos los seres humanos con el fin de mejorar y tener la feliz oportunidad de corregir los errores del pasado. A trav\u00e9s de la reencarnaci\u00f3n, Dios demuestra su generosidad.<\/p>\n\n<p>Como afirma Kahlil Gibran en el Gran Libro del Amor &#8220;El recuerdo es una forma de encuentro. El olvido es una forma de libertad&#8221;, el olvido o, el archivo de los recuerdos de la vida anterior que se produce en el momento del nacimiento, es el mecanismo a trav\u00e9s del cual, cada ser humano, puede vivir su vida como si fuera la primera, como si no tuviera las cadenas de sus errores pasados tortur\u00e1ndole.<\/p>\n\n<p>Los detalles de cada plan de encarnaci\u00f3n se eligen en parte de acuerdo con el mentor espiritual de cada persona y con los esp\u00edritus superiores que supervisan la evoluci\u00f3n de las Almas aqu\u00ed en la Tierra. El grado de participaci\u00f3n del esp\u00edritu en la elecci\u00f3n de las partes de su propio programa de reencarnaci\u00f3n depende de su grado de evoluci\u00f3n. Por lo tanto, entendemos que cuanto m\u00e1s evolucionado es un esp\u00edritu, mayor grado de libre albedr\u00edo conquista y por lo tanto, m\u00e1s destacado puede ser, al elaborar su plan de evoluci\u00f3n para la reencarnaci\u00f3n, pudiendo elegir detalles como padres, gen\u00e9tica, enfermedades a tener, sexo corporal, orientaci\u00f3n sexual, \u00e1rea profesional a ocupar, compa\u00f1eros amorosos, hijos, eventos negativos para el aprendizaje, eventos positivos para ayudar en su misi\u00f3n, reencuentros con esp\u00edritus amigos y enemigos y fechas de estos reencuentros entre varios otros aspectos.<\/p>\n\n<p>Cuando se trata de un esp\u00edritu umbral que, debido al continuo rechazo a la Luz, insiste en permanecer arraigado en las tinieblas, varios a\u00f1os despu\u00e9s de su desencarnaci\u00f3n, suele haber una reencarnaci\u00f3n obligatoria, ya que ese esp\u00edritu no est\u00e1 en condiciones emocionales y mentales de hacer sus propias elecciones m\u00e1s adecuadas a su evoluci\u00f3n y a la reparaci\u00f3n moral de aquellos a los que ha perjudicado. En estos casos, relatados en el libro Obreiros da Vida Eterna (Trabajadores de la Vida Eterna) escrito por el esp\u00edritu Andr\u00e9 Lu\u00edz y psicografiado por Chico Xavier, estos esp\u00edritus pasan directamente de la capa energ\u00e9tica sub-crustal de la Tierra, que normalmente se llama oscuridad o Umbral Gruesa, a una nueva encarnaci\u00f3n y luego se reencarnan, en general, en condiciones muy dif\u00edciles, como cuerpos con varios tipos de deficiencias f\u00edsicas y mentales, pa\u00edses o regiones con graves problemas pol\u00edticos, sociales y econ\u00f3micos, entre otros, y con familiares con los que han actuado en vidas anteriores no muy armoniosas.<\/p>\n\n<p>En el caso de los esp\u00edritus de mejor grado evolutivo, aunque todav\u00eda sean considerados inferiores y, por lo tanto, sujetos a la Ley de Reencarnaci\u00f3n, la reencarnaci\u00f3n ya es parcialmente elegida en algunos detalles por esos mismos esp\u00edritus reencarnantes, junto con sus gu\u00edas y otros esp\u00edritus superiores que son responsables por la evoluci\u00f3n colectiva de un amplio grupo de esp\u00edritus. As\u00ed, por ejemplo, si hay un plan de la Espiritualidad Superior para introducir en la Tierra una determinada organizaci\u00f3n o movimiento social que facilite la evoluci\u00f3n de la Humanidad, se deliberar\u00e1 qu\u00e9 papel desempe\u00f1ar\u00e1 cada esp\u00edritu en este proyecto colectivo, de com\u00fan acuerdo con todos los esp\u00edritus que participar\u00e1n en este proyecto y que ser\u00e1n los implantadores f\u00edsicos, mientras que la Espiritualidad Superior y los gu\u00edas proporcionar\u00e1n apoyo desde el plano espiritual.<\/p>\n\n<p>El advenimiento del Espiritismo, los Descubrimientos, as\u00ed como las revoluciones sociales, cient\u00edficas y tecnol\u00f3gicas, son s\u00f3lo algunos ejemplos de planes ya cumplidos por la Espiritualidad Superior aqu\u00ed en la Tierra. Esto no significa que en la ejecuci\u00f3n pr\u00e1ctica de estos mismos planes que involucran a miles o incluso millones de esp\u00edritus, no haya abusos por parte de algunos de estos esp\u00edritus debido a su libre albedr\u00edo y su baja condici\u00f3n moral.<\/p>\n","protected":false},"excerpt":{"rendered":"<p>La reencarnaci\u00f3n es un don que Dios concede a todos los seres humanos con el fin de mejorar y tener la feliz oportunidad de corregir los errores del pasado. A [&hellip;]<\/p>\n","protected":false},"author":1,"featured_media":0,"parent":0,"menu_order":0,"comment_status":"closed","ping_status":"closed","template":"","meta":{"om_disable_all_campaigns":false,"_mi_skip_tracking":false,"site-sidebar-layout":"default","site-content-layout":"","ast-site-content-layout":"default","site-content-style":"default","site-sidebar-style":"default","ast-global-header-display":"","ast-banner-title-visibility":"","ast-main-header-display":"","ast-hfb-above-header-display":"","ast-hfb-below-header-display":"","ast-hfb-mobile-header-display":"","site-post-title":"","ast-breadcrumbs-content":"","ast-featured-img":"","footer-sml-layout":"","ast-disable-related-posts":"","theme-transparent-header-meta":"","adv-header-id-meta":"","stick-header-meta":"","header-above-stick-meta":"","header-main-stick-meta":"","header-below-stick-meta":"","astra-migrate-meta-layouts":"default","ast-page-background-enabled":"default","ast-page-background-meta":{"desktop":{"background-color":"var(--ast-global-color-5)","background-image":"","background-repeat":"repeat","background-position":"center center","background-size":"auto","background-attachment":"scroll","background-type":"","background-media":"","overlay-type":"","overlay-color":"","overlay-opacity":"","overlay-gradient":""},"tablet":{"background-color":"","background-image":"","background-repeat":"repeat","background-position":"center center","background-size":"auto","background-attachment":"scroll","background-type":"","background-media":"","overlay-type":"","overlay-color":"","overlay-opacity":"","overlay-gradient":""},"mobile":{"background-color":"","background-image":"","background-repeat":"repeat","background-position":"center center","background-size":"auto","background-attachment":"scroll","background-type":"","background-media":"","overlay-type":"","overlay-color":"","overlay-opacity":"","overlay-gradient":""}},"ast-content-background-meta":{"desktop":{"background-color":"var(--ast-global-color-4)","background-image":"","background-repeat":"repeat","background-position":"center center","background-size":"auto","background-attachment":"scroll","background-type":"","background-media":"","overlay-type":"","overlay-color":"","overlay-opacity":"","overlay-gradient":""},"tablet":{"background-color":"var(--ast-global-color-4)","background-image":"","background-repeat":"repeat","background-position":"center center","background-size":"auto","background-attachment":"scroll","background-type":"","background-media":"","overlay-type":"","overlay-color":"","overlay-opacity":"","overlay-gradient":""},"mobile":{"background-color":"var(--ast-global-color-4)","background-image":"","background-repeat":"repeat","background-position":"center center","background-size":"auto","background-attachment":"scroll","background-type":"","background-media":"","overlay-type":"","overlay-color":"","overlay-opacity":"","overlay-gradient":""}},"footnotes":""},"class_list":["post-14783","page","type-page","status-publish","hentry"],"aioseo_notices":[],"_links":{"self":[{"href":"https:\/\/www.paulonogueiraterapias.com\/es\/wp-json\/wp\/v2\/pages\/14783","targetHints":{"allow":["GET"]}}],"collection":[{"href":"https:\/\/www.paulonogueiraterapias.com\/es\/wp-json\/wp\/v2\/pages"}],"about":[{"href":"https:\/\/www.paulonogueiraterapias.com\/es\/wp-json\/wp\/v2\/types\/page"}],"author":[{"embeddable":true,"href":"https:\/\/www.paulonogueiraterapias.com\/es\/wp-json\/wp\/v2\/users\/1"}],"replies":[{"embeddable":true,"href":"https:\/\/www.paulonogueiraterapias.com\/es\/wp-json\/wp\/v2\/comments?post=14783"}],"version-history":[{"count":0,"href":"https:\/\/www.paulonogueiraterapias.com\/es\/wp-json\/wp\/v2\/pages\/14783\/revisions"}],"wp:attachment":[{"href":"https:\/\/www.paulonogueiraterapias.com\/es\/wp-json\/wp\/v2\/media?parent=14783"}],"curies":[{"name":"wp","href":"https:\/\/api.w.org\/{rel}","templated":true}]}}