{"id":14782,"date":"2020-08-19T15:37:35","date_gmt":"2020-08-19T15:37:35","guid":{"rendered":"https:\/\/www.paulonogueiraterapias.com\/condiciones-de-uso\/"},"modified":"2021-12-10T23:29:42","modified_gmt":"2021-12-10T23:29:42","slug":"condiciones-de-uso","status":"publish","type":"page","link":"https:\/\/www.paulonogueiraterapias.com\/es\/condiciones-de-uso\/","title":{"rendered":"Condiciones de uso"},"content":{"rendered":"\n<p>Lea atentamente las siguientes condiciones de uso antes de utilizar este sitio web. El uso de este sitio web se rige por los presentes t\u00e9rminos, que son vinculantes entre el usuario, en adelante denominado &#8220;cliente&#8221; y Paulo Jos\u00e9 Leal Nogueira, en adelante denominado &#8220;vendedor&#8221;.<\/p>\n\n<p><strong>1. Pol\u00edtica comercial<\/strong><\/p>\n\n<p>1.1 Al aceptar las presentes condiciones de uso, el cliente asume haberlas le\u00eddo y aceptado, y constituyen el r\u00e9gimen que rige la prestaci\u00f3n de servicios as\u00ed como la compra y venta de productos online.<\/p>\n\n<p>1.2 Las presentes condiciones de uso se rigen por el Decreto Ley n\u00ba 24\/2014, de 14 de febrero, y se aplican a todas las transacciones de comercio en l\u00ednea, es decir, la prestaci\u00f3n de servicios, as\u00ed como el pedido, la entrega y el pago de bienes. La Ley n\u00ba 67\/98, de 26 de octubre, incorpora a la legislaci\u00f3n portuguesa la Directiva n\u00ba 95\/46\/CE relativa a la protecci\u00f3n de las personas f\u00edsicas en lo que respecta al tratamiento de datos personales y a la libre circulaci\u00f3n de estos datos.<\/p>\n\n<p>1.3 Estas condiciones de uso regulan exclusivamente los servicios prestados en www.paulonogueiraterapias.com entre los clientes de la tienda online del sitio Paulo Nogueira Terapias (www.paulonogueiraterapias.com) y el vendedor.<\/p>\n\n<p>1.4 Debe proporcionar al vendedor una direcci\u00f3n de correo electr\u00f3nico, o los datos de otra forma de contacto, que sea correcta y completa y acepta que el vendedor pueda ponerse en contacto con usted utilizando esos datos si lo considera necesario.<\/p>\n\n<p>1.5 Inscripci\u00f3n en cursos presenciales y en l\u00ednea<\/p>\n\n<ul class=\"wp-block-list\"><li>Cada inscripci\u00f3n es individual;<\/li><li>La solicitud es una petici\u00f3n para reservar una de las plazas disponibles;<\/li><li>El pago de la cuota de inscripci\u00f3n en la fecha l\u00edmite es la confirmaci\u00f3n\/garant\u00eda de que la plaza solicitada ser\u00e1 reservada para la persona inscrita;<\/li><li>El impago de la cuota de inscripci\u00f3n en la fecha prevista implica la retirada de la solicitud de reserva;<\/li><li>Las vacantes que se retiren de la reserva pasar\u00e1n a los que est\u00e9n en la lista de espera del curso;<\/li><li>En caso de que el inscrito haya pagado la cuota de inscripci\u00f3n y:<br\/>a) no asiste en las fechas y el lugar indicados<br\/>implica que renuncias a tu plaza y renuncias autom\u00e1ticamente a la devoluci\u00f3n de la cuota de inscripci\u00f3n*;<br\/>b) retirarse del curso 5 d\u00edas antes de su realizaci\u00f3n o en caso de cancelaci\u00f3n del curso por parte del vendedor,  <br\/>el importe abonado por el cliente se reembolsar\u00e1 \u00edntegramente en la cuenta corriente indicada por el cliente o se abonar\u00e1, si lo desea, a su nombre para el siguiente curso que desee;<\/li><li>Debido a los derechos de autor del instructor del curso, est\u00e1 prohibido grabar o filmar el curso<\/li><li>Se permiten las notas manuales del curso.<\/li><\/ul>\n\n<p>En todo caso, el vendedor se reserva el derecho de modificar, eliminar o suspender temporal o definitivamente y en cualquier momento y sin previo aviso, la presentaci\u00f3n y configuraci\u00f3n del sitio web Paulo Nogueira Terapias (www.paulonogueiraterapias.com), as\u00ed como las presentes Condiciones de Uso.<\/p>\n\n<p><strong>2. Adquisici\u00f3n de servicios<\/strong><\/p>\n\n<p>2.1 Para adquirir un servicio en www.paulonogueiraterapias.com, el cliente debe tener una cuenta de correo electr\u00f3nico cuya direcci\u00f3n se utilizar\u00e1 para iniciar sesi\u00f3n en www.paulonogueiraterapias.com, as\u00ed como para futuras comunicaciones entre el cliente y el vendedor. Tambi\u00e9n ser\u00e1 necesario que el navegador del cliente est\u00e9 configurado para aceptar cookies y pop-ups, para poder disfrutar de todas las condiciones de navegabilidad de la tienda online Paulo Nogueira Terapias.<\/p>\n\n<p>Adquirir un servicio en www.paulonogueiraterapias.com es bastante sencillo:<\/p>\n\n<p>1. encontrar los cursos y las terapias que desea comprar;<\/p>\n\n<p>2. A\u00f1ada los cursos y terapias seleccionados a la cesta de la compra;<\/p>\n\n<p>3. Finalice la compra;<\/p>\n\n<p>4. Seleccione la opci\u00f3n de pago;<\/p>\n\n<p>5. Revise su pedido;<\/p>\n\n<p>6. Proceda al pago y confirme el pedido;<\/p>\n\n<p>7. Recibir\u00e1 una confirmaci\u00f3n del pedido por correo electr\u00f3nico;<\/p>\n\n<p>Su pedido se confirma cuando selecciona el bot\u00f3n &#8220;Confirmar pago&#8221; (Checkout) al final del proceso de compra.<\/p>\n\n<p>Cuando la tienda online Paulo Nogueira Terapias (www.paulonogueiraterapisd.com) reciba su pedido, aparecer\u00e1 un mensaje en la pantalla con su n\u00famero de pedido y todos los detalles del mismo. El contrato de compraventa se cierra en ese momento.<\/p>\n\n<p>Se enviar\u00e1 una confirmaci\u00f3n del pedido a su direcci\u00f3n de correo electr\u00f3nico. Le sugerimos que imprima o descargue esta copia para futuras consultas.<\/p>\n\n<p>Al enviar el formulario de pedido, usted acepta las condiciones de uso.<\/p>\n\n<p>El vendedor puede no tramitar los pedidos que no tengan suficiente garant\u00eda de buen cobro. Esto puede ocurrir cuando los pedidos est\u00e1n incompletos o son incorrectos, o los productos solicitados ya no est\u00e1n disponibles. En estos casos, le informaremos por correo electr\u00f3nico de que el contrato de venta no se ha celebrado y que el vendedor no ha procedido a la venta, especificando los motivos.<\/p>\n\n<p>Si se ha realizado un pedido y se ha pagado por productos que ya no est\u00e1n disponibles, el vendedor devolver\u00e1 el dinero pagado por los art\u00edculos no disponibles.<\/p>\n\n<p><strong>3. Derecho a no aceptar el pedido o a anular la compra<\/strong><\/p>\n\n<p>El vendedor se reserva el derecho de rechazar cualquier pedido por cualquier motivo. Tambi\u00e9n nos reservamos el derecho de cancelar cualquier compra, incluso si ya ha sido aceptada por nosotros, en las siguientes situaciones:<\/p>\n\n<p>* La informaci\u00f3n de facturaci\u00f3n no es correcta ni verificable;<\/p>\n\n<p>* El pedido est\u00e1 marcado como un pedido fraudulento;<\/p>\n\n<p>* Si creemos que eres menor de 16 a\u00f1os;<\/p>\n\n<p>* Hay un error en la oferta de precios;<\/p>\n\n<p>En el caso de que el vendedor no acepte el pedido, el importe pagado por el mismo se reembolsar\u00e1 \u00edntegramente en la cuenta corriente indicada por el cliente o se abonar\u00e1, si lo desea, a su nombre para el siguiente curso que desee;<\/p>\n\n<p><strong>4. Verificaci\u00f3n de datos<\/strong><\/p>\n\n<p>Una vez que hayamos recibido su pedido, podremos realizar algunas comprobaciones antes de prepararlo.<\/p>\n\n<p>Estas comprobaciones pueden incluir la verificaci\u00f3n de la direcci\u00f3n, la credibilidad y la verificaci\u00f3n del fraude. Al confirmar su pedido, usted acepta estas condiciones.<\/p>\n\n<p><strong>5. M\u00e9todos de pago<\/strong><\/p>\n\n<p>Las formas de pago de los cursos online y de las terapias solicitadas se realizar\u00e1n mediante Paypal o tarjeta de cr\u00e9dito. No aceptamos ning\u00fan otro m\u00e9todo de pago aparte de los mencionados. Por favor, no intente pagar por ning\u00fan otro medio que no sea el especificado. Si lo hace, no podemos responsabilizarnos de la p\u00e9rdida de pagos o de cualquier otro da\u00f1o que pueda resultar.<\/p>\n\n<p><strong>6. Devoluciones y cancelaciones<\/strong><\/p>\n\n<p>6.1 Devoluci\u00f3n de productos defectuosos<\/p>\n\n<p>6.1.1 Usted tiene derecho a devolver los productos entregados si se encuentran defectuosos o no se ajustan a los productos solicitados. Las devoluciones pueden realizarse en un plazo de 15 d\u00edas a partir de la recepci\u00f3n del pedido.<\/p>\n\n<p>6.2 Informaci\u00f3n de retorno<\/p>\n\n<p>6.2.1 Si su devoluci\u00f3n est\u00e1 justificada por la existencia de un defecto o no conformidad con los productos solicitados, el vendedor correr\u00e1 con los gastos de env\u00edo y devoluci\u00f3n. Si su devoluci\u00f3n se ha realizado por motivos distintos a la existencia justificada de un defecto o a la no conformidad de los productos solicitados en relaci\u00f3n con la informaci\u00f3n facilitada en la p\u00e1gina del producto, el vendedor no reembolsar\u00e1 los gastos de env\u00edo del pedido del vendedor al cliente ni de la devoluci\u00f3n del cliente al vendedor.<\/p>\n\n<p>6.2.2 Los reembolsos se efectuar\u00e1n en funci\u00f3n del m\u00e9todo de pago que haya elegido al realizar el pedido. Es necesario que el cliente facilite sus datos bancarios a nuestro Servicio de Atenci\u00f3n al Cliente al iniciar el proceso de devoluci\u00f3n. Esta indicaci\u00f3n es necesaria para que podamos devolver el dinero a su cuenta. El cliente recibir\u00e1 el reembolso una vez que el producto o productos hayan sido devueltos y procesados.<\/p>\n\n<p>6.2.3 El reembolso se tramitar\u00e1 en un plazo de 15 d\u00edas.<\/p>\n\n<p><strong>7. Atenci\u00f3n al cliente<\/strong><\/p>\n\n<p>7.1 Para obtener informaci\u00f3n adicional, puede ponerse en contacto con la tienda online Paulo Nogueira Terapias a trav\u00e9s del correo electr\u00f3nico marcar@paulonogueiraterapias.com.<\/p>\n\n<p><strong>8. Disponibilidad del producto<\/strong><\/p>\n\n<p>La satisfacci\u00f3n de todos los pedidos realizados en el sitio est\u00e1 sujeta a la disponibilidad. El vendedor intenta asegurarse de que todos los art\u00edculos puestos a la venta en el sitio est\u00e1n en stock. No obstante, el vendedor se reserva el derecho de no aceptar ning\u00fan pedido o de anular los pedidos ya confirmados de productos agotados. En estos casos, nos pondremos en contacto con el cliente.<\/p>\n\n<p><strong>9. Modificaci\u00f3n de las condiciones de uso por parte del vendedor<\/strong><\/p>\n\n<p>El vendedor se reserva el derecho de modificar estas condiciones de uso en cualquier momento. Usted est\u00e1 sujeto a los principios y condiciones vigentes en la fecha de su pedido, a menos que la ley o la autoridad competente impongan alguna modificaci\u00f3n.<\/p>\n\n<p><strong>10. Informaci\u00f3n en el sitio web<\/strong><\/p>\n\n<p>A pesar de que el vendedor trabaja su sitio web con el m\u00e1ximo cuidado, la informaci\u00f3n, los textos, los documentos gr\u00e1ficos, las pel\u00edculas, la m\u00fasica y\/o otros servicios pueden contener errores o estar incompletos o incorrectos. El vendedor no podr\u00e1 ser considerado responsable de ning\u00fan da\u00f1o resultante del uso (o de la imposibilidad de usar) el sitio, incluidos los da\u00f1os causados por virus o cualquier inexactitud o imperfecci\u00f3n de la informaci\u00f3n, a menos que dichos da\u00f1os sean el resultado de la intenci\u00f3n o la negligencia del vendedor. Algunas de las im\u00e1genes del sitio web son meramente ilustrativas y sirven para que el cliente se identifique mejor con el producto final.<\/p>\n\n<p><strong>11. Calidad y garant\u00eda<\/strong><\/p>\n\n<p>El vendedor no vende productos de segunda mano, defectuosos o de baja calidad. Las principales caracter\u00edsticas de cada producto que se muestran en www.paulonogueiraterapias.com se pueden encontrar en la p\u00e1gina de cada producto.<\/p>\n\n<p><strong>12. Ley aplicable, jurisdicci\u00f3n y litigios<\/strong><\/p>\n\n<p>12.1. El presente contrato se rige por la legislaci\u00f3n portuguesa y, para la resoluci\u00f3n de cualquier litigio, el tribunal competente es el Tribunal de Distrito de Lisboa, con renuncia a cualquier otro.<\/p>\n\n<p>12.2. En caso de litigio, el cliente podr\u00e1 recurrir al Centro de Arbitraje de Conflictos de Consumo de Lisboa:<\/p>\n\n<p><strong>Centro de Arbitraje de Consumo de Lisboa<br\/><\/strong>Rua dos Douradores, 116, 2o, CP 1100-207 Lisboa<br\/>www.centroarbitragemlisboa.pt<\/p>\n","protected":false},"excerpt":{"rendered":"<p>Lea atentamente las siguientes condiciones de uso antes de utilizar este sitio web. El uso de este sitio web se rige por los presentes t\u00e9rminos, que son vinculantes entre el [&hellip;]<\/p>\n","protected":false},"author":1,"featured_media":0,"parent":0,"menu_order":0,"comment_status":"closed","ping_status":"closed","template":"","meta":{"om_disable_all_campaigns":false,"_mi_skip_tracking":false,"site-sidebar-layout":"default","site-content-layout":"","ast-site-content-layout":"default","site-content-style":"default","site-sidebar-style":"default","ast-global-header-display":"","ast-banner-title-visibility":"","ast-main-header-display":"","ast-hfb-above-header-display":"","ast-hfb-below-header-display":"","ast-hfb-mobile-header-display":"","site-post-title":"","ast-breadcrumbs-content":"","ast-featured-img":"","footer-sml-layout":"","ast-disable-related-posts":"","theme-transparent-header-meta":"","adv-header-id-meta":"","stick-header-meta":"","header-above-stick-meta":"","header-main-stick-meta":"","header-below-stick-meta":"","astra-migrate-meta-layouts":"default","ast-page-background-enabled":"default","ast-page-background-meta":{"desktop":{"background-color":"var(--ast-global-color-5)","background-image":"","background-repeat":"repeat","background-position":"center center","background-size":"auto","background-attachment":"scroll","background-type":"","background-media":"","overlay-type":"","overlay-color":"","overlay-opacity":"","overlay-gradient":""},"tablet":{"background-color":"","background-image":"","background-repeat":"repeat","background-position":"center center","background-size":"auto","background-attachment":"scroll","background-type":"","background-media":"","overlay-type":"","overlay-color":"","overlay-opacity":"","overlay-gradient":""},"mobile":{"background-color":"","background-image":"","background-repeat":"repeat","background-position":"center center","background-size":"auto","background-attachment":"scroll","background-type":"","background-media":"","overlay-type":"","overlay-color":"","overlay-opacity":"","overlay-gradient":""}},"ast-content-background-meta":{"desktop":{"background-color":"var(--ast-global-color-4)","background-image":"","background-repeat":"repeat","background-position":"center center","background-size":"auto","background-attachment":"scroll","background-type":"","background-media":"","overlay-type":"","overlay-color":"","overlay-opacity":"","overlay-gradient":""},"tablet":{"background-color":"var(--ast-global-color-4)","background-image":"","background-repeat":"repeat","background-position":"center center","background-size":"auto","background-attachment":"scroll","background-type":"","background-media":"","overlay-type":"","overlay-color":"","overlay-opacity":"","overlay-gradient":""},"mobile":{"background-color":"var(--ast-global-color-4)","background-image":"","background-repeat":"repeat","background-position":"center center","background-size":"auto","background-attachment":"scroll","background-type":"","background-media":"","overlay-type":"","overlay-color":"","overlay-opacity":"","overlay-gradient":""}},"footnotes":""},"class_list":["post-14782","page","type-page","status-publish","hentry"],"aioseo_notices":[],"_links":{"self":[{"href":"https:\/\/www.paulonogueiraterapias.com\/es\/wp-json\/wp\/v2\/pages\/14782","targetHints":{"allow":["GET"]}}],"collection":[{"href":"https:\/\/www.paulonogueiraterapias.com\/es\/wp-json\/wp\/v2\/pages"}],"about":[{"href":"https:\/\/www.paulonogueiraterapias.com\/es\/wp-json\/wp\/v2\/types\/page"}],"author":[{"embeddable":true,"href":"https:\/\/www.paulonogueiraterapias.com\/es\/wp-json\/wp\/v2\/users\/1"}],"replies":[{"embeddable":true,"href":"https:\/\/www.paulonogueiraterapias.com\/es\/wp-json\/wp\/v2\/comments?post=14782"}],"version-history":[{"count":0,"href":"https:\/\/www.paulonogueiraterapias.com\/es\/wp-json\/wp\/v2\/pages\/14782\/revisions"}],"wp:attachment":[{"href":"https:\/\/www.paulonogueiraterapias.com\/es\/wp-json\/wp\/v2\/media?parent=14782"}],"curies":[{"name":"wp","href":"https:\/\/api.w.org\/{rel}","templated":true}]}}