{"id":14778,"date":"2019-11-20T00:43:39","date_gmt":"2019-11-20T00:43:39","guid":{"rendered":"https:\/\/www.paulonogueiraterapias.com\/como-hacer-un-tratamiento-de-reiki-a-distancia\/"},"modified":"2021-12-10T23:29:37","modified_gmt":"2021-12-10T23:29:37","slug":"como-hacer-un-tratamiento-de-reiki-a-distancia","status":"publish","type":"page","link":"https:\/\/www.paulonogueiraterapias.com\/es\/como-hacer-un-tratamiento-de-reiki-a-distancia\/","title":{"rendered":"C\u00f3mo hacer un tratamiento de Reiki a distancia"},"content":{"rendered":"\n<h3 class=\"wp-block-heading\"><a>Proceso de tratamiento en\ndistancia<\/a><\/h3>\n\n<p>En caso de que hayamos recibido el permiso del Ser Superior del paciente para realizar un tratamiento de Reiki a distancia, podemos utilizar la t\u00e9cnica del muslo. El terapeuta pasar\u00e1 Reiki a tu muslo derecho con la intenci\u00f3n de pasar Reiki a la parte delantera de la persona y luego pasar\u00e1 Reiki a tu muslo izquierdo con la intenci\u00f3n de pasar Reiki a la parte trasera de la persona.<\/p>\n\n<h3 class=\"wp-block-heading\"><a>Pasos del tratamiento para\ndistancia<\/a><\/h3>\n\n<p>1\u00ba Reza una oraci\u00f3n. Por ejemplo, &#8220;Yo\nPido a la Fuente que purifique mi canal y a mis gu\u00edas que se unan a m\u00ed en\neste tratamiento de Reiki `distancia a X&#8221;.<\/p>\n\n<p>2\u00ba Dibujar con ambas manos el\ns\u00edmbolos en el siguiente orden:<\/p>\n\n<ol class=\"wp-block-list\"><li>Hon Sha Ze Sho Nen<\/li><li>Sei He Ki<\/li><li>Choku Rei<\/li><\/ol>\n\n<p>3\u00ba Aplicar las dos manos sobre el\nmuslo derecho y deja que el Reiki fluya durante 5 a 8 minutos<\/p>\n\n<p>4\u00ba Activar de nuevo los s\u00edmbolos\nen ambas manos en el siguiente orden<\/p>\n\n<ol class=\"wp-block-list\"><li>Hon Sha Ze Sho Nen<\/li><li>Sei He Ki<\/li><li>Choku Rei<\/li><\/ol>\n\n<p>5\u00ba Aplicar las dos manos sobre el\nmuslo izquierdo y deja que el Reiki fluya durante 5 a 8 minutos<\/p>\n\n<p>6\u00ba Una vez finalizada la imposici\u00f3n\nde las manos, realizar un ritual de finalizaci\u00f3n advirtiendo mentalmente al paciente que\nla sesi\u00f3n cerrada<\/p>\n\n<p>7\u00ba Coloca las manos delante de ti\nuno a otro, a unos 15 cm de distancia por ejemplo, y luego acercarlos\nlas manos del otro hasta que se toquen. Cuando est\u00e1n juntos, el corte de energ\u00eda\ncon la energ\u00eda del paciente se completar\u00e1. Si siente una resistencia por parte de\ndel paciente puede deberse, por ejemplo, a que al paciente le gusta la energ\u00eda de Reiki y no desea dejar de recibirla.\nTranquilizar al paciente dici\u00e9ndole que, por ahora, tiene que terminar pero que\npodr\u00e1s transmitir Reiki en un momento posterior.<\/p>\n\n<p>Durante el tratamiento, debe\npermanecer receptivo a cualquier informaci\u00f3n dada que en Reiki adem\u00e1s de\ncanalizar la energ\u00eda, tambi\u00e9n puedes canalizar la informaci\u00f3n.<\/p>\n\n<p>8\u00ba Agradecimiento a la Fuente. Por ejemplo,\n&#8220;Agradezco a la Fuente por purificar mi canal y a mis gu\u00edas por\nunida a m\u00ed para este tratamiento de Reiki a distancia para el esp\u00edritu de X&#8221;.<\/p>\n\n<p>Para que el tratamiento a distancia sea\nm\u00e1s r\u00e1pido, puedes considerar hacer 3 tratamientos a distancia al d\u00eda durante 3\nd\u00edas consecutivos. Puede determinar la frecuencia de los tratamientos seg\u00fan su\nla intuici\u00f3n y la evoluci\u00f3n del estado del cuerpo, emocional, mental o\nespiritual del problema que se plantea.<\/p>\n","protected":false},"excerpt":{"rendered":"<p>Proceso de tratamiento en distancia En caso de que hayamos recibido el permiso del Ser Superior del paciente para realizar un tratamiento de Reiki a distancia, podemos utilizar la t\u00e9cnica [&hellip;]<\/p>\n","protected":false},"author":1,"featured_media":0,"parent":0,"menu_order":0,"comment_status":"closed","ping_status":"closed","template":"","meta":{"om_disable_all_campaigns":false,"_mi_skip_tracking":false,"site-sidebar-layout":"default","site-content-layout":"","ast-site-content-layout":"default","site-content-style":"default","site-sidebar-style":"default","ast-global-header-display":"","ast-banner-title-visibility":"","ast-main-header-display":"","ast-hfb-above-header-display":"","ast-hfb-below-header-display":"","ast-hfb-mobile-header-display":"","site-post-title":"","ast-breadcrumbs-content":"","ast-featured-img":"","footer-sml-layout":"","ast-disable-related-posts":"","theme-transparent-header-meta":"","adv-header-id-meta":"","stick-header-meta":"","header-above-stick-meta":"","header-main-stick-meta":"","header-below-stick-meta":"","astra-migrate-meta-layouts":"default","ast-page-background-enabled":"default","ast-page-background-meta":{"desktop":{"background-color":"var(--ast-global-color-5)","background-image":"","background-repeat":"repeat","background-position":"center center","background-size":"auto","background-attachment":"scroll","background-type":"","background-media":"","overlay-type":"","overlay-color":"","overlay-opacity":"","overlay-gradient":""},"tablet":{"background-color":"","background-image":"","background-repeat":"repeat","background-position":"center center","background-size":"auto","background-attachment":"scroll","background-type":"","background-media":"","overlay-type":"","overlay-color":"","overlay-opacity":"","overlay-gradient":""},"mobile":{"background-color":"","background-image":"","background-repeat":"repeat","background-position":"center center","background-size":"auto","background-attachment":"scroll","background-type":"","background-media":"","overlay-type":"","overlay-color":"","overlay-opacity":"","overlay-gradient":""}},"ast-content-background-meta":{"desktop":{"background-color":"var(--ast-global-color-4)","background-image":"","background-repeat":"repeat","background-position":"center center","background-size":"auto","background-attachment":"scroll","background-type":"","background-media":"","overlay-type":"","overlay-color":"","overlay-opacity":"","overlay-gradient":""},"tablet":{"background-color":"var(--ast-global-color-4)","background-image":"","background-repeat":"repeat","background-position":"center center","background-size":"auto","background-attachment":"scroll","background-type":"","background-media":"","overlay-type":"","overlay-color":"","overlay-opacity":"","overlay-gradient":""},"mobile":{"background-color":"var(--ast-global-color-4)","background-image":"","background-repeat":"repeat","background-position":"center center","background-size":"auto","background-attachment":"scroll","background-type":"","background-media":"","overlay-type":"","overlay-color":"","overlay-opacity":"","overlay-gradient":""}},"footnotes":""},"class_list":["post-14778","page","type-page","status-publish","hentry"],"aioseo_notices":[],"_links":{"self":[{"href":"https:\/\/www.paulonogueiraterapias.com\/es\/wp-json\/wp\/v2\/pages\/14778","targetHints":{"allow":["GET"]}}],"collection":[{"href":"https:\/\/www.paulonogueiraterapias.com\/es\/wp-json\/wp\/v2\/pages"}],"about":[{"href":"https:\/\/www.paulonogueiraterapias.com\/es\/wp-json\/wp\/v2\/types\/page"}],"author":[{"embeddable":true,"href":"https:\/\/www.paulonogueiraterapias.com\/es\/wp-json\/wp\/v2\/users\/1"}],"replies":[{"embeddable":true,"href":"https:\/\/www.paulonogueiraterapias.com\/es\/wp-json\/wp\/v2\/comments?post=14778"}],"version-history":[{"count":0,"href":"https:\/\/www.paulonogueiraterapias.com\/es\/wp-json\/wp\/v2\/pages\/14778\/revisions"}],"wp:attachment":[{"href":"https:\/\/www.paulonogueiraterapias.com\/es\/wp-json\/wp\/v2\/media?parent=14778"}],"curies":[{"name":"wp","href":"https:\/\/api.w.org\/{rel}","templated":true}]}}