{"id":14770,"date":"2019-12-09T16:42:11","date_gmt":"2019-12-09T16:42:11","guid":{"rendered":"https:\/\/www.paulonogueiraterapias.com\/los-7-principios-hermeticos\/"},"modified":"2021-12-10T23:28:50","modified_gmt":"2021-12-10T23:28:50","slug":"los-7-principios-hermeticos","status":"publish","type":"page","link":"https:\/\/www.paulonogueiraterapias.com\/es\/los-7-principios-hermeticos\/","title":{"rendered":"Los 7 principios herm\u00e9ticos"},"content":{"rendered":"\n<ol class=\"wp-block-list\"><li><h5>El principio del mentalismo<\/h5>&#8220;El TODO es MENTE; el Universo es Mental&#8221;.<br\/><\/li><li><h5>El principio de correspondencia<\/h5>&#8220;Lo que est\u00e1 arriba es como lo que est\u00e1 abajo, y lo que est\u00e1 abajo es como lo que est\u00e1 arriba&#8221;.<br\/><\/li><li><h5>El principio de vibraci\u00f3n<\/h5>&#8220;Nada est\u00e1 quieto; todo se mueve, todo vibra&#8221;.<br\/><\/li><li><h5>El principio de polaridad<\/h5>&#8220;Todo es doble; todo tiene polos; todo tiene su opuesto; lo igual y lo desigual son lo mismo; los opuestos son id\u00e9nticos en naturaleza pero diferentes en grado; los extremos se tocan; todas las verdades son medias verdades; todas las paradojas se pueden reconciliar&#8221;<br\/><\/li><li><h5>El principio del ritmo<\/h5>&#8220;Todo tiene un flujo y un reflujo; todo, en sus mareas; todo sube y baja; todo se manifiesta por oscilaciones compensadas; la medida del movimiento a la derecha es la medida del movimiento a la izquierda; el ritmo es compensaci\u00f3n&#8221;<br\/><\/li><li><h5>El principio de causa y efecto<\/h5>&#8220;Toda Causa tiene su Efecto, todo Efecto tiene su Causa; todo sucede seg\u00fan la Ley; el Azar es simplemente un nombre dado a una Ley no reconocida; hay muchos planos de causalidad, sin embargo nada escapa a la Ley&#8221;<br\/><\/li><li><h5>El principio de g\u00e9nero<\/h5>&#8220;El g\u00e9nero est\u00e1 en todo; todo tiene su principio masculino y su principio femenino; el g\u00e9nero se manifiesta en todos los planos&#8221;<\/li><\/ol>\n\n<p><strong>Fuente:<\/strong> <em>El Caybali\u00f3n<\/em><\/p>\n","protected":false},"excerpt":{"rendered":"<p>El principio del mentalismo &#8220;El TODO es MENTE; el Universo es Mental&#8221;. El principio de correspondencia &#8220;Lo que est\u00e1 arriba es como lo que est\u00e1 abajo, y lo que est\u00e1 [&hellip;]<\/p>\n","protected":false},"author":1,"featured_media":0,"parent":0,"menu_order":0,"comment_status":"closed","ping_status":"closed","template":"","meta":{"om_disable_all_campaigns":false,"_mi_skip_tracking":false,"site-sidebar-layout":"default","site-content-layout":"","ast-site-content-layout":"default","site-content-style":"default","site-sidebar-style":"default","ast-global-header-display":"","ast-banner-title-visibility":"","ast-main-header-display":"","ast-hfb-above-header-display":"","ast-hfb-below-header-display":"","ast-hfb-mobile-header-display":"","site-post-title":"","ast-breadcrumbs-content":"","ast-featured-img":"","footer-sml-layout":"","ast-disable-related-posts":"","theme-transparent-header-meta":"","adv-header-id-meta":"","stick-header-meta":"","header-above-stick-meta":"","header-main-stick-meta":"","header-below-stick-meta":"","astra-migrate-meta-layouts":"default","ast-page-background-enabled":"default","ast-page-background-meta":{"desktop":{"background-color":"var(--ast-global-color-5)","background-image":"","background-repeat":"repeat","background-position":"center center","background-size":"auto","background-attachment":"scroll","background-type":"","background-media":"","overlay-type":"","overlay-color":"","overlay-opacity":"","overlay-gradient":""},"tablet":{"background-color":"","background-image":"","background-repeat":"repeat","background-position":"center center","background-size":"auto","background-attachment":"scroll","background-type":"","background-media":"","overlay-type":"","overlay-color":"","overlay-opacity":"","overlay-gradient":""},"mobile":{"background-color":"","background-image":"","background-repeat":"repeat","background-position":"center center","background-size":"auto","background-attachment":"scroll","background-type":"","background-media":"","overlay-type":"","overlay-color":"","overlay-opacity":"","overlay-gradient":""}},"ast-content-background-meta":{"desktop":{"background-color":"var(--ast-global-color-4)","background-image":"","background-repeat":"repeat","background-position":"center center","background-size":"auto","background-attachment":"scroll","background-type":"","background-media":"","overlay-type":"","overlay-color":"","overlay-opacity":"","overlay-gradient":""},"tablet":{"background-color":"var(--ast-global-color-4)","background-image":"","background-repeat":"repeat","background-position":"center center","background-size":"auto","background-attachment":"scroll","background-type":"","background-media":"","overlay-type":"","overlay-color":"","overlay-opacity":"","overlay-gradient":""},"mobile":{"background-color":"var(--ast-global-color-4)","background-image":"","background-repeat":"repeat","background-position":"center center","background-size":"auto","background-attachment":"scroll","background-type":"","background-media":"","overlay-type":"","overlay-color":"","overlay-opacity":"","overlay-gradient":""}},"footnotes":""},"class_list":["post-14770","page","type-page","status-publish","hentry"],"aioseo_notices":[],"_links":{"self":[{"href":"https:\/\/www.paulonogueiraterapias.com\/es\/wp-json\/wp\/v2\/pages\/14770","targetHints":{"allow":["GET"]}}],"collection":[{"href":"https:\/\/www.paulonogueiraterapias.com\/es\/wp-json\/wp\/v2\/pages"}],"about":[{"href":"https:\/\/www.paulonogueiraterapias.com\/es\/wp-json\/wp\/v2\/types\/page"}],"author":[{"embeddable":true,"href":"https:\/\/www.paulonogueiraterapias.com\/es\/wp-json\/wp\/v2\/users\/1"}],"replies":[{"embeddable":true,"href":"https:\/\/www.paulonogueiraterapias.com\/es\/wp-json\/wp\/v2\/comments?post=14770"}],"version-history":[{"count":0,"href":"https:\/\/www.paulonogueiraterapias.com\/es\/wp-json\/wp\/v2\/pages\/14770\/revisions"}],"wp:attachment":[{"href":"https:\/\/www.paulonogueiraterapias.com\/es\/wp-json\/wp\/v2\/media?parent=14770"}],"curies":[{"name":"wp","href":"https:\/\/api.w.org\/{rel}","templated":true}]}}