{"id":14762,"date":"2019-12-31T15:09:09","date_gmt":"2019-12-31T15:09:09","guid":{"rendered":"https:\/\/www.paulonogueiraterapias.com\/koki-ho-la-curacion-con-la-respiracion\/"},"modified":"2021-12-10T23:28:50","modified_gmt":"2021-12-10T23:28:50","slug":"koki-ho-la-curacion-con-la-respiracion","status":"publish","type":"page","link":"https:\/\/www.paulonogueiraterapias.com\/es\/koki-ho-la-curacion-con-la-respiracion\/","title":{"rendered":"Koki-Ho &#8211; la curaci\u00f3n con la respiraci\u00f3n"},"content":{"rendered":"\n<p>El Maestro Mikao Usui dijo que cualquier persona que sienta calor al administrar un tratamiento de Reiki estar\u00eda en condiciones de utilizar tanto la respiraci\u00f3n como los ojos para ofrecer la energ\u00eda de Reiki.<\/p>\n\n<p>La t\u00e9cnica se practica de la siguiente manera:<br\/>1. Inhalar y llevar el aire hacia el tantien (abdomen). Mant\u00e9ngalo ah\u00ed durante unos segundos y dibuje el s\u00edmbolo de potenciaci\u00f3n de la energ\u00eda en su paladar con la lengua.<\/p>\n\n<p>2\u00ba Luego exhale y sople el s\u00edmbolo de potenciaci\u00f3n sobre la parte del cuerpo a tratar. Puedes utilizar esta t\u00e9cnica en la curaci\u00f3n del cuerpo f\u00edsico, del aura o de las fotograf\u00edas (curaci\u00f3n a distancia).<\/p>\n\n<p>3\u00ba Repite la operaci\u00f3n tantas veces como creas necesario.<\/p>\n\n<p>Si lo desea, puede probar esta t\u00e9cnica junto con la contracci\u00f3n del m\u00fasculo anal (en chino Hui Yin) mientras inspira y espira.<\/p>\n\n<p>El m\u00fasculo pubococc\u00edgeo (Hui Yin) est\u00e1 situado entre los \u00f3rganos sexuales y el ano y se considera en China como uno de los puntos m\u00e1s importantes porque la energ\u00eda puede caer f\u00e1cilmente de este lugar. La finalidad de la contracci\u00f3n de este m\u00fasculo es elevar la energ\u00eda a trav\u00e9s de la columna vertebral hasta los centros energ\u00e9ticos superiores. Este ejercicio tambi\u00e9n previene los problemas de salud relacionados con la pr\u00f3stata y la incontinencia urinaria.<\/p>\n","protected":false},"excerpt":{"rendered":"<p>El Maestro Mikao Usui dijo que cualquier persona que sienta calor al administrar un tratamiento de Reiki estar\u00eda en condiciones de utilizar tanto la respiraci\u00f3n como los ojos para ofrecer [&hellip;]<\/p>\n","protected":false},"author":1,"featured_media":0,"parent":0,"menu_order":0,"comment_status":"closed","ping_status":"closed","template":"","meta":{"om_disable_all_campaigns":false,"_mi_skip_tracking":false,"site-sidebar-layout":"default","site-content-layout":"","ast-site-content-layout":"default","site-content-style":"default","site-sidebar-style":"default","ast-global-header-display":"","ast-banner-title-visibility":"","ast-main-header-display":"","ast-hfb-above-header-display":"","ast-hfb-below-header-display":"","ast-hfb-mobile-header-display":"","site-post-title":"","ast-breadcrumbs-content":"","ast-featured-img":"","footer-sml-layout":"","ast-disable-related-posts":"","theme-transparent-header-meta":"","adv-header-id-meta":"","stick-header-meta":"","header-above-stick-meta":"","header-main-stick-meta":"","header-below-stick-meta":"","astra-migrate-meta-layouts":"default","ast-page-background-enabled":"default","ast-page-background-meta":{"desktop":{"background-color":"var(--ast-global-color-5)","background-image":"","background-repeat":"repeat","background-position":"center center","background-size":"auto","background-attachment":"scroll","background-type":"","background-media":"","overlay-type":"","overlay-color":"","overlay-opacity":"","overlay-gradient":""},"tablet":{"background-color":"","background-image":"","background-repeat":"repeat","background-position":"center center","background-size":"auto","background-attachment":"scroll","background-type":"","background-media":"","overlay-type":"","overlay-color":"","overlay-opacity":"","overlay-gradient":""},"mobile":{"background-color":"","background-image":"","background-repeat":"repeat","background-position":"center center","background-size":"auto","background-attachment":"scroll","background-type":"","background-media":"","overlay-type":"","overlay-color":"","overlay-opacity":"","overlay-gradient":""}},"ast-content-background-meta":{"desktop":{"background-color":"var(--ast-global-color-4)","background-image":"","background-repeat":"repeat","background-position":"center center","background-size":"auto","background-attachment":"scroll","background-type":"","background-media":"","overlay-type":"","overlay-color":"","overlay-opacity":"","overlay-gradient":""},"tablet":{"background-color":"var(--ast-global-color-4)","background-image":"","background-repeat":"repeat","background-position":"center center","background-size":"auto","background-attachment":"scroll","background-type":"","background-media":"","overlay-type":"","overlay-color":"","overlay-opacity":"","overlay-gradient":""},"mobile":{"background-color":"var(--ast-global-color-4)","background-image":"","background-repeat":"repeat","background-position":"center center","background-size":"auto","background-attachment":"scroll","background-type":"","background-media":"","overlay-type":"","overlay-color":"","overlay-opacity":"","overlay-gradient":""}},"footnotes":""},"class_list":["post-14762","page","type-page","status-publish","hentry"],"aioseo_notices":[],"_links":{"self":[{"href":"https:\/\/www.paulonogueiraterapias.com\/es\/wp-json\/wp\/v2\/pages\/14762","targetHints":{"allow":["GET"]}}],"collection":[{"href":"https:\/\/www.paulonogueiraterapias.com\/es\/wp-json\/wp\/v2\/pages"}],"about":[{"href":"https:\/\/www.paulonogueiraterapias.com\/es\/wp-json\/wp\/v2\/types\/page"}],"author":[{"embeddable":true,"href":"https:\/\/www.paulonogueiraterapias.com\/es\/wp-json\/wp\/v2\/users\/1"}],"replies":[{"embeddable":true,"href":"https:\/\/www.paulonogueiraterapias.com\/es\/wp-json\/wp\/v2\/comments?post=14762"}],"version-history":[{"count":0,"href":"https:\/\/www.paulonogueiraterapias.com\/es\/wp-json\/wp\/v2\/pages\/14762\/revisions"}],"wp:attachment":[{"href":"https:\/\/www.paulonogueiraterapias.com\/es\/wp-json\/wp\/v2\/media?parent=14762"}],"curies":[{"name":"wp","href":"https:\/\/api.w.org\/{rel}","templated":true}]}}