{"id":14750,"date":"2019-11-19T15:36:56","date_gmt":"2019-11-19T15:36:56","guid":{"rendered":"https:\/\/www.paulonogueiraterapias.com\/hon-sha-ze-sho-nen\/"},"modified":"2021-12-10T23:28:50","modified_gmt":"2021-12-10T23:28:50","slug":"hon-sha-ze-sho-nen","status":"publish","type":"page","link":"https:\/\/www.paulonogueiraterapias.com\/es\/hon-sha-ze-sho-nen\/","title":{"rendered":"Hon Sha Ze Sho Nen"},"content":{"rendered":"\n<p>El Hon Sha Ze Sho Nen tiene como objetivo trabajar en la parte mental del paciente, permitiendo que la energ\u00eda Reiki sea enviada a distancia, sin importar el espacio o el tiempo.<\/p>\n\n<h3 class=\"wp-block-heading\">Para qu\u00e9 se utiliza<\/h3>\n\n<p>Dirige la energ\u00eda para que act\u00fae sobre el cuerpo mental y la mente consciente.<\/p>\n\n<p>Permite el tratamiento de curaci\u00f3n a distancia ya que abre un portal interdimensional a trav\u00e9s del cual podemos enviar energ\u00eda Reiki a cualquier punto del continuo espacio-tiempo.<\/p>\n\n<p>Con este s\u00edmbolo, podemos enviar Reiki para un trauma del pasado con el fin de transformar sus efectos en el presente o enviar Reiki para una situaci\u00f3n en el futuro donde la energ\u00eda se almacenar\u00e1 y s\u00f3lo se descargar\u00e1 sobre el paciente en el momento previsto por el terapeuta como si fuera una sesi\u00f3n en tiempo real.<\/p>\n\n<p>El Hon Sha Ze Sho Nen permite acceder a los registros ak\u00e1sicos que contienen informaci\u00f3n sobre los karmas de cada persona, las lecciones que debe aprender, los m\u00e9ritos ya alcanzados durante la rueda de reencarnaciones, los dones disponibles para cumplir la misi\u00f3n en cada encarnaci\u00f3n, la misi\u00f3n de vida actual y los contratos energ\u00e9ticos establecidos con otras personas. Tambi\u00e9n podemos utilizar este s\u00edmbolo para enviar energ\u00eda a una relaci\u00f3n amorosa o profesional.<\/p>\n\n<p>Hon Sha Ze Sho Nen tambi\u00e9n te permite enviar energ\u00eda Reiki a los desencarnados para aliviar el sufrimiento de aquellos que a\u00fan est\u00e1n en el Umbral esperando el momento de su paso a las dimensiones superiores donde ser\u00e1n debidamente atendidos por esp\u00edritus afines para ser regenerados emocional y mentalmente.<\/p>\n\n<h3 class=\"wp-block-heading\">Simbolog\u00eda<\/h3>\n\n<p>La luz divina en m\u00ed toca la luz divina en ti para promover la paz y la iluminaci\u00f3n.<\/p>\n\n<p>Significa &#8220;ni pasado, ni presente, ni futuro&#8221;. Se asocia al Sol y al elemento Fuego.<\/p>\n\n<h3 class=\"wp-block-heading\">C\u00f3mo utilizarlo<\/h3>\n\n<p>Hay que respetar la secuencia de los trazos que forman el s\u00edmbolo, ya que cada uno tiene su propio significado. Se pronuncia &#8220;Hon Sha Zu Sho Nen&#8221;.<\/p>\n\n<figure class=\"wp-block-image\"><img loading=\"lazy\" decoding=\"async\" width=\"755\" height=\"1024\" src=\"https:\/\/www.paulonogueiraterapias.com\/wp-content\/uploads\/2019\/11\/simbol-rk-3-755x1024.jpeg\" alt=\"Hon Sha Ze Sho Nen\" class=\"wp-image-12991\" srcset=\"https:\/\/www.paulonogueiraterapias.com\/wp-content\/uploads\/2019\/11\/simbol-rk-3-755x1024.jpeg 755w, https:\/\/www.paulonogueiraterapias.com\/wp-content\/uploads\/2019\/11\/simbol-rk-3-scaled-600x814.jpeg 600w, https:\/\/www.paulonogueiraterapias.com\/wp-content\/uploads\/2019\/11\/simbol-rk-3-221x300.jpeg 221w, https:\/\/www.paulonogueiraterapias.com\/wp-content\/uploads\/2019\/11\/simbol-rk-3-768x1042.jpeg 768w, https:\/\/www.paulonogueiraterapias.com\/wp-content\/uploads\/2019\/11\/simbol-rk-3-scaled.jpeg 1887w\" sizes=\"auto, (max-width: 755px) 100vw, 755px\" \/><figcaption>Hon Sha Ze Sho Nen<\/figcaption><\/figure>\n","protected":false},"excerpt":{"rendered":"<p>El Hon Sha Ze Sho Nen tiene como objetivo trabajar en la parte mental del paciente, permitiendo que la energ\u00eda Reiki sea enviada a distancia, sin importar el espacio o [&hellip;]<\/p>\n","protected":false},"author":1,"featured_media":0,"parent":0,"menu_order":0,"comment_status":"closed","ping_status":"closed","template":"","meta":{"om_disable_all_campaigns":false,"_mi_skip_tracking":false,"site-sidebar-layout":"default","site-content-layout":"","ast-site-content-layout":"default","site-content-style":"default","site-sidebar-style":"default","ast-global-header-display":"","ast-banner-title-visibility":"","ast-main-header-display":"","ast-hfb-above-header-display":"","ast-hfb-below-header-display":"","ast-hfb-mobile-header-display":"","site-post-title":"","ast-breadcrumbs-content":"","ast-featured-img":"","footer-sml-layout":"","ast-disable-related-posts":"","theme-transparent-header-meta":"","adv-header-id-meta":"","stick-header-meta":"","header-above-stick-meta":"","header-main-stick-meta":"","header-below-stick-meta":"","astra-migrate-meta-layouts":"default","ast-page-background-enabled":"default","ast-page-background-meta":{"desktop":{"background-color":"var(--ast-global-color-5)","background-image":"","background-repeat":"repeat","background-position":"center center","background-size":"auto","background-attachment":"scroll","background-type":"","background-media":"","overlay-type":"","overlay-color":"","overlay-opacity":"","overlay-gradient":""},"tablet":{"background-color":"","background-image":"","background-repeat":"repeat","background-position":"center center","background-size":"auto","background-attachment":"scroll","background-type":"","background-media":"","overlay-type":"","overlay-color":"","overlay-opacity":"","overlay-gradient":""},"mobile":{"background-color":"","background-image":"","background-repeat":"repeat","background-position":"center center","background-size":"auto","background-attachment":"scroll","background-type":"","background-media":"","overlay-type":"","overlay-color":"","overlay-opacity":"","overlay-gradient":""}},"ast-content-background-meta":{"desktop":{"background-color":"var(--ast-global-color-4)","background-image":"","background-repeat":"repeat","background-position":"center center","background-size":"auto","background-attachment":"scroll","background-type":"","background-media":"","overlay-type":"","overlay-color":"","overlay-opacity":"","overlay-gradient":""},"tablet":{"background-color":"var(--ast-global-color-4)","background-image":"","background-repeat":"repeat","background-position":"center center","background-size":"auto","background-attachment":"scroll","background-type":"","background-media":"","overlay-type":"","overlay-color":"","overlay-opacity":"","overlay-gradient":""},"mobile":{"background-color":"var(--ast-global-color-4)","background-image":"","background-repeat":"repeat","background-position":"center center","background-size":"auto","background-attachment":"scroll","background-type":"","background-media":"","overlay-type":"","overlay-color":"","overlay-opacity":"","overlay-gradient":""}},"footnotes":""},"class_list":["post-14750","page","type-page","status-publish","hentry"],"aioseo_notices":[],"_links":{"self":[{"href":"https:\/\/www.paulonogueiraterapias.com\/es\/wp-json\/wp\/v2\/pages\/14750","targetHints":{"allow":["GET"]}}],"collection":[{"href":"https:\/\/www.paulonogueiraterapias.com\/es\/wp-json\/wp\/v2\/pages"}],"about":[{"href":"https:\/\/www.paulonogueiraterapias.com\/es\/wp-json\/wp\/v2\/types\/page"}],"author":[{"embeddable":true,"href":"https:\/\/www.paulonogueiraterapias.com\/es\/wp-json\/wp\/v2\/users\/1"}],"replies":[{"embeddable":true,"href":"https:\/\/www.paulonogueiraterapias.com\/es\/wp-json\/wp\/v2\/comments?post=14750"}],"version-history":[{"count":0,"href":"https:\/\/www.paulonogueiraterapias.com\/es\/wp-json\/wp\/v2\/pages\/14750\/revisions"}],"wp:attachment":[{"href":"https:\/\/www.paulonogueiraterapias.com\/es\/wp-json\/wp\/v2\/media?parent=14750"}],"curies":[{"name":"wp","href":"https:\/\/api.w.org\/{rel}","templated":true}]}}