{"id":14268,"date":"2021-02-09T14:00:20","date_gmt":"2021-02-09T14:00:20","guid":{"rendered":"https:\/\/www.paulonogueiraterapias.com\/sobre-paulo-nogueira\/"},"modified":"2025-05-20T17:37:02","modified_gmt":"2025-05-20T17:37:02","slug":"sobre-paulo-nogueira","status":"publish","type":"page","link":"https:\/\/www.paulonogueiraterapias.com\/es\/sobre-paulo-nogueira\/","title":{"rendered":"Sobre Paulo Nogueira"},"content":{"rendered":"\n<p>Paulo Nogueira es terapeuta hol\u00edstico y formador de varios cursos en el \u00e1rea de la Espiritualidad.<br\/>Se licenci\u00f3 en Ingenier\u00eda Inform\u00e1tica en 2007, particip\u00f3 en varios proyectos inform\u00e1ticos y colabor\u00f3 en diversas empresas durante varios a\u00f1os, hasta que sinti\u00f3 la llamada interior del Alma a su misi\u00f3n: curar y ense\u00f1ar.  <\/p>\n\n<p>Desde sus 13 a\u00f1os nutre una pasi\u00f3n por el Espiritismo, habiendo comenzado a estudiar el \u00e1rea a trav\u00e9s de varias obras cl\u00e1sicas hasta 2008, fecha a partir de la cual comenz\u00f3 varias formaciones de desarrollo personal y Espiritualidad.<\/p>\n\n<p>El 21 de diciembre de 2012, fund\u00f3 Paulo Nogueira Terapias en Lisboa, y comenz\u00f3 a dedicarse plenamente a su misi\u00f3n de vida, redimiendo as\u00ed el prop\u00f3sito de su encarnaci\u00f3n, habiendo ayudado ya a cientos de personas a encontrar su camino.<\/p>\n\n<p>En 2012 particip\u00f3 en varias ceremonias cham\u00e1nicas con plantas de poder como la Ayahuasca en Sintra, Set\u00fabal y Mafra, el Iboga en agosto de 2012 en Assen, Holanda y las Setas M\u00e1gicas, que le abrieron un nuevo mundo de experiencias enriquecedoras.<\/p>\n\n<p>Practicante de Meditaci\u00f3n Trascendental desde 2009, terapeuta de Reiki tradicional desde 2010, ha sido maestro de Reiki Tradicional desde 2013, maestro de Kundalini Reiki, profesor de Meditaci\u00f3n, entrenador del Curso de Terapia Multidimensional desde 2014 y varios otros.<\/p>\n\n<p>Tambi\u00e9n tiene formaci\u00f3n en Sanaci\u00f3n con Cristales, Sanaci\u00f3n Reconectiva\u00ae Nivel II, Tabla Radi\u00f3nica, Munay Ki (Torres Novas los d\u00edas 11 y 12 de junio 16 con Helena Pereira), Sanaci\u00f3n Magnificada\u00ae, Karuna Reiki Nivel I, Cuencos Tibetanos Nivel I, Regresi\u00f3n con Reiki, Reiki Tradicional Tibetano 3A y P\u00e9ndulo Hebreo.<\/p>\n\n<p>Paulo Nogueira tambi\u00e9n se form\u00f3 con Rodrigo Romo, en Lisboa, en el M\u00e9todo de Ascensi\u00f3n de Melchisedeck y Voronandeck los d\u00edas 26 y 27 Jul&#8217;15, en Sanaci\u00f3n Cu\u00e1ntica Estelar los d\u00edas 20 y 21 Feb&#8217;16 y en Reiki Orix\u00e1 Magnificado Nivel I los d\u00edas 2 y 3 Jul&#8217;16.<\/p>\n\n<p>Complet\u00f3 el Curso de Lectura de Aura en octubre de 2010, recicl\u00e1ndolo en 2012 con el objetivo de mejorarlo, habiendo facilitado desde entonces 1317 sesiones de Lectura de Aura, lo que le permiti\u00f3 desarrollar su intuici\u00f3n y descubrir m\u00e1s de 2500 vidas pasadas para sus c\u00f3nsules, contribuyendo a la expansi\u00f3n de sus conciencias y sus,  una vez que se ense\u00f1a, tambi\u00e9n se aprende.<\/p>\n\n<p>Siempre deseoso de profundizar su conexi\u00f3n con lo Divino, se convirti\u00f3 en facilitador de la Terapia Multidimensional en 2013, una herramienta de evoluci\u00f3n espiritual que lo influir\u00eda a lo largo de su trayectoria, al notar a trav\u00e9s de las m\u00e1s de 2000 visitas de esta terapia realizadas desde entonces, los m\u00e1s diversos cambios de conciencia y vida, producidos en sus clientes,  con la ayuda de los Seres de Luz y los maestros ascendidos.<\/p>\n\n<p>Aunque, con reiki, ya logrando resultados curativos muy satisfactorios en sus pacientes, contin\u00faa en la b\u00fasqueda de la excelencia profesional, participando en la conferencia y seminario de Reconnective Healing\u00ae los d\u00edas 11, 12 y 13 de octubre de 2013, impartido por el Dr. Eric Pearl, en el Centro de Congresos de Lisboa, convirti\u00e9ndose en un Terapeuta De Sanaci\u00f3n Reconectiva\u00ae desde entonces. Desde esa fecha hasta la fecha, ha administrado m\u00e1s de 350 sesiones de Sanaci\u00f3n Reconectiva\u00ae, presencial y a distancia.<\/p>\n\n<p>Se convirti\u00f3 en capacitadora del Curso de Terapia Multidimensional en mayo de 2014, cuando tuvo m\u00e1s de 500 visitas desde su formaci\u00f3n como terapeuta multidimensional en marzo de 2013, una experiencia pr\u00e1ctica que se convertir\u00eda en valiosas ense\u00f1anzas en sus cursos presenciales y en l\u00ednea. Paulo Nogueira ha formado, hasta la fecha, a m\u00e1s de 1000 terapeutas multidimensionales en cursos realizados en Lisboa, Oporto, Braga, Soure (Coimbra), Santar\u00e9m, Torres Novas, Porto de M\u00f3s (Leiria), Faro, Olh\u00e3o, Portim\u00e3o, Set\u00fabal, Vila Nova de Gaia, Funchal (Isla de Madeira) y Angra do Hero\u00edsmo (Isla Terceira, Azores).<\/p>\n\n<p>A nivel internacional, imparti\u00f3 el Curso de Terapia Multidimensional en Diekirch, Luxemburgo y Suiza, desde 2015, en las ciudades de Olten (cant\u00f3n de Soleura), Lachen (cant\u00f3n de Schwyz), Meilen (cant\u00f3n de Z\u00farich), D\u00fcbendorf (cant\u00f3n de Z\u00farich), Conches (cant\u00f3n de Ginebra), Ginebra (cant\u00f3n de Ginebra), Saint-Prex (cant\u00f3n de Vaud) y Lausana (Vaud).<\/p>\n\n<p>En 2017, comenz\u00f3 a impartir el Curso de Terapia Multidimensional en la modalidad Online, encontrando que la efectividad de la transformaci\u00f3n energ\u00e9tica en los aprendices, derivada de las iniciaciones y meditaciones del curso, era id\u00e9ntica a la modalidad presencial. En el aspecto online se formaron m\u00e1s de 200 nuevos terapeutas multidimensionales, que viven en Brasil, Suiza, Angola, Reino Unido, Espa\u00f1a, Estados Unidos, Australia, Alemania y, por supuesto, Portugal.<\/p>\n\n<p>Autor del libro Sanaci\u00f3n Ascensional &#8211; Sanaci\u00f3n a trav\u00e9s de la Energ\u00eda de las Estrellas, fund\u00f3 el Curso de Sanaci\u00f3n Ascensional y Ascensional Healing\u00ae, una terapia que re\u00fane muchos a\u00f1os de estudio de la Espiritualidad y la pr\u00e1ctica del asesoramiento, y que tiene como objetivo liberar al ser humano de todos los aspectos que obstaculizan o retrasan el proceso de ascensi\u00f3n.<\/p>\n","protected":false},"excerpt":{"rendered":"<p>Paulo Nogueira es terapeuta hol\u00edstico y formador de varios cursos en el \u00e1rea de la Espiritualidad.Se licenci\u00f3 en Ingenier\u00eda Inform\u00e1tica en 2007, particip\u00f3 en varios proyectos inform\u00e1ticos y colabor\u00f3 en [&hellip;]<\/p>\n","protected":false},"author":1,"featured_media":0,"parent":0,"menu_order":0,"comment_status":"closed","ping_status":"closed","template":"","meta":{"om_disable_all_campaigns":false,"_mi_skip_tracking":false,"site-sidebar-layout":"default","site-content-layout":"","ast-site-content-layout":"default","site-content-style":"default","site-sidebar-style":"default","ast-global-header-display":"","ast-banner-title-visibility":"","ast-main-header-display":"","ast-hfb-above-header-display":"","ast-hfb-below-header-display":"","ast-hfb-mobile-header-display":"","site-post-title":"","ast-breadcrumbs-content":"","ast-featured-img":"","footer-sml-layout":"","ast-disable-related-posts":"","theme-transparent-header-meta":"","adv-header-id-meta":"","stick-header-meta":"","header-above-stick-meta":"","header-main-stick-meta":"","header-below-stick-meta":"","astra-migrate-meta-layouts":"default","ast-page-background-enabled":"default","ast-page-background-meta":{"desktop":{"background-color":"var(--ast-global-color-5)","background-image":"","background-repeat":"repeat","background-position":"center center","background-size":"auto","background-attachment":"scroll","background-type":"","background-media":"","overlay-type":"","overlay-color":"","overlay-opacity":"","overlay-gradient":""},"tablet":{"background-color":"","background-image":"","background-repeat":"repeat","background-position":"center center","background-size":"auto","background-attachment":"scroll","background-type":"","background-media":"","overlay-type":"","overlay-color":"","overlay-opacity":"","overlay-gradient":""},"mobile":{"background-color":"","background-image":"","background-repeat":"repeat","background-position":"center center","background-size":"auto","background-attachment":"scroll","background-type":"","background-media":"","overlay-type":"","overlay-color":"","overlay-opacity":"","overlay-gradient":""}},"ast-content-background-meta":{"desktop":{"background-color":"var(--ast-global-color-4)","background-image":"","background-repeat":"repeat","background-position":"center center","background-size":"auto","background-attachment":"scroll","background-type":"","background-media":"","overlay-type":"","overlay-color":"","overlay-opacity":"","overlay-gradient":""},"tablet":{"background-color":"var(--ast-global-color-4)","background-image":"","background-repeat":"repeat","background-position":"center center","background-size":"auto","background-attachment":"scroll","background-type":"","background-media":"","overlay-type":"","overlay-color":"","overlay-opacity":"","overlay-gradient":""},"mobile":{"background-color":"var(--ast-global-color-4)","background-image":"","background-repeat":"repeat","background-position":"center center","background-size":"auto","background-attachment":"scroll","background-type":"","background-media":"","overlay-type":"","overlay-color":"","overlay-opacity":"","overlay-gradient":""}},"footnotes":""},"class_list":["post-14268","page","type-page","status-publish","hentry"],"aioseo_notices":[],"_links":{"self":[{"href":"https:\/\/www.paulonogueiraterapias.com\/es\/wp-json\/wp\/v2\/pages\/14268","targetHints":{"allow":["GET"]}}],"collection":[{"href":"https:\/\/www.paulonogueiraterapias.com\/es\/wp-json\/wp\/v2\/pages"}],"about":[{"href":"https:\/\/www.paulonogueiraterapias.com\/es\/wp-json\/wp\/v2\/types\/page"}],"author":[{"embeddable":true,"href":"https:\/\/www.paulonogueiraterapias.com\/es\/wp-json\/wp\/v2\/users\/1"}],"replies":[{"embeddable":true,"href":"https:\/\/www.paulonogueiraterapias.com\/es\/wp-json\/wp\/v2\/comments?post=14268"}],"version-history":[{"count":0,"href":"https:\/\/www.paulonogueiraterapias.com\/es\/wp-json\/wp\/v2\/pages\/14268\/revisions"}],"wp:attachment":[{"href":"https:\/\/www.paulonogueiraterapias.com\/es\/wp-json\/wp\/v2\/media?parent=14268"}],"curies":[{"name":"wp","href":"https:\/\/api.w.org\/{rel}","templated":true}]}}