{"id":14252,"date":"2021-08-13T11:43:37","date_gmt":"2021-08-13T11:43:37","guid":{"rendered":"https:\/\/www.paulonogueiraterapias.com\/la-estrella-arcturus-y-los-arcturianos\/"},"modified":"2021-12-10T23:28:49","modified_gmt":"2021-12-10T23:28:49","slug":"la-estrella-arcturus-y-los-arcturianos","status":"publish","type":"page","link":"https:\/\/www.paulonogueiraterapias.com\/es\/la-estrella-arcturus-y-los-arcturianos\/","title":{"rendered":"La estrella Arcturus y los Arcturianos"},"content":{"rendered":"\n<p>La estrella Arcturus, perteneciente a la constelaci\u00f3n de Boieiro (B\u00f6otes), es una estrella gigante roja, ahora reclasificada por NASa como media naranja, siendo la cuarta m\u00e1s brillante del cielo nocturno.<\/p>\n\n<p>Esta estrella es aproximadamente 30 veces m\u00e1s grande que el Sol y 1.733 veces m\u00e1s grande que la Tierra y se encuentra a unos 33 a\u00f1os luz de distancia del sistema solar.<\/p>\n\n<figure class=\"wp-block-image size-full\"><a href=\"https:\/\/www.paulonogueiraterapias.com\/wp-content\/uploads\/2021\/08\/estrela-arcturus.png\"><img loading=\"lazy\" decoding=\"async\" width=\"802\" height=\"652\" src=\"https:\/\/www.paulonogueiraterapias.com\/wp-content\/uploads\/2021\/08\/estrela-arcturus.png\" alt=\"\" class=\"wp-image-13961\" srcset=\"https:\/\/www.paulonogueiraterapias.com\/wp-content\/uploads\/2021\/08\/estrela-arcturus.png 802w, https:\/\/www.paulonogueiraterapias.com\/wp-content\/uploads\/2021\/08\/estrela-arcturus-600x488.png 600w, https:\/\/www.paulonogueiraterapias.com\/wp-content\/uploads\/2021\/08\/estrela-arcturus-300x244.png 300w, https:\/\/www.paulonogueiraterapias.com\/wp-content\/uploads\/2021\/08\/estrela-arcturus-768x624.png 768w, https:\/\/www.paulonogueiraterapias.com\/wp-content\/uploads\/2021\/08\/estrela-arcturus-74x60.png 74w, https:\/\/www.paulonogueiraterapias.com\/wp-content\/uploads\/2021\/08\/estrela-arcturus-111x90.png 111w\" sizes=\"auto, (max-width: 802px) 100vw, 802px\" \/><\/a><figcaption>Estrella Arcturus<\/figcaption><\/figure>\n","protected":false},"excerpt":{"rendered":"<p>La estrella Arcturus, perteneciente a la constelaci\u00f3n de Boieiro (B\u00f6otes), es una estrella gigante roja, ahora reclasificada por NASa como media naranja, siendo la cuarta m\u00e1s brillante del cielo nocturno. [&hellip;]<\/p>\n","protected":false},"author":1,"featured_media":0,"parent":0,"menu_order":0,"comment_status":"closed","ping_status":"closed","template":"","meta":{"om_disable_all_campaigns":false,"_mi_skip_tracking":false,"site-sidebar-layout":"default","site-content-layout":"","ast-site-content-layout":"default","site-content-style":"default","site-sidebar-style":"default","ast-global-header-display":"","ast-banner-title-visibility":"","ast-main-header-display":"","ast-hfb-above-header-display":"","ast-hfb-below-header-display":"","ast-hfb-mobile-header-display":"","site-post-title":"","ast-breadcrumbs-content":"","ast-featured-img":"","footer-sml-layout":"","ast-disable-related-posts":"","theme-transparent-header-meta":"","adv-header-id-meta":"","stick-header-meta":"","header-above-stick-meta":"","header-main-stick-meta":"","header-below-stick-meta":"","astra-migrate-meta-layouts":"default","ast-page-background-enabled":"default","ast-page-background-meta":{"desktop":{"background-color":"var(--ast-global-color-5)","background-image":"","background-repeat":"repeat","background-position":"center center","background-size":"auto","background-attachment":"scroll","background-type":"","background-media":"","overlay-type":"","overlay-color":"","overlay-opacity":"","overlay-gradient":""},"tablet":{"background-color":"","background-image":"","background-repeat":"repeat","background-position":"center center","background-size":"auto","background-attachment":"scroll","background-type":"","background-media":"","overlay-type":"","overlay-color":"","overlay-opacity":"","overlay-gradient":""},"mobile":{"background-color":"","background-image":"","background-repeat":"repeat","background-position":"center center","background-size":"auto","background-attachment":"scroll","background-type":"","background-media":"","overlay-type":"","overlay-color":"","overlay-opacity":"","overlay-gradient":""}},"ast-content-background-meta":{"desktop":{"background-color":"var(--ast-global-color-4)","background-image":"","background-repeat":"repeat","background-position":"center center","background-size":"auto","background-attachment":"scroll","background-type":"","background-media":"","overlay-type":"","overlay-color":"","overlay-opacity":"","overlay-gradient":""},"tablet":{"background-color":"var(--ast-global-color-4)","background-image":"","background-repeat":"repeat","background-position":"center center","background-size":"auto","background-attachment":"scroll","background-type":"","background-media":"","overlay-type":"","overlay-color":"","overlay-opacity":"","overlay-gradient":""},"mobile":{"background-color":"var(--ast-global-color-4)","background-image":"","background-repeat":"repeat","background-position":"center center","background-size":"auto","background-attachment":"scroll","background-type":"","background-media":"","overlay-type":"","overlay-color":"","overlay-opacity":"","overlay-gradient":""}},"footnotes":""},"class_list":["post-14252","page","type-page","status-publish","hentry"],"aioseo_notices":[],"_links":{"self":[{"href":"https:\/\/www.paulonogueiraterapias.com\/es\/wp-json\/wp\/v2\/pages\/14252","targetHints":{"allow":["GET"]}}],"collection":[{"href":"https:\/\/www.paulonogueiraterapias.com\/es\/wp-json\/wp\/v2\/pages"}],"about":[{"href":"https:\/\/www.paulonogueiraterapias.com\/es\/wp-json\/wp\/v2\/types\/page"}],"author":[{"embeddable":true,"href":"https:\/\/www.paulonogueiraterapias.com\/es\/wp-json\/wp\/v2\/users\/1"}],"replies":[{"embeddable":true,"href":"https:\/\/www.paulonogueiraterapias.com\/es\/wp-json\/wp\/v2\/comments?post=14252"}],"version-history":[{"count":0,"href":"https:\/\/www.paulonogueiraterapias.com\/es\/wp-json\/wp\/v2\/pages\/14252\/revisions"}],"wp:attachment":[{"href":"https:\/\/www.paulonogueiraterapias.com\/es\/wp-json\/wp\/v2\/media?parent=14252"}],"curies":[{"name":"wp","href":"https:\/\/api.w.org\/{rel}","templated":true}]}}