{"id":14250,"date":"2021-03-16T14:48:00","date_gmt":"2021-03-16T14:48:00","guid":{"rendered":"https:\/\/www.paulonogueiraterapias.com\/proceso-de-autotratamiento-de-reiki\/"},"modified":"2021-12-10T23:28:50","modified_gmt":"2021-12-10T23:28:50","slug":"proceso-de-autotratamiento-de-reiki","status":"publish","type":"page","link":"https:\/\/www.paulonogueiraterapias.com\/es\/proceso-de-autotratamiento-de-reiki\/","title":{"rendered":"Proceso de autotratamiento de Reiki"},"content":{"rendered":"\n<ul class=\"wp-block-list\"><li><strong>El practicante debe hacer los 21 d\u00edas de autotratamiento de Reiki cada vez que recibe una iniciaci\u00f3n en un nivel determinado de Reiki. Los 21 d\u00edas son consecutivos.<\/strong>  Cuando se autotrata, no debe hacerlo cerca de la hora de acostarse, ya que puede quedarse dormido. Si te quedas dormido mientras haces Reiki, la energ\u00eda no fluye autom\u00e1ticamente mientras duermes. Necesita el enfoque del practicante en el momento presente para ser dirigido.<\/li><li>El profesional debe evitar el autotratamiento en una superficie demasiado c\u00f3moda, por ejemplo, un sill\u00f3n o un sof\u00e1. Debe hacer su proceso de autotratamiento sent\u00e1ndose en una silla. Nunca debe hacerlo en su cama, ya que dado que la cama est\u00e1 asociada con un objeto para dormir, la probabilidad de quedarse dormido durante el autotratamiento es bastante alta.<\/li><li>El autotratamiento dura en promedio una hora. En el proceso de purificaci\u00f3n de los 21 d\u00edas, no debe durar menos de 50 minutos.<\/li><li>El practicante es el \u00fanico responsable de su evoluci\u00f3n espiritual. Debes ser consciente de todos tus procesos de autosabotaje, especialmente durante los 21 d\u00edas obligatorios de autotratamiento de Reiki. Los resultados llegar\u00e1n hasta tu esfuerzo (trabajo) y tu fe en la buena manera de San Agust\u00edn:<br\/>&#8220;Ahora como si todo dependiera de Dios (Fe) pero funciona como si todo dependiera de ti (esfuerzo y trabajo)&#8221;<\/li><li>Debe poner una m\u00fasica suave y relajante dado que ayuda a concentrarse m\u00e1s f\u00e1cilmente. Evite tomar estimulantes antes de su sesi\u00f3n de Reiki.<\/li><li>Opcionalmente se puede poner un incienso para crear una atm\u00f3sfera de paz e invitando al trabajo interior.<\/li><li>A menos que est\u00e9 gravemente deteriorado f\u00edsicamente o severamente desequilibrado en t\u00e9rminos espirituales, no debe postergar su autotratamiento durante los 21 d\u00edas obligatorios. Por supuesto, no debe dejar de consultar, si corresponde, al m\u00e9dico o a un profesional de la salud que est\u00e9 debidamente calificado en caso de problemas f\u00edsicos.<\/li><li>Durante el proceso de autotratamiento, es normal, dependiendo de lo que cada practicante tenga que purgar dentro de s\u00ed mismo en t\u00e9rminos emocionales y mentales, ver contenidos de su subconsciente hasta la cima para volverse consciente. Esto no es una exclusividad del Reiki, sino de todas las terapias de car\u00e1cter energ\u00e9tico y espiritual. El proceso de catarsis es altamente deseable, desde el punto de vista terap\u00e9utico y de evoluci\u00f3n espiritual, aunque no siempre agradable. Del mismo modo, la mayor\u00eda de las personas no encontrar\u00e1n un gran placer en hacer una limpieza en su propio hogar, pero, despu\u00e9s de esta operaci\u00f3n de limpieza, sin duda se sentir\u00e1n mejor cuando est\u00e9n dentro de una casa limpia y limpia.<\/li><\/ul>\n","protected":false},"excerpt":{"rendered":"<p>El practicante debe hacer los 21 d\u00edas de autotratamiento de Reiki cada vez que recibe una iniciaci\u00f3n en un nivel determinado de Reiki. Los 21 d\u00edas son consecutivos. Cuando se [&hellip;]<\/p>\n","protected":false},"author":1,"featured_media":0,"parent":0,"menu_order":0,"comment_status":"closed","ping_status":"closed","template":"","meta":{"om_disable_all_campaigns":false,"_mi_skip_tracking":false,"site-sidebar-layout":"default","site-content-layout":"","ast-site-content-layout":"default","site-content-style":"default","site-sidebar-style":"default","ast-global-header-display":"","ast-banner-title-visibility":"","ast-main-header-display":"","ast-hfb-above-header-display":"","ast-hfb-below-header-display":"","ast-hfb-mobile-header-display":"","site-post-title":"","ast-breadcrumbs-content":"","ast-featured-img":"","footer-sml-layout":"","ast-disable-related-posts":"","theme-transparent-header-meta":"","adv-header-id-meta":"","stick-header-meta":"","header-above-stick-meta":"","header-main-stick-meta":"","header-below-stick-meta":"","astra-migrate-meta-layouts":"default","ast-page-background-enabled":"default","ast-page-background-meta":{"desktop":{"background-color":"var(--ast-global-color-5)","background-image":"","background-repeat":"repeat","background-position":"center center","background-size":"auto","background-attachment":"scroll","background-type":"","background-media":"","overlay-type":"","overlay-color":"","overlay-opacity":"","overlay-gradient":""},"tablet":{"background-color":"","background-image":"","background-repeat":"repeat","background-position":"center center","background-size":"auto","background-attachment":"scroll","background-type":"","background-media":"","overlay-type":"","overlay-color":"","overlay-opacity":"","overlay-gradient":""},"mobile":{"background-color":"","background-image":"","background-repeat":"repeat","background-position":"center center","background-size":"auto","background-attachment":"scroll","background-type":"","background-media":"","overlay-type":"","overlay-color":"","overlay-opacity":"","overlay-gradient":""}},"ast-content-background-meta":{"desktop":{"background-color":"var(--ast-global-color-4)","background-image":"","background-repeat":"repeat","background-position":"center center","background-size":"auto","background-attachment":"scroll","background-type":"","background-media":"","overlay-type":"","overlay-color":"","overlay-opacity":"","overlay-gradient":""},"tablet":{"background-color":"var(--ast-global-color-4)","background-image":"","background-repeat":"repeat","background-position":"center center","background-size":"auto","background-attachment":"scroll","background-type":"","background-media":"","overlay-type":"","overlay-color":"","overlay-opacity":"","overlay-gradient":""},"mobile":{"background-color":"var(--ast-global-color-4)","background-image":"","background-repeat":"repeat","background-position":"center center","background-size":"auto","background-attachment":"scroll","background-type":"","background-media":"","overlay-type":"","overlay-color":"","overlay-opacity":"","overlay-gradient":""}},"footnotes":""},"class_list":["post-14250","page","type-page","status-publish","hentry"],"aioseo_notices":[],"_links":{"self":[{"href":"https:\/\/www.paulonogueiraterapias.com\/es\/wp-json\/wp\/v2\/pages\/14250","targetHints":{"allow":["GET"]}}],"collection":[{"href":"https:\/\/www.paulonogueiraterapias.com\/es\/wp-json\/wp\/v2\/pages"}],"about":[{"href":"https:\/\/www.paulonogueiraterapias.com\/es\/wp-json\/wp\/v2\/types\/page"}],"author":[{"embeddable":true,"href":"https:\/\/www.paulonogueiraterapias.com\/es\/wp-json\/wp\/v2\/users\/1"}],"replies":[{"embeddable":true,"href":"https:\/\/www.paulonogueiraterapias.com\/es\/wp-json\/wp\/v2\/comments?post=14250"}],"version-history":[{"count":0,"href":"https:\/\/www.paulonogueiraterapias.com\/es\/wp-json\/wp\/v2\/pages\/14250\/revisions"}],"wp:attachment":[{"href":"https:\/\/www.paulonogueiraterapias.com\/es\/wp-json\/wp\/v2\/media?parent=14250"}],"curies":[{"name":"wp","href":"https:\/\/api.w.org\/{rel}","templated":true}]}}