{"id":18357,"date":"2025-10-17T23:58:19","date_gmt":"2025-10-17T23:58:19","guid":{"rendered":"https:\/\/www.paulonogueiraterapias.com\/?page_id=18357"},"modified":"2025-10-27T19:52:51","modified_gmt":"2025-10-27T19:52:51","slug":"chaves-da-riqueza-curso-de-rituais-de-prosperidade-plena","status":"publish","type":"page","link":"https:\/\/www.paulonogueiraterapias.com\/en\/chaves-da-riqueza-curso-de-rituais-de-prosperidade-plena\/","title":{"rendered":"Chaves da Riqueza: Curso de Rituais de Prosperidade Plena"},"content":{"rendered":"\n<figure class=\"wp-block-image size-full\"><a href=\"https:\/\/www.paulonogueiraterapias.com\/wp-content\/uploads\/2025\/10\/curso-de-rituais-de-prosperidade.jpg\"><img loading=\"lazy\" decoding=\"async\" width=\"1024\" height=\"1024\" src=\"https:\/\/www.paulonogueiraterapias.com\/wp-content\/uploads\/2025\/10\/curso-de-rituais-de-prosperidade.jpg\" alt=\"\" class=\"wp-image-18375\" srcset=\"https:\/\/www.paulonogueiraterapias.com\/wp-content\/uploads\/2025\/10\/curso-de-rituais-de-prosperidade.jpg 1024w, https:\/\/www.paulonogueiraterapias.com\/wp-content\/uploads\/2025\/10\/curso-de-rituais-de-prosperidade-300x300.jpg 300w, https:\/\/www.paulonogueiraterapias.com\/wp-content\/uploads\/2025\/10\/curso-de-rituais-de-prosperidade-100x100.jpg 100w, https:\/\/www.paulonogueiraterapias.com\/wp-content\/uploads\/2025\/10\/curso-de-rituais-de-prosperidade-600x600.jpg 600w, https:\/\/www.paulonogueiraterapias.com\/wp-content\/uploads\/2025\/10\/curso-de-rituais-de-prosperidade-150x150.jpg 150w, https:\/\/www.paulonogueiraterapias.com\/wp-content\/uploads\/2025\/10\/curso-de-rituais-de-prosperidade-768x768.jpg 768w, https:\/\/www.paulonogueiraterapias.com\/wp-content\/uploads\/2025\/10\/curso-de-rituais-de-prosperidade-71x71.jpg 71w, https:\/\/www.paulonogueiraterapias.com\/wp-content\/uploads\/2025\/10\/curso-de-rituais-de-prosperidade-36x36.jpg 36w, https:\/\/www.paulonogueiraterapias.com\/wp-content\/uploads\/2025\/10\/curso-de-rituais-de-prosperidade-60x60.jpg 60w, https:\/\/www.paulonogueiraterapias.com\/wp-content\/uploads\/2025\/10\/curso-de-rituais-de-prosperidade-90x90.jpg 90w\" sizes=\"auto, (max-width: 1024px) 100vw, 1024px\" \/><\/a><\/figure>\n\n\n\n<h3 class=\"wp-block-heading\"><strong>Chaves da Riqueza: Curso de Rituais de Prosperidade Plena<\/strong><\/h3>\n\n\n\n<h3 class=\"wp-block-heading\"><strong>Dura\u00e7\u00e3o:<\/strong>&nbsp;8 horas<\/h3>\n\n\n\n<p><strong>Datas:<\/strong><br><strong>Modo presencial:&nbsp;<\/strong>s\u00e1bado, 1 Novembro\u201925 das 10:00 \u00e0s 19:00 (presencial no espa\u00e7o Paulo Nogueira Terapias, Lisboa)&nbsp;<strong>\u2013 restam 12 vagas<\/strong><br><strong>Modo Online:&nbsp;<\/strong>domingo, 2 Novembro\u201925 das 10:00 \u00e0s 19:00 (online via Zoom)&nbsp;<strong>\u2013 restam 12 vagas<\/strong><\/p>\n\n\n\n<p><strong>N\u00e3o est\u00e1 prevista uma nova edi\u00e7\u00e3o al\u00e9m desta para o ano de 2025!<\/strong><\/p>\n\n\n\n<p>Cada&nbsp;<strong>participante no curso online receber\u00e1 a grava\u00e7\u00e3o do curso<\/strong>&nbsp;para que possa consultar, sempre que pretender, o seu conte\u00fado. Assim, n\u00e3o perder\u00e1 qualquer conte\u00fado se tiver que se ausentar durante parte do curso via Zoom.<\/p>\n\n\n\n<p><strong>Valor:<\/strong>&nbsp;80\u20ac<\/p>\n\n\n\n<p>Ative a sua liga\u00e7\u00e3o ao fluxo divino da abund\u00e2ncia e desperte o poder interior de manifestar riqueza em todas as \u00e1reas da sua vida.<br>Neste curso transformador, vai aprender <strong>rituais energ\u00e9ticos, pr\u00e1ticas ancestrais e t\u00e9cnicas espirituais<\/strong> para abrir as portas da prosperidade material, emocional e espiritual.<\/p>\n\n\n\n<p>Com orienta\u00e7\u00e3o passo a passo, este curso conduz o participante a <strong>descodificar os bloqueios de abund\u00e2ncia<\/strong>, <strong>limpar padr\u00f5es limitantes<\/strong> e <strong>vibrar na frequ\u00eancia da verdadeira riqueza<\/strong>.<\/p>\n\n\n\n<hr class=\"wp-block-separator has-alpha-channel-opacity\"\/>\n\n\n\n<h2 class=\"wp-block-heading\">\u2728 <strong>O que vai aprender<\/strong><\/h2>\n\n\n\n<ul class=\"wp-block-list\">\n<li>Rituais energ\u00e9ticos para atrair dinheiro, oportunidades e sucesso<\/li>\n\n\n\n<li>Consagra\u00e7\u00e3o de velas, cristais e ervas para magnetizar prosperidade<\/li>\n\n\n\n<li>T\u00e9cnicas de limpeza de cren\u00e7as e bloqueios energ\u00e9ticos ligados ao dinheiro<\/li>\n\n\n\n<li>Ativa\u00e7\u00e3o do campo vibracional da abund\u00e2ncia atrav\u00e9s de medita\u00e7\u00e3o guiada<\/li>\n\n\n\n<li>Conex\u00e3o com guias espirituais e Mestres da Prosperidade<\/li>\n<\/ul>\n\n\n\n<hr class=\"wp-block-separator has-alpha-channel-opacity\"\/>\n\n\n\n<h2 class=\"wp-block-heading\">\ud83d\udd6f\ufe0f <strong>Porque fazer o \u201cChaves da Riqueza\u201d?<\/strong><\/h2>\n\n\n\n<p>Cada ritual \u00e9 uma <strong>chave vibracional<\/strong> que abre uma porta interior \u2014 o portal da consci\u00eancia pr\u00f3spera.<br>Estas chaves simb\u00f3licas representam <strong>frequ\u00eancias universais<\/strong> que, quando ativadas com inten\u00e7\u00e3o e presen\u00e7a, transformam a sua rela\u00e7\u00e3o com o dinheiro, a energia e o merecimento.<\/p>\n\n\n\n<hr class=\"wp-block-separator has-alpha-channel-opacity\"\/>\n\n\n\n<h2 class=\"wp-block-heading\">\ud83d\udc9a <strong>Para quem \u00e9 este curso<\/strong><\/h2>\n\n\n\n<p>Este curso \u00e9 para quem sente que:<\/p>\n\n\n\n<ul class=\"wp-block-list\">\n<li>Est\u00e1 pronto(a) para libertar padr\u00f5es de escassez<\/li>\n\n\n\n<li>Deseja alinhar espiritualidade e prosperidade material<\/li>\n\n\n\n<li>Quer criar uma nova vibra\u00e7\u00e3o financeira a partir da alma<\/li>\n\n\n\n<li>Busca ferramentas espirituais pr\u00e1ticas e eficazes<\/li>\n<\/ul>\n\n\n\n<hr class=\"wp-block-separator has-alpha-channel-opacity\"\/>\n\n\n\n<h2 class=\"wp-block-heading\">\ud83c\udf15 <strong>Modalidade<\/strong><\/h2>\n\n\n\n<ul class=\"wp-block-list\">\n<li>Dura\u00e7\u00e3o: 8 horas (presencial ou online)<\/li>\n\n\n\n<li>Formador: Paulo Nogueira<\/li>\n\n\n\n<li>Inclui manual digital, certificado e pr\u00e1ticas guiadas<\/li>\n<\/ul>\n\n\n\n<p><\/p>\n\n\n\n<p><strong>Objetivo:<\/strong><br>Ensinar e guiar o participante em pr\u00e1ticas espirituais e energ\u00e9ticas que abrem os caminhos para a prosperidade material, emocional e espiritual, por meio de rituais, conex\u00e3o angelical e uso de elementos naturais.<\/p>\n\n\n\n<hr class=\"wp-block-separator has-alpha-channel-opacity\"\/>\n\n\n\n<h2 class=\"wp-block-heading\">M\u00f3dulo 1 \u2013 Fundamentos da Prosperidade Espiritual<\/h2>\n\n\n\n<ul class=\"wp-block-list\">\n<li>Compreens\u00e3o da energia da prosperidade: mentalidade, vibra\u00e7\u00e3o e sintonia.<\/li>\n\n\n\n<li>Leis universais da abund\u00e2ncia (Lei do Retorno, da Atra\u00e7\u00e3o e da Gratid\u00e3o).<\/li>\n\n\n\n<li>Cria\u00e7\u00e3o do altar pessoal da prosperidade.<\/li>\n\n\n\n<li>Ritual de Abund\u00e2ncia Financeira com Runas<\/li>\n\n\n\n<li>Como criar potes de prosperidade<\/li>\n\n\n\n<li>Ritual da carteira pr\u00f3spera<\/li>\n\n\n\n<li>Ritual com velas para prosperidade<\/li>\n\n\n\n<li>Como criar um pote de gratid\u00e3o para atrair bonan\u00e7a<\/li>\n<\/ul>\n\n\n\n<hr class=\"wp-block-separator has-alpha-channel-opacity\"\/>\n\n\n\n<h2 class=\"wp-block-heading\">M\u00f3dulo 2 \u2013 Os Anjos da Prosperidade<\/h2>\n\n\n\n<ul class=\"wp-block-list\">\n<li>Hierarquia angelical e suas fun\u00e7\u00f5es ligadas \u00e0 abund\u00e2ncia.<\/li>\n\n\n\n<li>Os Arcanjos da Abund\u00e2ncia<\/li>\n\n\n\n<li>Deuses e Deusas da Prosperidade<\/li>\n\n\n\n<li>Principais anjos da prosperidade e suas especialidades:\n<ul class=\"wp-block-list\">\n<li><strong>Arcanjo Uriel<\/strong>: ilumina\u00e7\u00e3o e abertura financeira.<\/li>\n\n\n\n<li><strong>Arcanjo Sachiel<\/strong>: expans\u00e3o e sorte.<\/li>\n\n\n\n<li><strong>Arcanjo Barachiel<\/strong>: b\u00ean\u00e7\u00e3os e oportunidades.<\/li>\n<\/ul>\n<\/li>\n\n\n\n<li>Invoca\u00e7\u00f5es e ora\u00e7\u00f5es apropriadas para cada anjo.<\/li>\n\n\n\n<li>Estrutura de um ritual angelical: prepara\u00e7\u00e3o, invoca\u00e7\u00e3o e agradecimento.<\/li>\n\n\n\n<li>Rituais lunares e di\u00e1rios com anjos da prosperidade.<\/li>\n<\/ul>\n\n\n\n<hr class=\"wp-block-separator has-alpha-channel-opacity\"\/>\n\n\n\n<h2 class=\"wp-block-heading\">M\u00f3dulo 3 \u2013 Ervas e Banhos de Prosperidade<\/h2>\n\n\n\n<ul class=\"wp-block-list\">\n<li>Ervas que atraem riqueza, abund\u00e2ncia e abertura de caminhos.\n<ul class=\"wp-block-list\">\n<li>Canela, louro, alecrim, manjeric\u00e3o, girassol, hortel\u00e3, anis-estrelado.<\/li>\n<\/ul>\n<\/li>\n\n\n\n<li>Prepara\u00e7\u00e3o e consagra\u00e7\u00e3o das ervas.<\/li>\n\n\n\n<li>Passo a passo de banhos de prosperidade: energiza\u00e7\u00e3o, inten\u00e7\u00e3o e aplica\u00e7\u00e3o.<\/li>\n\n\n\n<li>Receitas de Banhos de Prosperidade<\/li>\n<\/ul>\n\n\n\n<hr class=\"wp-block-separator has-alpha-channel-opacity\"\/>\n\n\n\n<h2 class=\"wp-block-heading\">M\u00f3dulo 4 \u2013 Palavras de Poder e Afirma\u00e7\u00f5es<\/h2>\n\n\n\n<ul class=\"wp-block-list\">\n<li>O poder vibracional da palavra e da inten\u00e7\u00e3o.<\/li>\n\n\n\n<li>Palavras de Poder para Prosperidade<\/li>\n\n\n\n<li>Afirma\u00e7\u00f5es para reprogramar a mente subconsciente para a prosperidade.<\/li>\n\n\n\n<li>Cria\u00e7\u00e3o do seu pr\u00f3prio mantra pessoal de abund\u00e2ncia.<\/li>\n\n\n\n<li>Timings Astrol\u00f3gicos e Planet\u00e1rios<\/li>\n<\/ul>\n\n\n\n<hr class=\"wp-block-separator has-alpha-channel-opacity\"\/>\n\n\n\n<h2 class=\"wp-block-heading\">M\u00f3dulo 5 \u2013 Defuma\u00e7\u00f5es para Atrair Abund\u00e2ncia<\/h2>\n\n\n\n<ul class=\"wp-block-list\">\n<li>Conceitos de purifica\u00e7\u00e3o energ\u00e9tica e magnetiza\u00e7\u00e3o dos espa\u00e7os<\/li>\n\n\n\n<li>Defuma\u00e7\u00f5es para abrir caminhos financeiros<\/li>\n\n\n\n<li>Defuma\u00e7\u00e3o para atrair clientes para espa\u00e7os comerciais<\/li>\n\n\n\n<li>Sinais de estagna\u00e7\u00e3o energ\u00e9tica e como neutraliz\u00e1-los<\/li>\n<\/ul>\n\n\n\n<hr class=\"wp-block-separator has-alpha-channel-opacity\"\/>\n\n\n\n<h2 class=\"wp-block-heading\">M\u00f3dulo 6 \u2013 Elementos de Rituais para Riqueza<\/h2>\n\n\n\n<ul class=\"wp-block-list\">\n<li>As Velas e as Cores da Abund\u00e2ncia<\/li>\n\n\n\n<li>Uso de incensos e cristais correspondentes.<\/li>\n\n\n\n<li>Cerim\u00f3nia ritual\u00edstica para abertura dos caminhos financeiros.<\/li>\n<\/ul>\n\n\n\n<hr class=\"wp-block-separator has-alpha-channel-opacity\"\/>\n\n\n\n<h2 class=\"wp-block-heading\">M\u00f3dulo 7 \u2013 Rituais com For\u00e7as Espirituais da Prosperidade<\/h2>\n\n\n\n<ul class=\"wp-block-list\">\n<li>Rituais com Divindades Espec\u00edficas<\/li>\n\n\n\n<li>Entidades da Umbanda para Rituais de Riqueza, Prosperidade e Abund\u00e2ncia<\/li>\n\n\n\n<li>Orix\u00e1s da Prosperidade e Abund\u00e2ncia<\/li>\n\n\n\n<li>Ritual de abertura de caminhos com Ogum<\/li>\n<\/ul>\n\n\n\n<hr class=\"wp-block-separator has-alpha-channel-opacity\"\/>\n\n\n\n<h2 class=\"wp-block-heading\" id=\"recursos-e-diferenciais\">Oferta<\/h2>\n\n\n\n<ul class=\"wp-block-list\">\n<li>PDF da apresenta\u00e7\u00e3o com passo-a-passo das t\u00e9cnicas.<\/li>\n\n\n\n<li>Certificado no final do curso.<\/li>\n<\/ul>\n\n\n\n<hr class=\"wp-block-separator has-alpha-channel-opacity\"\/>\n\n\n\n<p>Este curso combina teoria profunda e viv\u00eancias pr\u00e1ticas, com momentos de integra\u00e7\u00e3o e partilha, materiais completos para acompanhamento e suporte p\u00f3s-curso.<\/p>\n\n\n\n<h3 class=\"wp-block-heading\"><\/h3>\n\n\n\n<h3 class=\"wp-block-heading\"><strong>Informa\u00e7\u00f5es Adicionais<\/strong><\/h3>\n\n\n\n<ul class=\"wp-block-list\">\n<li><strong>Pr\u00e9-requisitos:<\/strong> Nenhum (curso aberto a todos).<\/li>\n\n\n\n<li><strong>Inscri\u00e7\u00f5es:<\/strong> <a href=\"tel:+351912064084\" title=\"\">912 064 084<\/a> ou no formul\u00e1rio abaixo<\/li>\n<\/ul>\n\n\n<div class=\"wpforms-container wpforms-container-full wpforms-form-abandonment wpforms-block wpforms-block-7cfcd3a2-d6f9-4e7d-9764-58dd82ea4683\" id=\"wpforms-18379\"><form id=\"wpforms-form-18379\" class=\"wpforms-validate wpforms-form wpforms-ajax-form\" data-formid=\"18379\" method=\"post\" enctype=\"multipart\/form-data\" action=\"\/en\/wp-json\/wp\/v2\/pages\/18357\" data-token=\"9b42739f7eb4f0b62a7c3b6c73701077\" data-token-time=\"1778019742\"><div class=\"wpforms-head-container\"><div class=\"wpforms-title\">Inscri\u00e7\u00e3o no Curso &#039;Chaves da Riqueza: Rituais de Prosperidade Plena&quot;<\/div><\/div><noscript class=\"wpforms-error-noscript\">Please enable JavaScript in your browser to complete this form.<\/noscript><div class=\"wpforms-field-container\"><div id=\"wpforms-18379-field_1-container\" class=\"wpforms-field wpforms-field-name\" data-field-id=\"1\"><label class=\"wpforms-field-label\" for=\"wpforms-18379-field_1\">Nome <span class=\"wpforms-required-label\">*<\/span><\/label><input type=\"text\" id=\"wpforms-18379-field_1\" class=\"wpforms-field-medium wpforms-field-required\" name=\"wpforms[fields][1]\" required><\/div><div id=\"wpforms-18379-field_2-container\" class=\"wpforms-field wpforms-field-phone\" data-field-id=\"2\"><label class=\"wpforms-field-label\" for=\"wpforms-18379-field_2\">Telefone <span class=\"wpforms-required-label\">*<\/span><\/label><input type=\"tel\" id=\"wpforms-18379-field_2\" class=\"wpforms-field-medium wpforms-field-required\" data-rule-int-phone-field=\"true\" name=\"wpforms[fields][2]\" aria-label=\"Telefone\" required><\/div><div id=\"wpforms-18379-field_3-container\" class=\"wpforms-field wpforms-field-email\" data-field-id=\"3\"><label class=\"wpforms-field-label\" for=\"wpforms-18379-field_3\">Email <span class=\"wpforms-required-label\">*<\/span><\/label><input type=\"email\" id=\"wpforms-18379-field_3\" class=\"wpforms-field-medium wpforms-field-required\" name=\"wpforms[fields][3]\" spellcheck=\"false\" required><\/div><div id=\"wpforms-18379-field_7-container\" class=\"wpforms-field wpforms-field-select wpforms-field-select-style-modern\" data-field-id=\"7\"><label class=\"wpforms-field-label\" for=\"wpforms-18379-field_7\">Modalidade<\/label><select id=\"wpforms-18379-field_7\" class=\"wpforms-field-medium choicesjs-select\" data-size-class=\"wpforms-field-row wpforms-field-medium\" data-search-enabled=\"\" name=\"wpforms[fields][7]\"><option value=\"\" class=\"placeholder\" disabled ><\/option><option value=\"Online (via Zoom)\"  selected='selected'>Online (via Zoom)<\/option><option value=\"Presencial (em Lisboa)\" >Presencial (em Lisboa)<\/option><\/select><\/div><div id=\"wpforms-18379-field_6-container\" class=\"wpforms-field wpforms-field-textarea\" data-field-id=\"6\"><label class=\"wpforms-field-label\" for=\"wpforms-18379-field_6\">Observa\u00e7\u00f5es<\/label><textarea id=\"wpforms-18379-field_6\" class=\"wpforms-field-medium\" name=\"wpforms[fields][6]\" ><\/textarea><\/div><\/div><!-- .wpforms-field-container --><div class=\"wpforms-submit-container\" ><input type=\"hidden\" name=\"wpforms[id]\" value=\"18379\"><input type=\"hidden\" name=\"page_title\" value=\"\"><input type=\"hidden\" name=\"page_url\" value=\"https:\/\/www.paulonogueiraterapias.com\/en\/wp-json\/wp\/v2\/pages\/18357\"><input type=\"hidden\" name=\"url_referer\" value=\"\"><button type=\"submit\" name=\"wpforms[submit]\" id=\"wpforms-submit-18379\" class=\"wpforms-submit\" data-alt-text=\"Enviando...\" data-submit-text=\"Inscrever\" aria-live=\"assertive\" value=\"wpforms-submit\">Inscrever<\/button><img loading=\"lazy\" decoding=\"async\" src=\"https:\/\/www.paulonogueiraterapias.com\/wp-content\/plugins\/wpforms-disabled\/assets\/images\/submit-spin.svg\" class=\"wpforms-submit-spinner\" style=\"display: none;\" width=\"26\" height=\"26\" alt=\"Loading\"><\/div><\/form><\/div>  <!-- .wpforms-container -->","protected":false},"excerpt":{"rendered":"<p>Chaves da Riqueza: Curso de Rituais de Prosperidade Plena Dura\u00e7\u00e3o:&nbsp;8 horas Datas:Modo presencial:&nbsp;s\u00e1bado, 1 Novembro\u201925 das 10:00 \u00e0s 19:00 (presencial no espa\u00e7o Paulo Nogueira Terapias, Lisboa)&nbsp;\u2013 restam 12 vagasModo Online:&nbsp;domingo, [&hellip;]<\/p>\n","protected":false},"author":1,"featured_media":0,"parent":0,"menu_order":0,"comment_status":"closed","ping_status":"closed","template":"","meta":{"om_disable_all_campaigns":false,"_mi_skip_tracking":false,"site-sidebar-layout":"default","site-content-layout":"","ast-site-content-layout":"default","site-content-style":"default","site-sidebar-style":"default","ast-global-header-display":"","ast-banner-title-visibility":"","ast-main-header-display":"","ast-hfb-above-header-display":"","ast-hfb-below-header-display":"","ast-hfb-mobile-header-display":"","site-post-title":"","ast-breadcrumbs-content":"","ast-featured-img":"","footer-sml-layout":"","ast-disable-related-posts":"","theme-transparent-header-meta":"","adv-header-id-meta":"","stick-header-meta":"","header-above-stick-meta":"","header-main-stick-meta":"","header-below-stick-meta":"","astra-migrate-meta-layouts":"default","ast-page-background-enabled":"default","ast-page-background-meta":{"desktop":{"background-color":"var(--ast-global-color-5)","background-image":"","background-repeat":"repeat","background-position":"center center","background-size":"auto","background-attachment":"scroll","background-type":"","background-media":"","overlay-type":"","overlay-color":"","overlay-opacity":"","overlay-gradient":""},"tablet":{"background-color":"","background-image":"","background-repeat":"repeat","background-position":"center center","background-size":"auto","background-attachment":"scroll","background-type":"","background-media":"","overlay-type":"","overlay-color":"","overlay-opacity":"","overlay-gradient":""},"mobile":{"background-color":"","background-image":"","background-repeat":"repeat","background-position":"center center","background-size":"auto","background-attachment":"scroll","background-type":"","background-media":"","overlay-type":"","overlay-color":"","overlay-opacity":"","overlay-gradient":""}},"ast-content-background-meta":{"desktop":{"background-color":"var(--ast-global-color-4)","background-image":"","background-repeat":"repeat","background-position":"center center","background-size":"auto","background-attachment":"scroll","background-type":"","background-media":"","overlay-type":"","overlay-color":"","overlay-opacity":"","overlay-gradient":""},"tablet":{"background-color":"var(--ast-global-color-4)","background-image":"","background-repeat":"repeat","background-position":"center center","background-size":"auto","background-attachment":"scroll","background-type":"","background-media":"","overlay-type":"","overlay-color":"","overlay-opacity":"","overlay-gradient":""},"mobile":{"background-color":"var(--ast-global-color-4)","background-image":"","background-repeat":"repeat","background-position":"center center","background-size":"auto","background-attachment":"scroll","background-type":"","background-media":"","overlay-type":"","overlay-color":"","overlay-opacity":"","overlay-gradient":""}},"footnotes":""},"class_list":["post-18357","page","type-page","status-publish","hentry"],"aioseo_notices":[],"_links":{"self":[{"href":"https:\/\/www.paulonogueiraterapias.com\/en\/wp-json\/wp\/v2\/pages\/18357","targetHints":{"allow":["GET"]}}],"collection":[{"href":"https:\/\/www.paulonogueiraterapias.com\/en\/wp-json\/wp\/v2\/pages"}],"about":[{"href":"https:\/\/www.paulonogueiraterapias.com\/en\/wp-json\/wp\/v2\/types\/page"}],"author":[{"embeddable":true,"href":"https:\/\/www.paulonogueiraterapias.com\/en\/wp-json\/wp\/v2\/users\/1"}],"replies":[{"embeddable":true,"href":"https:\/\/www.paulonogueiraterapias.com\/en\/wp-json\/wp\/v2\/comments?post=18357"}],"version-history":[{"count":17,"href":"https:\/\/www.paulonogueiraterapias.com\/en\/wp-json\/wp\/v2\/pages\/18357\/revisions"}],"predecessor-version":[{"id":18442,"href":"https:\/\/www.paulonogueiraterapias.com\/en\/wp-json\/wp\/v2\/pages\/18357\/revisions\/18442"}],"wp:attachment":[{"href":"https:\/\/www.paulonogueiraterapias.com\/en\/wp-json\/wp\/v2\/media?parent=18357"}],"curies":[{"name":"wp","href":"https:\/\/api.w.org\/{rel}","templated":true}]}}