{"id":18333,"date":"2025-10-01T16:44:39","date_gmt":"2025-10-01T16:44:39","guid":{"rendered":"https:\/\/www.paulonogueiraterapias.com\/?page_id=18333"},"modified":"2025-10-02T19:30:39","modified_gmt":"2025-10-02T19:30:39","slug":"workshop-a-arte-da-numerologia","status":"publish","type":"page","link":"https:\/\/www.paulonogueiraterapias.com\/en\/workshop-a-arte-da-numerologia\/","title":{"rendered":"Workshop &#8216;A Arte da Numerologia&#8217;"},"content":{"rendered":"\n<figure class=\"wp-block-image size-full\"><a href=\"https:\/\/www.paulonogueiraterapias.com\/wp-content\/uploads\/2025\/10\/workshop-de-numerologia-em-Out25.jpg\"><img loading=\"lazy\" decoding=\"async\" width=\"1024\" height=\"1024\" src=\"https:\/\/www.paulonogueiraterapias.com\/wp-content\/uploads\/2025\/10\/workshop-de-numerologia-em-Out25.jpg\" alt=\"Workshop 'A Arte da Numerologia'\" class=\"wp-image-18336\" srcset=\"https:\/\/www.paulonogueiraterapias.com\/wp-content\/uploads\/2025\/10\/workshop-de-numerologia-em-Out25.jpg 1024w, https:\/\/www.paulonogueiraterapias.com\/wp-content\/uploads\/2025\/10\/workshop-de-numerologia-em-Out25-300x300.jpg 300w, https:\/\/www.paulonogueiraterapias.com\/wp-content\/uploads\/2025\/10\/workshop-de-numerologia-em-Out25-100x100.jpg 100w, https:\/\/www.paulonogueiraterapias.com\/wp-content\/uploads\/2025\/10\/workshop-de-numerologia-em-Out25-600x600.jpg 600w, https:\/\/www.paulonogueiraterapias.com\/wp-content\/uploads\/2025\/10\/workshop-de-numerologia-em-Out25-150x150.jpg 150w, https:\/\/www.paulonogueiraterapias.com\/wp-content\/uploads\/2025\/10\/workshop-de-numerologia-em-Out25-768x768.jpg 768w, https:\/\/www.paulonogueiraterapias.com\/wp-content\/uploads\/2025\/10\/workshop-de-numerologia-em-Out25-71x71.jpg 71w, https:\/\/www.paulonogueiraterapias.com\/wp-content\/uploads\/2025\/10\/workshop-de-numerologia-em-Out25-36x36.jpg 36w\" sizes=\"auto, (max-width: 1024px) 100vw, 1024px\" \/><\/a><figcaption class=\"wp-element-caption\">Workshop &#8216;A Arte da Numerologia&#8217;<\/figcaption><\/figure>\n\n\n\n<h3 class=\"wp-block-heading\"><strong>Dura\u00e7\u00e3o:<\/strong> 4 horas<\/h3>\n\n\n\n<p><strong>Datas:<\/strong><br><strong>Modo presencial: <\/strong>s\u00e1bado, 11 Outubro&#8217;25 das 09:00 \u00e0s 13:00 (presencial no espa\u00e7o Paulo Nogueira Terapias, Lisboa) <strong>&#8211; restam 12 vagas<\/strong><br><strong>Modo Online: <\/strong>s\u00e1bado, 11 Outubro&#8217;25 das 14:00 \u00e0s 18:00 (online via Zoom) <strong>&#8211; restam 12 vagas<\/strong><\/p>\n\n\n\n<p><strong>N\u00e3o est\u00e1 prevista uma nova edi\u00e7\u00e3o al\u00e9m desta para o ano de 2025!<\/strong><\/p>\n\n\n\n<p>Cada <strong>participante no curso online receber\u00e1 a grava\u00e7\u00e3o do workshop<\/strong> para que possa consultar, sempre que pretender, o seu conte\u00fado. Assim, n\u00e3o perder\u00e1 qualquer conte\u00fado se tiver que se ausentar durante parte do curso via Zoom.<\/p>\n\n\n\n<p><strong>Valor:<\/strong> 40\u20ac<\/p>\n\n\n\n<h2 class=\"wp-block-heading\" id=\"estrutura-do-curso\">Estrutura do Curso<\/h2>\n\n\n\n<ul class=\"wp-block-list\">\n<li>Objetivo: Proporcionar uma compreens\u00e3o pr\u00e1tica e profunda da Numerologia, permitindo interpretar o mapa pessoal, identificar talentos, desafios e prop\u00f3sito de vida. Ir\u00e1 explorar a numerologia k\u00e1rmica e amorosa, reconhecer padr\u00f5es de relacionamentos e li\u00e7\u00f5es de vidas passadas, adquirindo ferramentas de autoconhecimento para viver com mais clareza, harmonia e consci\u00eancia.<\/li>\n\n\n\n<li>P\u00fablico: Iniciantes no esoterismo e espiritualidade.<\/li>\n<\/ul>\n\n\n\n<p>\u2728 <strong>Workshop de Numerologia \u2013 Descubra os Segredos Ocultos dos N\u00fameros<\/strong> \u2728<\/p>\n\n\n\n<p>A Numerologia \u00e9 uma ferramenta poderosa de autoconhecimento, capaz de revelar talentos, desafios e o prop\u00f3sito de vida. Neste workshop vai aprender, de forma pr\u00e1tica e acess\u00edvel, a decifrar os c\u00f3digos que os n\u00fameros trazem para a sua jornada pessoal.<\/p>\n\n\n\n<p>\ud83d\udd39 <strong>O que vai explorar neste workshop:<\/strong><\/p>\n\n\n\n<ul class=\"wp-block-list\">\n<li>Constru\u00e7\u00e3o e interpreta\u00e7\u00e3o do seu mapa numerol\u00f3gico pessoal;<\/li>\n\n\n\n<li>Descoberta dos n\u00fameros de destino, motiva\u00e7\u00e3o e express\u00e3o;<\/li>\n\n\n\n<li><strong>Numerologia K\u00e1rmica<\/strong>: identifica\u00e7\u00e3o de padr\u00f5es, bloqueios e li\u00e7\u00f5es de vidas passadas;<\/li>\n\n\n\n<li><strong>Numerologia Amorosa<\/strong>: compreender compatibilidades e din\u00e2micas nos relacionamentos;<\/li>\n\n\n\n<li>Previs\u00e3o de ciclos e tend\u00eancias da sua vida;<\/li>\n\n\n\n<li>Usar a Numerologia para escolha de datas de casamento e lan\u00e7amento de projetos<\/li>\n\n\n\n<li>Exerc\u00edcios pr\u00e1ticos para aplicar o conhecimento no dia-a-dia.<\/li>\n<\/ul>\n\n\n\n<p>Este \u00e9 um encontro transformador que lhe permitir\u00e1 compreender melhor quem \u00e9, alinhar-se com o seu prop\u00f3sito e criar rela\u00e7\u00f5es mais conscientes e equilibradas.<\/p>\n\n\n\n<p>\ud83d\udc49 Reserve j\u00e1 o seu lugar e venha descobrir a magia dos n\u00fameros que guiam o seu caminho!<\/p>\n\n\n\n<hr class=\"wp-block-separator has-alpha-channel-opacity\"\/>\n\n\n\n<h2 class=\"wp-block-heading\" id=\"programa-detalhado\">Programa Detalhado<\/h2>\n\n\n\n<h2 class=\"wp-block-heading\">1. Introdu\u00e7\u00e3o e Hist\u00f3ria<\/h2>\n\n\n\n<ul class=\"wp-block-list\">\n<li>Breve hist\u00f3ria da numerologia e seus objetivos no autoconhecimento.<a href=\"https:\/\/www.danielpereiraparapsicologo.com\/curso-numerologia-pitagorica\" target=\"_blank\" rel=\"noreferrer noopener\"><\/a><\/li>\n\n\n\n<li>Diferentes escolas: Pitag\u00f3rica, Cabal\u00edstica, Inici\u00e1tica e Moderna.<a href=\"https:\/\/escolagnostica.org.br\/numerologia-cabalistica-e-iniciatica\/\" target=\"_blank\" rel=\"noreferrer noopener\"><\/a><\/li>\n\n\n\n<li>Import\u00e2ncia dos n\u00fameros na vida quotidiana e espiritualidade.<a href=\"https:\/\/clubedeautores.pt\/livro\/curso-de-numerologia-2\" target=\"_blank\" rel=\"noreferrer noopener\"><\/a><\/li>\n<\/ul>\n\n\n\n<h2 class=\"wp-block-heading\">2. Simbologia dos N\u00fameros<\/h2>\n\n\n\n<ul class=\"wp-block-list\">\n<li>Significados e energias de cada n\u00famero de 1 a 9.<a href=\"https:\/\/cfag.pt\/curso-numerologia\/\" target=\"_blank\" rel=\"noreferrer noopener\"><\/a><\/li>\n\n\n\n<li>N\u00fameros mestres (11, 22, 33) e suas influ\u00eancias.<a href=\"https:\/\/clubedeautores.pt\/livro\/curso-de-numerologia-2\" target=\"_blank\" rel=\"noreferrer noopener\"><\/a><\/li>\n\n\n\n<li>Interpreta\u00e7\u00e3o simb\u00f3lica dos n\u00fameros na personalidade e destino.<a href=\"https:\/\/www.danielpereiraparapsicologo.com\/curso-numerologia-pitagorica\" target=\"_blank\" rel=\"noreferrer noopener\"><\/a><\/li>\n<\/ul>\n\n\n\n<h2 class=\"wp-block-heading\">3. C\u00e1lculo e An\u00e1lise do Mapa Numerol\u00f3gico<\/h2>\n\n\n\n<ul class=\"wp-block-list\">\n<li>Como calcular: n\u00famero da vida, miss\u00e3o, destino, alma e express\u00e3o.<a href=\"https:\/\/cfag.pt\/curso-numerologia\/\" target=\"_blank\" rel=\"noreferrer noopener\"><\/a><\/li>\n\n\n\n<li>Transforma\u00e7\u00e3o do nome e data de nascimento em n\u00fameros.<a href=\"https:\/\/pt.scribd.com\/document\/469164045\/Curso-Numerologia-Aplicada\" target=\"_blank\" rel=\"noreferrer noopener\"><\/a><\/li>\n\n\n\n<li>Exerc\u00edcio pr\u00e1tico onde cada participante calcula os seus pr\u00f3prios n\u00fameros.<a href=\"https:\/\/pt.scribd.com\/document\/469164045\/Curso-Numerologia-Aplicada\" target=\"_blank\" rel=\"noreferrer noopener\"><\/a><\/li>\n<\/ul>\n\n\n\n<h2 class=\"wp-block-heading\">4. Interpreta\u00e7\u00e3o e Aplica\u00e7\u00f5es Pr\u00e1ticas<\/h2>\n\n\n\n<ul class=\"wp-block-list\">\n<li>Ciclos de vida, ano pessoal e tend\u00eancias mensais.<\/li>\n\n\n\n<li>Uso dos n\u00fameros em empresas, nomes comerciais e projetos.<\/li>\n\n\n\n<li>M\u00e9todos Preditivos na Numerologia<a href=\"https:\/\/clubedeautores.pt\/livro\/curso-de-numerologia-2\" target=\"_blank\" rel=\"noreferrer noopener\"><\/a><\/li>\n<\/ul>\n\n\n\n<h2 class=\"wp-block-heading\">5. Numerologia K\u00e1rmica<\/h2>\n\n\n\n<ul class=\"wp-block-list\">\n<li>Compreendendo o Conceito de Karma na Numerologia<\/li>\n\n\n\n<li>Os 22 Caminhos da Numerologia K\u00e1rmica<\/li>\n\n\n\n<li>C\u00e1lculo da Miss\u00e3o de Vida K\u00e1rmica<\/li>\n\n\n\n<li>Identificando D\u00edvidas K\u00e1rmicas<\/li>\n\n\n\n<li>As Quatro D\u00edvidas K\u00e1rmicas Principais<\/li>\n\n\n\n<li>Descobrindo Li\u00e7\u00f5es K\u00e1rmicas Atrav\u00e9s do Nome<\/li>\n\n\n\n<li>Identificando Dons e Talentos Espirituais<\/li>\n\n\n\n<li>Descobrindo Informa\u00e7\u00f5es sobre Vidas Passadas<\/li>\n\n\n\n<li>Aplica\u00e7\u00e3o Pr\u00e1tica da Numerologia K\u00e1rmica<\/li>\n\n\n\n<li>Integrando o Conhecimento K\u00e1rmico na Vida Di\u00e1ria<\/li>\n<\/ul>\n\n\n\n<h2 class=\"wp-block-heading\">6. Numerologia Amorosa<\/h2>\n\n\n\n<ul class=\"wp-block-list\">\n<li>O Poder dos N\u00fameros no Amor<\/li>\n\n\n\n<li>Fundamentos da Numerologia Amorosa<\/li>\n\n\n\n<li>C\u00e1lculo dos N\u00fameros na Numerologia Amorosa<\/li>\n\n\n\n<li>Entendendo a Compatibilidade entre Casais pela Numerologia<\/li>\n\n\n\n<li>Significado dos N\u00fameros na Din\u00e2mica Amorosa<\/li>\n\n\n\n<li>Aplica\u00e7\u00f5es Pr\u00e1ticas da Numerologia Amorosa<\/li>\n\n\n\n<li>Exemplos Detalhados de An\u00e1lises Amorosas<\/li>\n\n\n\n<li>N\u00fameros Mestres na Vida Amorosa<\/li>\n\n\n\n<li>Numerologia para Fortalecer e Renovar o Relacionamento<\/li>\n\n\n\n<li>Limita\u00e7\u00f5es e Considera\u00e7\u00f5es \u00c9ticas<a href=\"https:\/\/www.danielpereiraparapsicologo.com\/curso-numerologia-pitagorica\" target=\"_blank\" rel=\"noreferrer noopener\"><\/a><\/li>\n\n\n\n<li>Espa\u00e7o para tirar d\u00favidas e discuss\u00f5es abertas.<\/li>\n<\/ul>\n\n\n\n<hr class=\"wp-block-separator has-alpha-channel-opacity\"\/>\n\n\n\n<h2 class=\"wp-block-heading\" id=\"recursos-e-diferenciais\">Oferta<\/h2>\n\n\n\n<ul class=\"wp-block-list\">\n<li>PDF da apresenta\u00e7\u00e3o com passo-a-passo das t\u00e9cnicas.<\/li>\n\n\n\n<li>Certificado no final do workshop.<\/li>\n<\/ul>\n\n\n\n<hr class=\"wp-block-separator has-alpha-channel-opacity\"\/>\n\n\n\n<p>Este curso combina teoria profunda e viv\u00eancias pr\u00e1ticas, com momentos de integra\u00e7\u00e3o e partilha, materiais completos para acompanhamento e suporte p\u00f3s-curso.<\/p>\n\n\n\n<hr class=\"wp-block-separator has-alpha-channel-opacity\"\/>\n\n\n\n<h3 class=\"wp-block-heading\"><\/h3>\n\n\n\n<h3 class=\"wp-block-heading\"><strong>Informa\u00e7\u00f5es Adicionais<\/strong><\/h3>\n\n\n\n<ul class=\"wp-block-list\">\n<li><strong>Pr\u00e9-requisitos:<\/strong> Nenhum (curso aberto a todos).<\/li>\n\n\n\n<li><strong>Inscri\u00e7\u00f5es:<\/strong> <a href=\"tel:+351912064084\" title=\"\">912 064 084<\/a> ou no formul\u00e1rio abaixo<\/li>\n<\/ul>\n\n\n<div class=\"wpforms-container wpforms-container-full wpforms-form-abandonment wpforms-block wpforms-block-7cfcd3a2-d6f9-4e7d-9764-58dd82ea4683\" id=\"wpforms-18342\"><form id=\"wpforms-form-18342\" class=\"wpforms-validate wpforms-form wpforms-ajax-form\" data-formid=\"18342\" method=\"post\" enctype=\"multipart\/form-data\" action=\"\/en\/wp-json\/wp\/v2\/pages\/18333\" data-token=\"3a77f83b8af33b20e2800d763a2389c3\" data-token-time=\"1777631036\"><div class=\"wpforms-head-container\"><div class=\"wpforms-title\">Inscri\u00e7\u00e3o no Workshop &#039;A Arte da Numerologia&#039;<\/div><\/div><noscript class=\"wpforms-error-noscript\">Please enable JavaScript in your browser to complete this form.<\/noscript><div class=\"wpforms-field-container\"><div id=\"wpforms-18342-field_1-container\" class=\"wpforms-field wpforms-field-name\" data-field-id=\"1\"><label class=\"wpforms-field-label\" for=\"wpforms-18342-field_1\">Nome <span class=\"wpforms-required-label\">*<\/span><\/label><input type=\"text\" id=\"wpforms-18342-field_1\" class=\"wpforms-field-medium wpforms-field-required\" name=\"wpforms[fields][1]\" required><\/div><div id=\"wpforms-18342-field_2-container\" class=\"wpforms-field wpforms-field-phone\" data-field-id=\"2\"><label class=\"wpforms-field-label\" for=\"wpforms-18342-field_2\">Telefone <span class=\"wpforms-required-label\">*<\/span><\/label><input type=\"tel\" id=\"wpforms-18342-field_2\" class=\"wpforms-field-medium wpforms-field-required\" data-rule-int-phone-field=\"true\" name=\"wpforms[fields][2]\" aria-label=\"Telefone\" required><\/div><div id=\"wpforms-18342-field_3-container\" class=\"wpforms-field wpforms-field-email\" data-field-id=\"3\"><label class=\"wpforms-field-label\" for=\"wpforms-18342-field_3\">Email <span class=\"wpforms-required-label\">*<\/span><\/label><input type=\"email\" id=\"wpforms-18342-field_3\" class=\"wpforms-field-medium wpforms-field-required\" name=\"wpforms[fields][3]\" spellcheck=\"false\" required><\/div><div id=\"wpforms-18342-field_7-container\" class=\"wpforms-field wpforms-field-select wpforms-field-select-style-modern\" data-field-id=\"7\"><label class=\"wpforms-field-label\" for=\"wpforms-18342-field_7\">Modalidade<\/label><select id=\"wpforms-18342-field_7\" class=\"wpforms-field-medium choicesjs-select\" data-size-class=\"wpforms-field-row wpforms-field-medium\" data-search-enabled=\"\" name=\"wpforms[fields][7]\"><option value=\"\" class=\"placeholder\" disabled ><\/option><option value=\"Online (via Zoom)\"  selected='selected'>Online (via Zoom)<\/option><option value=\"Presencial (em Lisboa)\" >Presencial (em Lisboa)<\/option><\/select><\/div><div id=\"wpforms-18342-field_6-container\" class=\"wpforms-field wpforms-field-textarea\" data-field-id=\"6\"><label class=\"wpforms-field-label\" for=\"wpforms-18342-field_6\">Observa\u00e7\u00f5es<\/label><textarea id=\"wpforms-18342-field_6\" class=\"wpforms-field-medium\" name=\"wpforms[fields][6]\" ><\/textarea><\/div><\/div><!-- .wpforms-field-container --><div class=\"wpforms-submit-container\" ><input type=\"hidden\" name=\"wpforms[id]\" value=\"18342\"><input type=\"hidden\" name=\"page_title\" value=\"\"><input type=\"hidden\" name=\"page_url\" value=\"https:\/\/www.paulonogueiraterapias.com\/en\/wp-json\/wp\/v2\/pages\/18333\"><input type=\"hidden\" name=\"url_referer\" value=\"\"><button type=\"submit\" name=\"wpforms[submit]\" id=\"wpforms-submit-18342\" class=\"wpforms-submit\" data-alt-text=\"Enviando...\" data-submit-text=\"Inscrever\" aria-live=\"assertive\" value=\"wpforms-submit\">Inscrever<\/button><img loading=\"lazy\" decoding=\"async\" src=\"https:\/\/www.paulonogueiraterapias.com\/wp-content\/plugins\/wpforms-disabled\/assets\/images\/submit-spin.svg\" class=\"wpforms-submit-spinner\" style=\"display: none;\" width=\"26\" height=\"26\" alt=\"Loading\"><\/div><\/form><\/div>  <!-- .wpforms-container -->","protected":false},"excerpt":{"rendered":"<p>Dura\u00e7\u00e3o: 4 horas Datas:Modo presencial: s\u00e1bado, 11 Outubro&#8217;25 das 09:00 \u00e0s 13:00 (presencial no espa\u00e7o Paulo Nogueira Terapias, Lisboa) &#8211; restam 12 vagasModo Online: s\u00e1bado, 11 Outubro&#8217;25 das 14:00 \u00e0s [&hellip;]<\/p>\n","protected":false},"author":1,"featured_media":0,"parent":0,"menu_order":0,"comment_status":"closed","ping_status":"closed","template":"","meta":{"om_disable_all_campaigns":false,"_mi_skip_tracking":false,"site-sidebar-layout":"default","site-content-layout":"","ast-site-content-layout":"default","site-content-style":"default","site-sidebar-style":"default","ast-global-header-display":"","ast-banner-title-visibility":"","ast-main-header-display":"","ast-hfb-above-header-display":"","ast-hfb-below-header-display":"","ast-hfb-mobile-header-display":"","site-post-title":"","ast-breadcrumbs-content":"","ast-featured-img":"","footer-sml-layout":"","ast-disable-related-posts":"","theme-transparent-header-meta":"","adv-header-id-meta":"","stick-header-meta":"","header-above-stick-meta":"","header-main-stick-meta":"","header-below-stick-meta":"","astra-migrate-meta-layouts":"default","ast-page-background-enabled":"default","ast-page-background-meta":{"desktop":{"background-color":"var(--ast-global-color-5)","background-image":"","background-repeat":"repeat","background-position":"center center","background-size":"auto","background-attachment":"scroll","background-type":"","background-media":"","overlay-type":"","overlay-color":"","overlay-opacity":"","overlay-gradient":""},"tablet":{"background-color":"","background-image":"","background-repeat":"repeat","background-position":"center center","background-size":"auto","background-attachment":"scroll","background-type":"","background-media":"","overlay-type":"","overlay-color":"","overlay-opacity":"","overlay-gradient":""},"mobile":{"background-color":"","background-image":"","background-repeat":"repeat","background-position":"center center","background-size":"auto","background-attachment":"scroll","background-type":"","background-media":"","overlay-type":"","overlay-color":"","overlay-opacity":"","overlay-gradient":""}},"ast-content-background-meta":{"desktop":{"background-color":"var(--ast-global-color-4)","background-image":"","background-repeat":"repeat","background-position":"center center","background-size":"auto","background-attachment":"scroll","background-type":"","background-media":"","overlay-type":"","overlay-color":"","overlay-opacity":"","overlay-gradient":""},"tablet":{"background-color":"var(--ast-global-color-4)","background-image":"","background-repeat":"repeat","background-position":"center center","background-size":"auto","background-attachment":"scroll","background-type":"","background-media":"","overlay-type":"","overlay-color":"","overlay-opacity":"","overlay-gradient":""},"mobile":{"background-color":"var(--ast-global-color-4)","background-image":"","background-repeat":"repeat","background-position":"center center","background-size":"auto","background-attachment":"scroll","background-type":"","background-media":"","overlay-type":"","overlay-color":"","overlay-opacity":"","overlay-gradient":""}},"footnotes":""},"class_list":["post-18333","page","type-page","status-publish","hentry"],"aioseo_notices":[],"_links":{"self":[{"href":"https:\/\/www.paulonogueiraterapias.com\/en\/wp-json\/wp\/v2\/pages\/18333","targetHints":{"allow":["GET"]}}],"collection":[{"href":"https:\/\/www.paulonogueiraterapias.com\/en\/wp-json\/wp\/v2\/pages"}],"about":[{"href":"https:\/\/www.paulonogueiraterapias.com\/en\/wp-json\/wp\/v2\/types\/page"}],"author":[{"embeddable":true,"href":"https:\/\/www.paulonogueiraterapias.com\/en\/wp-json\/wp\/v2\/users\/1"}],"replies":[{"embeddable":true,"href":"https:\/\/www.paulonogueiraterapias.com\/en\/wp-json\/wp\/v2\/comments?post=18333"}],"version-history":[{"count":4,"href":"https:\/\/www.paulonogueiraterapias.com\/en\/wp-json\/wp\/v2\/pages\/18333\/revisions"}],"predecessor-version":[{"id":18345,"href":"https:\/\/www.paulonogueiraterapias.com\/en\/wp-json\/wp\/v2\/pages\/18333\/revisions\/18345"}],"wp:attachment":[{"href":"https:\/\/www.paulonogueiraterapias.com\/en\/wp-json\/wp\/v2\/media?parent=18333"}],"curies":[{"name":"wp","href":"https:\/\/api.w.org\/{rel}","templated":true}]}}