{"id":18001,"date":"2025-06-15T00:59:11","date_gmt":"2025-06-15T00:59:11","guid":{"rendered":"https:\/\/www.paulonogueiraterapias.com\/?page_id=18001"},"modified":"2025-07-10T23:06:20","modified_gmt":"2025-07-10T23:06:20","slug":"workshop-tarot-arcanos-maiores","status":"publish","type":"page","link":"https:\/\/www.paulonogueiraterapias.com\/en\/workshop-tarot-arcanos-maiores\/","title":{"rendered":"Workshop &#8216;Tarot &#8211; Arcanos Maiores&#8217;"},"content":{"rendered":"\n<figure class=\"wp-block-image size-full\"><a href=\"https:\/\/www.paulonogueiraterapias.com\/wp-content\/uploads\/2025\/07\/Workshop-Tarot-Arcanos-Maiores.jpg\"><img loading=\"lazy\" decoding=\"async\" width=\"1024\" height=\"1024\" src=\"https:\/\/www.paulonogueiraterapias.com\/wp-content\/uploads\/2025\/07\/Workshop-Tarot-Arcanos-Maiores.jpg\" alt=\"\" class=\"wp-image-18114\" srcset=\"https:\/\/www.paulonogueiraterapias.com\/wp-content\/uploads\/2025\/07\/Workshop-Tarot-Arcanos-Maiores.jpg 1024w, https:\/\/www.paulonogueiraterapias.com\/wp-content\/uploads\/2025\/07\/Workshop-Tarot-Arcanos-Maiores-300x300.jpg 300w, https:\/\/www.paulonogueiraterapias.com\/wp-content\/uploads\/2025\/07\/Workshop-Tarot-Arcanos-Maiores-100x100.jpg 100w, https:\/\/www.paulonogueiraterapias.com\/wp-content\/uploads\/2025\/07\/Workshop-Tarot-Arcanos-Maiores-600x600.jpg 600w, https:\/\/www.paulonogueiraterapias.com\/wp-content\/uploads\/2025\/07\/Workshop-Tarot-Arcanos-Maiores-150x150.jpg 150w, https:\/\/www.paulonogueiraterapias.com\/wp-content\/uploads\/2025\/07\/Workshop-Tarot-Arcanos-Maiores-768x768.jpg 768w, https:\/\/www.paulonogueiraterapias.com\/wp-content\/uploads\/2025\/07\/Workshop-Tarot-Arcanos-Maiores-71x71.jpg 71w, https:\/\/www.paulonogueiraterapias.com\/wp-content\/uploads\/2025\/07\/Workshop-Tarot-Arcanos-Maiores-36x36.jpg 36w, https:\/\/www.paulonogueiraterapias.com\/wp-content\/uploads\/2025\/07\/Workshop-Tarot-Arcanos-Maiores-60x60.jpg 60w, https:\/\/www.paulonogueiraterapias.com\/wp-content\/uploads\/2025\/07\/Workshop-Tarot-Arcanos-Maiores-90x90.jpg 90w\" sizes=\"auto, (max-width: 1024px) 100vw, 1024px\" \/><\/a><\/figure>\n\n\n\n<h3 class=\"wp-block-heading\"><strong>Dura\u00e7\u00e3o:<\/strong> 4 horas<\/h3>\n\n\n\n<p><strong>Datas:<\/strong><br>s\u00e1bado, 26 Julho&#8217;25 das 09:00 \u00e0s 13:00 (presencial) &#8211; <strong>&#8211; restam 12 vagas<\/strong><br>s\u00e1bado, 26 Julho&#8217;25 das 14:00 \u00e0s 18:00 (online) <strong>&#8211; restam 12 vagas<\/strong><\/p>\n\n\n\n<p>Cada <strong>participante no curso online receber\u00e1 a grava\u00e7\u00e3o do workshop<\/strong> para que possa consultar, sempre que pretender, o seu conte\u00fado. Assim, n\u00e3o perder\u00e1 qualquer conte\u00fado se tiver que se ausentar durante parte do workshop via Zoom.<\/p>\n\n\n\n<p><strong>Valor:<\/strong> 40\u20ac (no local, \u00e0 entrada em modo presencial)<\/p>\n\n\n\n<h3 class=\"wp-block-heading\"><strong>Modalidade:<\/strong> Presencial em Lisboa ou Online via Zoom<\/h3>\n\n\n\n<h3 class=\"wp-block-heading\"><strong>P\u00fablico-alvo:<\/strong> Iniciantes e praticantes que desejam aprofundar o seu conhecimento na interpreta\u00e7\u00e3o das cartas<\/h3>\n\n\n\n<h3 class=\"wp-block-heading\">\ud83d\udd2e <strong>Workshop Intensivo de Tarot \u2013 A Jornada dos Arcanos e M\u00e9todos de Leitura<\/strong> \ud83d\udd2e<\/h3>\n\n\n\n<p><strong>Descubra os mist\u00e9rios do Tarot, compreenda os 22 Arcanos Maiores e aprenda os lan\u00e7amentos mais eficazes para leituras intuitivas e assertivas!<\/strong><\/p>\n\n\n\n<h3 class=\"wp-block-heading\"><strong>Objetivo Geral:<\/strong><\/h3>\n\n\n\n<p>Este workshop tem como prop\u00f3sito <strong>aprofundar a compreens\u00e3o dos 22 Arcanos Maiores do Tarot<\/strong>, explorando os seus s\u00edmbolos, arqu\u00e9tipos e mensagens ocultas. Atrav\u00e9s de um estudo pr\u00e1tico e intuitivo, os participantes ir\u00e3o:<\/p>\n\n\n\n<p>\u2705 <strong>Compreender a jornada do Louco<\/strong> e como cada arcano reflete fases do crescimento pessoal e espiritual. <br>\u2705 <strong>Aprender a interpretar cada carta<\/strong> dentro do contexto de leituras e lan\u00e7amentos. <br>\u2705 <strong>Fortalecer a intui\u00e7\u00e3o<\/strong> e desenvolver a conex\u00e3o com o Tarot para leituras mais assertivas. <br>\u2705 <strong>Explorar t\u00e9cnicas de leitura<\/strong> dos Arcanos Maiores, utilizando m\u00e9todos tradicionais e modernos.<\/p>\n\n\n\n<p>\ud83c\udfb4 Se voc\u00ea busca <strong>autoconhecimento, orienta\u00e7\u00e3o e um aprofundamento na arte do Tarot<\/strong>, este workshop \u00e9 para si! \ud83d\udd2e\u2728<\/p>\n\n\n\n<hr class=\"wp-block-separator has-alpha-channel-opacity\"\/>\n\n\n\n<h2 class=\"wp-block-heading\"><strong>M\u00f3dulo 1: A Hist\u00f3ria do Tarot e a Jornada dos Arcanos Maiores<\/strong><\/h2>\n\n\n\n<ul class=\"wp-block-list\">\n<li><strong>O passado e o poder do Tarot:<\/strong> <\/li>\n\n\n\n<li><strong>Origens e evolu\u00e7\u00e3o<\/strong> \u2013 dos antigos baralhos ao Tarot moderno <\/li>\n\n\n\n<li>A simbologia oculta e o impacto dos Arcanos Maiores na espiritualidade <\/li>\n\n\n\n<li>Como o Tarot reflete as fases da vida e os arqu\u00e9tipos universais<\/li>\n\n\n\n<li><strong>Os 22 Arcanos Maiores:<\/strong> <\/li>\n\n\n\n<li>A jornada do Louco e a sua conex\u00e3o com o crescimento pessoal<\/li>\n\n\n\n<li>Significados individuais de cada arcano \u2013 desafios e energias que eles revelam <\/li>\n\n\n\n<li>T\u00e9cnicas intuitivas para interpretar os Arcanos na pr\u00e1tica<\/li>\n<\/ul>\n\n\n\n<h2 class=\"wp-block-heading\">M<strong>\u00f3dulo 2: M\u00e9todos de Lan\u00e7amento \u2013 Como Interpretar as Cartas com Precis\u00e3o<\/strong><\/h2>\n\n\n\n<ul class=\"wp-block-list\">\n<li><strong>Aprenda as t\u00e9cnicas mais eficazes para leitura do Tarot:<\/strong> <\/li>\n\n\n\n<li>O m\u00e9todo das <strong>tr\u00eas cartas<\/strong> \u2013 passado, presente e futuro <\/li>\n\n\n\n<li><strong>A Cruz Celta<\/strong> \u2013 um dos lan\u00e7amentos mais completos para an\u00e1lises profundas <\/li>\n\n\n\n<li>Lan\u00e7amento <strong>em pir\u00e2mide<\/strong> para tomada de decis\u00f5es importantes <\/li>\n\n\n\n<li>M\u00e9todos intuitivos para <strong>autoconhecimento e desenvolvimento espiritual<\/strong> <\/li>\n\n\n\n<li>Como formular perguntas certas para obter respostas precisas<\/li>\n<\/ul>\n\n\n\n<hr class=\"wp-block-separator has-alpha-channel-opacity\"\/>\n\n\n\n<h3 class=\"wp-block-heading\">Benef\u00edcios<\/h3>\n\n\n\n<p>Participar do <strong>Workshop dos Arcanos Maiores do Tarot<\/strong> oferece uma experi\u00eancia transformadora para quem deseja aprofundar a sua compreens\u00e3o sobre essa poderosa ferramenta de autoconhecimento. Durante o curso, os participantes aprender\u00e3o a interpretar os <strong>22 Arcanos Maiores<\/strong>, compreendendo os seus significados e conex\u00f5es com aspectos psicol\u00f3gicos, emocionais e espirituais.<\/p>\n\n\n\n<p>Al\u00e9m do aprendizado te\u00f3rico, o workshop proporciona pr\u00e1ticas guiadas que <strong>fortalecem a intui\u00e7\u00e3o<\/strong>, permitindo leituras mais precisas e assertivas. Os alunos ter\u00e3o acesso a <strong>m\u00e9todos de lan\u00e7amento eficazes<\/strong>, como a Cruz Celta e a leitura de tr\u00eas cartas, facilitando a aplica\u00e7\u00e3o do Tarot no dia a dia.<\/p>\n\n\n\n<p>No final, os participantes sair\u00e3o com mais <strong>confian\u00e7a e conex\u00e3o com o Tarot<\/strong>, capazes de utilizar as cartas para orienta\u00e7\u00e3o pessoal e leituras aprofundadas. Seja para autoconhecimento ou para orientar outras pessoas, este workshop <strong>abre portas para uma jornada m\u00e1gica de descobertas e transforma\u00e7\u00e3o<\/strong>. \ud83d\udd2e\u2728<\/p>\n\n\n\n<h3 class=\"wp-block-heading\"><strong>Informa\u00e7\u00f5es Adicionais<\/strong><\/h3>\n\n\n\n<ul class=\"wp-block-list\">\n<li><strong>Pr\u00e9-requisitos:<\/strong> Nenhum (curso aberto a todos).<\/li>\n\n\n\n<li><strong>Inscri\u00e7\u00f5es:<\/strong> <a href=\"tel:+351912064084\" title=\"\">912 064 084<\/a> ou no formul\u00e1rio abaixo<\/li>\n\n\n\n<li><strong>Local:<\/strong>&nbsp;Espa\u00e7o Paulo Nogueira Terapias, Lisboa ou Online (via Zoom)<\/li>\n<\/ul>\n\n\n<div class=\"wpforms-container wpforms-container-full wpforms-form-abandonment wpforms-block wpforms-block-2f40892e-9012-4390-9d65-298d8aaa0b06\" id=\"wpforms-18010\"><form id=\"wpforms-form-18010\" class=\"wpforms-validate wpforms-form wpforms-ajax-form\" data-formid=\"18010\" method=\"post\" enctype=\"multipart\/form-data\" action=\"\/en\/wp-json\/wp\/v2\/pages\/18001\" data-token=\"2496ba2fef404a3c77a17d9eb074445d\" data-token-time=\"1777457927\"><div class=\"wpforms-head-container\"><div class=\"wpforms-title\">Inscri\u00e7\u00e3o no Workshop &#039;Tarot &#8211; Arcanos Maiores&#039;<\/div><\/div><noscript class=\"wpforms-error-noscript\">Please enable JavaScript in your browser to complete this form.<\/noscript><div class=\"wpforms-field-container\"><div id=\"wpforms-18010-field_1-container\" class=\"wpforms-field wpforms-field-name\" data-field-id=\"1\"><label class=\"wpforms-field-label\" for=\"wpforms-18010-field_1\">Nome <span class=\"wpforms-required-label\">*<\/span><\/label><input type=\"text\" id=\"wpforms-18010-field_1\" class=\"wpforms-field-medium wpforms-field-required\" name=\"wpforms[fields][1]\" required><\/div><div id=\"wpforms-18010-field_2-container\" class=\"wpforms-field wpforms-field-phone\" data-field-id=\"2\"><label class=\"wpforms-field-label\" for=\"wpforms-18010-field_2\">Telefone <span class=\"wpforms-required-label\">*<\/span><\/label><input type=\"tel\" id=\"wpforms-18010-field_2\" class=\"wpforms-field-medium wpforms-field-required\" data-rule-int-phone-field=\"true\" name=\"wpforms[fields][2]\" aria-label=\"Telefone\" required><\/div><div id=\"wpforms-18010-field_3-container\" class=\"wpforms-field wpforms-field-email\" data-field-id=\"3\"><label class=\"wpforms-field-label\" for=\"wpforms-18010-field_3\">Email <span class=\"wpforms-required-label\">*<\/span><\/label><input type=\"email\" id=\"wpforms-18010-field_3\" class=\"wpforms-field-medium wpforms-field-required\" name=\"wpforms[fields][3]\" spellcheck=\"false\" required><\/div><div id=\"wpforms-18010-field_7-container\" class=\"wpforms-field wpforms-field-select wpforms-field-select-style-modern\" data-field-id=\"7\"><label class=\"wpforms-field-label\" for=\"wpforms-18010-field_7\">Modalidade<\/label><select id=\"wpforms-18010-field_7\" class=\"wpforms-field-medium choicesjs-select\" data-size-class=\"wpforms-field-row wpforms-field-medium\" data-search-enabled=\"\" name=\"wpforms[fields][7]\"><option value=\"\" class=\"placeholder\" disabled ><\/option><option value=\"Presencial (em Lisboa)\" >Presencial (em Lisboa)<\/option><option value=\"Online (via Zoom)\"  selected='selected'>Online (via Zoom)<\/option><\/select><\/div><div id=\"wpforms-18010-field_6-container\" class=\"wpforms-field wpforms-field-textarea\" data-field-id=\"6\"><label class=\"wpforms-field-label\" for=\"wpforms-18010-field_6\">Observa\u00e7\u00f5es<\/label><textarea id=\"wpforms-18010-field_6\" class=\"wpforms-field-medium\" name=\"wpforms[fields][6]\" ><\/textarea><\/div><\/div><!-- .wpforms-field-container --><div class=\"wpforms-submit-container\" ><input type=\"hidden\" name=\"wpforms[id]\" value=\"18010\"><input type=\"hidden\" name=\"page_title\" value=\"\"><input type=\"hidden\" name=\"page_url\" value=\"https:\/\/www.paulonogueiraterapias.com\/en\/wp-json\/wp\/v2\/pages\/18001\"><input type=\"hidden\" name=\"url_referer\" value=\"\"><button type=\"submit\" name=\"wpforms[submit]\" id=\"wpforms-submit-18010\" class=\"wpforms-submit\" data-alt-text=\"Enviando...\" data-submit-text=\"Inscrever\" aria-live=\"assertive\" value=\"wpforms-submit\">Inscrever<\/button><img loading=\"lazy\" decoding=\"async\" src=\"https:\/\/www.paulonogueiraterapias.com\/wp-content\/plugins\/wpforms-disabled\/assets\/images\/submit-spin.svg\" class=\"wpforms-submit-spinner\" style=\"display: none;\" width=\"26\" height=\"26\" alt=\"Loading\"><\/div><\/form><\/div>  <!-- .wpforms-container -->","protected":false},"excerpt":{"rendered":"<p>Dura\u00e7\u00e3o: 4 horas Datas:s\u00e1bado, 26 Julho&#8217;25 das 09:00 \u00e0s 13:00 (presencial) &#8211; &#8211; restam 12 vagass\u00e1bado, 26 Julho&#8217;25 das 14:00 \u00e0s 18:00 (online) &#8211; restam 12 vagas Cada participante no [&hellip;]<\/p>\n","protected":false},"author":1,"featured_media":0,"parent":0,"menu_order":0,"comment_status":"closed","ping_status":"closed","template":"","meta":{"om_disable_all_campaigns":false,"_mi_skip_tracking":false,"site-sidebar-layout":"default","site-content-layout":"","ast-site-content-layout":"default","site-content-style":"default","site-sidebar-style":"default","ast-global-header-display":"","ast-banner-title-visibility":"","ast-main-header-display":"","ast-hfb-above-header-display":"","ast-hfb-below-header-display":"","ast-hfb-mobile-header-display":"","site-post-title":"","ast-breadcrumbs-content":"","ast-featured-img":"","footer-sml-layout":"","ast-disable-related-posts":"","theme-transparent-header-meta":"","adv-header-id-meta":"","stick-header-meta":"","header-above-stick-meta":"","header-main-stick-meta":"","header-below-stick-meta":"","astra-migrate-meta-layouts":"default","ast-page-background-enabled":"default","ast-page-background-meta":{"desktop":{"background-color":"var(--ast-global-color-5)","background-image":"","background-repeat":"repeat","background-position":"center center","background-size":"auto","background-attachment":"scroll","background-type":"","background-media":"","overlay-type":"","overlay-color":"","overlay-opacity":"","overlay-gradient":""},"tablet":{"background-color":"","background-image":"","background-repeat":"repeat","background-position":"center center","background-size":"auto","background-attachment":"scroll","background-type":"","background-media":"","overlay-type":"","overlay-color":"","overlay-opacity":"","overlay-gradient":""},"mobile":{"background-color":"","background-image":"","background-repeat":"repeat","background-position":"center center","background-size":"auto","background-attachment":"scroll","background-type":"","background-media":"","overlay-type":"","overlay-color":"","overlay-opacity":"","overlay-gradient":""}},"ast-content-background-meta":{"desktop":{"background-color":"var(--ast-global-color-4)","background-image":"","background-repeat":"repeat","background-position":"center center","background-size":"auto","background-attachment":"scroll","background-type":"","background-media":"","overlay-type":"","overlay-color":"","overlay-opacity":"","overlay-gradient":""},"tablet":{"background-color":"var(--ast-global-color-4)","background-image":"","background-repeat":"repeat","background-position":"center center","background-size":"auto","background-attachment":"scroll","background-type":"","background-media":"","overlay-type":"","overlay-color":"","overlay-opacity":"","overlay-gradient":""},"mobile":{"background-color":"var(--ast-global-color-4)","background-image":"","background-repeat":"repeat","background-position":"center center","background-size":"auto","background-attachment":"scroll","background-type":"","background-media":"","overlay-type":"","overlay-color":"","overlay-opacity":"","overlay-gradient":""}},"footnotes":""},"class_list":["post-18001","page","type-page","status-publish","hentry"],"aioseo_notices":[],"_links":{"self":[{"href":"https:\/\/www.paulonogueiraterapias.com\/en\/wp-json\/wp\/v2\/pages\/18001","targetHints":{"allow":["GET"]}}],"collection":[{"href":"https:\/\/www.paulonogueiraterapias.com\/en\/wp-json\/wp\/v2\/pages"}],"about":[{"href":"https:\/\/www.paulonogueiraterapias.com\/en\/wp-json\/wp\/v2\/types\/page"}],"author":[{"embeddable":true,"href":"https:\/\/www.paulonogueiraterapias.com\/en\/wp-json\/wp\/v2\/users\/1"}],"replies":[{"embeddable":true,"href":"https:\/\/www.paulonogueiraterapias.com\/en\/wp-json\/wp\/v2\/comments?post=18001"}],"version-history":[{"count":0,"href":"https:\/\/www.paulonogueiraterapias.com\/en\/wp-json\/wp\/v2\/pages\/18001\/revisions"}],"wp:attachment":[{"href":"https:\/\/www.paulonogueiraterapias.com\/en\/wp-json\/wp\/v2\/media?parent=18001"}],"curies":[{"name":"wp","href":"https:\/\/api.w.org\/{rel}","templated":true}]}}