{"id":17900,"date":"2025-02-08T16:05:43","date_gmt":"2025-02-08T16:05:43","guid":{"rendered":"https:\/\/www.paulonogueiraterapias.com\/energy-cleansing-workshop\/"},"modified":"2025-05-20T17:36:41","modified_gmt":"2025-05-20T17:36:41","slug":"energy-cleansing-workshop","status":"publish","type":"page","link":"https:\/\/www.paulonogueiraterapias.com\/en\/energy-cleansing-workshop\/","title":{"rendered":"Energy Cleansing Workshop"},"content":{"rendered":"\n<figure class=\"wp-block-image size-full is-style-default\"><a href=\"https:\/\/www.paulonogueiraterapias.com\/wp-content\/uploads\/2025\/02\/workshop-4-Mar-1.jpg\"><img loading=\"lazy\" decoding=\"async\" width=\"1024\" height=\"1024\" src=\"https:\/\/www.paulonogueiraterapias.com\/wp-content\/uploads\/2025\/02\/workshop-4-Mar-1.jpg\" alt=\"\" class=\"wp-image-17624\" srcset=\"https:\/\/www.paulonogueiraterapias.com\/wp-content\/uploads\/2025\/02\/workshop-4-Mar-1.jpg 1024w, https:\/\/www.paulonogueiraterapias.com\/wp-content\/uploads\/2025\/02\/workshop-4-Mar-1-300x300.jpg 300w, https:\/\/www.paulonogueiraterapias.com\/wp-content\/uploads\/2025\/02\/workshop-4-Mar-1-100x100.jpg 100w, https:\/\/www.paulonogueiraterapias.com\/wp-content\/uploads\/2025\/02\/workshop-4-Mar-1-600x600.jpg 600w, https:\/\/www.paulonogueiraterapias.com\/wp-content\/uploads\/2025\/02\/workshop-4-Mar-1-150x150.jpg 150w, https:\/\/www.paulonogueiraterapias.com\/wp-content\/uploads\/2025\/02\/workshop-4-Mar-1-768x768.jpg 768w, https:\/\/www.paulonogueiraterapias.com\/wp-content\/uploads\/2025\/02\/workshop-4-Mar-1-71x71.jpg 71w, https:\/\/www.paulonogueiraterapias.com\/wp-content\/uploads\/2025\/02\/workshop-4-Mar-1-36x36.jpg 36w, https:\/\/www.paulonogueiraterapias.com\/wp-content\/uploads\/2025\/02\/workshop-4-Mar-1-60x60.jpg 60w, https:\/\/www.paulonogueiraterapias.com\/wp-content\/uploads\/2025\/02\/workshop-4-Mar-1-90x90.jpg 90w\" sizes=\"auto, (max-width: 1024px) 100vw, 1024px\" \/><\/a><figcaption class=\"wp-element-caption\">Energy Cleansing Workshop &#8211; 4 Mar&#8217;25<\/figcaption><\/figure>\n\n<h3 class=\"wp-block-heading\"><strong>Duration:<\/strong> 3 hours (from 18:00 to 21:00)<\/h3>\n\n<p><strong>Date:<\/strong> Friday, 21 Feb&#8217;25 (in person) &#8211; <strong>sold out!<\/strong><br\/>Tuesday, 25 Feb&#8217;25 (online via Zoom)<br\/>Friday, 28 Feb&#8217;25 (in person) &#8211; <strong>sold out!<\/strong><br\/>Tuesday, 4 Mar&#8217;25 (in person) &#8211; <strong>sold out!<\/strong><\/p>\n\n<p><strong>Cost:<\/strong> \u20ac5 (on site, at the entrance)<\/p>\n\n<h3 class=\"wp-block-heading\"><strong>Mode:<\/strong> Face-to-face<\/h3>\n\n<h3 class=\"wp-block-heading\"><strong>Target audience:<\/strong> Therapists, spiritualists and anyone interested in working with energy and harmonization.<\/h3>\n\n<h3 class=\"wp-block-heading\"><strong>General Objective:<\/strong><\/h3>\n\n<p>To enable participants to carry out effective energy cleansings on people, promoting harmony, balance and spiritual protection.<\/p>\n\n<p><\/p>\n\n<p>Do you feel tired, drained of energy or overwhelmed by negative vibrations? In our Energy Cleansing Workshop, you will learn effective techniques to purify your energy and protect yourself from external influences. Discover powerful methods such as smokings, crystals, visualizations and sacred rituals to balance your energy field and harmonize environments.  <\/p>\n\n<hr class=\"wp-block-separator has-alpha-channel-opacity\"\/>\n\n<h3 class=\"wp-block-heading\"><strong>Program Content<\/strong><\/h3>\n\n<h4 class=\"wp-block-heading\"><strong>Fundamentals and Energetic Cleansing of People<\/strong><\/h4>\n\n<p><strong>Module 1: Introduction to Energy Cleansing<\/strong><\/p>\n\n<ul class=\"wp-block-list\">\n<li>What energy is and how it influences our body and environment.<\/li>\n\n\n\n<li>Types of energies (positive, negative, dense and subtle).<\/li>\n\n\n\n<li>Symptoms of negative energies in people and spaces.<\/li>\n\n\n\n<li>Light Swirl Technique<\/li>\n\n\n\n<li>Technique for transmuting anger into personal power<\/li>\n\n\n\n<li>Bioenergetic movement technique<\/li>\n\n\n\n<li>Cleaning Technique using the 4 elements<\/li>\n\n\n\n<li>Cleansing Technique with the element of Fire<\/li>\n\n\n\n<li>Cleaning Technique with the Water Element<\/li>\n\n\n\n<li>Cleansing Technique with the Earth Element<\/li>\n\n\n\n<li>Cleaning Technique with the Air Element<\/li>\n\n\n\n<li>Solar Cleaning Technique<\/li>\n\n\n\n<li>White Light Cleaning Technique<\/li>\n\n\n\n<li>Blue Light Cleaning Technique<\/li>\n\n\n\n<li>Red Light Cleaning Technique<\/li>\n\n\n\n<li>Violet Flame Cleansing Technique<\/li>\n\n\n\n<li>Energy self-pass technique<\/li>\n\n\n\n<li>Cutting psychic ties<\/li>\n\n\n\n<li>Energy replenishment<\/li>\n\n\n\n<li>Energy Cleansing through Breathing<\/li>\n\n\n\n<li>Herbal bath for energy cleansing<\/li>\n\n\n\n<li>Cleansing negative spells using rue<\/li>\n<\/ul>\n\n<h3 class=\"wp-block-heading\"><strong>Additional Information<\/strong><\/h3>\n\n<ul class=\"wp-block-list\">\n<li><strong>Prerequisites:<\/strong> None (course open to all).<\/li>\n\n\n\n<li><strong>Registration:<\/strong> <a href=\"tel:+351912064084\" title=\"\">912 064 084<\/a> or in the form below<\/li>\n<\/ul>\n<div class=\"wpforms-container wpforms-container-full wpforms-form-abandonment wpforms-block\" id=\"wpforms-17601\"><form id=\"wpforms-form-17601\" class=\"wpforms-validate wpforms-form wpforms-ajax-form\" data-formid=\"17601\" method=\"post\" enctype=\"multipart\/form-data\" action=\"\/en\/wp-json\/wp\/v2\/pages\/17900\" data-token=\"d7722079e164496519bb63e0cda1650d\" data-token-time=\"1777456985\"><div class=\"wpforms-head-container\"><div class=\"wpforms-title\">Inscri\u00e7\u00e3o no Workshop de Limpeza Energ\u00e9tica<\/div><\/div><noscript class=\"wpforms-error-noscript\">Please enable JavaScript in your browser to complete this form.<\/noscript><div class=\"wpforms-field-container\"><div id=\"wpforms-17601-field_1-container\" class=\"wpforms-field wpforms-field-name\" data-field-id=\"1\"><label class=\"wpforms-field-label\" for=\"wpforms-17601-field_1\">Nome <span class=\"wpforms-required-label\">*<\/span><\/label><input type=\"text\" id=\"wpforms-17601-field_1\" class=\"wpforms-field-medium wpforms-field-required\" name=\"wpforms[fields][1]\" required><\/div><div id=\"wpforms-17601-field_2-container\" class=\"wpforms-field wpforms-field-phone\" data-field-id=\"2\"><label class=\"wpforms-field-label\" for=\"wpforms-17601-field_2\">Telefone <span class=\"wpforms-required-label\">*<\/span><\/label><input type=\"tel\" id=\"wpforms-17601-field_2\" class=\"wpforms-field-medium wpforms-field-required\" data-rule-int-phone-field=\"true\" name=\"wpforms[fields][2]\" aria-label=\"Telefone\" required><\/div><div id=\"wpforms-17601-field_3-container\" class=\"wpforms-field wpforms-field-email\" data-field-id=\"3\"><label class=\"wpforms-field-label\" for=\"wpforms-17601-field_3\">Email <span class=\"wpforms-required-label\">*<\/span><\/label><input type=\"email\" id=\"wpforms-17601-field_3\" class=\"wpforms-field-medium wpforms-field-required\" name=\"wpforms[fields][3]\" spellcheck=\"false\" required><\/div><div id=\"wpforms-17601-field_7-container\" class=\"wpforms-field wpforms-field-select wpforms-field-select-style-modern\" data-field-id=\"7\"><label class=\"wpforms-field-label\" for=\"wpforms-17601-field_7\">Modalidade<\/label><select id=\"wpforms-17601-field_7\" class=\"wpforms-field-medium choicesjs-select\" data-size-class=\"wpforms-field-row wpforms-field-medium\" data-search-enabled=\"\" name=\"wpforms[fields][7]\"><option value=\"\" class=\"placeholder\" disabled ><\/option><option value=\"Presencial (em Lisboa) a 4 Mar\"  selected='selected'>Presencial (em Lisboa) a 4 Mar<\/option><option value=\"Online (via Zoom) a 25 Fev\" >Online (via Zoom) a 25 Fev<\/option><\/select><\/div><div id=\"wpforms-17601-field_6-container\" class=\"wpforms-field wpforms-field-textarea\" data-field-id=\"6\"><label class=\"wpforms-field-label\" for=\"wpforms-17601-field_6\">Observa\u00e7\u00f5es<\/label><textarea id=\"wpforms-17601-field_6\" class=\"wpforms-field-medium\" name=\"wpforms[fields][6]\" ><\/textarea><\/div><\/div><!-- .wpforms-field-container --><div class=\"wpforms-submit-container\" ><input type=\"hidden\" name=\"wpforms[id]\" value=\"17601\"><input type=\"hidden\" name=\"page_title\" value=\"\"><input type=\"hidden\" name=\"page_url\" value=\"https:\/\/www.paulonogueiraterapias.com\/en\/wp-json\/wp\/v2\/pages\/17900\"><input type=\"hidden\" name=\"url_referer\" value=\"\"><button type=\"submit\" name=\"wpforms[submit]\" id=\"wpforms-submit-17601\" class=\"wpforms-submit\" data-alt-text=\"Enviando...\" data-submit-text=\"Inscrever\" aria-live=\"assertive\" value=\"wpforms-submit\">Inscrever<\/button><img loading=\"lazy\" decoding=\"async\" src=\"https:\/\/www.paulonogueiraterapias.com\/wp-content\/plugins\/wpforms-disabled\/assets\/images\/submit-spin.svg\" class=\"wpforms-submit-spinner\" style=\"display: none;\" width=\"26\" height=\"26\" alt=\"Loading\"><\/div><\/form><\/div>  <!-- .wpforms-container -->","protected":false},"excerpt":{"rendered":"<p>Duration: 3 hours (from 18:00 to 21:00) Date: Friday, 21 Feb&#8217;25 (in person) &#8211; sold out!Tuesday, 25 Feb&#8217;25 (online via Zoom)Friday, 28 Feb&#8217;25 (in person) &#8211; sold out!Tuesday, 4 Mar&#8217;25 [&hellip;]<\/p>\n","protected":false},"author":1,"featured_media":0,"parent":0,"menu_order":0,"comment_status":"closed","ping_status":"closed","template":"","meta":{"om_disable_all_campaigns":false,"_mi_skip_tracking":false,"site-sidebar-layout":"default","site-content-layout":"","ast-site-content-layout":"default","site-content-style":"default","site-sidebar-style":"default","ast-global-header-display":"","ast-banner-title-visibility":"","ast-main-header-display":"","ast-hfb-above-header-display":"","ast-hfb-below-header-display":"","ast-hfb-mobile-header-display":"","site-post-title":"","ast-breadcrumbs-content":"","ast-featured-img":"","footer-sml-layout":"","ast-disable-related-posts":"","theme-transparent-header-meta":"","adv-header-id-meta":"","stick-header-meta":"","header-above-stick-meta":"","header-main-stick-meta":"","header-below-stick-meta":"","astra-migrate-meta-layouts":"default","ast-page-background-enabled":"default","ast-page-background-meta":{"desktop":{"background-color":"var(--ast-global-color-5)","background-image":"","background-repeat":"repeat","background-position":"center center","background-size":"auto","background-attachment":"scroll","background-type":"","background-media":"","overlay-type":"","overlay-color":"","overlay-opacity":"","overlay-gradient":""},"tablet":{"background-color":"","background-image":"","background-repeat":"repeat","background-position":"center center","background-size":"auto","background-attachment":"scroll","background-type":"","background-media":"","overlay-type":"","overlay-color":"","overlay-opacity":"","overlay-gradient":""},"mobile":{"background-color":"","background-image":"","background-repeat":"repeat","background-position":"center center","background-size":"auto","background-attachment":"scroll","background-type":"","background-media":"","overlay-type":"","overlay-color":"","overlay-opacity":"","overlay-gradient":""}},"ast-content-background-meta":{"desktop":{"background-color":"var(--ast-global-color-4)","background-image":"","background-repeat":"repeat","background-position":"center center","background-size":"auto","background-attachment":"scroll","background-type":"","background-media":"","overlay-type":"","overlay-color":"","overlay-opacity":"","overlay-gradient":""},"tablet":{"background-color":"var(--ast-global-color-4)","background-image":"","background-repeat":"repeat","background-position":"center center","background-size":"auto","background-attachment":"scroll","background-type":"","background-media":"","overlay-type":"","overlay-color":"","overlay-opacity":"","overlay-gradient":""},"mobile":{"background-color":"var(--ast-global-color-4)","background-image":"","background-repeat":"repeat","background-position":"center center","background-size":"auto","background-attachment":"scroll","background-type":"","background-media":"","overlay-type":"","overlay-color":"","overlay-opacity":"","overlay-gradient":""}},"footnotes":""},"class_list":["post-17900","page","type-page","status-publish","hentry"],"aioseo_notices":[],"_links":{"self":[{"href":"https:\/\/www.paulonogueiraterapias.com\/en\/wp-json\/wp\/v2\/pages\/17900","targetHints":{"allow":["GET"]}}],"collection":[{"href":"https:\/\/www.paulonogueiraterapias.com\/en\/wp-json\/wp\/v2\/pages"}],"about":[{"href":"https:\/\/www.paulonogueiraterapias.com\/en\/wp-json\/wp\/v2\/types\/page"}],"author":[{"embeddable":true,"href":"https:\/\/www.paulonogueiraterapias.com\/en\/wp-json\/wp\/v2\/users\/1"}],"replies":[{"embeddable":true,"href":"https:\/\/www.paulonogueiraterapias.com\/en\/wp-json\/wp\/v2\/comments?post=17900"}],"version-history":[{"count":0,"href":"https:\/\/www.paulonogueiraterapias.com\/en\/wp-json\/wp\/v2\/pages\/17900\/revisions"}],"wp:attachment":[{"href":"https:\/\/www.paulonogueiraterapias.com\/en\/wp-json\/wp\/v2\/media?parent=17900"}],"curies":[{"name":"wp","href":"https:\/\/api.w.org\/{rel}","templated":true}]}}