{"id":15163,"date":"2012-12-15T21:10:18","date_gmt":"2012-12-15T21:10:18","guid":{"rendered":"https:\/\/www.paulonogueiraterapias.com\/reiki-tradicional\/"},"modified":"2025-05-20T20:00:01","modified_gmt":"2025-05-20T20:00:01","slug":"reiki-tradicional","status":"publish","type":"page","link":"https:\/\/www.paulonogueiraterapias.com\/en\/reiki-tradicional\/","title":{"rendered":"Traditional Reiki"},"content":{"rendered":"<p>[vc_row][vc_column][vc_column_text]<\/p>\nReiki consiste numa terapia energ\u00e9tica que permite reabastecer e reequilibrar a energia de todos os <a title=\"Os Corpos Energ&#xE9;ticos\" href=\"https:\/\/www.paulonogueiraterapias.com\/en\/the-subtle-bodies\/\">nossos corpos<\/a>.&#13;\n<p><\/p>O Reiki \u00e9 acess\u00edvel a todos e destina-se a todos quantos desejem curar bloqueios ou problemas a n\u00edvel f\u00edsico, mental, emocional e espiritual.&#13;\n<p><\/p>O Reiki, <a title=\"Reiki &#x2013; antiga arte de cura\" href=\"https:\/\/www.paulonogueiraterapias.com\/en\/reiki-ancient-art-of-healing\/\">arte sagrada de cura<\/a> praticada \u00e0 mais de um mil\u00e9nio, resgatada pelas m\u00e3os do Dr. Mikao Usui em 1922, usa a imposi\u00e7\u00e3o das m\u00e3os em determinadas partes do corpo da pessoa para direccionar a energia curativa, que flui de forma aut\u00f3noma, seguindo a inten\u00e7\u00e3o de cura do terapeuta para o local ou zonas afectadas pela doen\u00e7a. A energia \u00e9 inteligente. Esta, automaticamente, flui para onde \u00e9 mais necess\u00e1ria de forma a dissolver os bloqueios e restaurar o equil\u00edbrio energ\u00e9tico do corpo, devolvendo \u00e0 pessoa o seu bem-estar natural e uma grande paz de esp\u00edrito ap\u00f3s uma sess\u00e3o.&#13;\n<p><\/p>O <a title=\"Reiki em Lisboa\" href=\"https:\/\/www.paulonogueiraterapias.com\/reiki-em-lisboa\/\">Reiki<\/a> \u00e9 recomendado pela OMS e praticado, hoje em dia, em diversos centros de sa\u00fade e hospitais, por diversos profissionais de sa\u00fade que descobriram as potencialidades desta terapia e as aplicam de forma a potenciar a cura dos seus pacientes. Pode ser aplicado em crian\u00e7as, adultos e idosos e inclusivamente em animais e plantas.&#13;\n<p><\/p>A sess\u00e3o \u00e9 realizada pelo terapeuta Paulo Nogueira, iniciado na linha de Reiki Usui Shiki Ryoho por Chetan Aseem.<br\/>Linhagem de mestres: Mikao Usui \u00bb Chujiro Hayashi \u00bb Hawayo Takata \u00bb Iris Ishikuro \u00bb Arthur Robertson \u00bb Roger Foisy \u00bb Chetan Aseem.&#13;\n<p><\/p>Dura\u00e7\u00e3o: 1 hora<br\/>Valor de troca: 25\u20ac&#13;\n<p><\/p><div class=\"wpforms-container wpforms-container-full wpforms-form-abandonment wpforms-block\" id=\"wpforms-15752\"><form id=\"wpforms-form-15752\" class=\"wpforms-validate wpforms-form wpforms-ajax-form\" data-formid=\"15752\" method=\"post\" enctype=\"multipart\/form-data\" action=\"\/en\/wp-json\/wp\/v2\/pages\/15163\" data-token=\"053bff1091b828a4f0cb3135d68e153e\" data-token-time=\"1777457736\"><div class=\"wpforms-head-container\"><div class=\"wpforms-title\">Booking a Reiki session<\/div><\/div><noscript class=\"wpforms-error-noscript\">Please enable JavaScript in your browser to complete this form.<\/noscript><div class=\"wpforms-field-container\"><div id=\"wpforms-15752-field_1-container\" class=\"wpforms-field wpforms-field-name\" data-field-id=\"1\"><label class=\"wpforms-field-label\" for=\"wpforms-15752-field_1\">Name <span class=\"wpforms-required-label\">*<\/span><\/label><input type=\"text\" id=\"wpforms-15752-field_1\" class=\"wpforms-field-medium wpforms-field-required\" name=\"wpforms[fields][1]\" required><\/div><div id=\"wpforms-15752-field_2-container\" class=\"wpforms-field wpforms-field-phone\" data-field-id=\"2\"><label class=\"wpforms-field-label\" for=\"wpforms-15752-field_2\">Telephone <span class=\"wpforms-required-label\">*<\/span><\/label><input type=\"tel\" id=\"wpforms-15752-field_2\" class=\"wpforms-field-medium wpforms-field-required\" data-rule-int-phone-field=\"true\" name=\"wpforms[fields][2]\" aria-label=\"Telephone\" required><\/div><div id=\"wpforms-15752-field_3-container\" class=\"wpforms-field wpforms-field-email\" data-field-id=\"3\"><label class=\"wpforms-field-label\" for=\"wpforms-15752-field_3\">Email <span class=\"wpforms-required-label\">*<\/span><\/label><input type=\"email\" id=\"wpforms-15752-field_3\" class=\"wpforms-field-medium wpforms-field-required\" name=\"wpforms[fields][3]\" spellcheck=\"false\" required><\/div><div id=\"wpforms-15752-field_8-container\" class=\"wpforms-field wpforms-field-date-time\" data-field-id=\"8\"><label class=\"wpforms-field-label\">Date \/ Time<\/label><div class=\"wpforms-field-row wpforms-field-medium\"><div class=\"wpforms-field-row-block wpforms-date-type-datepicker\"><div class=\"wpforms-datepicker-wrap\"><input type=\"text\" id=\"wpforms-15752-field_8\" class=\"wpforms-field-date-time-date wpforms-datepicker\" data-date-format=\"d\/m\/Y\" data-disable-past-dates=\"1\" data-disable-todays-date=\"0\" data-input=\"true\" name=\"wpforms[fields][8][date]\" ><a title=\"Clear Date\" data-clear class=\"wpforms-datepicker-clear\" style=\"display:none;\"><\/a><\/div><label for=\"wpforms-15752-field_8\" class=\"wpforms-field-sublabel after\">Date<\/label><\/div><div class=\"wpforms-field-row-block\"><input type=\"text\" id=\"wpforms-15752-field_8-time\" class=\"wpforms-field-date-time-time wpforms-timepicker\" data-time-format=\"H:i\" data-step=\"30\" data-rule-time24h=\"true\" data-min-time=\"10:00\" data-max-time=\"20:00\" data-rule-time-limit=\"true\" name=\"wpforms[fields][8][time]\" ><label for=\"wpforms-15752-field_8-time\" class=\"wpforms-field-sublabel after\">Time<\/label><\/div><\/div><\/div><div id=\"wpforms-15752-field_6-container\" class=\"wpforms-field wpforms-field-textarea\" data-field-id=\"6\"><label class=\"wpforms-field-label\" for=\"wpforms-15752-field_6\">Observations<\/label><textarea id=\"wpforms-15752-field_6\" class=\"wpforms-field-medium\" name=\"wpforms[fields][6]\" ><\/textarea><\/div><\/div><!-- .wpforms-field-container --><div class=\"wpforms-submit-container\" ><input type=\"hidden\" name=\"wpforms[id]\" value=\"15752\"><input type=\"hidden\" name=\"page_title\" value=\"\"><input type=\"hidden\" name=\"page_url\" value=\"https:\/\/www.paulonogueiraterapias.com\/en\/wp-json\/wp\/v2\/pages\/15163\"><input type=\"hidden\" name=\"url_referer\" value=\"\"><button type=\"submit\" name=\"wpforms[submit]\" id=\"wpforms-submit-15752\" class=\"wpforms-submit\" data-alt-text=\"Sending...\" data-submit-text=\"Schedule\" aria-live=\"assertive\" value=\"wpforms-submit\">Schedule<\/button><img loading=\"lazy\" decoding=\"async\" src=\"https:\/\/www.paulonogueiraterapias.com\/wp-content\/plugins\/wpforms-disabled\/assets\/images\/submit-spin.svg\" class=\"wpforms-submit-spinner\" style=\"display: none;\" width=\"26\" height=\"26\" alt=\"Loading\"><\/div><\/form><\/div>  <!-- .wpforms-container --><p>[\/vc_column_text][\/vc_column][\/vc_row]<\/p>\n","protected":false},"excerpt":{"rendered":"<p>[vc_row][vc_column][vc_column_text] Reiki consiste numa terapia energ\u00e9tica que permite reabastecer e reequilibrar a energia de todos os nossos corpos.&#13; O Reiki \u00e9 acess\u00edvel a todos e destina-se a todos quantos desejem [&hellip;]<\/p>\n","protected":false},"author":1,"featured_media":0,"parent":0,"menu_order":2,"comment_status":"closed","ping_status":"closed","template":"","meta":{"om_disable_all_campaigns":false,"_mi_skip_tracking":false,"site-sidebar-layout":"default","site-content-layout":"","ast-site-content-layout":"default","site-content-style":"default","site-sidebar-style":"default","ast-global-header-display":"","ast-banner-title-visibility":"","ast-main-header-display":"","ast-hfb-above-header-display":"","ast-hfb-below-header-display":"","ast-hfb-mobile-header-display":"","site-post-title":"","ast-breadcrumbs-content":"","ast-featured-img":"","footer-sml-layout":"","ast-disable-related-posts":"","theme-transparent-header-meta":"","adv-header-id-meta":"","stick-header-meta":"","header-above-stick-meta":"","header-main-stick-meta":"","header-below-stick-meta":"","astra-migrate-meta-layouts":"default","ast-page-background-enabled":"default","ast-page-background-meta":{"desktop":{"background-color":"var(--ast-global-color-5)","background-image":"","background-repeat":"repeat","background-position":"center center","background-size":"auto","background-attachment":"scroll","background-type":"","background-media":"","overlay-type":"","overlay-color":"","overlay-opacity":"","overlay-gradient":""},"tablet":{"background-color":"","background-image":"","background-repeat":"repeat","background-position":"center center","background-size":"auto","background-attachment":"scroll","background-type":"","background-media":"","overlay-type":"","overlay-color":"","overlay-opacity":"","overlay-gradient":""},"mobile":{"background-color":"","background-image":"","background-repeat":"repeat","background-position":"center center","background-size":"auto","background-attachment":"scroll","background-type":"","background-media":"","overlay-type":"","overlay-color":"","overlay-opacity":"","overlay-gradient":""}},"ast-content-background-meta":{"desktop":{"background-color":"var(--ast-global-color-4)","background-image":"","background-repeat":"repeat","background-position":"center center","background-size":"auto","background-attachment":"scroll","background-type":"","background-media":"","overlay-type":"","overlay-color":"","overlay-opacity":"","overlay-gradient":""},"tablet":{"background-color":"var(--ast-global-color-4)","background-image":"","background-repeat":"repeat","background-position":"center center","background-size":"auto","background-attachment":"scroll","background-type":"","background-media":"","overlay-type":"","overlay-color":"","overlay-opacity":"","overlay-gradient":""},"mobile":{"background-color":"var(--ast-global-color-4)","background-image":"","background-repeat":"repeat","background-position":"center center","background-size":"auto","background-attachment":"scroll","background-type":"","background-media":"","overlay-type":"","overlay-color":"","overlay-opacity":"","overlay-gradient":""}},"footnotes":""},"class_list":["post-15163","page","type-page","status-publish","hentry"],"aioseo_notices":[],"_links":{"self":[{"href":"https:\/\/www.paulonogueiraterapias.com\/en\/wp-json\/wp\/v2\/pages\/15163","targetHints":{"allow":["GET"]}}],"collection":[{"href":"https:\/\/www.paulonogueiraterapias.com\/en\/wp-json\/wp\/v2\/pages"}],"about":[{"href":"https:\/\/www.paulonogueiraterapias.com\/en\/wp-json\/wp\/v2\/types\/page"}],"author":[{"embeddable":true,"href":"https:\/\/www.paulonogueiraterapias.com\/en\/wp-json\/wp\/v2\/users\/1"}],"replies":[{"embeddable":true,"href":"https:\/\/www.paulonogueiraterapias.com\/en\/wp-json\/wp\/v2\/comments?post=15163"}],"version-history":[{"count":0,"href":"https:\/\/www.paulonogueiraterapias.com\/en\/wp-json\/wp\/v2\/pages\/15163\/revisions"}],"wp:attachment":[{"href":"https:\/\/www.paulonogueiraterapias.com\/en\/wp-json\/wp\/v2\/media?parent=15163"}],"curies":[{"name":"wp","href":"https:\/\/api.w.org\/{rel}","templated":true}]}}