{"id":15159,"date":"2013-02-10T22:06:17","date_gmt":"2013-02-10T22:06:17","guid":{"rendered":"https:\/\/www.paulonogueiraterapias.com\/aura-reading-sessions-for-45e-until-31-december18-facebook-promotion\/"},"modified":"2013-02-10T22:06:17","modified_gmt":"2013-02-10T22:06:17","slug":"aura-reading-sessions-for-45e-until-31-december18-facebook-promotion","status":"publish","type":"page","link":"https:\/\/www.paulonogueiraterapias.com\/en\/aura-reading-sessions-for-45e-until-31-december18-facebook-promotion\/","title":{"rendered":"Aura Reading sessions for 45\u20ac until 31 December&#8217;18 &#8211; Facebook promotion"},"content":{"rendered":"<div style=\"font-size: 10pt;\">To join this special promotion for fans of Paulo Nogueira Terapias page on Facebook you just have to leave <strong style=\"font-size: 10pt;\">your like<\/strong> at <a style=\"font-size: 10pt;\" title=\"Fan Page Paulo Nogueira Terapias\" href=\"https:\/\/www.facebook.com\/PauloNogueiraTerapias\">https:\/\/www.facebook.com\/PauloNogueiraTerapias<\/a>.<\/div>\n<div style=\"font-size: 10pt;\"><\/div>\n<div style=\"font-size: 10pt; text-align: justify;\">By joining the promotion, the price of your consultation will be reduced from 60\u20ac (market value of a session of this therapy) to 45\u20ac.<\/div>\n<div style=\"font-size: 10pt; text-align: justify;\"><\/div>\n<div style=\"font-size: 10pt; text-align: justify;\"><\/div>\n<p style=\"font-size: 10pt; text-align: justify;\"><strong>An <a title=\"Aura Reading\" href=\"https:\/\/www.paulonogueiraterapias.com\/leitura-de-aura\/\" target=\"_blank\" rel=\"noopener\">Aura Reading Therapy<\/a> session not only diagnoses the entire current moment of the person&#8217;s life, but also alters it according to their ultimate good. For this reason, this therapy is only done again at least 3 months after the last one!<\/strong><\/p>\n<p style=\"font-size: 10pt; text-align: justify;\">At the end of your session, we will send you the audio file (WMA format) of your reading for you to recall.<\/p>\n<p style=\"text-align: justify; font-size: 10pt;\">This promotion is valid <span style=\"color: #ff0000;\"><br \/>\n  <strong>in December only.<\/strong><br \/>\n<\/span><\/p>\n<p style=\"text-align: justify;\"><!--cforms name=\"Marcar consulta promocional\"--><\/p>\n<p><!-- \n\n<h4>Terapeutas dispon\u00edveis<\/h4>\n\n\n--><\/p>\n<p style=\"text-align: justify; font-size: 10pt;\">Paulo Nogueira is an Aura Reading Therapist since 2010 and has performed over 1,300 aura readings since he started his spiritual journey.<br \/>\n<!--C\u00e9lia de Jesus, fundadora do espa\u00e7o TreeNaturaTerapias e canal dos Arturianos, \u00e9 Terapeuta de Leitura de Aura Gen\u00e9rica, Leitura de Aura de Relacionamentos, Leitura de Aura de Prosperidade e Leitura de Aura Tem\u00e1tica.--><\/p>\n<h3 style=\"text-align: justify;\">Consultations under 45\u20ac<\/h3>\n<div style=\"font-size: 10pt;\">\n<p style=\"text-align: justify;\">To enjoy an even bigger discount, i.e. your aura reading consultation to stay below 45\u20ac, we have an even better promotion in which for each <a title=\"Partilha no Facebook para desconto\" href=\"https:\/\/www.facebook.com\/PauloNogueiraTerapias\/photos\/a.347097342055547.77535.347009722064309\/646146555483956\/?type=1&amp;theater\" target=\"_blank\" rel=\"noopener\">share of this post<\/a> you make with a friend on Facebook you receive a discount.<\/p>\n<p style=\"text-align: justify;\">To participate all you need to do is:<\/p>\n<p><strong>1st<\/strong> Access the post of the Aura Reading promotion to share on Facebook<br \/>\n<strong>2\u00ba<\/strong> Share this post on your wall<br \/>\n<strong>3\u00ba<\/strong> From your wall, share this post with your friends. For each different friend with whom you share the post, you get a discount.<\/p>\n<p style=\"font-size: 10pt; text-align: justify;\">Additionally, for each <strong>share you make<\/strong>, you will be entitled to a <strong>discount of 0.20\u20ac<\/strong>.<br \/>\nFor example, if you share with 150 friends, 30\u20ac will be deducted from the 45\u20ac of the promotion, so you will only pay 10\u20ac for your consultation.<br \/>\nIf you <strong style=\"line-height: 1.714285714; font-size: 10pt;\">share with 200 friends<\/strong>, your <strong style=\"line-height: 1.714285714; font-size: 10pt;\"> <a title=\"Aura Reading\" href=\"https:\/\/www.paulonogueiraterapias.com\/leitura-de-aura\/\">aura reading<\/a><\/strong> consultation will be completely free!<br \/>\n<span style=\"font-size: small;\">If you exceed 200 invitations, it results in credits that can be converted into discounts for <\/span><a style=\"line-height: 1.714285714; font-size: 10pt;\" title=\"Multidimensional Therapy\" href=\"https:\/\/www.paulonogueiraterapias.com\/terapia-multidimensional\/\">Multidimensional Therapy<\/a><span style=\"font-size: small;\">.<\/span><\/p>\n<p style=\"text-align: justify; font-size: 10pt;\"><span style=\"font-size: small;\" data-mce-mark=\"1\">With this promotion:<\/span><\/p>\n<div style=\"font-size: 10pt;\">\n<ul>\n<li style=\"text-align: justify;\">you can have a session of this therapy at a price well below the market value (60\u20ac) because <strong>by doing like the value goes from 60\u20ac to 45\u20ac<\/strong>.<\/li>\n<li style=\"text-align: justify;\">for each share you get a discount of 0.20\u20ac so <strong>you decide how much you want or can pay for your consultation<\/strong><\/li>\n<li style=\"text-align: justify;\">allows everyone access to a powerful tool of self-knowledge and life transformation regardless of their current financial status as we know that there are people who would benefit immensely from this therapy but who would have no way to pay for what the  <strong>The financial issue is no longer an obstacle to their spiritual evolution<\/strong><\/li>\n<\/ul>\n<h4>Remote consulting<\/h4>\n<ul>\n<li style=\"text-align: justify;\"><span data-mce-mark=\"1\"><span data-mce-mark=\"1\">The aura readings can be in person in Lisbon or at a distance.<br \/>\n<\/span><\/span><\/li>\n<li style=\"text-align: justify;\">Remote aura readings can be done via Skype, MSN or Facebook webcam.<\/li>\n<li style=\"text-align: justify;\">For distance consultations, if you have problems with your internet connection or if it is slow, you can sign up for an aura reading without having to be online.<\/li>\n<li style=\"text-align: justify;\">In the distance consultation, the recording of your reading will be delivered to you via a download link.<\/li>\n<\/ul>\n<\/div>\n<div style=\"font-size: 10pt;\">\n<p style=\"text-align: justify;\">If, for any reason, you cannot travel, the consultation can be held at your home if you are in the area of the municipality of Lisbon to which a travel cost of 10\u20ac will be added.<\/p>\n<\/div>\n<\/div>\n","protected":false},"excerpt":{"rendered":"<p>To join this special promotion for fans of Paulo Nogueira Terapias page on Facebook you just have to leave your like at https:\/\/www.facebook.com\/PauloNogueiraTerapias. By joining the promotion, the price of [&hellip;]<\/p>\n","protected":false},"author":1,"featured_media":0,"parent":0,"menu_order":0,"comment_status":"closed","ping_status":"open","template":"","meta":{"om_disable_all_campaigns":false,"_mi_skip_tracking":false,"site-sidebar-layout":"default","site-content-layout":"","ast-site-content-layout":"default","site-content-style":"default","site-sidebar-style":"default","ast-global-header-display":"","ast-banner-title-visibility":"","ast-main-header-display":"","ast-hfb-above-header-display":"","ast-hfb-below-header-display":"","ast-hfb-mobile-header-display":"","site-post-title":"","ast-breadcrumbs-content":"","ast-featured-img":"","footer-sml-layout":"","ast-disable-related-posts":"","theme-transparent-header-meta":"","adv-header-id-meta":"","stick-header-meta":"","header-above-stick-meta":"","header-main-stick-meta":"","header-below-stick-meta":"","astra-migrate-meta-layouts":"default","ast-page-background-enabled":"default","ast-page-background-meta":{"desktop":{"background-color":"var(--ast-global-color-5)","background-image":"","background-repeat":"repeat","background-position":"center center","background-size":"auto","background-attachment":"scroll","background-type":"","background-media":"","overlay-type":"","overlay-color":"","overlay-opacity":"","overlay-gradient":""},"tablet":{"background-color":"","background-image":"","background-repeat":"repeat","background-position":"center center","background-size":"auto","background-attachment":"scroll","background-type":"","background-media":"","overlay-type":"","overlay-color":"","overlay-opacity":"","overlay-gradient":""},"mobile":{"background-color":"","background-image":"","background-repeat":"repeat","background-position":"center center","background-size":"auto","background-attachment":"scroll","background-type":"","background-media":"","overlay-type":"","overlay-color":"","overlay-opacity":"","overlay-gradient":""}},"ast-content-background-meta":{"desktop":{"background-color":"var(--ast-global-color-4)","background-image":"","background-repeat":"repeat","background-position":"center center","background-size":"auto","background-attachment":"scroll","background-type":"","background-media":"","overlay-type":"","overlay-color":"","overlay-opacity":"","overlay-gradient":""},"tablet":{"background-color":"var(--ast-global-color-4)","background-image":"","background-repeat":"repeat","background-position":"center center","background-size":"auto","background-attachment":"scroll","background-type":"","background-media":"","overlay-type":"","overlay-color":"","overlay-opacity":"","overlay-gradient":""},"mobile":{"background-color":"var(--ast-global-color-4)","background-image":"","background-repeat":"repeat","background-position":"center center","background-size":"auto","background-attachment":"scroll","background-type":"","background-media":"","overlay-type":"","overlay-color":"","overlay-opacity":"","overlay-gradient":""}},"footnotes":""},"class_list":["post-15159","page","type-page","status-publish","hentry"],"aioseo_notices":[],"_links":{"self":[{"href":"https:\/\/www.paulonogueiraterapias.com\/en\/wp-json\/wp\/v2\/pages\/15159","targetHints":{"allow":["GET"]}}],"collection":[{"href":"https:\/\/www.paulonogueiraterapias.com\/en\/wp-json\/wp\/v2\/pages"}],"about":[{"href":"https:\/\/www.paulonogueiraterapias.com\/en\/wp-json\/wp\/v2\/types\/page"}],"author":[{"embeddable":true,"href":"https:\/\/www.paulonogueiraterapias.com\/en\/wp-json\/wp\/v2\/users\/1"}],"replies":[{"embeddable":true,"href":"https:\/\/www.paulonogueiraterapias.com\/en\/wp-json\/wp\/v2\/comments?post=15159"}],"version-history":[{"count":0,"href":"https:\/\/www.paulonogueiraterapias.com\/en\/wp-json\/wp\/v2\/pages\/15159\/revisions"}],"wp:attachment":[{"href":"https:\/\/www.paulonogueiraterapias.com\/en\/wp-json\/wp\/v2\/media?parent=15159"}],"curies":[{"name":"wp","href":"https:\/\/api.w.org\/{rel}","templated":true}]}}