{"id":15120,"date":"2014-06-26T12:45:46","date_gmt":"2014-06-26T12:45:46","guid":{"rendered":"https:\/\/www.paulonogueiraterapias.com\/free-reiki-courses\/"},"modified":"2025-05-20T17:34:16","modified_gmt":"2025-05-20T17:34:16","slug":"free-reiki-courses","status":"publish","type":"page","link":"https:\/\/www.paulonogueiraterapias.com\/en\/free-reiki-courses\/","title":{"rendered":"Free Reiki Courses"},"content":{"rendered":"<div style=\"text-align: justify; font-size: 10pt;\">\n<p>As usual with the therapies available to you at Paulo Nogueira Terapias, you can take any level of Traditional Reiki course free of charge. The goal is that everyone can benefit from the healing that God has placed in our hands <strong>completely free of charge<\/strong>. To take advantage of this promotion, the course fee in euros can be replaced by sharing the Facebook post below to your friends in public mode. This way you will be contributing to the dissemination of Reiki for your friends on Facebook so they can also benefit from this healing energy and, who knows, learn how to practice it.To enjoy free Reiki courses should strictly follow the instructions below.<\/p>\n<p><strong>Promotion valid until 31 Dec&#8217;19.<\/strong><\/p>\n<p><strong>Reiki Level I<\/strong> &#8211; 60\u20ac or 300 shares on Facebook<br \/>\nAt this level you can give sessions to yourself, other people and animals.<\/p>\n<p><strong>Reiki Level II<\/strong> &#8211; 80\u20ac or 400 shares on Facebook<br \/>\nAt this level, your ability to pass on energy to other people will increase considerably with the use of the symbols you are taught.<\/p>\n<p><strong>Reiki Level III (Master)<\/strong> &#8211; 100\u20ac or 1000 shares on Facebook<br \/>\nAt this level, your ability increases even more and you receive the master symbol. At this level you can initiate others into level I, II and III training therapists and teach your own courses when you feel ready. In level III each share is worth 0.10\u20ac.<\/p>\n<h3>How to access the promotion<\/h3>\n<p>To access the promotion, you must strictly follow the following steps:<br \/>\n<strong>1\u00ba<\/strong> After accessing the <a title=\"Paulo Nogueira Terapias on Facebook\" href=\"https:\/\/www.facebook.com\/PauloNogueiraTerapias\" target=\"_blank\" rel=\"noopener noreferrer\">Paulo Nogueira Terapias Facebook<\/a> page, share the <a title=\"Promo\u00e7\u00e3o Curso de Reiki Gr\u00e1tis\" href=\"https:\/\/www.facebook.com\/PauloNogueiraTerapias\/photos\/a.347097342055547.77535.347009722064309\/603937869704825\/?type=1&amp;theater\" target=\"_blank\" rel=\"noopener noreferrer\">promotion post<\/a> on your wall in public mode<\/p>\n<figure id=\"attachment_11569\" aria-describedby=\"caption-attachment-11569\" style=\"width: 469px\" class=\"wp-caption aligncenter\"><a href=\"https:\/\/www.paulonogueiraterapias.com\/wp-content\/uploads\/2014\/06\/Partilha_Reiki.png\"><img loading=\"lazy\" decoding=\"async\" class=\"wp-image-926 \" title=\"Reiki sharing Paulo Nogueira Terapias\" src=\"https:\/\/www.paulonogueiraterapias.com\/wp-content\/uploads\/2014\/06\/Partilha_Reiki.png\" alt=\"Reiki sharing Paulo Nogueira Terapias\" width=\"469\" height=\"443\" srcset=\"https:\/\/www.paulonogueiraterapias.com\/wp-content\/uploads\/2014\/06\/Partilha_Reiki.png 521w, https:\/\/www.paulonogueiraterapias.com\/wp-content\/uploads\/2014\/06\/Partilha_Reiki-300x283.png 300w\" sizes=\"auto, (max-width: 469px) 100vw, 469px\" \/><\/a><figcaption id=\"caption-attachment-11569\" class=\"wp-caption-text\">Share the Reiki course post<\/figcaption><\/figure>\n<p>Clicking on share will open a post sharing dialog window. Make sure the <em>&#8220;On your own timeline&#8221;<\/em> options in the <em>share<\/em> checkbox and the<em> &#8220;public&#8221;<\/em> mode are selected as shown in the image below. Then click on the &#8220;Share&#8221; button.<\/p>\n<figure id=\"attachment_11571\" aria-describedby=\"caption-attachment-11571\" style=\"width: 500px\" class=\"wp-caption aligncenter\"><a href=\"https:\/\/www.paulonogueiraterapias.com\/wp-content\/uploads\/2014\/06\/Partilha_Reiki_2.png\"><img loading=\"lazy\" decoding=\"async\" class=\" wp-image-927 \" title=\"Como partilhar no Facebook\" src=\"https:\/\/www.paulonogueiraterapias.com\/wp-content\/uploads\/2014\/06\/Partilha_Reiki_2.png\" alt=\"Como partilhar no Facebook\" width=\"500\" height=\"335\" srcset=\"https:\/\/www.paulonogueiraterapias.com\/wp-content\/uploads\/2014\/06\/Partilha_Reiki_2.png 556w, https:\/\/www.paulonogueiraterapias.com\/wp-content\/uploads\/2014\/06\/Partilha_Reiki_2-300x200.png 300w\" sizes=\"auto, (max-width: 500px) 100vw, 500px\" \/><\/a><figcaption id=\"caption-attachment-11571\" class=\"wp-caption-text\">How to share on Facebook<\/figcaption><\/figure>\n<p><strong>2\u00ba<\/strong> Go to your own Wall to view the newly shared post and, from the post on your Wall, share it on each friend&#8217;s Wall in public mode. We will check the total shares made from the value indicated in the lower right corner of the share on your wall as shown in the image below.<\/p>\n<figure id=\"attachment_11573\" aria-describedby=\"caption-attachment-11573\" style=\"width: 455px\" class=\"wp-caption aligncenter\"><a href=\"https:\/\/www.paulonogueiraterapias.com\/wp-content\/uploads\/2014\/06\/Partilha_Reiki_3.png\"><img loading=\"lazy\" decoding=\"async\" class=\" wp-image-928\" title=\"Partilha do post do curso de Reiki no seu mural\" src=\"https:\/\/www.paulonogueiraterapias.com\/wp-content\/uploads\/2014\/06\/Partilha_Reiki_3.png\" alt=\"Partilha do post do curso de Reiki no seu mural\" width=\"455\" height=\"510\" srcset=\"https:\/\/www.paulonogueiraterapias.com\/wp-content\/uploads\/2014\/06\/Partilha_Reiki_3.png 506w, https:\/\/www.paulonogueiraterapias.com\/wp-content\/uploads\/2014\/06\/Partilha_Reiki_3-267x300.png 267w\" sizes=\"auto, (max-width: 455px) 100vw, 455px\" \/><\/a><figcaption id=\"caption-attachment-11573\" class=\"wp-caption-text\">Share the Reiki course post on your wall<\/figcaption><\/figure>\n<p>The following image shows how to share on a friend&#8217;s wall, the post from your wall.<\/p>\n<figure id=\"attachment_11575\" aria-describedby=\"caption-attachment-11575\" style=\"width: 500px\" class=\"wp-caption aligncenter\"><a href=\"https:\/\/www.paulonogueiraterapias.com\/wp-content\/uploads\/2014\/06\/Partilha_Reiki_4.png\"><img loading=\"lazy\" decoding=\"async\" class=\" wp-image-929\" title=\"Partilha do post de curso de Reiki no mural de um amigo\" src=\"https:\/\/www.paulonogueiraterapias.com\/wp-content\/uploads\/2014\/06\/Partilha_Reiki_4.png\" alt=\"Partilha do post de curso de Reiki no mural de um amigo\" width=\"500\" height=\"360\" srcset=\"https:\/\/www.paulonogueiraterapias.com\/wp-content\/uploads\/2014\/06\/Partilha_Reiki_4.png 555w, https:\/\/www.paulonogueiraterapias.com\/wp-content\/uploads\/2014\/06\/Partilha_Reiki_4-300x216.png 300w\" sizes=\"auto, (max-width: 500px) 100vw, 500px\" \/><\/a><figcaption id=\"caption-attachment-11575\" class=\"wp-caption-text\">Share the Reiki course post on a friend&#8217;s wall<\/figcaption><\/figure>\n<p><strong>3\u00ba<\/strong> When you&#8217;ve shared with 300 different friends (free Traditional Reiki Level I course), 400 different friends (free Traditional Reiki Level II course) or 1000 different friends (free Traditional Reiki Level III &#8211; Master&#8217;s course), you can register using the form on the course page or, preferably, by calling 912 064 084 and indicating your Facebook profile so that we can check your shares and complete your registration.<\/p>\n<p style=\"text-align: center;\"><em> <\/em><\/p>\n<\/div>\n","protected":false},"excerpt":{"rendered":"<p>As usual with the therapies available to you at Paulo Nogueira Terapias, you can take any level of Traditional Reiki course free of charge. The goal is that everyone can [&hellip;]<\/p>\n","protected":false},"author":1,"featured_media":0,"parent":0,"menu_order":0,"comment_status":"closed","ping_status":"open","template":"","meta":{"om_disable_all_campaigns":false,"_mi_skip_tracking":false,"site-sidebar-layout":"default","site-content-layout":"","ast-site-content-layout":"default","site-content-style":"default","site-sidebar-style":"default","ast-global-header-display":"","ast-banner-title-visibility":"","ast-main-header-display":"","ast-hfb-above-header-display":"","ast-hfb-below-header-display":"","ast-hfb-mobile-header-display":"","site-post-title":"","ast-breadcrumbs-content":"","ast-featured-img":"","footer-sml-layout":"","ast-disable-related-posts":"","theme-transparent-header-meta":"","adv-header-id-meta":"","stick-header-meta":"","header-above-stick-meta":"","header-main-stick-meta":"","header-below-stick-meta":"","astra-migrate-meta-layouts":"default","ast-page-background-enabled":"default","ast-page-background-meta":{"desktop":{"background-color":"var(--ast-global-color-5)","background-image":"","background-repeat":"repeat","background-position":"center center","background-size":"auto","background-attachment":"scroll","background-type":"","background-media":"","overlay-type":"","overlay-color":"","overlay-opacity":"","overlay-gradient":""},"tablet":{"background-color":"","background-image":"","background-repeat":"repeat","background-position":"center center","background-size":"auto","background-attachment":"scroll","background-type":"","background-media":"","overlay-type":"","overlay-color":"","overlay-opacity":"","overlay-gradient":""},"mobile":{"background-color":"","background-image":"","background-repeat":"repeat","background-position":"center center","background-size":"auto","background-attachment":"scroll","background-type":"","background-media":"","overlay-type":"","overlay-color":"","overlay-opacity":"","overlay-gradient":""}},"ast-content-background-meta":{"desktop":{"background-color":"var(--ast-global-color-4)","background-image":"","background-repeat":"repeat","background-position":"center center","background-size":"auto","background-attachment":"scroll","background-type":"","background-media":"","overlay-type":"","overlay-color":"","overlay-opacity":"","overlay-gradient":""},"tablet":{"background-color":"var(--ast-global-color-4)","background-image":"","background-repeat":"repeat","background-position":"center center","background-size":"auto","background-attachment":"scroll","background-type":"","background-media":"","overlay-type":"","overlay-color":"","overlay-opacity":"","overlay-gradient":""},"mobile":{"background-color":"var(--ast-global-color-4)","background-image":"","background-repeat":"repeat","background-position":"center center","background-size":"auto","background-attachment":"scroll","background-type":"","background-media":"","overlay-type":"","overlay-color":"","overlay-opacity":"","overlay-gradient":""}},"footnotes":""},"class_list":["post-15120","page","type-page","status-publish","hentry"],"aioseo_notices":[],"_links":{"self":[{"href":"https:\/\/www.paulonogueiraterapias.com\/en\/wp-json\/wp\/v2\/pages\/15120","targetHints":{"allow":["GET"]}}],"collection":[{"href":"https:\/\/www.paulonogueiraterapias.com\/en\/wp-json\/wp\/v2\/pages"}],"about":[{"href":"https:\/\/www.paulonogueiraterapias.com\/en\/wp-json\/wp\/v2\/types\/page"}],"author":[{"embeddable":true,"href":"https:\/\/www.paulonogueiraterapias.com\/en\/wp-json\/wp\/v2\/users\/1"}],"replies":[{"embeddable":true,"href":"https:\/\/www.paulonogueiraterapias.com\/en\/wp-json\/wp\/v2\/comments?post=15120"}],"version-history":[{"count":0,"href":"https:\/\/www.paulonogueiraterapias.com\/en\/wp-json\/wp\/v2\/pages\/15120\/revisions"}],"wp:attachment":[{"href":"https:\/\/www.paulonogueiraterapias.com\/en\/wp-json\/wp\/v2\/media?parent=15120"}],"curies":[{"name":"wp","href":"https:\/\/api.w.org\/{rel}","templated":true}]}}