{"id":12783,"date":"2014-08-11T18:12:02","date_gmt":"2014-08-11T18:12:02","guid":{"rendered":"https:\/\/www.paulonogueiraterapias.com\/how-to-get-to-center-paulo-nogueira-terapias\/"},"modified":"2021-12-10T23:53:43","modified_gmt":"2021-12-10T23:53:43","slug":"how-to-get-to-center-paulo-nogueira-terapias","status":"publish","type":"page","link":"https:\/\/www.paulonogueiraterapias.com\/en\/how-to-get-to-center-paulo-nogueira-terapias\/","title":{"rendered":"How to get to Center Paulo Nogueira Terapias"},"content":{"rendered":"<div style=\"text-align: justify; font-size: 10pt;\">\n<h3>By car<\/h3>\n<p>When you go down the Cal\u00e7ada de Carriche, 500 mts after the M\u00f3veis Maples store (which you should see on your left), turn to the left when you see the next traffic lights. After that, go down the street Jaime Lopes Dias.<\/p>\n<h3>By Metro (Ameixoeira Metro station-Yellow Line)<\/h3>\n<p><strong>Travel time:<\/strong> 10 minutes on foot<br \/>\nAfter exiting the Ameixoeira Metro Station follow Rua Jorge de Sena (will pass through the SPAR store), continue till the end of the street. Turn left through the Estrada da Ameixoeira, cross the walkway to the other side of that street, to the sidewalk.<br \/>\nAfter 300 mts, <a href=\"https:\/\/www.paulonogueiraterapias.com\/en\/descer-as-escadas-e-atravessar-a-passadeira-2\/\" target=\"_blank\" rel=\"noopener\">you will see some stairs to go down<\/a>. Go down the stairs (you will see the 44 building board ahead). In front of the stairs, cross the walkway to the other side. Walk 20 mts to the left. You&#8217;ll see some stairs on the right. Follow down those stairs to the end.<br \/>\nAt the end of those stairs, when looking forward, you will see 40 mts from you, a superior pedestrian passage. Cross that passage to the other side of the Cal\u00e7ada de Carriche. Jaime Lopes Dias Street is on your front.<\/p>\n<h3>From Cascais to the Center Paulo Nogueira Terapias<\/h3>\n<p><strong>By car:<\/strong><br \/>\nContinue on A5. Follow through Segunda Circular to Av. Padre Cruz in Lisbon. Take the exit toward Odivelas\/Lumiar on the Eixo Norte-Sul\/IP7 17 min (24.6 km)<br \/>\nContinue on Av. Padre Cruz. Follow the Cal\u00e7ada de Carriche to R. Jaime Lopes Dias<br \/>\nLink with Google directions from Cascais to Lisbon:<br \/>\n<a title=\"From Cascais to the Center Paulo Nogueira Terapias\" href=\"https:\/\/www.google.pt\/maps\/dir\/Cascais\/Rua+Andr%C3%A9+Gouveia\/@38.7394987,-9.3698057,12z\/am=t\/data=!3m1!4b1!4m14!4m13!1m5!1m1!1s0xd1ec47379b79a97:0x870d3b7e1807bbc2!2m2!1d-9.4222945!2d38.6970565!1m5!1m1!1s0xd19329664a73561:0x181f133a47b3b02b!2m2!1d-9.1657263!2d38.7796835!3e0?hl=pt-PT\">https:\/\/www.google.pt\/maps\/dir\/Cascais\/Rua+Andr%C3%A9+Gouveia\/@38.7394987,-9.3698057,12z\/am=t\/data=!3m1!4b1!4m14!4m13!1m5!1m1!1s0xd1ec47379b79a97:0x870d3b7e1807bbc2!2m2!1d-9.4222945!2d38.6970565!1m5!1m1!1s0xd19329664a73561:0x181f133a47b3b02b!2m2!1d-9.1657263!2d38.7796835!3e0?hl=pt-PT<\/a><\/p>\n<p>Public transport is also very accessible (via train and Metro).<br \/>\n<strong>By train:<\/strong><br \/>\nThe Cascais line has the stations Cascais, Monte Estoril, Estoril, S. Pedro do Estoril, S\u00e3o Jo\u00e3o do Estoril, S\u00e3o Pedro do Estoril, Parede and Carcavelos. You should leave at Cais do Sodr\u00e9 Station, Lisbon.<br \/>\nLink from CP: <a title=\"By train to Espa\u00e7o Paulo Nogueira Terapias\" href=\"http:\/\/www.cp.pt\/StaticFiles\/Passageiros\/1_horarios\/precos\/lx\/precario_cascais.pdf\">http:\/\/www.cp.pt\/StaticFiles\/Passageiros\/1_horarios\/precos\/lx\/precario_cascais.pdf<\/a><\/p>\n<p><strong>By Metro:<\/strong><br \/>\nTake the Metro at Cais do Sodr\u00e9 station (Green Line) and get off at Campo Grande station. Switch to the Yellow line at Campo Grande to Odivelas and get off at the Ameixoeira station.<br \/>\nLink to the metro network: <a title=\"By Metro to the Center Paulo Nogueira Terapias\" href=\"http:\/\/www.metrolisboa.pt\/wp-content\/uploads\/DiagramadaRedeTL_out2014.pdf\">http:\/\/www.metrolisboa.pt\/wp-content\/uploads\/DiagramadaRedeTL_out2014.pdf<\/a><br \/>\nAfter leaving at Ameixoeira Station , it takes only 10 minutes walk to the center.<\/p>\n<h3>From Oeiras to the Center Paulo Nogueira Terapias<\/h3>\n<p><strong>Using public transport:<\/strong><br \/>\nOn the Oeiras line, get on the train at Oeiras station. Get off at Cais do Sodr\u00e9 station. The journey time is 24 minutes on the urban train.<\/p>\n<p><strong>By Metro:<\/strong><br \/>\nTake the Metro at Cais do Sodr\u00e9 station (Green Line) and get off at Campo Grande station. Switch to the Yellow Line at Campo Grande station with destination to Odivelas and leaving at Ameixoeira station.<br \/>\nLink to the metro network: <a title=\"By Metro to the Center Paulo Nogueira Terapias\" href=\"http:\/\/www.metrolisboa.pt\/wp-content\/uploads\/DiagramadaRedeTL_out2014.pdf\">http:\/\/www.metrolisboa.pt\/wp-content\/uploads\/DiagramadaRedeTL_out2014.pdf<\/a><br \/>\nAfter leaving at Ameixoeira Station , it takes only 10 minutes walk to the center.<\/p>\n<\/div>\n<div style=\"text-align: justify; font-size: 10pt;\">\n<h3>From Porto to the space Paulo Nogueira Terapias<\/h3>\n<p>Start your train ride at Campanh\u00e3 (Porto) and exit at Oriente station (Lisbon).<br \/>\nThen enter the Metro at Est. Oriente station (Red Line), switch at Saldanha to the Yellow Line and exit at Ameixoeira station (Yellow Line). Then it takes 10 mins walk to Espa\u00e7o Paulo Nogueira Terapias.<\/p>\n<h3>Lisbon Metro diagram<\/h3>\n<p><em>Click the image to enlarge.<\/em><\/p>\n<figure id=\"attachment_11795\" aria-describedby=\"caption-attachment-11795\" style=\"width: 2922px\" class=\"wp-caption aligncenter\"><a href=\"https:\/\/www.paulonogueiraterapias.com\/wp-content\/uploads\/2014\/08\/metro-de-lisboa-Paulo-Nogueira-Terapias.png\"><img loading=\"lazy\" decoding=\"async\" class=\"size-full wp-image-11795\" src=\"https:\/\/www.paulonogueiraterapias.com\/wp-content\/uploads\/2014\/08\/metro-de-lisboa-Paulo-Nogueira-Terapias.png\" alt=\"Lisbon Metro diagram to reach the space Paulo Nogueira Terapias\" width=\"2922\" height=\"2356\"><\/a><figcaption id=\"caption-attachment-11795\" class=\"wp-caption-text\">Lisbon Metro diagram to reach the space Paulo Nogueira Terapias<\/figcaption><\/figure>\n<\/div>\n","protected":false},"excerpt":{"rendered":"<p>By car When you go down the Cal\u00e7ada de Carriche, 500 mts after the M\u00f3veis Maples store (which you should see on your left), turn to the left when you [&hellip;]<\/p>\n","protected":false},"author":1,"featured_media":0,"parent":0,"menu_order":0,"comment_status":"closed","ping_status":"open","template":"","meta":{"om_disable_all_campaigns":false,"_mi_skip_tracking":false,"site-sidebar-layout":"default","site-content-layout":"","ast-site-content-layout":"default","site-content-style":"default","site-sidebar-style":"default","ast-global-header-display":"","ast-banner-title-visibility":"","ast-main-header-display":"","ast-hfb-above-header-display":"","ast-hfb-below-header-display":"","ast-hfb-mobile-header-display":"","site-post-title":"","ast-breadcrumbs-content":"","ast-featured-img":"","footer-sml-layout":"","ast-disable-related-posts":"","theme-transparent-header-meta":"","adv-header-id-meta":"","stick-header-meta":"","header-above-stick-meta":"","header-main-stick-meta":"","header-below-stick-meta":"","astra-migrate-meta-layouts":"default","ast-page-background-enabled":"default","ast-page-background-meta":{"desktop":{"background-color":"var(--ast-global-color-5)","background-image":"","background-repeat":"repeat","background-position":"center center","background-size":"auto","background-attachment":"scroll","background-type":"","background-media":"","overlay-type":"","overlay-color":"","overlay-opacity":"","overlay-gradient":""},"tablet":{"background-color":"","background-image":"","background-repeat":"repeat","background-position":"center center","background-size":"auto","background-attachment":"scroll","background-type":"","background-media":"","overlay-type":"","overlay-color":"","overlay-opacity":"","overlay-gradient":""},"mobile":{"background-color":"","background-image":"","background-repeat":"repeat","background-position":"center center","background-size":"auto","background-attachment":"scroll","background-type":"","background-media":"","overlay-type":"","overlay-color":"","overlay-opacity":"","overlay-gradient":""}},"ast-content-background-meta":{"desktop":{"background-color":"var(--ast-global-color-4)","background-image":"","background-repeat":"repeat","background-position":"center center","background-size":"auto","background-attachment":"scroll","background-type":"","background-media":"","overlay-type":"","overlay-color":"","overlay-opacity":"","overlay-gradient":""},"tablet":{"background-color":"var(--ast-global-color-4)","background-image":"","background-repeat":"repeat","background-position":"center center","background-size":"auto","background-attachment":"scroll","background-type":"","background-media":"","overlay-type":"","overlay-color":"","overlay-opacity":"","overlay-gradient":""},"mobile":{"background-color":"var(--ast-global-color-4)","background-image":"","background-repeat":"repeat","background-position":"center center","background-size":"auto","background-attachment":"scroll","background-type":"","background-media":"","overlay-type":"","overlay-color":"","overlay-opacity":"","overlay-gradient":""}},"footnotes":""},"class_list":["post-12783","page","type-page","status-publish","hentry"],"aioseo_notices":[],"_links":{"self":[{"href":"https:\/\/www.paulonogueiraterapias.com\/en\/wp-json\/wp\/v2\/pages\/12783","targetHints":{"allow":["GET"]}}],"collection":[{"href":"https:\/\/www.paulonogueiraterapias.com\/en\/wp-json\/wp\/v2\/pages"}],"about":[{"href":"https:\/\/www.paulonogueiraterapias.com\/en\/wp-json\/wp\/v2\/types\/page"}],"author":[{"embeddable":true,"href":"https:\/\/www.paulonogueiraterapias.com\/en\/wp-json\/wp\/v2\/users\/1"}],"replies":[{"embeddable":true,"href":"https:\/\/www.paulonogueiraterapias.com\/en\/wp-json\/wp\/v2\/comments?post=12783"}],"version-history":[{"count":0,"href":"https:\/\/www.paulonogueiraterapias.com\/en\/wp-json\/wp\/v2\/pages\/12783\/revisions"}],"wp:attachment":[{"href":"https:\/\/www.paulonogueiraterapias.com\/en\/wp-json\/wp\/v2\/media?parent=12783"}],"curies":[{"name":"wp","href":"https:\/\/api.w.org\/{rel}","templated":true}]}}