{"id":12775,"date":"2013-10-04T14:31:13","date_gmt":"2013-10-04T14:31:13","guid":{"rendered":"https:\/\/www.paulonogueiraterapias.com\/traditional-reiki-course-level-i\/"},"modified":"2025-08-12T15:17:30","modified_gmt":"2025-08-12T15:17:30","slug":"traditional-reiki-course-level-i","status":"publish","type":"page","link":"https:\/\/www.paulonogueiraterapias.com\/en\/traditional-reiki-course-level-i\/","title":{"rendered":"Traditional Reiki Level I Course"},"content":{"rendered":"\n<p>Reiki is a complementary therapy that channels energy into the patient&#8217;s physical body and other subtle bodies in order to generally improve their physical, emotional, mental and spiritual condition.<\/p>\n\n\n\n<figure class=\"wp-block-image alignright is-resized\"><a href=\"https:\/\/www.paulonogueiraterapias.com\/wp-content\/uploads\/2022\/12\/Curso-de-Reiki-Tradicional-Nivel-I-scaled.jpg\"><img loading=\"lazy\" decoding=\"async\" width=\"300\" height=\"200\" src=\"https:\/\/www.paulonogueiraterapias.com\/wp-content\/uploads\/2022\/12\/Curso-de-Reiki-Tradicional-Nivel-I-300x200.jpg\" alt=\"Traditional Reiki Level I Course\" class=\"wp-image-15635\" srcset=\"https:\/\/www.paulonogueiraterapias.com\/wp-content\/uploads\/2022\/12\/Curso-de-Reiki-Tradicional-Nivel-I-300x200.jpg 300w, https:\/\/www.paulonogueiraterapias.com\/wp-content\/uploads\/2022\/12\/Curso-de-Reiki-Tradicional-Nivel-I-scaled-600x400.jpg 600w, https:\/\/www.paulonogueiraterapias.com\/wp-content\/uploads\/2022\/12\/Curso-de-Reiki-Tradicional-Nivel-I-1024x683.jpg 1024w, https:\/\/www.paulonogueiraterapias.com\/wp-content\/uploads\/2022\/12\/Curso-de-Reiki-Tradicional-Nivel-I-768x512.jpg 768w, https:\/\/www.paulonogueiraterapias.com\/wp-content\/uploads\/2022\/12\/Curso-de-Reiki-Tradicional-Nivel-I-1536x1024.jpg 1536w, https:\/\/www.paulonogueiraterapias.com\/wp-content\/uploads\/2022\/12\/Curso-de-Reiki-Tradicional-Nivel-I-90x60.jpg 90w, https:\/\/www.paulonogueiraterapias.com\/wp-content\/uploads\/2022\/12\/Curso-de-Reiki-Tradicional-Nivel-I-135x90.jpg 135w, https:\/\/www.paulonogueiraterapias.com\/wp-content\/uploads\/2022\/12\/Curso-de-Reiki-Tradicional-Nivel-I-scaled.jpg 1200w\" sizes=\"auto, (max-width: 300px) 100vw, 300px\" \/><\/a><figcaption class=\"wp-element-caption\">Traditional Reiki Level I Course<\/figcaption><\/figure>\n\n\n\n<p>Level I of this healing system transforms the student into an energy channel that will enable them to heal themselves and others.<br>This level enables them to heal themselves physically and align their <a title=\"Chakras\" href=\"https:\/\/www.paulonogueiraterapias.com\/en\/chakras-2\/\">chakras<\/a> so that they can enter a state of great inner balance.<br>After attuning to the level that is called <em>Shoden<\/em> (the Awakening of the Inner Self), the student undergoes a 21-day period of cleansing and purification.<\/p>\n\n\n\n<h4 class=\"wp-block-heading\" id=\"h-conteudo-programatico\">Program content<\/h4>\n\n\n\n<ul class=\"wp-block-list\">\n<li><a href=\"https:\/\/www.paulonogueiraterapias.com\/en\/origin-and-history-of-reiki\/\">Origin and History of Reiki<\/a> and Mikao Usui<\/li>\n\n\n\n<li><a href=\"https:\/\/www.paulonogueiraterapias.com\/en\/the-story-of-chujiro-hayashi\/\">History of Chujiro Hayashi<\/a><\/li>\n\n\n\n<li><a href=\"https:\/\/www.paulonogueiraterapias.com\/en\/history-of-hawayo-takata\/\">Hawayo Takata&#8217;s story<\/a><\/li>\n\n\n\n<li>Chakra theory<\/li>\n\n\n\n<li>The 5 principles of Reiki<\/li>\n\n\n\n<li><a href=\"https:\/\/www.paulonogueiraterapias.com\/o-que-sao-os-21-dias-de-reiki\/\" title=\"\">The 21 days of Reiki self-treatment<\/a><\/li>\n\n\n\n<li><a href=\"https:\/\/www.paulonogueiraterapias.com\/en\/reiki-course\/#transmitir-reiki\">To whom or what can Reiki be transmitted?<\/a><\/li>\n\n\n\n<li><a href=\"https:\/\/www.paulonogueiraterapias.com\/en\/reiki-self-treatment-process\/\" target=\"_blank\" rel=\"noopener\">Reiki self-treatment process<\/a><\/li>\n\n\n\n<li>Protections and energy cleansing<\/li>\n\n\n\n<li>Tuning<\/li>\n\n\n\n<li>Practical session: self-treatment<\/li>\n\n\n\n<li>Practical session: treating others<\/li>\n\n\n\n<li><a href=\"https:\/\/www.paulonogueiraterapias.com\/en\/kenyoku-ho-dry-bath-technique\/\">Kenyoku Ho &#8211; dry bath technique<\/a><\/li>\n<\/ul>\n\n\n\n<p>A manual and a certificate are provided.<\/p>\n\n\n\n<p><strong>Dates of the face-to-face course in Lisbon:<\/strong><\/p>\n\n\n\n\n\n\n\n<p><strong>Price:<\/strong> 70\u20ac in collective mode or 90\u20ac in individual mode (includes pre-registration of 20\u20ac to reserve your place)<br><strong>Duration:<\/strong> from 10:00 to 19:00 (1 day in collective mode) or half a day in individual mode<br><strong>Offer:<\/strong> Manual, certificate, morning snack and afternoon snack<br><strong>Reiki Master:<\/strong> <a href=\"https:\/\/www.paulonogueiraterapias.com\/en\/about-paulo-nogueira\/\" title=\"Paulo Nogueira\">Paulo Nogueira<\/a><\/p>\n\n\n\n<p>A Reiki practitioner at heart with 14 years&#8217; experience and 11 years teaching Reiki courses to over 500 students in more than 120 courses.<\/p>\n\n\n\n<p><strong>Permanent post-course follow-up via WhatsApp or telephone.<\/strong><\/p>\n\n\n\n<p><strong>Note:<\/strong> Pre-registration should preferably be done 3 days in advance in order to guarantee your place as the course has limited places. Your registration will be confirmed upon receipt of a pre-registration fee of \u20ac20 by bank transfer via NIB to be sent via SMS. <\/p>\n\n\n\n<h3 class=\"wp-block-heading\" id=\"h-cursos-em-modo-individual\">Individual courses<\/h3>\n\n\n\n<p>If there is no availability on the date of the group course, the individual course can be held on the date that is most convenient for the beginner. The individual course is run in the same way as the group version and can be scheduled for any weekday (including public holidays). After the course, the student can always count on the master&#8217;s availability to answer any questions. If you choose the individual option, \u20ac20 will be added to the price of the group course. Individual courses have a pre-registration fee of \u20ac20 by bank transfer, with the remaining \u20ac70 paid at the course venue.<br>The individual course, as it is exclusive to one student, lasts 4 hours, half the time of a group course, with the same information and practices being given.<br>It can be booked from 10:00 to 14:00 or from 14:00 to 18:00.<\/p>\n\n\n\n<p><b>After the Reiki course (at any level), the student (if they need to review their knowledge and use of the techniques) can always repeat the course if they wish, with a 20% discount.  <\/b><\/p>\n\n\n\n<h2 class=\"wp-block-heading\" id=\"h-inscricao-em-curso-de-reiki-tradicional-nivel-i\">Traditional Reiki Level I Course Registration<\/h2>\n\n\n<div class=\"wpforms-container wpforms-container-full wpforms-form-abandonment wpforms-block wpforms-block-9502cd4d-aa1e-4428-a061-ef4534463deb\" id=\"wpforms-15234\"><form id=\"wpforms-form-15234\" class=\"wpforms-validate wpforms-form wpforms-ajax-form\" data-formid=\"15234\" method=\"post\" enctype=\"multipart\/form-data\" action=\"\/en\/wp-json\/wp\/v2\/pages\/12775\" data-token=\"26790b69df3bb6a77ef0f4a27b50f03c\" data-token-time=\"1778019307\"><noscript class=\"wpforms-error-noscript\">Please enable JavaScript in your browser to complete this form.<\/noscript><div class=\"wpforms-field-container\"><div id=\"wpforms-15234-field_1-container\" class=\"wpforms-field wpforms-field-name\" data-field-id=\"1\"><label class=\"wpforms-field-label\" for=\"wpforms-15234-field_1\">Name <span class=\"wpforms-required-label\">*<\/span><\/label><input type=\"text\" id=\"wpforms-15234-field_1\" class=\"wpforms-field-medium wpforms-field-required\" name=\"wpforms[fields][1]\" required><\/div><div id=\"wpforms-15234-field_2-container\" class=\"wpforms-field wpforms-field-phone\" data-field-id=\"2\"><label class=\"wpforms-field-label\" for=\"wpforms-15234-field_2\">Telephone <span class=\"wpforms-required-label\">*<\/span><\/label><input type=\"tel\" id=\"wpforms-15234-field_2\" class=\"wpforms-field-medium wpforms-field-required\" data-rule-int-phone-field=\"true\" name=\"wpforms[fields][2]\" aria-label=\"Telephone\" required><\/div><div id=\"wpforms-15234-field_3-container\" class=\"wpforms-field wpforms-field-email\" data-field-id=\"3\"><label class=\"wpforms-field-label\" for=\"wpforms-15234-field_3\">Email <span class=\"wpforms-required-label\">*<\/span><\/label><input type=\"email\" id=\"wpforms-15234-field_3\" class=\"wpforms-field-medium wpforms-field-required\" name=\"wpforms[fields][3]\" spellcheck=\"false\" required><\/div><div id=\"wpforms-15234-field_7-container\" class=\"wpforms-field wpforms-field-select wpforms-field-select-style-modern\" data-field-id=\"7\"><label class=\"wpforms-field-label\" for=\"wpforms-15234-field_7\">Modality<\/label><select id=\"wpforms-15234-field_7\" class=\"wpforms-field-medium choicesjs-select\" data-size-class=\"wpforms-field-row wpforms-field-medium\" data-search-enabled=\"\" name=\"wpforms[fields][7]\"><option value=\"\" class=\"placeholder\" disabled ><\/option><option value=\"Group course\"  selected='selected'>Group course<\/option><option value=\"Individual course\" >Individual course<\/option><\/select><\/div><div id=\"wpforms-15234-field_6-container\" class=\"wpforms-field wpforms-field-textarea\" data-field-id=\"6\"><label class=\"wpforms-field-label\" for=\"wpforms-15234-field_6\">Observations<\/label><textarea id=\"wpforms-15234-field_6\" class=\"wpforms-field-medium\" name=\"wpforms[fields][6]\" ><\/textarea><\/div><\/div><!-- .wpforms-field-container --><div class=\"wpforms-submit-container\" ><input type=\"hidden\" name=\"wpforms[id]\" value=\"15234\"><input type=\"hidden\" name=\"page_title\" value=\"\"><input type=\"hidden\" name=\"page_url\" value=\"https:\/\/www.paulonogueiraterapias.com\/en\/wp-json\/wp\/v2\/pages\/12775\"><input type=\"hidden\" name=\"url_referer\" value=\"\"><button type=\"submit\" name=\"wpforms[submit]\" id=\"wpforms-submit-15234\" class=\"wpforms-submit\" data-alt-text=\"Sending...\" data-submit-text=\"Subscribe\" aria-live=\"assertive\" value=\"wpforms-submit\">Subscribe<\/button><img loading=\"lazy\" decoding=\"async\" src=\"https:\/\/www.paulonogueiraterapias.com\/wp-content\/plugins\/wpforms-disabled\/assets\/images\/submit-spin.svg\" class=\"wpforms-submit-spinner\" style=\"display: none;\" width=\"26\" height=\"26\" alt=\"Loading\"><\/div><\/form><\/div>  <!-- .wpforms-container -->\n\n\n<h4 class=\"wp-block-heading\" id=\"h-alguns-efeitos-do-reiki\">Some effects of Reiki<\/h4>\n\n\n\n<ul class=\"wp-block-list\">\n<li>relaxation and stress reduction<\/li>\n\n\n\n<li>rebalances the <a href=\"https:\/\/www.paulonogueiraterapias.com\/en\/chakras-2\/\">chakras<\/a><\/li>\n\n\n\n<li>reduces anxiety<\/li>\n\n\n\n<li>reduces negative thoughts<\/li>\n\n\n\n<li>increases self-esteem<\/li>\n\n\n\n<li>produces emotional relief<\/li>\n\n\n\n<li><a href=\"https:\/\/www.paulonogueiraterapias.com\/beneficios-do-reiki-para-insonia\/\" title=\"Benefits of Reiki for Insomnia\">cures insomnia<\/a><\/li>\n<\/ul>\n\n\n\n<p>Reiki is made up of two words: <em>Rei<\/em>, which means Universal Intelligence, and <em>Ki<\/em>, which means Life Energy. Basically, Reiki is energy guided by Universal Intelligence. In this sense, the Reiki therapist is nothing more than a channel for something higher that performs healing on the patient.  <\/p>\n\n\n\n<p>See here in this article <a href=\"https:\/\/www.paulonogueiraterapias.com\/o-que-se-aprende-no-nivel-1-de-reiki\/\" title=\"\">what you learn at level I<\/a>.<\/p>\n\n\n\n<div class=\"wp-block-ainoblocks-accordion-faq-block icon__left has-border is-style-toggle\" x-data=\"{ open: false }\" @click=\"open = !open\" :class=\"{'open': open, 'close': ! open }\"><div class=\"accordion\"><h3 class=\"has-xxs-font-size\">Um dia de curso \u00e9 suficiente?<\/h3><\/div><div class=\"panel\">\n<p>Yes, absolutely. On the day of the course, the student receives all the theoretical teachings they need and will be able to put into practice the self-treatment session and the treatment of others, so it is guaranteed that the student will be able to apply Reiki successfully. <\/p>\n<\/div><\/div>\n\n\n\n<div class=\"wp-block-ainoblocks-accordion-faq-block icon__left br__xxs has-border\" x-data=\"{ open: false }\" @click=\"open = !open\" :class=\"{'open': open, 'close': ! open }\"><div class=\"accordion\"><h3 class=\"has-xxs-font-size\">\u00c9 complicado aprender Reiki?<\/h3><\/div><div class=\"panel\">\n<p>Doing a self-treatment session or treating others is as easy as following a cake recipe. There are even Reiki courses for children. If even children can learn Reiki, how can adults not?  <br>Reiki is about feeling energy with your hands while remaining in a state of receptivity and love. Compared to getting a driver&#8217;s license, Reiki is hundreds of times simpler. <\/p>\n<\/div><\/div>\n\n\n\n<div class=\"wp-block-ainoblocks-accordion-faq-block icon__left br__xxs has-border\" x-data=\"{ open: false }\" @click=\"open = !open\" :class=\"{'open': open, 'close': ! open }\"><div class=\"accordion\"><h3 class=\"has-xxs-font-size\">Posso ficar apenas pelo N\u00edvel I ou tenho de prosseguir at\u00e9 ao mestrado?<\/h3><\/div><div class=\"panel\">\n<p>Students can only take level I, which allows them to treat themselves and friends and family, but if they want to treat anyone other than these, they should only take level II.<\/p>\n<\/div><\/div>\n\n\n\n<div class=\"wp-block-ainoblocks-accordion-faq-block icon__left br__xxs has-border\" x-data=\"{ open: false }\" @click=\"open = !open\" :class=\"{'open': open, 'close': ! open }\"><div class=\"accordion\"><h3 class=\"has-xxs-font-size\">Tenho alguns problemas pessoais. O curso pode ajudar-me?<\/h3><\/div><div class=\"panel\">\n<p>Yes, you can! The Traditional Reiki Level course is the gateway to spirituality for many people today. By taking part in the Reiki course, you will be learning a technique that can help you in many aspects of your personal life, such as:  <\/p>\n\n\n\n<ul class=\"wp-block-list\">\n<li>help overcome feelings of grief at the death of a loved one<\/li>\n\n\n\n<li>help increase self-esteem and self-confidence<\/li>\n\n\n\n<li>overcome feelings of anger and resentment towards other people or yourself<\/li>\n\n\n\n<li>give more energy<\/li>\n\n\n\n<li>recover your energetic balance, which has repercussions on your physical, emotional, mental and spiritual well-being<\/li>\n\n\n\n<li>help you to think more optimistically, naturally and effortlessly. Simply apply Reiki at the moments when you feel most discouraged and lack faith in life. <\/li>\n<\/ul>\n\n\n\n<p>The more personal problems in terms of self-esteem, anxiety or stress, the greater the student&#8217;s motivation to complete the 21 days of Reiki self-treatment that are compulsory after each initiation. The greater the suffering, the greater the motivation to apply self-healing! Reiki doesn&#8217;t just heal, it makes you evolve spiritually. Once a student has taken Level I of the Traditional Reiki Course, they will no longer have to endure suffering as passively as before. They can now fight it vigorously with the weapon of Reiki!    <\/p>\n<\/div><\/div>\n\n\n\n<div class=\"wp-block-ainoblocks-accordion-faq-block icon__left br__xxs has-border\" x-data=\"{ open: false }\" @click=\"open = !open\" :class=\"{'open': open, 'close': ! open }\"><div class=\"accordion\"><h3 class=\"has-xxs-font-size\">Necessito ter dons de cura para ser terapeuta de Reiki?<\/h3><\/div><div class=\"panel\">\n<p>No, not at all! Anyone, regardless of their degree and type of mediumship, can successfully apply Reiki and be able to heal themselves and others. In Reiki, the therapist is just a channel. It is the energy that comes from the Source that really heals, not the therapist themselves.    <\/p>\n\n\n\n<p>In the case of people who already have a certain degree of mediumship, the initiation can balance the medium, aligning their chakras to the level of functioning that is in accordance with the will of their divine spark, taking into account the medium&#8217;s current incarnation program.<\/p>\n\n\n\n<p>In some cases of healing mediums who have already awakened to their ability, Reiki on these specific people increases their ability to heal. In the case of unawakened mediums, Reiki can awaken the gift of healing if this gift was already part of them from birth and if this is in accordance with the will of the person&#8217;s divine spark (also known as the monad or Divine Presence I Am). <\/p>\n<\/div><\/div>\n\n\n\n<div class=\"wp-block-ainoblocks-accordion-faq-block icon__left br__xxs has-border\" x-data=\"{ open: false }\" @click=\"open = !open\" :class=\"{'open': open, 'close': ! open }\"><div class=\"accordion\"><h3 class=\"has-xxs-font-size\">O Reiki est\u00e1 associado a alguma religi\u00e3o?<\/h3><\/div><div class=\"panel\">\n<p>No. Reiki is universalist and spiritualist in its essence. This means that it is open to anyone of any religion, creed or tradition, whether Hindu, Buddhist, Catholic, Protestant, Evangelical, Umbanda, Spiritist, Jewish, Sikh, Jain, Muslim or any other denomination.  <\/p>\n\n\n\n<p>The principles of Spirituality are universal and timeless. They are based on love, compassion, forgiveness, self-seeking, respect for everyone&#8217;s free will, non-judgment, self-knowledge and connection to the Divine.   <\/p>\n<\/div><\/div>\n\n\n\n<div class=\"wp-block-ainoblocks-accordion-faq-block icon__left br__xxs has-border\" x-data=\"{ open: false }\" @click=\"open = !open\" :class=\"{'open': open, 'close': ! open }\"><div class=\"accordion\"><h3 class=\"has-xxs-font-size\">Necessito de forma\u00e7\u00f5es pr\u00e9vias para participar no curso?<\/h3><\/div><div class=\"panel\">\n<p>No. The Traditional Reiki Level I course is suitable for those who are taking their first steps into spirituality. You don&#8217;t need to have any previous training in energy therapies or any academic training in Psychology, Health or any other related areas. It&#8217;s a course open to all people from any <em>background<\/em> who wish to learn a technique to heal and evolve as the embodied spirits that they are. The real requirement is an open mind and heart!    <\/p>\n<\/div><\/div>\n","protected":false},"excerpt":{"rendered":"<p>Reiki is a complementary therapy that channels energy into the patient&#8217;s physical body and other subtle bodies in order to generally improve their physical, emotional, mental and spiritual condition. Level [&hellip;]<\/p>\n","protected":false},"author":1,"featured_media":0,"parent":0,"menu_order":0,"comment_status":"closed","ping_status":"open","template":"","meta":{"om_disable_all_campaigns":false,"_mi_skip_tracking":false,"site-sidebar-layout":"default","site-content-layout":"","ast-site-content-layout":"default","site-content-style":"default","site-sidebar-style":"default","ast-global-header-display":"","ast-banner-title-visibility":"","ast-main-header-display":"","ast-hfb-above-header-display":"","ast-hfb-below-header-display":"","ast-hfb-mobile-header-display":"","site-post-title":"","ast-breadcrumbs-content":"","ast-featured-img":"","footer-sml-layout":"","ast-disable-related-posts":"","theme-transparent-header-meta":"","adv-header-id-meta":"","stick-header-meta":"","header-above-stick-meta":"","header-main-stick-meta":"","header-below-stick-meta":"","astra-migrate-meta-layouts":"default","ast-page-background-enabled":"default","ast-page-background-meta":{"desktop":{"background-color":"var(--ast-global-color-5)","background-image":"","background-repeat":"repeat","background-position":"center center","background-size":"auto","background-attachment":"scroll","background-type":"","background-media":"","overlay-type":"","overlay-color":"","overlay-opacity":"","overlay-gradient":""},"tablet":{"background-color":"","background-image":"","background-repeat":"repeat","background-position":"center center","background-size":"auto","background-attachment":"scroll","background-type":"","background-media":"","overlay-type":"","overlay-color":"","overlay-opacity":"","overlay-gradient":""},"mobile":{"background-color":"","background-image":"","background-repeat":"repeat","background-position":"center center","background-size":"auto","background-attachment":"scroll","background-type":"","background-media":"","overlay-type":"","overlay-color":"","overlay-opacity":"","overlay-gradient":""}},"ast-content-background-meta":{"desktop":{"background-color":"var(--ast-global-color-4)","background-image":"","background-repeat":"repeat","background-position":"center center","background-size":"auto","background-attachment":"scroll","background-type":"","background-media":"","overlay-type":"","overlay-color":"","overlay-opacity":"","overlay-gradient":""},"tablet":{"background-color":"var(--ast-global-color-4)","background-image":"","background-repeat":"repeat","background-position":"center center","background-size":"auto","background-attachment":"scroll","background-type":"","background-media":"","overlay-type":"","overlay-color":"","overlay-opacity":"","overlay-gradient":""},"mobile":{"background-color":"var(--ast-global-color-4)","background-image":"","background-repeat":"repeat","background-position":"center center","background-size":"auto","background-attachment":"scroll","background-type":"","background-media":"","overlay-type":"","overlay-color":"","overlay-opacity":"","overlay-gradient":""}},"footnotes":""},"class_list":["post-12775","page","type-page","status-publish","hentry"],"aioseo_notices":[],"_links":{"self":[{"href":"https:\/\/www.paulonogueiraterapias.com\/en\/wp-json\/wp\/v2\/pages\/12775","targetHints":{"allow":["GET"]}}],"collection":[{"href":"https:\/\/www.paulonogueiraterapias.com\/en\/wp-json\/wp\/v2\/pages"}],"about":[{"href":"https:\/\/www.paulonogueiraterapias.com\/en\/wp-json\/wp\/v2\/types\/page"}],"author":[{"embeddable":true,"href":"https:\/\/www.paulonogueiraterapias.com\/en\/wp-json\/wp\/v2\/users\/1"}],"replies":[{"embeddable":true,"href":"https:\/\/www.paulonogueiraterapias.com\/en\/wp-json\/wp\/v2\/comments?post=12775"}],"version-history":[{"count":1,"href":"https:\/\/www.paulonogueiraterapias.com\/en\/wp-json\/wp\/v2\/pages\/12775\/revisions"}],"predecessor-version":[{"id":18160,"href":"https:\/\/www.paulonogueiraterapias.com\/en\/wp-json\/wp\/v2\/pages\/12775\/revisions\/18160"}],"wp:attachment":[{"href":"https:\/\/www.paulonogueiraterapias.com\/en\/wp-json\/wp\/v2\/media?parent=12775"}],"curies":[{"name":"wp","href":"https:\/\/api.w.org\/{rel}","templated":true}]}}